{"id":1492,"date":"2020-10-08T17:13:03","date_gmt":"2020-10-08T20:13:03","guid":{"rendered":"https:\/\/wp.ufpel.edu.br\/museudesolosrochaseminerais\/?page_id=1492"},"modified":"2020-10-08T17:22:16","modified_gmt":"2020-10-08T20:22:16","slug":"capitulo-2020","status":"publish","type":"page","link":"https:\/\/wp.ufpel.edu.br\/museudesolosrochaseminerais\/capitulo-2020\/","title":{"rendered":"Cap\u00edtulo 2020"},"content":{"rendered":"<ul>\n<li><a href=\"https:\/\/www.atenaeditora.com.br\/post-ebook\/3171\"><span style=\"font-size: 14pt\">Cadon\u00e1, E.A.; Leidemer, J.D.; Nachtigall, S.D.; Melo, T.V.; Nascimento, B.B.; Munhoes, H.D.; Moro, R.J.; J\u00fanior, A.P.; Barbosa, L.O.; Correa, L.V.deO.; Miguel, P., Especia\u00e7\u00e3o qu\u00edmica de metais pesados em sedimentos de fundo na bacia hidrogr\u00e1fica do Rio Epaminondas, Pelotas\/RS, Impacto, Excel\u00eancia e Produtividade nas Ci\u00eancias Agr\u00e1rias 4, p. 1-9, 2020.<\/span><\/a><\/li>\n<\/ul>\n<p>&nbsp;<\/p>\n<ul>\n<li><a href=\"https:\/\/www.atenaeditora.com.br\/post-ebook\/3076\"><span style=\"font-size: 14pt\">Thomas, V.L.; Cadon\u00e1, E.A.; Lourenzi, C.R.; Bisognin, R.P.; Silva, D.M.; Cezimbra, J.C.G.; Fontanive, D.; Ramires, M.F.; Bianchetto, R., Souza, E.L., Teores de F\u00f3sforo no solo de \u00e1reas com aplica\u00e7\u00e3o cont\u00ednua de dejeto l\u00edquido de su\u00ednos no Sul do Brasil, O solo na mitiga\u00e7\u00e3o\/resolu\u00e7\u00e3o de problemas ambientais, p. 47-56, 2020.<\/span><\/a><\/li>\n<\/ul>\n","protected":false},"excerpt":{"rendered":"<p>Cadon\u00e1, E.A.; Leidemer, J.D.; Nachtigall, S.D.; Melo, T.V.; Nascimento, B.B.; Munhoes, H.D.; Moro, R.J.; J\u00fanior, A.P.; Barbosa, L.O.; Correa, L.V.deO.; Miguel, P., Especia\u00e7\u00e3o qu\u00edmica de metais pesados em sedimentos de fundo na bacia hidrogr\u00e1fica do Rio Epaminondas, Pelotas\/RS, Impacto, Excel\u00eancia e Produtividade nas Ci\u00eancias Agr\u00e1rias 4, p. 1-9, 2020. &nbsp; Thomas, V.L.; Cadon\u00e1, E.A.; Lourenzi, [&hellip;]<\/p>\n","protected":false},"author":1048,"featured_media":0,"parent":0,"menu_order":0,"comment_status":"closed","ping_status":"closed","template":"","meta":{"footnotes":""},"class_list":["post-1492","page","type-page","status-publish","hentry","post"],"_links":{"self":[{"href":"https:\/\/wp.ufpel.edu.br\/museudesolosrochaseminerais\/wp-json\/wp\/v2\/pages\/1492","targetHints":{"allow":["GET"]}}],"collection":[{"href":"https:\/\/wp.ufpel.edu.br\/museudesolosrochaseminerais\/wp-json\/wp\/v2\/pages"}],"about":[{"href":"https:\/\/wp.ufpel.edu.br\/museudesolosrochaseminerais\/wp-json\/wp\/v2\/types\/page"}],"author":[{"embeddable":true,"href":"https:\/\/wp.ufpel.edu.br\/museudesolosrochaseminerais\/wp-json\/wp\/v2\/users\/1048"}],"replies":[{"embeddable":true,"href":"https:\/\/wp.ufpel.edu.br\/museudesolosrochaseminerais\/wp-json\/wp\/v2\/comments?post=1492"}],"version-history":[{"count":4,"href":"https:\/\/wp.ufpel.edu.br\/museudesolosrochaseminerais\/wp-json\/wp\/v2\/pages\/1492\/revisions"}],"predecessor-version":[{"id":1498,"href":"https:\/\/wp.ufpel.edu.br\/museudesolosrochaseminerais\/wp-json\/wp\/v2\/pages\/1492\/revisions\/1498"}],"wp:attachment":[{"href":"https:\/\/wp.ufpel.edu.br\/museudesolosrochaseminerais\/wp-json\/wp\/v2\/media?parent=1492"}],"curies":[{"name":"wp","href":"https:\/\/api.w.org\/{rel}","templated":true}]}}