{"id":1484,"date":"2020-10-08T16:49:41","date_gmt":"2020-10-08T19:49:41","guid":{"rendered":"https:\/\/wp.ufpel.edu.br\/museudesolosrochaseminerais\/?page_id=1484"},"modified":"2020-10-08T17:11:48","modified_gmt":"2020-10-08T20:11:48","slug":"capitulo-2019","status":"publish","type":"page","link":"https:\/\/wp.ufpel.edu.br\/museudesolosrochaseminerais\/capitulo-2019\/","title":{"rendered":"Cap\u00edtulo 2019"},"content":{"rendered":"<ul>\n<li><a href=\"https:\/\/www.atenaeditora.com.br\/arquivos\/ebooks\/meio-ambiente-e-desenvolvimento-sustentavel-2\"><span style=\"font-size: 14pt\">Cadon\u00e1, E.A.; Wilbert, G.F.; Santos, M.L.; Soares, C.R.F.S.; Souza, E.L.; Lourenzi, C.R., Meio Ambiente e Desenvolvimento Sustent\u00e1vel, Meio Ambiente e Desenvolvimento Sustent\u00e1vel, p. 258-270, 2019.<\/span><\/a><\/li>\n<\/ul>\n<p>&nbsp;<\/p>\n<ul>\n<li><a href=\"https:\/\/www.atenaeditora.com.br\/wp-content\/uploads\/2019\/09\/E-book-Formacao-Classificacao-e-Cartografia-dos-Solos.pdf\"><span style=\"font-size: 14pt\">Cadon\u00e1, E.A.; Lourenzi, C.R.; Souza, E.L.; Soares, C.R.F.S.; Loss, A.; Sete, P.B., Teores de Nitrog\u00eanio no solo e na \u00e1gua em propriedade suin\u00edcola em Bra\u00e7o do Norte\/SC, Forma\u00e7\u00e3o, Classifica\u00e7\u00e3o e Cartografia de Solos, 2019.<\/span><\/a><\/li>\n<\/ul>\n","protected":false},"excerpt":{"rendered":"<p>Cadon\u00e1, E.A.; Wilbert, G.F.; Santos, M.L.; Soares, C.R.F.S.; Souza, E.L.; Lourenzi, C.R., Meio Ambiente e Desenvolvimento Sustent\u00e1vel, Meio Ambiente e Desenvolvimento Sustent\u00e1vel, p. 258-270, 2019. &nbsp; Cadon\u00e1, E.A.; Lourenzi, C.R.; Souza, E.L.; Soares, C.R.F.S.; Loss, A.; Sete, P.B., Teores de Nitrog\u00eanio no solo e na \u00e1gua em propriedade suin\u00edcola em Bra\u00e7o do Norte\/SC, Forma\u00e7\u00e3o, Classifica\u00e7\u00e3o [&hellip;]<\/p>\n","protected":false},"author":1048,"featured_media":0,"parent":0,"menu_order":0,"comment_status":"closed","ping_status":"closed","template":"","meta":{"footnotes":""},"class_list":["post-1484","page","type-page","status-publish","hentry","post"],"_links":{"self":[{"href":"https:\/\/wp.ufpel.edu.br\/museudesolosrochaseminerais\/wp-json\/wp\/v2\/pages\/1484","targetHints":{"allow":["GET"]}}],"collection":[{"href":"https:\/\/wp.ufpel.edu.br\/museudesolosrochaseminerais\/wp-json\/wp\/v2\/pages"}],"about":[{"href":"https:\/\/wp.ufpel.edu.br\/museudesolosrochaseminerais\/wp-json\/wp\/v2\/types\/page"}],"author":[{"embeddable":true,"href":"https:\/\/wp.ufpel.edu.br\/museudesolosrochaseminerais\/wp-json\/wp\/v2\/users\/1048"}],"replies":[{"embeddable":true,"href":"https:\/\/wp.ufpel.edu.br\/museudesolosrochaseminerais\/wp-json\/wp\/v2\/comments?post=1484"}],"version-history":[{"count":4,"href":"https:\/\/wp.ufpel.edu.br\/museudesolosrochaseminerais\/wp-json\/wp\/v2\/pages\/1484\/revisions"}],"predecessor-version":[{"id":1491,"href":"https:\/\/wp.ufpel.edu.br\/museudesolosrochaseminerais\/wp-json\/wp\/v2\/pages\/1484\/revisions\/1491"}],"wp:attachment":[{"href":"https:\/\/wp.ufpel.edu.br\/museudesolosrochaseminerais\/wp-json\/wp\/v2\/media?parent=1484"}],"curies":[{"name":"wp","href":"https:\/\/api.w.org\/{rel}","templated":true}]}}