{"id":1454,"date":"2020-10-07T21:07:10","date_gmt":"2020-10-08T00:07:10","guid":{"rendered":"https:\/\/wp.ufpel.edu.br\/museudesolosrochaseminerais\/?page_id=1454"},"modified":"2020-10-08T16:48:28","modified_gmt":"2020-10-08T19:48:28","slug":"2019-2","status":"publish","type":"page","link":"https:\/\/wp.ufpel.edu.br\/museudesolosrochaseminerais\/2019-2\/","title":{"rendered":"Artigos 2019"},"content":{"rendered":"<ul>\n<li><span style=\"font-size: 14pt\"><a href=\"https:\/\/periodicos.ufsm.br\/cienciaenatura\/article\/view\/36915\/html\">Cadon\u00e1, E.A.; Rampinelli, E.C.; Bueno, A.C.; Tieppo, A.L.B.; Soares, C.R.F.S.; Souza, E.L.; Wilbert, G.F.; Lourenzi, C.R.,pH values and presence of Escherichia coli in human water supply in na area of intense swine activity, Ci\u00eancia e Natura, 41, p.1,2019<\/a><\/span><\/li>\n<\/ul>\n<p>&nbsp;<\/p>\n<ul>\n<li><span style=\"font-size: 14pt\"><a href=\"http:\/\/ppegeo.igc.usp.br\/index.php\/GEOSP\/article\/view\/12891\">Cadon\u00e1, E.A.; Lourenzi, C.R.; Souza, E.L.; Rampinelli. E.C.; Santos, M.L.; Sete, P.B.; Soares, C.R.F.S.,Contamina\u00e7\u00e3o por Nitrog\u00eanio e F\u00f3sforo de \u00e1guas destinadas ao consumo humano em regi\u00f5es com intesa atividade suin\u00edcola, Geoci\u00eancias,\u00a0 37, p.883-891, 2019.<\/a><\/span><\/li>\n<\/ul>\n<p>&nbsp;<\/p>\n<p>&nbsp;<\/p>\n","protected":false},"excerpt":{"rendered":"<p>Cadon\u00e1, E.A.; Rampinelli, E.C.; Bueno, A.C.; Tieppo, A.L.B.; Soares, C.R.F.S.; Souza, E.L.; Wilbert, G.F.; Lourenzi, C.R.,pH values and presence of Escherichia coli in human water supply in na area of intense swine activity, Ci\u00eancia e Natura, 41, p.1,2019 &nbsp; Cadon\u00e1, E.A.; Lourenzi, C.R.; Souza, E.L.; Rampinelli. E.C.; Santos, M.L.; Sete, P.B.; Soares, C.R.F.S.,Contamina\u00e7\u00e3o por Nitrog\u00eanio [&hellip;]<\/p>\n","protected":false},"author":1048,"featured_media":0,"parent":0,"menu_order":0,"comment_status":"closed","ping_status":"closed","template":"","meta":{"footnotes":""},"class_list":["post-1454","page","type-page","status-publish","hentry","post"],"_links":{"self":[{"href":"https:\/\/wp.ufpel.edu.br\/museudesolosrochaseminerais\/wp-json\/wp\/v2\/pages\/1454","targetHints":{"allow":["GET"]}}],"collection":[{"href":"https:\/\/wp.ufpel.edu.br\/museudesolosrochaseminerais\/wp-json\/wp\/v2\/pages"}],"about":[{"href":"https:\/\/wp.ufpel.edu.br\/museudesolosrochaseminerais\/wp-json\/wp\/v2\/types\/page"}],"author":[{"embeddable":true,"href":"https:\/\/wp.ufpel.edu.br\/museudesolosrochaseminerais\/wp-json\/wp\/v2\/users\/1048"}],"replies":[{"embeddable":true,"href":"https:\/\/wp.ufpel.edu.br\/museudesolosrochaseminerais\/wp-json\/wp\/v2\/comments?post=1454"}],"version-history":[{"count":7,"href":"https:\/\/wp.ufpel.edu.br\/museudesolosrochaseminerais\/wp-json\/wp\/v2\/pages\/1454\/revisions"}],"predecessor-version":[{"id":1483,"href":"https:\/\/wp.ufpel.edu.br\/museudesolosrochaseminerais\/wp-json\/wp\/v2\/pages\/1454\/revisions\/1483"}],"wp:attachment":[{"href":"https:\/\/wp.ufpel.edu.br\/museudesolosrochaseminerais\/wp-json\/wp\/v2\/media?parent=1454"}],"curies":[{"name":"wp","href":"https:\/\/api.w.org\/{rel}","templated":true}]}}