{"id":1367,"date":"2020-10-07T15:17:26","date_gmt":"2020-10-07T18:17:26","guid":{"rendered":"https:\/\/wp.ufpel.edu.br\/museudesolosrochaseminerais\/?page_id=1367"},"modified":"2020-10-07T20:55:03","modified_gmt":"2020-10-07T23:55:03","slug":"projetos-2","status":"publish","type":"page","link":"https:\/\/wp.ufpel.edu.br\/museudesolosrochaseminerais\/projetos-2\/","title":{"rendered":"Projetos"},"content":{"rendered":"<div id=\"pl-1367\"  class=\"panel-layout\" ><div id=\"pg-1367-0\"  class=\"panel-grid panel-no-style\" ><div id=\"pgc-1367-0-0\"  class=\"panel-grid-cell\" ><div id=\"panel-1367-0-0-0\" class=\"so-panel widget widget_sow-editor panel-first-child panel-last-child\" data-index=\"0\" ><div\n\t\t\t\n\t\t\tclass=\"so-widget-sow-editor so-widget-sow-editor-base\"\n\t\t\t\n\t\t>\n<div class=\"siteorigin-widget-tinymce textwidget\">\n\t<p>T\u00edtulo: <a href=\"https:\/\/wp.ufpel.edu.br\/museudesolosrochaseminerais\/museu-de-solos-da-universidade-federal-de-pelotas\/\"><strong>MUSEU DE SOLOS DA UNIVERSIDADE FEDERAL DE PELOTAS<\/strong><\/a><\/p>\n<\/div>\n<\/div><\/div><\/div><\/div><div id=\"pg-1367-1\"  class=\"panel-grid panel-no-style\" ><div id=\"pgc-1367-1-0\"  class=\"panel-grid-cell\" ><div id=\"panel-1367-1-0-0\" class=\"so-panel widget widget_sow-editor panel-first-child panel-last-child\" data-index=\"1\" ><div\n\t\t\t\n\t\t\tclass=\"so-widget-sow-editor so-widget-sow-editor-base\"\n\t\t\t\n\t\t>\n<div class=\"siteorigin-widget-tinymce textwidget\">\n\t<p>T\u00edtulo: <strong><a href=\"https:\/\/wp.ufpel.edu.br\/museudesolosrochaseminerais\/conservacao-do-solo-e-da-agua-em-areas-de-bovinocultura-leiteira-na-regiao-sul-do-rio-grande-do-sul\/\">CONSERVA\u00c7\u00c3O DO SOLO E DA \u00c1GUA EM \u00c1REAS DE BOVINOCULTURA LEITEIRA NA REGI\u00c3O SUL DO RIO GRANDE DO SUL<\/a><\/strong><\/p>\n<\/div>\n<\/div><\/div><\/div><\/div><div id=\"pg-1367-2\"  class=\"panel-grid panel-no-style\" ><div id=\"pgc-1367-2-0\"  class=\"panel-grid-cell\" ><div id=\"panel-1367-2-0-0\" class=\"so-panel widget widget_sow-editor panel-first-child panel-last-child\" data-index=\"2\" ><div\n\t\t\t\n\t\t\tclass=\"so-widget-sow-editor so-widget-sow-editor-base\"\n\t\t\t\n\t\t>\n<div class=\"siteorigin-widget-tinymce textwidget\">\n\t<p>T\u00edtulo: <a href=\"https:\/\/wp.ufpel.edu.br\/museudesolosrochaseminerais\/analises-de-solo-plantas-e-residuos-organicos\/\"><strong>AN\u00c1LISES DE SOLO, PLANTAS E RES\u00cdDUOS ORG\u00c2NICOS<\/strong><\/a><\/p>\n<p>&nbsp;<\/p>\n<\/div>\n<\/div><\/div><\/div><\/div><\/div>","protected":false},"excerpt":{"rendered":"<p>T\u00edtulo: MUSEU DE SOLOS DA UNIVERSIDADE FEDERAL DE PELOTAS T\u00edtulo: CONSERVA\u00c7\u00c3O DO SOLO E DA \u00c1GUA EM \u00c1REAS DE BOVINOCULTURA LEITEIRA NA REGI\u00c3O SUL DO RIO GRANDE DO SUL<\/p>\n","protected":false},"author":1048,"featured_media":0,"parent":0,"menu_order":0,"comment_status":"closed","ping_status":"closed","template":"","meta":{"footnotes":""},"class_list":["post-1367","page","type-page","status-publish","hentry","post"],"_links":{"self":[{"href":"https:\/\/wp.ufpel.edu.br\/museudesolosrochaseminerais\/wp-json\/wp\/v2\/pages\/1367","targetHints":{"allow":["GET"]}}],"collection":[{"href":"https:\/\/wp.ufpel.edu.br\/museudesolosrochaseminerais\/wp-json\/wp\/v2\/pages"}],"about":[{"href":"https:\/\/wp.ufpel.edu.br\/museudesolosrochaseminerais\/wp-json\/wp\/v2\/types\/page"}],"author":[{"embeddable":true,"href":"https:\/\/wp.ufpel.edu.br\/museudesolosrochaseminerais\/wp-json\/wp\/v2\/users\/1048"}],"replies":[{"embeddable":true,"href":"https:\/\/wp.ufpel.edu.br\/museudesolosrochaseminerais\/wp-json\/wp\/v2\/comments?post=1367"}],"version-history":[{"count":25,"href":"https:\/\/wp.ufpel.edu.br\/museudesolosrochaseminerais\/wp-json\/wp\/v2\/pages\/1367\/revisions"}],"predecessor-version":[{"id":1448,"href":"https:\/\/wp.ufpel.edu.br\/museudesolosrochaseminerais\/wp-json\/wp\/v2\/pages\/1367\/revisions\/1448"}],"wp:attachment":[{"href":"https:\/\/wp.ufpel.edu.br\/museudesolosrochaseminerais\/wp-json\/wp\/v2\/media?parent=1367"}],"curies":[{"name":"wp","href":"https:\/\/api.w.org\/{rel}","templated":true}]}}