{"id":1257,"date":"2020-10-06T12:36:15","date_gmt":"2020-10-06T15:36:15","guid":{"rendered":"https:\/\/wp.ufpel.edu.br\/museudesolosrochaseminerais\/?page_id=1257"},"modified":"2020-10-14T12:27:11","modified_gmt":"2020-10-14T15:27:11","slug":"minimonolitos","status":"publish","type":"page","link":"https:\/\/wp.ufpel.edu.br\/museudesolosrochaseminerais\/minimonolitos\/","title":{"rendered":"Minimonolitos"},"content":{"rendered":"<h3><a href=\"https:\/\/wp.ufpel.edu.br\/museudesolosrochaseminerais\/bage\/\">Bag\u00e9<\/a><\/h3>\n<h3><a href=\"https:\/\/wp.ufpel.edu.br\/museudesolosrochaseminerais\/bexigoso\/\">Bexigoso<\/a><\/h3>\n<h3><a href=\"https:\/\/wp.ufpel.edu.br\/museudesolosrochaseminerais\/julio-de-castilhos\/\">J\u00falio de Castilhos<\/a><\/h3>\n<h3><a href=\"https:\/\/wp.ufpel.edu.br\/museudesolosrochaseminerais\/pinheiro-machado\/\">Pinheiro Machado<\/a><\/h3>\n<h3><a href=\"https:\/\/wp.ufpel.edu.br\/museudesolosrochaseminerais\/pirai\/\">Pira\u00ed<\/a><\/h3>\n<h3><a href=\"https:\/\/wp.ufpel.edu.br\/museudesolosrochaseminerais\/santa-tecla\/\">Santa Tecla<\/a><\/h3>\n<h3><a href=\"https:\/\/wp.ufpel.edu.br\/museudesolosrochaseminerais\/sao-vicente\/\">S\u00e3o Vicente<\/a><\/h3>\n<h3><a href=\"https:\/\/wp.ufpel.edu.br\/museudesolosrochaseminerais\/ultissolo\/\">Ultissolo<\/a><\/h3>\n<h3><\/h3>\n","protected":false},"excerpt":{"rendered":"<p>Bag\u00e9 Bexigoso J\u00falio de Castilhos Pinheiro Machado Pira\u00ed Santa Tecla S\u00e3o Vicente Ultissolo<\/p>\n","protected":false},"author":1048,"featured_media":0,"parent":0,"menu_order":0,"comment_status":"closed","ping_status":"closed","template":"","meta":{"footnotes":""},"class_list":["post-1257","page","type-page","status-publish","hentry","post"],"_links":{"self":[{"href":"https:\/\/wp.ufpel.edu.br\/museudesolosrochaseminerais\/wp-json\/wp\/v2\/pages\/1257","targetHints":{"allow":["GET"]}}],"collection":[{"href":"https:\/\/wp.ufpel.edu.br\/museudesolosrochaseminerais\/wp-json\/wp\/v2\/pages"}],"about":[{"href":"https:\/\/wp.ufpel.edu.br\/museudesolosrochaseminerais\/wp-json\/wp\/v2\/types\/page"}],"author":[{"embeddable":true,"href":"https:\/\/wp.ufpel.edu.br\/museudesolosrochaseminerais\/wp-json\/wp\/v2\/users\/1048"}],"replies":[{"embeddable":true,"href":"https:\/\/wp.ufpel.edu.br\/museudesolosrochaseminerais\/wp-json\/wp\/v2\/comments?post=1257"}],"version-history":[{"count":12,"href":"https:\/\/wp.ufpel.edu.br\/museudesolosrochaseminerais\/wp-json\/wp\/v2\/pages\/1257\/revisions"}],"predecessor-version":[{"id":1584,"href":"https:\/\/wp.ufpel.edu.br\/museudesolosrochaseminerais\/wp-json\/wp\/v2\/pages\/1257\/revisions\/1584"}],"wp:attachment":[{"href":"https:\/\/wp.ufpel.edu.br\/museudesolosrochaseminerais\/wp-json\/wp\/v2\/media?parent=1257"}],"curies":[{"name":"wp","href":"https:\/\/api.w.org\/{rel}","templated":true}]}}