{"id":1172,"date":"2020-10-02T17:00:51","date_gmt":"2020-10-02T20:00:51","guid":{"rendered":"https:\/\/wp.ufpel.edu.br\/museudesolosrochaseminerais\/?page_id=1172"},"modified":"2021-01-25T16:19:07","modified_gmt":"2021-01-25T19:19:07","slug":"coletor-de-solos","status":"publish","type":"page","link":"https:\/\/wp.ufpel.edu.br\/museudesolosrochaseminerais\/coletor-de-solos\/","title":{"rendered":"Coletor de solos"},"content":{"rendered":"<div id=\"pl-1172\"  class=\"panel-layout\" ><div id=\"pg-1172-0\"  class=\"panel-grid panel-no-style\" ><div id=\"pgc-1172-0-0\"  class=\"panel-grid-cell\" ><div id=\"panel-1172-0-0-0\" class=\"so-panel widget widget_sow-editor panel-first-child panel-last-child\" data-index=\"0\" ><div\n\t\t\t\n\t\t\tclass=\"so-widget-sow-editor so-widget-sow-editor-base\"\n\t\t\t\n\t\t>\n<div class=\"siteorigin-widget-tinymce textwidget\">\n\t<p>Esse \u00e9 um coletor de solos utilizado para demonstrar uma pequena reprodu\u00e7\u00e3o\u00a0 de um perfil do solos, se diferenciando dos <strong>Monolitos<\/strong> e <strong>Minimon\u00f3lito, <\/strong>mas que consegue mostrar caracter\u00edsticas como a textura, a cor, sequ\u00eancia e n\u00famero de horizontes.<\/p>\n<p>Podemos ver um exemplo da utiliza\u00e7\u00e3o dessa ferramenta:\u00a0 \u00a0 Nanomonolito\u00a0 <a href=\"https:\/\/wp.ufpel.edu.br\/museudesolosrochaseminerais\/monolitos\/terra-preta-de-indio\/\">Terra Preta-de- \u00cdndio<\/a><\/p>\n<p>&nbsp;<\/p>\n\n\t\t<style type=\"text\/css\">\n\t\t\t#gallery-1 {\n\t\t\t\tmargin: auto;\n\t\t\t}\n\t\t\t#gallery-1 .gallery-item {\n\t\t\t\tfloat: left;\n\t\t\t\tmargin-top: 10px;\n\t\t\t\ttext-align: center;\n\t\t\t\twidth: 33%;\n\t\t\t}\n\t\t\t#gallery-1 img {\n\t\t\t\tborder: 2px solid #cfcfcf;\n\t\t\t}\n\t\t\t#gallery-1 .gallery-caption {\n\t\t\t\tmargin-left: 0;\n\t\t\t}\n\t\t\t\/* see gallery_shortcode() in wp-includes\/media.php *\/\n\t\t<\/style>\n\t\t<div id='gallery-1' class='gallery galleryid-1172 gallery-columns-3 gallery-size-thumbnail'><dl class='gallery-item'>\n\t\t\t<dt class='gallery-icon landscape'>\n\t\t\t\t<a href='https:\/\/wp.ufpel.edu.br\/museudesolosrochaseminerais\/coletor-de-solos\/coletor-de-solos-i\/#main'><img loading=\"lazy\" decoding=\"async\" width=\"200\" height=\"200\" src=\"https:\/\/wp.ufpel.edu.br\/museudesolosrochaseminerais\/files\/2021\/01\/COLETOR-DE-SOLOS-I-200x200.jpg\" class=\"attachment-thumbnail size-thumbnail\" alt=\"\" \/><\/a>\n\t\t\t<\/dt><\/dl><dl class='gallery-item'>\n\t\t\t<dt class='gallery-icon landscape'>\n\t\t\t\t<a href='https:\/\/wp.ufpel.edu.br\/museudesolosrochaseminerais\/coletor-de-solos\/coletor-de-solos-ii\/#main'><img loading=\"lazy\" decoding=\"async\" width=\"200\" height=\"200\" src=\"https:\/\/wp.ufpel.edu.br\/museudesolosrochaseminerais\/files\/2021\/01\/COLETOR-DE-SOLOS-II-200x200.jpg\" class=\"attachment-thumbnail size-thumbnail\" alt=\"\" \/><\/a>\n\t\t\t<\/dt><\/dl><dl class='gallery-item'>\n\t\t\t<dt class='gallery-icon landscape'>\n\t\t\t\t<a href='https:\/\/wp.ufpel.edu.br\/museudesolosrochaseminerais\/coletor-de-solos\/coletor-de-solos-iii\/#main'><img loading=\"lazy\" decoding=\"async\" width=\"200\" height=\"200\" src=\"https:\/\/wp.ufpel.edu.br\/museudesolosrochaseminerais\/files\/2021\/01\/COLETOR-DE-SOLOS-III-200x200.jpg\" class=\"attachment-thumbnail size-thumbnail\" alt=\"\" \/><\/a>\n\t\t\t<\/dt><\/dl><br style=\"clear: both\" \/><dl class='gallery-item'>\n\t\t\t<dt class='gallery-icon landscape'>\n\t\t\t\t<a href='https:\/\/wp.ufpel.edu.br\/museudesolosrochaseminerais\/coletor-de-solos\/coletor-de-solos-iv\/#main'><img loading=\"lazy\" decoding=\"async\" width=\"200\" height=\"200\" src=\"https:\/\/wp.ufpel.edu.br\/museudesolosrochaseminerais\/files\/2021\/01\/COLETOR-DE-SOLOS-IV-200x200.jpg\" class=\"attachment-thumbnail size-thumbnail\" alt=\"\" \/><\/a>\n\t\t\t<\/dt><\/dl><dl class='gallery-item'>\n\t\t\t<dt class='gallery-icon landscape'>\n\t\t\t\t<a href='https:\/\/wp.ufpel.edu.br\/museudesolosrochaseminerais\/coletor-de-solos\/coletor-de-solos-2\/#main'><img loading=\"lazy\" decoding=\"async\" width=\"200\" height=\"200\" src=\"https:\/\/wp.ufpel.edu.br\/museudesolosrochaseminerais\/files\/2021\/01\/COLETOR-DE-SOLOS-200x200.jpg\" class=\"attachment-thumbnail size-thumbnail\" alt=\"\" \/><\/a>\n\t\t\t<\/dt><\/dl>\n\t\t\t<br style='clear: both' \/>\n\t\t<\/div>\n\n<p style=\"text-align: center\">Voltar<\/p>\n<\/div>\n<\/div><\/div><\/div><\/div><\/div>","protected":false},"excerpt":{"rendered":"<p>Esse \u00e9 um coletor de solos utilizado para demonstrar uma pequena reprodu\u00e7\u00e3o\u00a0 de um perfil do solos, se diferenciando dos Monolitos e Minimon\u00f3lito, mas que consegue mostrar caracter\u00edsticas como a textura, a cor, sequ\u00eancia e n\u00famero de horizontes. Podemos ver um exemplo da utiliza\u00e7\u00e3o dessa ferramenta:\u00a0 \u00a0 Nanomonolito\u00a0 Terra Preta-de- \u00cdndio &nbsp; Voltar<\/p>\n","protected":false},"author":1048,"featured_media":0,"parent":0,"menu_order":0,"comment_status":"closed","ping_status":"closed","template":"","meta":{"footnotes":""},"class_list":["post-1172","page","type-page","status-publish","hentry","post"],"_links":{"self":[{"href":"https:\/\/wp.ufpel.edu.br\/museudesolosrochaseminerais\/wp-json\/wp\/v2\/pages\/1172","targetHints":{"allow":["GET"]}}],"collection":[{"href":"https:\/\/wp.ufpel.edu.br\/museudesolosrochaseminerais\/wp-json\/wp\/v2\/pages"}],"about":[{"href":"https:\/\/wp.ufpel.edu.br\/museudesolosrochaseminerais\/wp-json\/wp\/v2\/types\/page"}],"author":[{"embeddable":true,"href":"https:\/\/wp.ufpel.edu.br\/museudesolosrochaseminerais\/wp-json\/wp\/v2\/users\/1048"}],"replies":[{"embeddable":true,"href":"https:\/\/wp.ufpel.edu.br\/museudesolosrochaseminerais\/wp-json\/wp\/v2\/comments?post=1172"}],"version-history":[{"count":7,"href":"https:\/\/wp.ufpel.edu.br\/museudesolosrochaseminerais\/wp-json\/wp\/v2\/pages\/1172\/revisions"}],"predecessor-version":[{"id":1179,"href":"https:\/\/wp.ufpel.edu.br\/museudesolosrochaseminerais\/wp-json\/wp\/v2\/pages\/1172\/revisions\/1179"}],"wp:attachment":[{"href":"https:\/\/wp.ufpel.edu.br\/museudesolosrochaseminerais\/wp-json\/wp\/v2\/media?parent=1172"}],"curies":[{"name":"wp","href":"https:\/\/api.w.org\/{rel}","templated":true}]}}