{"id":1108,"date":"2020-10-07T20:36:48","date_gmt":"2020-10-07T23:36:48","guid":{"rendered":"https:\/\/wp.ufpel.edu.br\/museudesolosrochaseminerais\/?page_id=1108"},"modified":"2020-10-07T20:41:24","modified_gmt":"2020-10-07T23:41:24","slug":"analises-de-solo-plantas-e-residuos-organicos","status":"publish","type":"page","link":"https:\/\/wp.ufpel.edu.br\/museudesolosrochaseminerais\/analises-de-solo-plantas-e-residuos-organicos\/","title":{"rendered":"AN\u00c1LISES DE SOLO, PLANTAS E RES\u00cdDUOS ORG\u00c2NICOS"},"content":{"rendered":"<div id=\"pl-1108\" class=\"panel-layout\">\n<div id=\"pg-1108-0\" class=\"panel-grid panel-no-style\" data-style=\"{&quot;cell_alignment&quot;:&quot;flex-start&quot;,&quot;background_image_repeat&quot;:&quot;&quot;,&quot;no_margin&quot;:&quot;&quot;}\" data-ratio=\"1\" data-ratio-direction=\"right\">\n<div id=\"pgc-1108-0-1\" class=\"panel-grid-cell\" data-weight=\"0.16666666666667\">\n<div id=\"panel-1108-0-1-0\" class=\"so-panel widget widget_circleicon-widget panel-first-child panel-last-child\" data-index=\"1\" data-style=\"{&quot;background_image_attachment&quot;:false,&quot;background_display&quot;:&quot;tile&quot;}\">O projeto ser\u00e1 realizado no Departamento de Solos da Faculdade de Agronomia Eliseu Maciel da UFPEL e consiste em presta\u00e7\u00e3o de servi\u00e7os em fluxo cont\u00ednuo de an\u00e1lises para produtores ruais, t\u00e9cnicos, extensionistas, alunos gradua\u00e7\u00e3o e P\u00f3s gradua\u00e7\u00e3o, professores e pesquisadores, \u00f3rg\u00e3os p\u00fablicos,etc principalmente da regi\u00e3o Sul do RS.<br \/>\nAs an\u00e1lises disponibilizadas ser\u00e3o para avalia\u00e7\u00e3o nos solos agr\u00edcolas dos seguintes atributos:<br \/>\n\u2013 Qu\u00edmicos (pH, \u00edndice SMP, mat\u00e9ria org\u00e2nica, P, K, Ca, Mg, Al, Na, CTC, Fe, Cu, Zn , Mo, B. CTC, Satura\u00e7\u00e3o Bases e Satura\u00e7\u00e3o alum\u00ednio);<br \/>\n\u2013 F\u00edsicos (granulometria -% argila, %silte e %areia)<br \/>\n\u2013 Biol\u00f3gicos (macro e meso fauna ed\u00e1fica, contagem de bact\u00e9rias, fungos e actinomicetos, biomassa microbiana no solo, carbono microbiano do solo.<br \/>\nTamb\u00e9m ser\u00e3o oferecidas an\u00e1lises qu\u00edmicas de plantas (macro e micronutrirentes), an\u00e1lises de res\u00edduos org\u00e2nicos ( pH, %umidade, % de carbono, rela\u00e7\u00e3o C\/N e macro e micronutrientes e an\u00e1lise qu\u00edmica e microbiol\u00f3gica de \u00e1gua. Adicionalmente, quando solicitado ser\u00e1 prestado servi\u00e7o de orienta\u00e7\u00e3o aos usu\u00e1rios quanto \u00e0 interpreta\u00e7\u00e3o dos resultados, corre\u00e7\u00e3o da acidez e aduba\u00e7\u00e3o de culturas.<\/div>\n<\/div>\n<\/div>\n<\/div>\n<div class=\"panel-grid-cell panel-grid-cell-empty\" data-weight=\"0.16666666666667\"><\/div>\n<div data-weight=\"0.16666666666667\">Professora Respons\u00e1vel:<\/div>\n<div data-weight=\"0.16666666666667\">\n<ul class=\"wpipessoa-lista\"><li class=\"wpipessoa-post clearfix\"><div class=\"wpipessoa-thumb\"><a href=\"http:\/\/lattes.cnpq.br\/9700460071937173\"><img loading=\"lazy\" decoding=\"async\" width=\"200\" height=\"200\" src=\"https:\/\/wp.ufpel.edu.br\/museudesolosrochaseminerais\/files\/2020\/10\/servletrecuperafoto-1-200x200.jpg\" class=\"attachment-thumbnail size-thumbnail wp-post-image\" alt=\"\" \/><\/a><\/div><div class=\"wpipessoa-info\"><div class=\"wpipessoa-nome wpipessoa-fonte-grande\"><a href=\"http:\/\/lattes.cnpq.br\/9700460071937173\">Rosa Maria Vargas Castilhos<\/a><\/div><div class=\"wpipessoa-lattes\"><a href=\"http:\/\/lattes.cnpq.br\/9700460071937173\" target=\"_blank\">Lattes<\/a><\/div><div class=\"wpipessoa-email\"><a href=\"rosamvc@ufpel.edu.br\" target=\"_blank\">rosamvc@ufpel.edu.br<\/a><\/div><\/div><\/li><\/ul>\n<\/div>\n<div id=\"pl-1108\" class=\"panel-layout\">\n<div id=\"pg-1108-0\" class=\"panel-grid panel-no-style\" data-style=\"{&quot;cell_alignment&quot;:&quot;flex-start&quot;,&quot;background_image_repeat&quot;:&quot;&quot;,&quot;no_margin&quot;:&quot;&quot;}\" data-ratio=\"1\" data-ratio-direction=\"right\">\n<div id=\"pgc-1108-0-4\" class=\"panel-grid-cell panel-grid-cell-empty panel-grid-cell-mobile-last\" data-weight=\"0.16666666666667\"><\/div>\n<div id=\"pgc-1108-0-5\" class=\"panel-grid-cell panel-grid-cell-empty\" data-weight=\"0.16666666666667\"><\/div>\n<\/div>\n<\/div>\n","protected":false},"excerpt":{"rendered":"<div class=\"wpipessoa-lista wpipessoa-info\">\n<div class=\"wpipessoa-funcao wpipessoa-fonte-italica\">Possui gradua\u00e7\u00e3o em Agronomia pela Universidade Federal do Rio Grande do Sul (1978), mestrado em Ci\u00eancias do Solo pela Universidade Federal do Rio Grande do Sul (1981) e doutorado em Ci\u00eancias do Solo pela Universidade Federal do Rio Grande do Sul (1998). Atualmente \u00e9 Professor Titular da Universidade Federal de Pelotas, onde atua, desde 1986, em ensino na Gradua\u00e7\u00e3o e tamb\u00e9m na P\u00f3s-Gradua\u00e7\u00e3o. Orientou inicia\u00e7\u00e3o cient\u00edfica, mestrado e doutorado. Tem experi\u00eancia na \u00e1rea de Agronomia, Ci\u00eancia do Solo com \u00eanfase em Qu\u00edmica e Fertilidade do Solo e Aduba\u00e7\u00e3o de culturas. Atua principalmente nos seguintes temas: estudos de din\u00e2mica da mat\u00e9ria org\u00e2nica e estoques de carbono em solos sob diferentes sistemas de manejo; estudos de subst\u00e2ncias h\u00famicas (\u00e1cidos f\u00falvicos, \u00e1cidos h\u00famicos) de res\u00edduos org\u00e2nicos e seu efeito sobre plantas; estudos sobre a din\u00e2mica do pot\u00e1ssio em solos de v\u00e1rzea e sobre aduba\u00e7\u00e3o e nutri\u00e7\u00e3o do arroz irrigado e de outras culturas. <\/div>\n<div class=\"wpipessoa-lattes\"><a href=\"http:\/\/lattes.cnpq.br\/9700460071937173\" target=\"_blank\">Lattes<\/a><\/div>\n<div class=\"wpipessoa-email\"><a href=\"rosamvc@ufpel.edu.br\" target=\"_blank\">rosamvc@ufpel.edu.br<\/a><\/div>\n<\/div>\n","protected":false},"author":1048,"featured_media":0,"parent":0,"menu_order":0,"comment_status":"closed","ping_status":"closed","template":"","meta":{"footnotes":""},"class_list":["post-1108","page","type-page","status-publish","hentry","post","post-with-thumbnail","post-with-thumbnail-large"],"_links":{"self":[{"href":"https:\/\/wp.ufpel.edu.br\/museudesolosrochaseminerais\/wp-json\/wp\/v2\/pages\/1108","targetHints":{"allow":["GET"]}}],"collection":[{"href":"https:\/\/wp.ufpel.edu.br\/museudesolosrochaseminerais\/wp-json\/wp\/v2\/pages"}],"about":[{"href":"https:\/\/wp.ufpel.edu.br\/museudesolosrochaseminerais\/wp-json\/wp\/v2\/types\/page"}],"author":[{"embeddable":true,"href":"https:\/\/wp.ufpel.edu.br\/museudesolosrochaseminerais\/wp-json\/wp\/v2\/users\/1048"}],"replies":[{"embeddable":true,"href":"https:\/\/wp.ufpel.edu.br\/museudesolosrochaseminerais\/wp-json\/wp\/v2\/comments?post=1108"}],"version-history":[{"count":5,"href":"https:\/\/wp.ufpel.edu.br\/museudesolosrochaseminerais\/wp-json\/wp\/v2\/pages\/1108\/revisions"}],"predecessor-version":[{"id":1435,"href":"https:\/\/wp.ufpel.edu.br\/museudesolosrochaseminerais\/wp-json\/wp\/v2\/pages\/1108\/revisions\/1435"}],"wp:attachment":[{"href":"https:\/\/wp.ufpel.edu.br\/museudesolosrochaseminerais\/wp-json\/wp\/v2\/media?parent=1108"}],"curies":[{"name":"wp","href":"https:\/\/api.w.org\/{rel}","templated":true}]}}