{"id":2073,"date":"2023-10-05T16:06:46","date_gmt":"2023-10-05T19:06:46","guid":{"rendered":"https:\/\/wp.ufpel.edu.br\/museologia\/?page_id=2073"},"modified":"2023-10-05T16:18:15","modified_gmt":"2023-10-05T19:18:15","slug":"cancelamento-de-matricula","status":"publish","type":"page","link":"https:\/\/wp.ufpel.edu.br\/museologia\/sou-estudante\/cancelamento-de-matricula\/","title":{"rendered":"Cancelamento de Matr\u00edcula"},"content":{"rendered":"<p class=\"has-16-null-null-font-size\"><b>Defini\u00e7\u00e3o<\/b><br \/>\nO cancelamento de matr\u00edcula \u00e9 destinado ao discente que n\u00e3o pretende manter o seu v\u00ednculo com a UFPel.<\/p>\n<p class=\"has-16-null-null-font-size\"><b>Como Solicitar<\/b><br \/>\nO cancelamento deve ser\u00a0solicitado pelo Cobalto, no menu\u00a0Aluno &gt; Cadastros &gt; Solicita\u00e7\u00e3o de Cancelamento.<\/p>\n<p class=\"has-16-null-null-font-size\"><strong>Fluxograma<\/strong><\/p>\n<figure class=\"wp-block-table is-style-stripes\">\n<table>\n<tbody>\n<tr>\n<td>Respons\u00e1vel<\/td>\n<td>Procedimento<\/td>\n<\/tr>\n<tr>\n<td>Discente<\/td>\n<td>\u2013 Solicitar cancelamento no COBALTO.<\/td>\n<\/tr>\n<tr>\n<td>CRA<\/td>\n<td>\u2013 Registrar cancelamento no COBALTO.<\/td>\n<\/tr>\n<\/tbody>\n<\/table>\n<\/figure>\n","protected":false},"excerpt":{"rendered":"<p>Defini\u00e7\u00e3o O cancelamento de matr\u00edcula \u00e9 destinado ao discente que n\u00e3o pretende manter o seu v\u00ednculo com a UFPel. Como Solicitar O cancelamento deve ser\u00a0solicitado pelo Cobalto, no menu\u00a0Aluno &gt; Cadastros &gt; Solicita\u00e7\u00e3o de Cancelamento. Fluxograma Respons\u00e1vel Procedimento Discente \u2013 Solicitar cancelamento no COBALTO. CRA \u2013 Registrar cancelamento no COBALTO.<\/p>\n","protected":false},"author":1056,"featured_media":0,"parent":1224,"menu_order":4,"comment_status":"closed","ping_status":"closed","template":"","meta":{"footnotes":""},"class_list":["post-2073","page","type-page","status-publish","hentry"],"_links":{"self":[{"href":"https:\/\/wp.ufpel.edu.br\/museologia\/wp-json\/wp\/v2\/pages\/2073","targetHints":{"allow":["GET"]}}],"collection":[{"href":"https:\/\/wp.ufpel.edu.br\/museologia\/wp-json\/wp\/v2\/pages"}],"about":[{"href":"https:\/\/wp.ufpel.edu.br\/museologia\/wp-json\/wp\/v2\/types\/page"}],"author":[{"embeddable":true,"href":"https:\/\/wp.ufpel.edu.br\/museologia\/wp-json\/wp\/v2\/users\/1056"}],"replies":[{"embeddable":true,"href":"https:\/\/wp.ufpel.edu.br\/museologia\/wp-json\/wp\/v2\/comments?post=2073"}],"version-history":[{"count":2,"href":"https:\/\/wp.ufpel.edu.br\/museologia\/wp-json\/wp\/v2\/pages\/2073\/revisions"}],"predecessor-version":[{"id":2077,"href":"https:\/\/wp.ufpel.edu.br\/museologia\/wp-json\/wp\/v2\/pages\/2073\/revisions\/2077"}],"up":[{"embeddable":true,"href":"https:\/\/wp.ufpel.edu.br\/museologia\/wp-json\/wp\/v2\/pages\/1224"}],"wp:attachment":[{"href":"https:\/\/wp.ufpel.edu.br\/museologia\/wp-json\/wp\/v2\/media?parent=2073"}],"curies":[{"name":"wp","href":"https:\/\/api.w.org\/{rel}","templated":true}]}}