{"id":204,"date":"2010-01-22T14:41:38","date_gmt":"2010-01-22T17:41:38","guid":{"rendered":"http:\/\/museologiaufpel.wordpress.com\/?page_id=204"},"modified":"2025-05-07T20:23:38","modified_gmt":"2025-05-07T23:23:38","slug":"projeto-pedagogico","status":"publish","type":"page","link":"https:\/\/wp.ufpel.edu.br\/museologia\/curso\/projeto-pedagogico\/","title":{"rendered":"Projeto Pedag\u00f3gico"},"content":{"rendered":"<p><a href=\"https:\/\/wp.ufpel.edu.br\/museologia\/files\/2012\/01\/projeto-pedagc3b3gico.pdf\" target=\"_blank\" rel=\"noopener noreferrer\">Projeto Pedag\u00f3gico &#8211; 2006 &#8211; Museologia<\/a><\/p>\n<p><a title=\"Projeto Pedag\u00f3gico - 2016 - Museologia\" href=\"https:\/\/wp.ufpel.edu.br\/museologia\/files\/2018\/03\/projeto-pedagc3b3gico-2016-museologia1.docx\">Projeto Pedag\u00f3gico &#8211; 2016 &#8211; Museologia<\/a><\/p>\n<p><a href=\"https:\/\/wp.ufpel.edu.br\/museologia\/files\/2024\/03\/PPC-NOVO.pdf\">Projeto Pedag\u00f3gico &#8211; 2020 &#8211; Museologia<\/a><\/p>\n<p><a href=\"https:\/\/wp.ufpel.edu.br\/museologia\/files\/2025\/05\/NOVO_PPC__reeditado_24_02_2025_VIGENTE.pdf\">Projeto Pedag\u00f3gico &#8211; 2025 &#8211; Museologia<\/a><\/p>\n","protected":false},"excerpt":{"rendered":"<p>Projeto Pedag\u00f3gico &#8211; 2006 &#8211; Museologia Projeto Pedag\u00f3gico &#8211; 2016 &#8211; Museologia Projeto Pedag\u00f3gico &#8211; 2020 &#8211; Museologia Projeto Pedag\u00f3gico &#8211; 2025 &#8211; Museologia<\/p>\n","protected":false},"author":1056,"featured_media":0,"parent":9,"menu_order":2,"comment_status":"closed","ping_status":"closed","template":"","meta":{"footnotes":""},"class_list":["post-204","page","type-page","status-publish","hentry"],"_links":{"self":[{"href":"https:\/\/wp.ufpel.edu.br\/museologia\/wp-json\/wp\/v2\/pages\/204","targetHints":{"allow":["GET"]}}],"collection":[{"href":"https:\/\/wp.ufpel.edu.br\/museologia\/wp-json\/wp\/v2\/pages"}],"about":[{"href":"https:\/\/wp.ufpel.edu.br\/museologia\/wp-json\/wp\/v2\/types\/page"}],"author":[{"embeddable":true,"href":"https:\/\/wp.ufpel.edu.br\/museologia\/wp-json\/wp\/v2\/users\/1056"}],"replies":[{"embeddable":true,"href":"https:\/\/wp.ufpel.edu.br\/museologia\/wp-json\/wp\/v2\/comments?post=204"}],"version-history":[{"count":9,"href":"https:\/\/wp.ufpel.edu.br\/museologia\/wp-json\/wp\/v2\/pages\/204\/revisions"}],"predecessor-version":[{"id":2121,"href":"https:\/\/wp.ufpel.edu.br\/museologia\/wp-json\/wp\/v2\/pages\/204\/revisions\/2121"}],"up":[{"embeddable":true,"href":"https:\/\/wp.ufpel.edu.br\/museologia\/wp-json\/wp\/v2\/pages\/9"}],"wp:attachment":[{"href":"https:\/\/wp.ufpel.edu.br\/museologia\/wp-json\/wp\/v2\/media?parent=204"}],"curies":[{"name":"wp","href":"https:\/\/api.w.org\/{rel}","templated":true}]}}