{"id":1740,"date":"2020-06-04T16:33:41","date_gmt":"2020-06-04T19:33:41","guid":{"rendered":"https:\/\/museologiaufpel.wordpress.com\/?page_id=1740"},"modified":"2020-06-04T16:33:41","modified_gmt":"2020-06-04T19:33:41","slug":"contextualizacao","status":"publish","type":"page","link":"https:\/\/wp.ufpel.edu.br\/museologia\/contextualizacao\/","title":{"rendered":"Contextualiza\u00e7\u00e3o"},"content":{"rendered":"\n<p>A elabora\u00e7\u00e3o do Curso de Museologia fundamentou-se sobre o reconhecimento da profiss\u00e3o de Muse\u00f3logo que se deu em 1984 pela elabora\u00e7\u00e3o e aprova\u00e7\u00e3o da Lei n.\u00ba 7.287, de 18 de dezembro de 1984, lei que foi regulamentada pelo Decreto n.\u00ba 91.775, de 15 de outubro de 1985, criando o Conselho Federal de Museologia (COFEM) e os Regionais de Museologia (COREM) com a finalidade de exercerem fiscaliza\u00e7\u00e3o sobre o exerc\u00edcio da Museologia, incidindo tanto sobre o profissional Muse\u00f3logo, quanto sobre a institui\u00e7\u00e3o museal.<\/p>\n\n\n\n<p>A estrutura curricular do Curso de Museologia \u00e9 composta por disciplinas e atividades que s\u00e3o enquadradas como:<\/p>\n\n\n\n<p>(1) Disciplinas Obrigat\u00f3rias \u2026\u2026\u2026\u2026\u2026\u2026. 2.618 h<\/p>\n\n\n\n<p>(2) Disciplinas Optativas\u2026\u2026\u2026\u2026\u2026\u2026\u2026\u2026\u2026.952 h (somando o total de todas)<\/p>\n\n\n\n<p>(3) Atividades Complementares\u2026\u2026\u2026\u2026\u2026200 h ( no m\u00ednimo)<\/p>\n\n\n\n<p>(4) Forma\u00e7\u00e3o Livre<\/p>\n\n\n\n<p>A soma da carga hor\u00e1ria dessa estrutura totaliza 3.770h.<\/p>\n\n\n\n<p>O aluno deve cursar 7,5% da carga hor\u00e1ria total de disciplinas obrigat\u00f3rias em disciplinas optativas.<\/p>\n\n\n\n<p>A modalidade do Curso de Museologia \u00e9 presencial e o regime acad\u00eamico adotado \u00e9 semestral, com ingresso anual.<\/p>\n\n\n\n<p>O n\u00famero de vagas para ingresso no curso \u00e9 30.<\/p>\n\n\n\n<p>O turno de funcionamento do Curso \u00e9 diurno.<\/p>\n\n\n\n<p>O n\u00famero de semestres do curso \u00e9 8 \u2013 somando um total de 4 anos. O n\u00famero m\u00e1ximo de semestres que poder\u00e1 ser cursado \u00e9 de 12, totalizando o limite de 6 anos.<\/p>\n\n\n\n<p>A titula\u00e7\u00e3o conferida ser\u00e1 de Bacharel em Museologia.<\/p>\n\n\n\n<p>Ato de autoriza\u00e7\u00e3o do curso: Portaria n\u00ba 1158, de 21 de agosto de 2006.<\/p>\n","protected":false},"excerpt":{"rendered":"<p>A elabora\u00e7\u00e3o do Curso de Museologia fundamentou-se sobre o reconhecimento da profiss\u00e3o de Muse\u00f3logo que se deu em 1984 pela elabora\u00e7\u00e3o e aprova\u00e7\u00e3o da Lei n.\u00ba 7.287, de 18 de dezembro de 1984, lei que foi regulamentada pelo Decreto n.\u00ba 91.775, de 15 de outubro de 1985, criando o Conselho Federal de Museologia (COFEM) e [&hellip;]<\/p>\n","protected":false},"author":1056,"featured_media":0,"parent":0,"menu_order":0,"comment_status":"closed","ping_status":"closed","template":"","meta":{"footnotes":""},"class_list":["post-1740","page","type-page","status-publish","hentry"],"_links":{"self":[{"href":"https:\/\/wp.ufpel.edu.br\/museologia\/wp-json\/wp\/v2\/pages\/1740","targetHints":{"allow":["GET"]}}],"collection":[{"href":"https:\/\/wp.ufpel.edu.br\/museologia\/wp-json\/wp\/v2\/pages"}],"about":[{"href":"https:\/\/wp.ufpel.edu.br\/museologia\/wp-json\/wp\/v2\/types\/page"}],"author":[{"embeddable":true,"href":"https:\/\/wp.ufpel.edu.br\/museologia\/wp-json\/wp\/v2\/users\/1056"}],"replies":[{"embeddable":true,"href":"https:\/\/wp.ufpel.edu.br\/museologia\/wp-json\/wp\/v2\/comments?post=1740"}],"version-history":[{"count":0,"href":"https:\/\/wp.ufpel.edu.br\/museologia\/wp-json\/wp\/v2\/pages\/1740\/revisions"}],"wp:attachment":[{"href":"https:\/\/wp.ufpel.edu.br\/museologia\/wp-json\/wp\/v2\/media?parent=1740"}],"curies":[{"name":"wp","href":"https:\/\/api.w.org\/{rel}","templated":true}]}}