{"id":1427,"date":"2018-07-19T14:18:07","date_gmt":"2018-07-19T17:18:07","guid":{"rendered":"https:\/\/museologiaufpel.wordpress.com\/?page_id=1427"},"modified":"2023-10-05T16:03:23","modified_gmt":"2023-10-05T19:03:23","slug":"tempo-de-permanencia-no-curso","status":"publish","type":"page","link":"https:\/\/wp.ufpel.edu.br\/museologia\/sou-estudante\/tempo-de-permanencia-no-curso\/","title":{"rendered":"Avalia\u00e7\u00e3o &#8211; Segunda Chamada"},"content":{"rendered":"<p class=\"has-16-undefined-undefined-font-size\"><strong>Defini\u00e7\u00e3o<\/strong><br \/>\nO discente que, por impedimento legal, doen\u00e7a atestada por servi\u00e7o m\u00e9dico de sa\u00fade ou motivo de for\u00e7a maior, devidamente comprovado, faltar a uma avalia\u00e7\u00e3o, poder\u00e1 realiz\u00e1-la em outro momento, desde que requeira ao Colegiado de Curso at\u00e9 3 (tr\u00eas) dias \u00fateis ap\u00f3s a realiza\u00e7\u00e3o da avalia\u00e7\u00e3o anterior.<\/p>\n<p class=\"has-16-undefined-undefined-font-size\">I \u2013 Caber\u00e1 ao Colegiado de Curso deliberar sobre a solicita\u00e7\u00e3o do aluno, encaminhando-a ao Departamento ou C\u00e2mara de Ensino respons\u00e1vel pelo componente curricular em at\u00e9 3 dias \u00fateis, para defini\u00e7\u00e3o de nova data para a avalia\u00e7\u00e3o.<\/p>\n<p class=\"has-16-undefined-undefined-font-size\">II \u2013 Considera-se motivo para solicita\u00e7\u00e3o de nova data para realiza\u00e7\u00e3o de avalia\u00e7\u00e3o:<br \/>\na) acidentes \u2013 mediante apresenta\u00e7\u00e3o de boletim de ocorr\u00eancia policial;<br \/>\nb) assalto \u2013 mediante apresenta\u00e7\u00e3o de boletim de ocorr\u00eancia policial;<br \/>\nc) casamento \u2013 mediante apresenta\u00e7\u00e3o de certid\u00e3o de casamento do discente ocorrido em at\u00e9 8 (oito) dias de anteced\u00eancia da data da avalia\u00e7\u00e3o.<br \/>\nd) sa\u00fade \u2013 mediante apresenta\u00e7\u00e3o de atestado m\u00e9dico, com carimbo (contendo o CRM) e assinatura do m\u00e9dico.<br \/>\ne) trabalho \u2013 apresenta\u00e7\u00e3o de declara\u00e7\u00e3o de exerc\u00edcio de atividade profissional excepcional com identifica\u00e7\u00e3o do empregador;<br \/>\nf) cat\u00e1strofes naturais que impe\u00e7am o deslocamento para os locais da avalia\u00e7\u00e3o;<br \/>\ng) situa\u00e7\u00f5es geradas por terceiros, como greves de transporte p\u00fablico, obstru\u00e7\u00e3o de vias e demais situa\u00e7\u00f5es, condicionadas a aceita\u00e7\u00e3o do colegiado, alheias a vontade do discente.<br \/>\nh) participa\u00e7\u00e3o em eventos cient\u00edficos, quando o discente estiver apresentando trabalho, mediante comprova\u00e7\u00e3o de participa\u00e7\u00e3o.<\/p>\n<p class=\"has-16-undefined-undefined-font-size\"><strong>Como solicitar<\/strong><br \/>\nA solicita\u00e7\u00e3o dever\u00e1 ser realizada no Sistema Acad\u00eamico Cobalto, no menu \u201cAluno \u2013 Cadastro \u2013 Solicita\u00e7\u00e3o de segunda chamada\u201d. Na solicita\u00e7\u00e3o dever\u00e1 ser encaminhado o comprovante da justificativa (Ex: atestado m\u00e9dico).<\/p>\n","protected":false},"excerpt":{"rendered":"<p>Defini\u00e7\u00e3o O discente que, por impedimento legal, doen\u00e7a atestada por servi\u00e7o m\u00e9dico de sa\u00fade ou motivo de for\u00e7a maior, devidamente comprovado, faltar a uma avalia\u00e7\u00e3o, poder\u00e1 realiz\u00e1-la em outro momento, desde que requeira ao Colegiado de Curso at\u00e9 3 (tr\u00eas) dias \u00fateis ap\u00f3s a realiza\u00e7\u00e3o da avalia\u00e7\u00e3o anterior. I \u2013 Caber\u00e1 ao Colegiado de Curso [&hellip;]<\/p>\n","protected":false},"author":1056,"featured_media":0,"parent":1224,"menu_order":6,"comment_status":"closed","ping_status":"closed","template":"","meta":{"footnotes":""},"class_list":["post-1427","page","type-page","status-publish","hentry"],"_links":{"self":[{"href":"https:\/\/wp.ufpel.edu.br\/museologia\/wp-json\/wp\/v2\/pages\/1427","targetHints":{"allow":["GET"]}}],"collection":[{"href":"https:\/\/wp.ufpel.edu.br\/museologia\/wp-json\/wp\/v2\/pages"}],"about":[{"href":"https:\/\/wp.ufpel.edu.br\/museologia\/wp-json\/wp\/v2\/types\/page"}],"author":[{"embeddable":true,"href":"https:\/\/wp.ufpel.edu.br\/museologia\/wp-json\/wp\/v2\/users\/1056"}],"replies":[{"embeddable":true,"href":"https:\/\/wp.ufpel.edu.br\/museologia\/wp-json\/wp\/v2\/comments?post=1427"}],"version-history":[{"count":4,"href":"https:\/\/wp.ufpel.edu.br\/museologia\/wp-json\/wp\/v2\/pages\/1427\/revisions"}],"predecessor-version":[{"id":2072,"href":"https:\/\/wp.ufpel.edu.br\/museologia\/wp-json\/wp\/v2\/pages\/1427\/revisions\/2072"}],"up":[{"embeddable":true,"href":"https:\/\/wp.ufpel.edu.br\/museologia\/wp-json\/wp\/v2\/pages\/1224"}],"wp:attachment":[{"href":"https:\/\/wp.ufpel.edu.br\/museologia\/wp-json\/wp\/v2\/media?parent=1427"}],"curies":[{"name":"wp","href":"https:\/\/api.w.org\/{rel}","templated":true}]}}