{"id":1369,"date":"2017-09-07T13:59:25","date_gmt":"2017-09-07T16:59:25","guid":{"rendered":"https:\/\/museologiaufpel.wordpress.com\/?page_id=1369"},"modified":"2023-10-05T15:39:07","modified_gmt":"2023-10-05T18:39:07","slug":"quebra-de-pre-requisito","status":"publish","type":"page","link":"https:\/\/wp.ufpel.edu.br\/museologia\/quebra-de-pre-requisito\/","title":{"rendered":"Quebra de Pr\u00e9-Requisito"},"content":{"rendered":"<p class=\"has-16-undefined-undefined-font-size\"><strong>Defini\u00e7\u00e3o<\/strong><br \/>\nA quebra de pr\u00e9-requisito pode ser requerida pelos discentes que t\u00eam a necessidade de cursar componente curricular sem ainda ter conclu\u00eddo todos os pr\u00e9-requisitos estabelecidos no projeto pedag\u00f3gico do curso.<\/p>\n<p class=\"has-16-undefined-undefined-font-size\"><strong>Como solicitar<\/strong><br \/>\nO aluno que deseja solicitar quebra de pr\u00e9-requisito deve fazer o pedido diretamente no Colegiado de Curso, que analisar\u00e1 com base em crit\u00e9rios estabelecidos na Nota t\u00e9cnica n\u00b0 03\/2017 do COCEPE. Em caso de deferimento, o pr\u00f3prio Colegiado conceder\u00e1 a matr\u00edcula especial na disciplina desejada pelo aluno e arquivar\u00e1 o processo.<br \/>\nSe o pedido for indeferido, por\u00e9m, o aluno pode requerer que sua solicita\u00e7\u00e3o seja encaminhada ao COCEPE, que atuar\u00e1 como inst\u00e2ncia recursal.<\/p>\n<p class=\"has-16-undefined-undefined-font-size\"><strong>Requerimento<\/strong><br \/>\n<a href=\"https:\/\/wp.ufpel.edu.br\/cra\/files\/2020\/07\/Requerimento-de-quebra-pre-requisito.pdf\">Requerimento de quebra de pr\u00e9-requisito<\/a><\/p>\n","protected":false},"excerpt":{"rendered":"<p>Defini\u00e7\u00e3o A quebra de pr\u00e9-requisito pode ser requerida pelos discentes que t\u00eam a necessidade de cursar componente curricular sem ainda ter conclu\u00eddo todos os pr\u00e9-requisitos estabelecidos no projeto pedag\u00f3gico do curso. Como solicitar O aluno que deseja solicitar quebra de pr\u00e9-requisito deve fazer o pedido diretamente no Colegiado de Curso, que analisar\u00e1 com base em [&hellip;]<\/p>\n","protected":false},"author":1056,"featured_media":0,"parent":0,"menu_order":0,"comment_status":"closed","ping_status":"closed","template":"","meta":{"footnotes":""},"class_list":["post-1369","page","type-page","status-publish","hentry"],"_links":{"self":[{"href":"https:\/\/wp.ufpel.edu.br\/museologia\/wp-json\/wp\/v2\/pages\/1369","targetHints":{"allow":["GET"]}}],"collection":[{"href":"https:\/\/wp.ufpel.edu.br\/museologia\/wp-json\/wp\/v2\/pages"}],"about":[{"href":"https:\/\/wp.ufpel.edu.br\/museologia\/wp-json\/wp\/v2\/types\/page"}],"author":[{"embeddable":true,"href":"https:\/\/wp.ufpel.edu.br\/museologia\/wp-json\/wp\/v2\/users\/1056"}],"replies":[{"embeddable":true,"href":"https:\/\/wp.ufpel.edu.br\/museologia\/wp-json\/wp\/v2\/comments?post=1369"}],"version-history":[{"count":1,"href":"https:\/\/wp.ufpel.edu.br\/museologia\/wp-json\/wp\/v2\/pages\/1369\/revisions"}],"predecessor-version":[{"id":2058,"href":"https:\/\/wp.ufpel.edu.br\/museologia\/wp-json\/wp\/v2\/pages\/1369\/revisions\/2058"}],"wp:attachment":[{"href":"https:\/\/wp.ufpel.edu.br\/museologia\/wp-json\/wp\/v2\/media?parent=1369"}],"curies":[{"name":"wp","href":"https:\/\/api.w.org\/{rel}","templated":true}]}}