{"id":1365,"date":"2017-09-06T17:19:43","date_gmt":"2017-09-06T20:19:43","guid":{"rendered":"https:\/\/museologiaufpel.wordpress.com\/?page_id=1365"},"modified":"2023-10-05T15:25:15","modified_gmt":"2023-10-05T18:25:15","slug":"aproveitamento-de-disciplina","status":"publish","type":"page","link":"https:\/\/wp.ufpel.edu.br\/museologia\/aproveitamento-de-disciplina\/","title":{"rendered":"Aproveitamento de Estudos"},"content":{"rendered":"<p><strong>Defini\u00e7\u00e3o<\/strong><br \/>\nDiscente que cursou com aprova\u00e7\u00e3o componente curricular de curso de gradua\u00e7\u00e3o ou p\u00f3s-gradua\u00e7\u00e3o poder\u00e1 solicitar aproveitamento de estudos, dentro dos prazos previstos no calend\u00e1rio acad\u00eamico.<br \/>\nPara obter o aproveitamento, a atividade curricular cursada dever\u00e1 contemplar, no m\u00ednimo, 75% da carga hor\u00e1ria e do conte\u00fado da atividade curricular pretendida, sendo facultada ao professor respons\u00e1vel pelo componente curricular a realiza\u00e7\u00e3o de avalia\u00e7\u00e3o especial para eventual complementa\u00e7\u00e3o.<br \/>\n<strong><br \/>\nComo Solicitar<\/strong><br \/>\nPara solicitar o aproveitamento de estudos o discente dever\u00e1 acessar o menu do Cobalto: Aluno &gt; Cadastro &gt; Solicita\u00e7\u00e3o de aproveitamentos, clicar em \u201cNovo\u201d e selecionar a disciplina que deseja solicitar o aproveitamento.<br \/>\n\u00c9 preciso fazer uma solicita\u00e7\u00e3o para cada aproveitamento pretendido.<br \/>\na)\u00a0<strong>para disciplinas cursadas na UFPEL<\/strong>\u00a0dever\u00e1 indicar a(s) disciplina(s) relacionadas pelo sistema quer usar para a solicita\u00e7\u00e3o de aproveitamento e clicar em \u201cSalvar\u201d.<br \/>\nb)\u00a0<strong>para disciplinas cursadas em outra institui\u00e7\u00e3o<\/strong>\u00a0dever\u00e1 selecionar a institui\u00e7\u00e3o, anexar o seu hist\u00f3rico escolar, indicar o nome das disciplinas que deseja utilizar para o aproveitamento, anexar o conte\u00fado program\u00e1tico (ou plano de ensino) da disciplina cursada e clicar em \u201cSalvar\u201d.<\/p>\n","protected":false},"excerpt":{"rendered":"<p>Defini\u00e7\u00e3o Discente que cursou com aprova\u00e7\u00e3o componente curricular de curso de gradua\u00e7\u00e3o ou p\u00f3s-gradua\u00e7\u00e3o poder\u00e1 solicitar aproveitamento de estudos, dentro dos prazos previstos no calend\u00e1rio acad\u00eamico. Para obter o aproveitamento, a atividade curricular cursada dever\u00e1 contemplar, no m\u00ednimo, 75% da carga hor\u00e1ria e do conte\u00fado da atividade curricular pretendida, sendo facultada ao professor respons\u00e1vel pelo [&hellip;]<\/p>\n","protected":false},"author":1056,"featured_media":0,"parent":0,"menu_order":0,"comment_status":"closed","ping_status":"closed","template":"","meta":{"footnotes":""},"class_list":["post-1365","page","type-page","status-publish","hentry"],"_links":{"self":[{"href":"https:\/\/wp.ufpel.edu.br\/museologia\/wp-json\/wp\/v2\/pages\/1365","targetHints":{"allow":["GET"]}}],"collection":[{"href":"https:\/\/wp.ufpel.edu.br\/museologia\/wp-json\/wp\/v2\/pages"}],"about":[{"href":"https:\/\/wp.ufpel.edu.br\/museologia\/wp-json\/wp\/v2\/types\/page"}],"author":[{"embeddable":true,"href":"https:\/\/wp.ufpel.edu.br\/museologia\/wp-json\/wp\/v2\/users\/1056"}],"replies":[{"embeddable":true,"href":"https:\/\/wp.ufpel.edu.br\/museologia\/wp-json\/wp\/v2\/comments?post=1365"}],"version-history":[{"count":2,"href":"https:\/\/wp.ufpel.edu.br\/museologia\/wp-json\/wp\/v2\/pages\/1365\/revisions"}],"predecessor-version":[{"id":2043,"href":"https:\/\/wp.ufpel.edu.br\/museologia\/wp-json\/wp\/v2\/pages\/1365\/revisions\/2043"}],"wp:attachment":[{"href":"https:\/\/wp.ufpel.edu.br\/museologia\/wp-json\/wp\/v2\/media?parent=1365"}],"curies":[{"name":"wp","href":"https:\/\/api.w.org\/{rel}","templated":true}]}}