{"id":1330,"date":"2017-09-06T15:17:08","date_gmt":"2017-09-06T18:17:08","guid":{"rendered":"https:\/\/museologiaufpel.wordpress.com\/?page_id=1330"},"modified":"2023-10-05T15:29:15","modified_gmt":"2023-10-05T18:29:15","slug":"matricula-especial","status":"publish","type":"page","link":"https:\/\/wp.ufpel.edu.br\/museologia\/matricula-especial\/","title":{"rendered":"Matr\u00edcula Especial"},"content":{"rendered":"<p class=\"has-16-undefined-undefined-font-size\"><strong>Defini\u00e7\u00e3o<\/strong><br \/>\nA matr\u00edcula especial permite ao discente realizar matr\u00edcula em componente curriculares de outros cursos da UFPel. Esta modalidade de matr\u00edcula est\u00e1 condicionada \u00e0 disponibilidade de vagas na disciplina e no per\u00edodo letivo desejado.<\/p>\n<p class=\"has-16-undefined-undefined-font-size\">A matr\u00edcula especial n\u00e3o poder\u00e1 ultrapassar o total de dois componentes curriculares por per\u00edodo letivo e 20% da carga hor\u00e1ria do curso de origem.<\/p>\n<p class=\"has-16-undefined-undefined-font-size\">N\u00e3o ser\u00e1 permitida a matr\u00edcula em componentes curriculares em que houver colis\u00e3o total ou parcial de hor\u00e1rios. A matr\u00edcula especial \u00e9 destinada apenas para acrescentar componentes curriculares, \u00e9 vedada a altera\u00e7\u00e3o da matr\u00edcula original.<\/p>\n<p class=\"has-16-undefined-undefined-font-size\"><strong>Como solicitar<\/strong><br \/>\nA Matr\u00edcula Especial possui per\u00edodo estipulado no calend\u00e1rio acad\u00eamico. Para solicitar a matr\u00edcula especial o discente deve:<\/p>\n<p class=\"has-16-undefined-undefined-font-size\">I \u2013 estar matriculado em, no m\u00ednimo, oito cr\u00e9ditos no curso de origem;<br \/>\nII \u2013 solicitar matr\u00edcula especial no\u00a0<a href=\"https:\/\/cobalto.ufpel.edu.br\/\">Cobalto<\/a>\u00a0, no menu\u00a0<a class=\"\" href=\"https:\/\/cobalto.ufpel.edu.br\/academico\/alunos\/solicitacaoMatriculaEspecial\">Solicita\u00e7\u00e3o de matr\u00edcula especial<\/a>, em disciplina do curso pretendido, no per\u00edodo previsto no Calend\u00e1rio Acad\u00eamico;<br \/>\nIII \u2013 o curso de origem do discente avaliar\u00e1 a solicita\u00e7\u00e3o em prazo previsto no Calend\u00e1rio Acad\u00eamico, autorizando ou n\u00e3o a solicita\u00e7\u00e3o;<br \/>\nIV \u2013 caso o curso de origem tenha autorizado, o curso que oferta a disciplina pretendida pelo discente receber\u00e1 a solicita\u00e7\u00e3o e avaliar\u00e1, homologando ou n\u00e3o o pedido.<br \/>\nV \u2013 O discente consulta sua solicita\u00e7\u00e3o no sistema\u00a0<a href=\"https:\/\/cobalto.ufpel.edu.br\/\">COBALTO<\/a>, no menu\u00a0<a class=\"\" href=\"https:\/\/cobalto.ufpel.edu.br\/academico\/alunos\/atestadoMatriculado\">Matr\u00edcula<\/a>, para confirmar em quais componentes curriculares foi matriculado. Se a solicita\u00e7\u00e3o foi contemplada \u00e9 s\u00f3 aguardar o in\u00edcio das aulas.<\/p>\n<p class=\"has-16-undefined-undefined-font-size\"><strong><a href=\"https:\/\/wp.ufpel.edu.br\/cra\/files\/2021\/08\/Orientacoes.pdf\">Clique aqui para um tutorial detalhado<\/a><\/strong><\/p>\n","protected":false},"excerpt":{"rendered":"<p>Defini\u00e7\u00e3o A matr\u00edcula especial permite ao discente realizar matr\u00edcula em componente curriculares de outros cursos da UFPel. Esta modalidade de matr\u00edcula est\u00e1 condicionada \u00e0 disponibilidade de vagas na disciplina e no per\u00edodo letivo desejado. A matr\u00edcula especial n\u00e3o poder\u00e1 ultrapassar o total de dois componentes curriculares por per\u00edodo letivo e 20% da carga hor\u00e1ria do [&hellip;]<\/p>\n","protected":false},"author":1056,"featured_media":0,"parent":0,"menu_order":0,"comment_status":"closed","ping_status":"closed","template":"","meta":{"footnotes":""},"class_list":["post-1330","page","type-page","status-publish","hentry"],"_links":{"self":[{"href":"https:\/\/wp.ufpel.edu.br\/museologia\/wp-json\/wp\/v2\/pages\/1330","targetHints":{"allow":["GET"]}}],"collection":[{"href":"https:\/\/wp.ufpel.edu.br\/museologia\/wp-json\/wp\/v2\/pages"}],"about":[{"href":"https:\/\/wp.ufpel.edu.br\/museologia\/wp-json\/wp\/v2\/types\/page"}],"author":[{"embeddable":true,"href":"https:\/\/wp.ufpel.edu.br\/museologia\/wp-json\/wp\/v2\/users\/1056"}],"replies":[{"embeddable":true,"href":"https:\/\/wp.ufpel.edu.br\/museologia\/wp-json\/wp\/v2\/comments?post=1330"}],"version-history":[{"count":2,"href":"https:\/\/wp.ufpel.edu.br\/museologia\/wp-json\/wp\/v2\/pages\/1330\/revisions"}],"predecessor-version":[{"id":2048,"href":"https:\/\/wp.ufpel.edu.br\/museologia\/wp-json\/wp\/v2\/pages\/1330\/revisions\/2048"}],"wp:attachment":[{"href":"https:\/\/wp.ufpel.edu.br\/museologia\/wp-json\/wp\/v2\/media?parent=1330"}],"curies":[{"name":"wp","href":"https:\/\/api.w.org\/{rel}","templated":true}]}}