{"id":1254,"date":"2017-08-18T14:52:57","date_gmt":"2017-08-18T17:52:57","guid":{"rendered":"https:\/\/museologiaufpel.wordpress.com\/?page_id=1254"},"modified":"2023-10-05T15:40:16","modified_gmt":"2023-10-05T18:40:16","slug":"rematricula","status":"publish","type":"page","link":"https:\/\/wp.ufpel.edu.br\/museologia\/rematricula\/","title":{"rendered":"Rematr\u00edcula"},"content":{"rendered":"<p class=\"has-16-undefined-undefined-font-size\"><strong>Defini\u00e7\u00e3o<\/strong><br \/>\nA Rematr\u00edcula N\u00c3O \u00e9 destinada aos alunos ingressantes na Universidade.<\/p>\n<p class=\"has-16-undefined-undefined-font-size\">A matr\u00edcula \u00e9 obrigat\u00f3ria em cada per\u00edodo letivo previsto para o funcionamento do curso, de acordo com o calend\u00e1rio acad\u00eamico.<\/p>\n<p class=\"has-16-undefined-undefined-font-size\">A aus\u00eancia de matr\u00edcula em um per\u00edodo letivo poder\u00e1 implicar no desligamento do curso por abandono.<\/p>\n<p class=\"has-16-undefined-undefined-font-size\">O discente poder\u00e1 realizar qualquer atividade curricular em seu curso de origem, ressalvados os pr\u00e9-requisitos constantes nos projetos pedag\u00f3gicos, desde que haja disponibilidade de vaga. O discente deve observar o m\u00ednimo de cr\u00e9ditos obrigat\u00f3rios a serem cursados a cada semestre, conforme previsto no Projeto Pedag\u00f3gico do Curso.<\/p>\n<p class=\"has-16-undefined-undefined-font-size\">N\u00e3o ser\u00e1 permitida a matr\u00edcula em componentes curriculares em que houver colis\u00e3o total ou parcial de hor\u00e1rios.<\/p>\n<p class=\"has-16-undefined-undefined-font-size\"><strong>Como solicitar<\/strong><br \/>\nI-\u00a0 O discente dever\u00e1 fazer\u00a0<i>login<\/i>\u00a0no sistema acad\u00eamico\u00a0<a href=\"https:\/\/cobalto.ufpel.edu.br\/\">COBALTO<\/a>, acessar o menu\u00a0<a class=\"\" href=\"https:\/\/cobalto.ufpel.edu.br\/academico\/alunos\/solicitacaoMatricula\">Solicita\u00e7\u00e3o de matr\u00edcula<\/a>\u00a0e selecionar os componentes curriculares que pretende cursar.<br \/>\nII- O sistema processa as solicita\u00e7\u00f5es, conforme estabelecido na Resolu\u00e7\u00e3o COCEPE n\u00ba 47\/2018.<br \/>\nIII- O discente consulta sua solicita\u00e7\u00e3o no sistema\u00a0<a href=\"https:\/\/cobalto.ufpel.edu.br\/\">COBALTO<\/a>, no menu\u00a0<a class=\"\" href=\"https:\/\/cobalto.ufpel.edu.br\/academico\/alunos\/atestadoMatriculado\">Matr\u00edcula<\/a>, para confirmar em quais componentes curriculares foi matriculado. Se a solicita\u00e7\u00e3o foi contemplada \u00e9 s\u00f3 aguardar o in\u00edcio das aulas. Caso seja necess\u00e1ria alguma altera\u00e7\u00e3o, dever\u00e1 ser realizada na corre\u00e7\u00e3o de matr\u00edcula.<\/p>\n","protected":false},"excerpt":{"rendered":"<p>Defini\u00e7\u00e3o A Rematr\u00edcula N\u00c3O \u00e9 destinada aos alunos ingressantes na Universidade. A matr\u00edcula \u00e9 obrigat\u00f3ria em cada per\u00edodo letivo previsto para o funcionamento do curso, de acordo com o calend\u00e1rio acad\u00eamico. A aus\u00eancia de matr\u00edcula em um per\u00edodo letivo poder\u00e1 implicar no desligamento do curso por abandono. O discente poder\u00e1 realizar qualquer atividade curricular em [&hellip;]<\/p>\n","protected":false},"author":1056,"featured_media":0,"parent":0,"menu_order":0,"comment_status":"closed","ping_status":"closed","template":"","meta":{"footnotes":""},"class_list":["post-1254","page","type-page","status-publish","hentry"],"_links":{"self":[{"href":"https:\/\/wp.ufpel.edu.br\/museologia\/wp-json\/wp\/v2\/pages\/1254","targetHints":{"allow":["GET"]}}],"collection":[{"href":"https:\/\/wp.ufpel.edu.br\/museologia\/wp-json\/wp\/v2\/pages"}],"about":[{"href":"https:\/\/wp.ufpel.edu.br\/museologia\/wp-json\/wp\/v2\/types\/page"}],"author":[{"embeddable":true,"href":"https:\/\/wp.ufpel.edu.br\/museologia\/wp-json\/wp\/v2\/users\/1056"}],"replies":[{"embeddable":true,"href":"https:\/\/wp.ufpel.edu.br\/museologia\/wp-json\/wp\/v2\/comments?post=1254"}],"version-history":[{"count":1,"href":"https:\/\/wp.ufpel.edu.br\/museologia\/wp-json\/wp\/v2\/pages\/1254\/revisions"}],"predecessor-version":[{"id":2059,"href":"https:\/\/wp.ufpel.edu.br\/museologia\/wp-json\/wp\/v2\/pages\/1254\/revisions\/2059"}],"wp:attachment":[{"href":"https:\/\/wp.ufpel.edu.br\/museologia\/wp-json\/wp\/v2\/media?parent=1254"}],"curies":[{"name":"wp","href":"https:\/\/api.w.org\/{rel}","templated":true}]}}