{"id":262,"date":"2025-08-25T12:11:50","date_gmt":"2025-08-25T15:11:50","guid":{"rendered":"https:\/\/wp.ufpel.edu.br\/mundoufpel\/?page_id=262"},"modified":"2025-09-01T11:42:17","modified_gmt":"2025-09-01T14:42:17","slug":"contato","status":"publish","type":"page","link":"https:\/\/wp.ufpel.edu.br\/mundoufpel\/contato\/","title":{"rendered":"Contato"},"content":{"rendered":"<h3>Instagram<\/h3>\n<p>Siga o nosso <strong><a href=\"https:\/\/www.instagram.com\/mundoufpel\/?hl=pt-br\">instagram<\/a><\/strong> e n\u00e3o perca nenhuma novidade sobre o MUNDO.<\/p>\n<h3>E-mail<\/h3>\n<p><strong>mundoufpel@gmail.com<\/strong><\/p>\n<h3 class=\"LC20lb MBeuO DKV0Md\">Coordena\u00e7\u00e3o de Pedagogia Universit\u00e1ria (CPU)<\/h3>\n<p><i class=\"dashicons dashicons-phone\"><\/i>\u00a0(53) 3824-4076<\/p>\n","protected":false},"excerpt":{"rendered":"<p>Instagram Siga o nosso instagram e n\u00e3o perca nenhuma novidade sobre o MUNDO. E-mail mundoufpel@gmail.com Coordena\u00e7\u00e3o de Pedagogia Universit\u00e1ria (CPU) \u00a0(53) 3824-4076<\/p>\n","protected":false},"author":1478,"featured_media":0,"parent":0,"menu_order":0,"comment_status":"closed","ping_status":"closed","template":"","meta":{"footnotes":""},"class_list":["post-262","page","type-page","status-publish","hentry"],"_links":{"self":[{"href":"https:\/\/wp.ufpel.edu.br\/mundoufpel\/wp-json\/wp\/v2\/pages\/262","targetHints":{"allow":["GET"]}}],"collection":[{"href":"https:\/\/wp.ufpel.edu.br\/mundoufpel\/wp-json\/wp\/v2\/pages"}],"about":[{"href":"https:\/\/wp.ufpel.edu.br\/mundoufpel\/wp-json\/wp\/v2\/types\/page"}],"author":[{"embeddable":true,"href":"https:\/\/wp.ufpel.edu.br\/mundoufpel\/wp-json\/wp\/v2\/users\/1478"}],"replies":[{"embeddable":true,"href":"https:\/\/wp.ufpel.edu.br\/mundoufpel\/wp-json\/wp\/v2\/comments?post=262"}],"version-history":[{"count":2,"href":"https:\/\/wp.ufpel.edu.br\/mundoufpel\/wp-json\/wp\/v2\/pages\/262\/revisions"}],"predecessor-version":[{"id":322,"href":"https:\/\/wp.ufpel.edu.br\/mundoufpel\/wp-json\/wp\/v2\/pages\/262\/revisions\/322"}],"wp:attachment":[{"href":"https:\/\/wp.ufpel.edu.br\/mundoufpel\/wp-json\/wp\/v2\/media?parent=262"}],"curies":[{"name":"wp","href":"https:\/\/api.w.org\/{rel}","templated":true}]}}