{"id":139,"date":"2023-06-06T11:31:16","date_gmt":"2023-06-06T14:31:16","guid":{"rendered":"https:\/\/wp.ufpel.edu.br\/mundoufpel\/?page_id=139"},"modified":"2025-09-04T18:21:35","modified_gmt":"2025-09-04T21:21:35","slug":"formularios","status":"publish","type":"page","link":"https:\/\/wp.ufpel.edu.br\/mundoufpel\/formularios\/","title":{"rendered":"Inscri\u00e7\u00f5es"},"content":{"rendered":"<p>Preencha o formul\u00e1rio abaixo para garantir presen\u00e7a nas <strong>atividades do MUNDO UFPel que tem inscri\u00e7\u00e3o pr\u00e9via<\/strong>.<\/p>\n<p>Voc\u00ea pode consultar quais s\u00e3o, quando e onde acontecem, na <strong><a href=\"https:\/\/wp.ufpel.edu.br\/mundoufpel\/programacao-das-unidades-academicas\/\">programa\u00e7\u00e3o<\/a><\/strong><\/p>\n<p><iframe loading=\"lazy\" src=\"https:\/\/docs.google.com\/forms\/d\/e\/1FAIpQLSfzHk8SE8UFZpLEfSTtyb7h7QnTC0IIPs_YHkjRKe-uSjEOJg\/viewform?embedded=true\" width=\"640\" height=\"2624\" frameborder=\"0\" marginwidth=\"0\" marginheight=\"0\">Carregando\u2026<\/iframe><\/p>\n<p>&nbsp;<\/p>\n<hr \/>\n<p>&nbsp;<\/p>\n<p>Preencha o formul\u00e1rio abaixo para reservar <strong>vaga para almo\u00e7o no RU (Restaurante Universit\u00e1rio) do Campus Cap\u00e3o<\/strong> do Le\u00e3o durante o MUNDO UFPel.<\/p>\n<p><iframe loading=\"lazy\" src=\"https:\/\/docs.google.com\/forms\/d\/e\/1FAIpQLScec64R5nK9bexdITc-jGngrJafFr2WHjNLjeZEVsg9B2FtdQ\/viewform?embedded=true\" width=\"640\" height=\"1188\" frameborder=\"0\" marginwidth=\"0\" marginheight=\"0\">Carregando\u2026<\/iframe><\/p>\n","protected":false},"excerpt":{"rendered":"<p>Preencha o formul\u00e1rio abaixo para garantir presen\u00e7a nas atividades do MUNDO UFPel que tem inscri\u00e7\u00e3o pr\u00e9via. Voc\u00ea pode consultar quais s\u00e3o, quando e onde acontecem, na programa\u00e7\u00e3o Carregando\u2026 &nbsp; &nbsp; Preencha o formul\u00e1rio abaixo para reservar vaga para almo\u00e7o no RU (Restaurante Universit\u00e1rio) do Campus Cap\u00e3o do Le\u00e3o durante o MUNDO UFPel. Carregando\u2026<\/p>\n","protected":false},"author":1309,"featured_media":0,"parent":0,"menu_order":0,"comment_status":"closed","ping_status":"closed","template":"","meta":{"footnotes":""},"class_list":["post-139","page","type-page","status-publish","hentry"],"_links":{"self":[{"href":"https:\/\/wp.ufpel.edu.br\/mundoufpel\/wp-json\/wp\/v2\/pages\/139","targetHints":{"allow":["GET"]}}],"collection":[{"href":"https:\/\/wp.ufpel.edu.br\/mundoufpel\/wp-json\/wp\/v2\/pages"}],"about":[{"href":"https:\/\/wp.ufpel.edu.br\/mundoufpel\/wp-json\/wp\/v2\/types\/page"}],"author":[{"embeddable":true,"href":"https:\/\/wp.ufpel.edu.br\/mundoufpel\/wp-json\/wp\/v2\/users\/1309"}],"replies":[{"embeddable":true,"href":"https:\/\/wp.ufpel.edu.br\/mundoufpel\/wp-json\/wp\/v2\/comments?post=139"}],"version-history":[{"count":4,"href":"https:\/\/wp.ufpel.edu.br\/mundoufpel\/wp-json\/wp\/v2\/pages\/139\/revisions"}],"predecessor-version":[{"id":351,"href":"https:\/\/wp.ufpel.edu.br\/mundoufpel\/wp-json\/wp\/v2\/pages\/139\/revisions\/351"}],"wp:attachment":[{"href":"https:\/\/wp.ufpel.edu.br\/mundoufpel\/wp-json\/wp\/v2\/media?parent=139"}],"curies":[{"name":"wp","href":"https:\/\/api.w.org\/{rel}","templated":true}]}}