{"id":33,"date":"2014-09-01T11:29:47","date_gmt":"2014-09-01T14:29:47","guid":{"rendered":"https:\/\/wp.ufpel.edu.br\/muaran\/?page_id=33"},"modified":"2015-05-29T14:54:28","modified_gmt":"2015-05-29T17:54:28","slug":"parceiros","status":"publish","type":"page","link":"https:\/\/wp.ufpel.edu.br\/muaran\/museu\/parceiros\/","title":{"rendered":"Parceiros"},"content":{"rendered":"<p>L\u00c2MINA (Laborat\u00f3rio Multidisciplinar de Investiga\u00e7\u00e3o Arqueol\u00f3gica)<\/p>\n<p style=\"text-align: left\">O L\u00c2MINA servir\u00e1 aos\u00a0projetos de ensino, pesquisa e\u00a0extens\u00e3o, tanto em n\u00edvel de\u00a0gradua\u00e7\u00e3o quanto de\u00a0p\u00f3s-gradua\u00e7\u00e3o, dos\u00a0pesquisadores e professores\u00a0da \u00e1rea de Arqueologia do\u00a0ICH\/UFPEL. Sua finalidade\u00a0principal ser\u00e1 a de viabilizar o\u00a0ensino e a realiza\u00e7\u00e3o de\u00a0pesquisas interdisciplinares\u00a0sobre tem\u00e1ticas\u00a0arqueol\u00f3gicas, buscando\u00a0favorecer uma maior\u00a0aproxima\u00e7\u00e3o entre academia\u00a0e sociedade. Nessa linha, o<br \/>\nL\u00c2MINA pautar-se-\u00e1 em duas\u00a0vertentes gerais e articuladas:\u00a0a) a pesquisa b\u00e1sica como\u00a0subs\u00eddio do ensino e da\u00a0extens\u00e3o universit\u00e1ria; b) a\u00a0\u00eanfase na preserva\u00e7\u00e3o e<br \/>\nprote\u00e7\u00e3o de s\u00edtios e materiais\u00a0arqueol\u00f3gicos.<\/p>\n<p style=\"text-align: left\">LEPAARQ (Laborat\u00f3rio de Ensino e\u00a0Pesquisa em\u00a0Antropologia e\u00a0Arqueologia)<\/p>\n<p style=\"text-align: left\">O Laborat\u00f3rio de Ensino e\u00a0Pesquisa em Antropologia e\u00a0Arqueologia, identificado pela\u00a0sigla LEPAARQ, \u00e9 uma\u00a0atividade de extens\u00e3o\u00a0permanente do Departamento\u00a0de Hist\u00f3ria e Antropologia do\u00a0Instituto de Ci\u00eancias Humanas\u00a0(ICH) da Universidade Federal\u00a0de Pelotas (UFPel), aprovado\u00a0pelo Conselho Coordenador\u00a0do Ensino da Pesquisa e da\u00a0Extens\u00e3o (COCEPE),\u00a0registrado no ano de 2001 na\u00a0Divis\u00e3o de Planejamento e\u00a0Apoio T\u00e9cnico (DIPLAN) da Pr\u00f3-Reitoria de Extens\u00e3o e\u00a0Cultura (PREC). Mant\u00e9m\u00a0acervo arqueol\u00f3gico\u00a0constitu\u00eddo a partir de\u00a0doa\u00e7\u00f5es particulares e\u00a0pesquisas realizadas nos\u00a0\u00faltimos 10 anos.<\/p>\n<p style=\"text-align: left\"><a href=\"https:\/\/leppais.wordpress.com\/quemsomos\/\">LEPPAIS (Laborat\u00f3rio de Ensino, Pesquisa e Produ\u00e7\u00e3o em Antropologia da Imagem e do Som)<\/a><\/p>\n<p style=\"text-align: left\">O Laborat\u00f3rio de Ensino, Pesquisa e Produ\u00e7\u00e3o em Antropologia da Imagem e do Som foi\u00a0 inaugurado no ano de 2008 pela Prof\u00aa. Dr\u00aa. Claudia Turra Magni como um projeto de extens\u00e3o permanente e est\u00e1 situado no Instituto de Ci\u00eancias Humanas da Universidade Federal de Pelotas (UFPel).\u00a0Seu principal objetivo \u00e9 a capacita\u00e7\u00e3o t\u00e9cnica e reflexiva na explora\u00e7\u00e3o das linguagens visuais e audiovisuais aplicadas \u00e0s pesquisas sociais, o que se justifica pela import\u00e2ncia desses registros estarem associados ao embasamento te\u00f3rico desta op\u00e7\u00e3o metodol\u00f3gica, assim como \u00e0 relev\u00e2ncia desse tipo de linguagem na divulga\u00e7\u00e3o e restitui\u00e7\u00e3o de produtos acad\u00eamicos junto a amplos segmentos da sociedade.<\/p>\n","protected":false},"excerpt":{"rendered":"<p>L\u00c2MINA (Laborat\u00f3rio Multidisciplinar de Investiga\u00e7\u00e3o Arqueol\u00f3gica) O L\u00c2MINA servir\u00e1 aos\u00a0projetos de ensino, pesquisa e\u00a0extens\u00e3o, tanto em n\u00edvel de\u00a0gradua\u00e7\u00e3o quanto de\u00a0p\u00f3s-gradua\u00e7\u00e3o, dos\u00a0pesquisadores e professores\u00a0da \u00e1rea de Arqueologia do\u00a0ICH\/UFPEL. Sua finalidade\u00a0principal ser\u00e1 a de viabilizar o\u00a0ensino e a realiza\u00e7\u00e3o de\u00a0pesquisas interdisciplinares\u00a0sobre tem\u00e1ticas\u00a0arqueol\u00f3gicas, buscando\u00a0favorecer uma maior\u00a0aproxima\u00e7\u00e3o entre academia\u00a0e sociedade. Nessa linha, o L\u00c2MINA pautar-se-\u00e1 em duas\u00a0vertentes gerais e [&hellip;]<\/p>\n","protected":false},"author":435,"featured_media":0,"parent":187,"menu_order":3,"comment_status":"closed","ping_status":"closed","template":"","meta":{"footnotes":""},"class_list":["post-33","page","type-page","status-publish","hentry"],"_links":{"self":[{"href":"https:\/\/wp.ufpel.edu.br\/muaran\/wp-json\/wp\/v2\/pages\/33","targetHints":{"allow":["GET"]}}],"collection":[{"href":"https:\/\/wp.ufpel.edu.br\/muaran\/wp-json\/wp\/v2\/pages"}],"about":[{"href":"https:\/\/wp.ufpel.edu.br\/muaran\/wp-json\/wp\/v2\/types\/page"}],"author":[{"embeddable":true,"href":"https:\/\/wp.ufpel.edu.br\/muaran\/wp-json\/wp\/v2\/users\/435"}],"replies":[{"embeddable":true,"href":"https:\/\/wp.ufpel.edu.br\/muaran\/wp-json\/wp\/v2\/comments?post=33"}],"version-history":[{"count":5,"href":"https:\/\/wp.ufpel.edu.br\/muaran\/wp-json\/wp\/v2\/pages\/33\/revisions"}],"predecessor-version":[{"id":161,"href":"https:\/\/wp.ufpel.edu.br\/muaran\/wp-json\/wp\/v2\/pages\/33\/revisions\/161"}],"up":[{"embeddable":true,"href":"https:\/\/wp.ufpel.edu.br\/muaran\/wp-json\/wp\/v2\/pages\/187"}],"wp:attachment":[{"href":"https:\/\/wp.ufpel.edu.br\/muaran\/wp-json\/wp\/v2\/media?parent=33"}],"curies":[{"name":"wp","href":"https:\/\/api.w.org\/{rel}","templated":true}]}}