{"id":329,"date":"2025-08-15T09:41:22","date_gmt":"2025-08-15T12:41:22","guid":{"rendered":"https:\/\/wp.ufpel.edu.br\/muaran\/?page_id=329"},"modified":"2025-08-16T00:22:42","modified_gmt":"2025-08-16T03:22:42","slug":"arqueologia-do-sete-de-abril-nao-perca-esta-oportunidade-pode-ser-sua-ultima-chance","status":"publish","type":"page","link":"https:\/\/wp.ufpel.edu.br\/muaran\/arqueologia-do-sete-de-abril-nao-perca-esta-oportunidade-pode-ser-sua-ultima-chance\/","title":{"rendered":"\u201cArqueologia do Sete de Abril. N\u00e3o perca esta oportunidade, pode ser sua \u00faltima chance!\u201d"},"content":{"rendered":"<p style=\"text-align: center;\"><a href=\"https:\/\/wp.ufpel.edu.br\/muaran\/files\/2025\/08\/Pode-ser-sua-ultima-chance.jpg\"><img class=\"alignnone size-medium wp-image-337\" src=\"https:\/\/wp.ufpel.edu.br\/muaran\/files\/2025\/08\/Pode-ser-sua-ultima-chance-400x162.jpg\" alt=\"\" width=\"400\" height=\"162\" srcset=\"https:\/\/wp.ufpel.edu.br\/muaran\/files\/2025\/08\/Pode-ser-sua-ultima-chance-400x162.jpg 400w, https:\/\/wp.ufpel.edu.br\/muaran\/files\/2025\/08\/Pode-ser-sua-ultima-chance-1024x415.jpg 1024w, https:\/\/wp.ufpel.edu.br\/muaran\/files\/2025\/08\/Pode-ser-sua-ultima-chance-768x311.jpg 768w, https:\/\/wp.ufpel.edu.br\/muaran\/files\/2025\/08\/Pode-ser-sua-ultima-chance.jpg 1305w\" sizes=\"(max-width: 400px) 100vw, 400px\" \/><\/a><\/p>\n<p>Essa \u00e9 uma jornada para revelar mist\u00e9rios. Venha conosco nessa aventura!<\/p>\n<p>Em meio ao restauro do Sete de Abril foram encontrados vest\u00edgios arqueol\u00f3gicos que nos ajudam a compreender o cotidiano de quem ocupava o teatro e seu entorno num passado n\u00e3o t\u00e3o distante. Professores e discentes dos bacharelados em Museologia, Arqueologia e conserva\u00e7\u00e3o-Restaura\u00e7\u00e3o da Universidade Federal de Pelotas (UFPel) veem a p\u00fablico apresentar artefatos e dados arqueol\u00f3gicos descobertos no monitoramento das obras de restauro do Theatro Sete de Abril.<\/p>\n<p>Quemos mostrar tamb\u00e9m os processos de documenta\u00e7\u00e3o, conserva\u00e7\u00e3o e extrovers\u00e3o promovidos a partir desse acervo arqueol\u00f3gico no \u00e2mbito da disciplina de Arqueologia e Acervos Museais nas depend\u00eancias do L\u00c2MINA, o Laborat\u00f3rio Multidisciplinar de Investiga\u00e7\u00e3o Arqueol\u00f3gica do Instituto de Ci\u00eancias Humanas da Universidade Federal de Pelotas.<\/p>\n<p>A exposi\u00e7\u00e3o do acervo arqueol\u00f3gico do Sete de Abril no interior do pr\u00f3prio Theatro \u00e9 uma atividade da programa\u00e7\u00e3o do Dia do Patrim\u00f4nio e fica aberta ao p\u00fablico presencialmente, no s\u00e1bado, dias 16 de agosto de 2025.<\/p>\n<p>Te aguardamos!<\/p>\n<p style=\"text-align: center;\"><a href=\"https:\/\/wp.ufpel.edu.br\/muaran\/files\/2025\/08\/WhatsApp-Image-2025-08-14-at-19.59.28-1.jpeg\"><img class=\"alignnone size-medium wp-image-338\" src=\"https:\/\/wp.ufpel.edu.br\/muaran\/files\/2025\/08\/WhatsApp-Image-2025-08-14-at-19.59.28-1-400x283.jpeg\" alt=\"\" width=\"400\" height=\"283\" srcset=\"https:\/\/wp.ufpel.edu.br\/muaran\/files\/2025\/08\/WhatsApp-Image-2025-08-14-at-19.59.28-1-400x283.jpeg 400w, https:\/\/wp.ufpel.edu.br\/muaran\/files\/2025\/08\/WhatsApp-Image-2025-08-14-at-19.59.28-1.jpeg 641w\" sizes=\"(max-width: 400px) 100vw, 400px\" \/><\/a><\/p>\n<p><span style=\"font-weight: 400;\">O Laborat\u00f3rio Multidisciplinar de Investiga\u00e7\u00e3o Arqueol\u00f3gica (L\u00c2MINA) e o Museu Arqueol\u00f3gico e Antropol\u00f3gico da UFPel (MUARAN), a convite da Secretaria Municipal de Cultura (SECULT), ve<\/span><span style=\"font-weight: 400;\">m documentando, conservando e expondo o acervo arqueol\u00f3gico do Sete de Abril desde 2022. As atividades ocorrem durante os per\u00edodos letivos da UFPel por meio das disciplinas de Arqueologia e Acervos Museais, optativa do curso de Museologia, e Arqueologia Extensionista, ofertada pelo curso de Arqueologia. Nessa mat\u00e9rias de gradua\u00e7\u00e3o, discentes de Arqueologia, Museologia e Conserva\u00e7\u00e3o-Restaura\u00e7\u00e3o da UFPel selecionam uma pequena parte do acervo para trabalhar ao longo do semestre. O acervo do Sete, que ficava no Casar\u00e3o 6, agora est\u00e1 na Casa 2 (sede da SECULT). <\/span><\/p>\n<p><strong><b>Que Sete voc\u00ea conhece?<\/b><\/strong><\/p>\n<p><span style=\"font-weight: 400;\">Em 2023, o projeto resultou na exposi\u00e7\u00e3o <\/span><b>&#8220;Que Sete voc\u00ea conhece?&#8221;<\/b><span style=\"font-weight: 400;\">, elaborada pela turma de Arqueologia Extensionista. A exposi\u00e7\u00e3o buscou resgatar a mem\u00f3ria do teatro para a cidade de Pelotas por meio do acervo estudado. <\/span><\/p>\n<div style=\"width: 1080px;\" class=\"wp-video\"><video class=\"wp-video-shortcode\" id=\"video-329-1\" width=\"1080\" height=\"1920\" preload=\"metadata\" controls=\"controls\"><source type=\"video\/mp4\" src=\"https:\/\/wp.ufpel.edu.br\/muaran\/files\/2025\/08\/Video-teste-numeracao-direta.mp4?_=1\" \/><a href=\"https:\/\/wp.ufpel.edu.br\/muaran\/files\/2025\/08\/Video-teste-numeracao-direta.mp4\">https:\/\/wp.ufpel.edu.br\/muaran\/files\/2025\/08\/Video-teste-numeracao-direta.mp4<\/a><\/video><\/div>\n<p>&nbsp;<\/p>\n<p><strong>O que \u00e9 Arqueologia? Existe Arqueologia em Pelotas? \u00c9 poss\u00edvel fazer arqueologia de um teatro?<\/strong><\/p>\n<p><span style=\"font-weight: 400;\">No ano de 2024, a comunica\u00e7\u00e3o sobre o acervo foi feita por meio de uma visita guiada ao Theatro, onde turmas de estudantes puderam conhecer a hist\u00f3ria do local e o processo de pesquisa desenvolvido com o acervo arqueol\u00f3gico. <\/span><\/p>\n<div style=\"width: 854px;\" class=\"wp-video\"><video class=\"wp-video-shortcode\" id=\"video-329-2\" width=\"854\" height=\"480\" preload=\"metadata\" controls=\"controls\"><source type=\"video\/mp4\" src=\"https:\/\/wp.ufpel.edu.br\/muaran\/files\/2025\/08\/20240816_110413.mp4?_=2\" \/><a href=\"https:\/\/wp.ufpel.edu.br\/muaran\/files\/2025\/08\/20240816_110413.mp4\">https:\/\/wp.ufpel.edu.br\/muaran\/files\/2025\/08\/20240816_110413.mp4<\/a><\/video><\/div>\n<p>&nbsp;<\/p>\n<p><strong>Essa pode ser sua \u00faltima chance!<\/strong><\/p>\n<p><span style=\"font-weight: 400;\">Agora, em 2025, te convidamos a visitar a exposi\u00e7\u00e3o <\/span><b>\u201cArqueologia do Sete de Abril. N\u00e3o perca a oportunidade. Essa pode ser sua \u00faltima chance!\u201d<\/b><span style=\"font-weight: 400;\">. Fruto de um semestre inteiro de trabalho, a mostra busca incentivar a reflex\u00e3o sobre a import\u00e2ncia do acervo arqueol\u00f3gico do Theatro e defende sua perman\u00eancia em Pelotas.<\/span><\/p>\n<p style=\"text-align: center;\">\u00a0<a href=\"https:\/\/wp.ufpel.edu.br\/muaran\/files\/2025\/08\/PODE-SER-2025-08-15.jpeg\"><img class=\"alignnone size-medium wp-image-345\" src=\"https:\/\/wp.ufpel.edu.br\/muaran\/files\/2025\/08\/PODE-SER-2025-08-15-301x400.jpeg\" alt=\"\" width=\"301\" height=\"400\" srcset=\"https:\/\/wp.ufpel.edu.br\/muaran\/files\/2025\/08\/PODE-SER-2025-08-15-301x400.jpeg 301w, https:\/\/wp.ufpel.edu.br\/muaran\/files\/2025\/08\/PODE-SER-2025-08-15.jpeg 596w\" sizes=\"(max-width: 301px) 100vw, 301px\" \/><\/a><\/p>\n<p>&nbsp;<\/p>\n<p>Exposi\u00e7\u00e3o concebida e montada pela turma 2025\/1 de Arqueologia e Acervos Museais, disciplina optativa do bacharelado em Museologia da UFPel.<\/p>\n<p>Discentes atuantes:<\/p>\n<p>ANA PAULA DE SOUSA BONORDT;<\/p>\n<p>ANTONIO RAMOS DE SANTANA NETO;<\/p>\n<p>CLAUDIO ROBERTO GOMES FERNANDES;<\/p>\n<p>FELIPE SOUZA CRUZ DE ARAUJO;<\/p>\n<p>IZABELLA CRISTINA DE OLIVEIRA CAVALCANTE;<\/p>\n<p>MIRIAM CRISTINA ALVES AVILA;<\/p>\n<p>RHAYAR VOLPI MEIRA;<\/p>\n<p>SAYWA YOLANDA ALMARAZ FLORES,<\/p>\n<p>&nbsp;<\/p>\n<p>Monitoria da disciplina atuante:<\/p>\n<p>MAUR\u00cdCIO RODRIGUES SOARES;<\/p>\n<p>IGOR DIAS MESQUITA;<\/p>\n<p>CARLA GIOVANA GON\u00c7ALVES MALGUEIRO.<\/p>\n<p>&nbsp;<\/p>\n<p>Equipe de apoio atuante:<\/p>\n<p>HALANA ZSCHAHORNACK;<\/p>\n<p>IORRANA CORREA;<\/p>\n<p>JULIANA GASPAR ROSALINI;<\/p>\n<p>GERSON WENDT SCHWARTZ JUNIOR (eletricista respons\u00e1vel).<\/p>\n<p>&nbsp;<\/p>\n<p>&nbsp;<\/p>\n<p>Turma 2024 citada:<\/p>\n<p>ESTER TEIXEIRA GON\u00c7ALVES<\/p>\n<p>FERNANDA RIBEIRO DE AVILA<\/p>\n<p>GIOVANA SCHIAVON BARREIRA<\/p>\n<p>JULIA BANDEIRA VAZ<\/p>\n<p>JULIANA BAPTISTA FERREIRA<\/p>\n<p>YASMIN FERRARI DE QUEIROZ<\/p>\n<p>&nbsp;<\/p>\n<p>Turma 2022-2023 citada:<\/p>\n<p>CARLA GIOVANA GON\u00c7ALVES MALGUEIRO;<\/p>\n<p>ISADORA COSTA OLIVEIRA;<\/p>\n<p>JULIANA GASPAR ROSALINI;<\/p>\n<p>NIC\u00d3LLY AYRES DA SILVA;<\/p>\n<p>RAQUEL MOTTA CORR\u00caA PINTO ROMAINE;<\/p>\n<p>RENAN MARQUES AZEVEDO DA MATA.<\/p>\n<p>&nbsp;<\/p>\n<p>Professores atuantes:<\/p>\n<p>DIEGO LEMOS RIBEIRO;<\/p>\n<p>JAIME MUJICA SALL\u00c9S;<\/p>\n<p>PEDRO LU\u00cdS MACHADO SANCHES.<\/p>\n<p>&nbsp;<\/p>\n<p>&nbsp;<\/p>\n","protected":false},"excerpt":{"rendered":"<p>Essa \u00e9 uma jornada para revelar mist\u00e9rios. Venha conosco nessa aventura! Em meio ao restauro do Sete de Abril foram encontrados vest\u00edgios arqueol\u00f3gicos que nos ajudam a compreender o cotidiano de quem ocupava o teatro e seu entorno num passado n\u00e3o t\u00e3o distante. Professores e discentes dos bacharelados em Museologia, Arqueologia e conserva\u00e7\u00e3o-Restaura\u00e7\u00e3o da Universidade [&hellip;]<\/p>\n","protected":false},"author":435,"featured_media":0,"parent":0,"menu_order":0,"comment_status":"closed","ping_status":"closed","template":"","meta":{"footnotes":""},"class_list":["post-329","page","type-page","status-publish","hentry"],"_links":{"self":[{"href":"https:\/\/wp.ufpel.edu.br\/muaran\/wp-json\/wp\/v2\/pages\/329","targetHints":{"allow":["GET"]}}],"collection":[{"href":"https:\/\/wp.ufpel.edu.br\/muaran\/wp-json\/wp\/v2\/pages"}],"about":[{"href":"https:\/\/wp.ufpel.edu.br\/muaran\/wp-json\/wp\/v2\/types\/page"}],"author":[{"embeddable":true,"href":"https:\/\/wp.ufpel.edu.br\/muaran\/wp-json\/wp\/v2\/users\/435"}],"replies":[{"embeddable":true,"href":"https:\/\/wp.ufpel.edu.br\/muaran\/wp-json\/wp\/v2\/comments?post=329"}],"version-history":[{"count":3,"href":"https:\/\/wp.ufpel.edu.br\/muaran\/wp-json\/wp\/v2\/pages\/329\/revisions"}],"predecessor-version":[{"id":336,"href":"https:\/\/wp.ufpel.edu.br\/muaran\/wp-json\/wp\/v2\/pages\/329\/revisions\/336"}],"wp:attachment":[{"href":"https:\/\/wp.ufpel.edu.br\/muaran\/wp-json\/wp\/v2\/media?parent=329"}],"curies":[{"name":"wp","href":"https:\/\/api.w.org\/{rel}","templated":true}]}}