{"id":187,"date":"2015-05-29T14:53:38","date_gmt":"2015-05-29T17:53:38","guid":{"rendered":"https:\/\/wp.ufpel.edu.br\/muaran\/?page_id=187"},"modified":"2021-05-13T22:39:11","modified_gmt":"2021-05-14T01:39:11","slug":"museu","status":"publish","type":"page","link":"https:\/\/wp.ufpel.edu.br\/muaran\/museu\/","title":{"rendered":"Museu"},"content":{"rendered":"<p>O Museu Arqueol\u00f3gico e Antropol\u00f3gico da UFPel (MUARAN-UFPel) foi criado em 2009, teve seu regimento interno aprovado em 2013 e promove oficinas, cursos e exposi\u00e7\u00f5es itinerantes desde 2014. Mesmo sem ter uma sede pr\u00f3pria, \u00e9 um Museu <strong>aberto<\/strong> aos seus diversos p\u00fablicos.<br \/>\nEm 2020, todas essas atividades tiveram que ser interrompidas. A pandemia fora de controle se tornou uma realidade \u00e0 qual precisaremos nos adaptar. Em 2021, as a\u00e7\u00f5es do MUARAN passaram a ser compat\u00edveis com o isolamento social, sem deixar de aproximar pessoas de dentro e de fora da Universidade.<\/p>\n","protected":false},"excerpt":{"rendered":"<p>O Museu Arqueol\u00f3gico e Antropol\u00f3gico da UFPel (MUARAN-UFPel) foi criado em 2009, teve seu regimento interno aprovado em 2013 e promove oficinas, cursos e exposi\u00e7\u00f5es itinerantes desde 2014. Mesmo sem ter uma sede pr\u00f3pria, \u00e9 um Museu aberto aos seus diversos p\u00fablicos. Em 2020, todas essas atividades tiveram que ser interrompidas. A pandemia fora de [&hellip;]<\/p>\n","protected":false},"author":435,"featured_media":0,"parent":0,"menu_order":0,"comment_status":"closed","ping_status":"closed","template":"","meta":{"footnotes":""},"class_list":["post-187","page","type-page","status-publish","hentry"],"_links":{"self":[{"href":"https:\/\/wp.ufpel.edu.br\/muaran\/wp-json\/wp\/v2\/pages\/187","targetHints":{"allow":["GET"]}}],"collection":[{"href":"https:\/\/wp.ufpel.edu.br\/muaran\/wp-json\/wp\/v2\/pages"}],"about":[{"href":"https:\/\/wp.ufpel.edu.br\/muaran\/wp-json\/wp\/v2\/types\/page"}],"author":[{"embeddable":true,"href":"https:\/\/wp.ufpel.edu.br\/muaran\/wp-json\/wp\/v2\/users\/435"}],"replies":[{"embeddable":true,"href":"https:\/\/wp.ufpel.edu.br\/muaran\/wp-json\/wp\/v2\/comments?post=187"}],"version-history":[{"count":3,"href":"https:\/\/wp.ufpel.edu.br\/muaran\/wp-json\/wp\/v2\/pages\/187\/revisions"}],"predecessor-version":[{"id":292,"href":"https:\/\/wp.ufpel.edu.br\/muaran\/wp-json\/wp\/v2\/pages\/187\/revisions\/292"}],"wp:attachment":[{"href":"https:\/\/wp.ufpel.edu.br\/muaran\/wp-json\/wp\/v2\/media?parent=187"}],"curies":[{"name":"wp","href":"https:\/\/api.w.org\/{rel}","templated":true}]}}