{"id":269,"date":"2025-03-13T15:01:34","date_gmt":"2025-03-13T18:01:34","guid":{"rendered":"https:\/\/wp.ufpel.edu.br\/mostrappgc\/?page_id=269"},"modified":"2025-05-08T13:04:06","modified_gmt":"2025-05-08T16:04:06","slug":"palestra","status":"publish","type":"page","link":"https:\/\/wp.ufpel.edu.br\/mostrappgc\/palestra\/","title":{"rendered":"Palestra"},"content":{"rendered":"<div id=\"pl-269\"  class=\"panel-layout\" ><div id=\"pg-269-0\"  class=\"panel-grid panel-no-style\" ><div id=\"pgc-269-0-0\"  class=\"panel-grid-cell\" ><div id=\"panel-269-0-0-0\" class=\"so-panel widget widget_sow-editor panel-first-child panel-last-child\" data-index=\"0\" ><div\n\t\t\t\n\t\t\tclass=\"so-widget-sow-editor so-widget-sow-editor-base\"\n\t\t\t\n\t\t>\n<div class=\"siteorigin-widget-tinymce textwidget\">\n\t<h2 style=\"text-align: left;\"><strong><span style=\"font-family: 'andale mono', monospace; font-size: 24pt; color: #000000;\">Intelig\u00eancia Artificial: Da Academia ao Mercado<\/span><\/strong><\/h2>\n<p style=\"text-align: justify;\"><img loading=\"lazy\" decoding=\"async\" class=\"wp-image-315 size-full alignnone\" src=\"https:\/\/wp.ufpel.edu.br\/mostrappgc\/files\/2025\/04\/Pag-01-Palestra.png\" alt=\"\" width=\"780\" height=\"370\" srcset=\"https:\/\/wp.ufpel.edu.br\/mostrappgc\/files\/2025\/04\/Pag-01-Palestra.png 780w, https:\/\/wp.ufpel.edu.br\/mostrappgc\/files\/2025\/04\/Pag-01-Palestra-400x190.png 400w, https:\/\/wp.ufpel.edu.br\/mostrappgc\/files\/2025\/04\/Pag-01-Palestra-768x364.png 768w\" sizes=\"auto, (max-width: 780px) 100vw, 780px\" \/><\/p>\n<p style=\"text-align: left;\"><span style=\"font-size: 14pt; color: #000000; font-family: 'andale mono', monospace;\"><strong>Data<\/strong>: 12\/05\/20025<\/span><\/p>\n<p style=\"text-align: left;\"><span style=\"font-size: 14pt; color: #000000; font-family: 'andale mono', monospace;\"><strong>Hor\u00e1rio<\/strong>: 10h:30 - 12:00<\/span><\/p>\n<p style=\"text-align: left;\"><span style=\"font-size: 14pt; color: #000000; font-family: 'andale mono', monospace;\"><strong>Sobre:<\/strong> em breve.<\/span><\/p>\n<p style=\"text-align: left;\"><span style=\"font-size: 14pt; color: #000000; font-family: 'andale mono', monospace;\"><strong>Bio:<\/strong> Ricardo \u00e9 cofundador da Wida, empresa que usa Ci\u00eancia de Dados para aprimorar os cuidados em sa\u00fade mental. \u00c9 professor associado na Universidade Federal de Pelotas desde 2008 (atualmente em licen\u00e7a para interesse particular, vinculado como Acad\u00eamico Volunt\u00e1rio junto ao PPGC\/UFPEL), \u00e9 doutor e mestre em Ci\u00eancia da Computa\u00e7\u00e3o pela UFRGS, com gradua\u00e7\u00e3o em Engenharia de Computa\u00e7\u00e3o pela FURG. Atuou como consultor para Google e Myspace, realizando an\u00e1lise e minera\u00e7\u00e3o de dados sociais (social analytics). Coordenou o PPGC da UFPel entre 2015 e 2017, onde tamb\u00e9m colaborou na cria\u00e7\u00e3o do primeiro doutorado em Computa\u00e7\u00e3o do interior do RS. Foi pesquisador principal em projetos financiados por FAPERGS, UOL, CNPq e Google. \u00c9 fundador e ex-coordenador do Hub de Inova\u00e7\u00e3o em IA e da empresa j\u00fanior Hut8. Suas \u00e1reas de atua\u00e7\u00e3o incluem Aprendizado de M\u00e1quina, Intelig\u00eancia Artificial, Minera\u00e7\u00e3o e Ci\u00eancia de Dados.<\/span><\/p>\n<\/div>\n<\/div><\/div><\/div><\/div><\/div>","protected":false},"excerpt":{"rendered":"<p>Intelig\u00eancia Artificial: Da Academia ao Mercado Data: 12\/05\/20025 Hor\u00e1rio: 10h:30 &#8211; 12:00 Sobre: em breve. Bio: Ricardo \u00e9 cofundador da Wida, empresa que usa Ci\u00eancia de Dados para aprimorar os cuidados em sa\u00fade mental. \u00c9 professor associado na Universidade Federal de Pelotas desde 2008 (atualmente em licen\u00e7a para interesse particular, vinculado como Acad\u00eamico Volunt\u00e1rio junto [&hellip;]<\/p>\n","protected":false},"author":1415,"featured_media":0,"parent":0,"menu_order":0,"comment_status":"closed","ping_status":"closed","template":"","meta":{"footnotes":""},"class_list":["post-269","page","type-page","status-publish","hentry","post"],"_links":{"self":[{"href":"https:\/\/wp.ufpel.edu.br\/mostrappgc\/wp-json\/wp\/v2\/pages\/269","targetHints":{"allow":["GET"]}}],"collection":[{"href":"https:\/\/wp.ufpel.edu.br\/mostrappgc\/wp-json\/wp\/v2\/pages"}],"about":[{"href":"https:\/\/wp.ufpel.edu.br\/mostrappgc\/wp-json\/wp\/v2\/types\/page"}],"author":[{"embeddable":true,"href":"https:\/\/wp.ufpel.edu.br\/mostrappgc\/wp-json\/wp\/v2\/users\/1415"}],"replies":[{"embeddable":true,"href":"https:\/\/wp.ufpel.edu.br\/mostrappgc\/wp-json\/wp\/v2\/comments?post=269"}],"version-history":[{"count":14,"href":"https:\/\/wp.ufpel.edu.br\/mostrappgc\/wp-json\/wp\/v2\/pages\/269\/revisions"}],"predecessor-version":[{"id":509,"href":"https:\/\/wp.ufpel.edu.br\/mostrappgc\/wp-json\/wp\/v2\/pages\/269\/revisions\/509"}],"wp:attachment":[{"href":"https:\/\/wp.ufpel.edu.br\/mostrappgc\/wp-json\/wp\/v2\/media?parent=269"}],"curies":[{"name":"wp","href":"https:\/\/api.w.org\/{rel}","templated":true}]}}