{"id":262,"date":"2025-03-13T14:52:43","date_gmt":"2025-03-13T17:52:43","guid":{"rendered":"https:\/\/wp.ufpel.edu.br\/mostrappgc\/?page_id=262"},"modified":"2025-05-08T13:02:20","modified_gmt":"2025-05-08T16:02:20","slug":"apresentacoes","status":"publish","type":"page","link":"https:\/\/wp.ufpel.edu.br\/mostrappgc\/apresentacoes\/","title":{"rendered":"Apresenta\u00e7\u00f5es"},"content":{"rendered":"<div id=\"pl-262\"  class=\"panel-layout\" ><div id=\"pg-262-0\"  class=\"panel-grid panel-no-style\" ><div id=\"pgc-262-0-0\"  class=\"panel-grid-cell\" ><div id=\"panel-262-0-0-0\" class=\"so-panel widget widget_sow-editor panel-first-child panel-last-child\" data-index=\"0\" ><div\n\t\t\t\n\t\t\tclass=\"so-widget-sow-editor so-widget-sow-editor-base\"\n\t\t\t\n\t\t>\n<div class=\"siteorigin-widget-tinymce textwidget\">\n\t<div><\/div>\n<h2 style=\"text-align: left;\"><span style=\"font-family: 'andale mono', monospace; font-size: 24pt; color: #000000;\"><strong>Apresenta\u00e7\u00f5es dos Grupos de pesquisa do PPGC<\/strong><\/span><\/h2>\n<p style=\"text-align: justify;\"><img loading=\"lazy\" decoding=\"async\" class=\"wp-image-316 size-full alignnone\" src=\"https:\/\/wp.ufpel.edu.br\/mostrappgc\/files\/2025\/04\/Pag-02-Grupos-de-pesquisa.png\" alt=\"\" width=\"780\" height=\"370\" srcset=\"https:\/\/wp.ufpel.edu.br\/mostrappgc\/files\/2025\/04\/Pag-02-Grupos-de-pesquisa.png 780w, https:\/\/wp.ufpel.edu.br\/mostrappgc\/files\/2025\/04\/Pag-02-Grupos-de-pesquisa-400x190.png 400w, https:\/\/wp.ufpel.edu.br\/mostrappgc\/files\/2025\/04\/Pag-02-Grupos-de-pesquisa-768x364.png 768w\" sizes=\"auto, (max-width: 780px) 100vw, 780px\" \/><\/p>\n<p style=\"text-align: justify;\"><span style=\"font-size: 14pt; font-family: 'andale mono', monospace; color: #000000;\"><strong>Data:<\/strong> 13\/05 e 14\/05<\/span><br \/>\n<span style=\"font-size: 14pt; font-family: 'andale mono', monospace; color: #000000;\"><strong>Hor\u00e1rio:<\/strong> conferir na programa\u00e7\u00e3o completa<\/span><\/p>\n<p><span style=\"font-size: 14pt; font-family: 'andale mono', monospace; color: #000000;\"><strong>Sobre:<\/strong> Cada grupo de pesquisa do PPGC ir\u00e1 apresentar uma vis\u00e3o geral sobre suas linhas de pesquisa, oferecendo uma introdu\u00e7\u00e3o ao que desenvolvem em suas respectivas \u00e1reas. O objetivo \u00e9 fornecer um panorama abrangente das atividades e projetos em andamento de cada grupo.<\/span><\/p>\n<p>&nbsp;<\/p>\n<p style=\"text-align: justify;\"><span style=\"font-size: 18pt; font-family: 'andale mono', monospace; color: #000000;\"><strong>SAIBA MAIS SOBRE AS LINHAS DE PESQUISA DO PPGC\u00a0<\/strong><\/span><\/p>\n<div style=\"text-align: justify;\"><\/div>\n<p style=\"text-align: justify;\"><span style=\"font-size: 14pt; font-family: 'andale mono', monospace; color: #000000;\"><strong>Fundamentos da Computa\u00e7\u00e3o<\/strong><\/span><br \/>\n<span style=\"font-size: 14pt; font-family: 'andale mono', monospace; color: #000000;\">Pesquisa fundamentos te\u00f3ricos e modelos abstratos que servem de base para sistemas, bem como desenvolve t\u00e9cnicas para garantir corre\u00e7\u00e3o no desenvolvimento de software. Temas de interesse incluem especifica\u00e7\u00e3o e verifica\u00e7\u00e3o formal de sistemas concorrentes e distribu\u00eddos, teoria da informa\u00e7\u00e3o para a computa\u00e7\u00e3o e desenvolvimento e an\u00e1lise da complexidade de modelos matem\u00e1ticos computacionais.<\/span><\/p>\n<hr \/>\n<p style=\"text-align: justify;\"><span style=\"font-size: 14pt; font-family: 'andale mono', monospace; color: #000000;\"><strong>Multim\u00eddia e Processamento Digital de Sinais<\/strong><\/span><br \/>\n<span style=\"font-size: 14pt; font-family: 'andale mono', monospace; color: #000000;\">Estuda os processos e os aspectos relacionados \u00e0 manipula\u00e7\u00e3o, processamento, representa\u00e7\u00e3o, codifica\u00e7\u00e3o, transmiss\u00e3o e avalia\u00e7\u00e3o de conte\u00fado multim\u00eddia e sinais digitais, com destaque para imagens e v\u00eddeos. A linha de pesquisa tem o objetivo de investigar o desenvolvimento de algoritmos e arquiteturas multim\u00eddia e de processamento digital de sinais, bem como os mecanismos de representa\u00e7\u00e3o, modelagem e an\u00e1lise com foco na melhor experi\u00eancia do usu\u00e1rio.<\/span><\/p>\n<hr \/>\n<p style=\"text-align: justify;\"><span style=\"font-size: 14pt; font-family: 'andale mono', monospace; color: #000000;\"><strong>Processamento Paralelo e Distribu\u00eddo<\/strong><\/span><br \/>\n<span style=\"font-size: 14pt; font-family: 'andale mono', monospace; color: #000000;\">Desenvolve pesquisas relacionadas com ambientes de processamento paralelo e distribu\u00eddo. S\u00e3o tratados temas como ambientes de programa\u00e7\u00e3o e execu\u00e7\u00e3o, computa\u00e7\u00e3o m\u00f3vel e pervasiva e computa\u00e7\u00e3o sustent\u00e1vel e arquiteturas para o processamento paralelo e distribu\u00eddo.<\/span><\/p>\n<hr \/>\n<p style=\"text-align: justify;\"><span style=\"font-size: 14pt; font-family: 'andale mono', monospace; color: #000000;\"><strong>Sistemas Digitais e Embarcados<\/strong><\/span><br \/>\n<span style=\"font-size: 14pt; font-family: 'andale mono', monospace; color: #000000;\">Tem como focos de pesquisa a especifica\u00e7\u00e3o, a valida\u00e7\u00e3o, a verifica\u00e7\u00e3o, o projeto e o teste de sistemas digitais e embarcados, com particular aten\u00e7\u00e3o \u00e0 investiga\u00e7\u00e3o do projeto de sistemas computacionais dedicados para aplica\u00e7\u00f5es espec\u00edficas que envolvem hardware e software.<\/span><\/p>\n<hr \/>\n<p style=\"text-align: justify;\"><span style=\"font-size: 14pt; font-family: 'andale mono', monospace; color: #000000;\"><strong>Sistemas Inteligentes<\/strong><\/span><br \/>\n<span style=\"font-size: 14pt; font-family: 'andale mono', monospace; color: #000000;\">Aplica os conceitos, t\u00e9cnicas e ferramentas da Intelig\u00eancia Artificial no auxilio da resolu\u00e7\u00e3o de problemas conceituais e pr\u00e1ticos da computa\u00e7\u00e3o e das demais \u00e1reas do conhecimento. S\u00e3o tratados temas como aprendizagem de m\u00e1quina e teoria computacional do aprendizado, agentes aut\u00f4nomos e sistemas multiagente e computa\u00e7\u00e3o evolutiva.<\/span><\/p>\n<\/div>\n<\/div><\/div><\/div><\/div><\/div>","protected":false},"excerpt":{"rendered":"<p>Apresenta\u00e7\u00f5es dos Grupos de pesquisa do PPGC Data: 13\/05 e 14\/05 Hor\u00e1rio: conferir na programa\u00e7\u00e3o completa Sobre: Cada grupo de pesquisa do PPGC ir\u00e1 apresentar uma vis\u00e3o geral sobre suas linhas de pesquisa, oferecendo uma introdu\u00e7\u00e3o ao que desenvolvem em suas respectivas \u00e1reas. O objetivo \u00e9 fornecer um panorama abrangente das atividades e projetos em [&hellip;]<\/p>\n","protected":false},"author":1415,"featured_media":0,"parent":0,"menu_order":0,"comment_status":"closed","ping_status":"closed","template":"","meta":{"footnotes":""},"class_list":["post-262","page","type-page","status-publish","hentry","post"],"_links":{"self":[{"href":"https:\/\/wp.ufpel.edu.br\/mostrappgc\/wp-json\/wp\/v2\/pages\/262","targetHints":{"allow":["GET"]}}],"collection":[{"href":"https:\/\/wp.ufpel.edu.br\/mostrappgc\/wp-json\/wp\/v2\/pages"}],"about":[{"href":"https:\/\/wp.ufpel.edu.br\/mostrappgc\/wp-json\/wp\/v2\/types\/page"}],"author":[{"embeddable":true,"href":"https:\/\/wp.ufpel.edu.br\/mostrappgc\/wp-json\/wp\/v2\/users\/1415"}],"replies":[{"embeddable":true,"href":"https:\/\/wp.ufpel.edu.br\/mostrappgc\/wp-json\/wp\/v2\/comments?post=262"}],"version-history":[{"count":13,"href":"https:\/\/wp.ufpel.edu.br\/mostrappgc\/wp-json\/wp\/v2\/pages\/262\/revisions"}],"predecessor-version":[{"id":507,"href":"https:\/\/wp.ufpel.edu.br\/mostrappgc\/wp-json\/wp\/v2\/pages\/262\/revisions\/507"}],"wp:attachment":[{"href":"https:\/\/wp.ufpel.edu.br\/mostrappgc\/wp-json\/wp\/v2\/media?parent=262"}],"curies":[{"name":"wp","href":"https:\/\/api.w.org\/{rel}","templated":true}]}}