{"id":116,"date":"2025-03-12T15:15:42","date_gmt":"2025-03-12T18:15:42","guid":{"rendered":"https:\/\/wp.ufpel.edu.br\/mostrappgc\/?page_id=116"},"modified":"2025-04-15T20:05:09","modified_gmt":"2025-04-15T23:05:09","slug":"equipe","status":"publish","type":"page","link":"https:\/\/wp.ufpel.edu.br\/mostrappgc\/equipe\/","title":{"rendered":"Equipe"},"content":{"rendered":"<div id=\"pl-116\"  class=\"panel-layout\" ><div id=\"pg-116-0\"  class=\"panel-grid panel-no-style\" ><div id=\"pgc-116-0-0\"  class=\"panel-grid-cell panel-grid-cell-empty\" ><\/div><\/div><div id=\"pg-116-1\"  class=\"panel-grid panel-no-style\" ><div id=\"pgc-116-1-0\"  class=\"panel-grid-cell\" ><div id=\"panel-116-1-0-0\" class=\"so-panel widget widget_sow-editor panel-first-child panel-last-child\" data-index=\"0\" ><div\n\t\t\t\n\t\t\tclass=\"so-widget-sow-editor so-widget-sow-editor-base\"\n\t\t\t\n\t\t>\n<div class=\"siteorigin-widget-tinymce textwidget\">\n\t<p>&nbsp;<\/p>\n<p style=\"text-align: center;\"><span style=\"font-size: 24pt;\"><strong><span style=\"font-family: 'andale mono', monospace; color: #000000;\">EQUIPE ORGANIZADORA<\/span><\/strong><\/span><\/p>\n<p>&nbsp;<\/p>\n<\/div>\n<\/div><\/div><\/div><\/div><div id=\"pg-116-2\"  class=\"panel-grid panel-no-style\" ><div id=\"pgc-116-2-0\"  class=\"panel-grid-cell\" ><div id=\"panel-116-2-0-0\" class=\"so-panel widget widget_media_image panel-first-child panel-last-child\" data-index=\"1\" ><img loading=\"lazy\" decoding=\"async\" width=\"200\" height=\"200\" src=\"https:\/\/wp.ufpel.edu.br\/mostrappgc\/files\/2025\/04\/Anderson-200x200.png\" class=\"image wp-image-400  attachment-thumbnail size-thumbnail\" alt=\"\" style=\"max-width: 100%; height: auto;\" srcset=\"https:\/\/wp.ufpel.edu.br\/mostrappgc\/files\/2025\/04\/Anderson-200x200.png 200w, https:\/\/wp.ufpel.edu.br\/mostrappgc\/files\/2025\/04\/Anderson-400x400.png 400w, https:\/\/wp.ufpel.edu.br\/mostrappgc\/files\/2025\/04\/Anderson.png 417w\" sizes=\"auto, (max-width: 200px) 100vw, 200px\" \/><\/div><\/div><div id=\"pgc-116-2-1\"  class=\"panel-grid-cell\" ><div id=\"panel-116-2-1-0\" class=\"so-panel widget widget_sow-editor panel-first-child panel-last-child\" data-index=\"2\" ><div\n\t\t\t\n\t\t\tclass=\"so-widget-sow-editor so-widget-sow-editor-base\"\n\t\t\t\n\t\t>\n<div class=\"siteorigin-widget-tinymce textwidget\">\n\t<p>&nbsp;<\/p>\n<p>&nbsp;<\/p>\n<p><strong><span style=\"color: #000000; font-family: 'andale mono', monospace; font-size: 14pt;\">\u00c2NDERSON DOS SANTOS RITTA<\/span><\/strong><br \/>\n<span style=\"color: #000000; font-family: 'andale mono', monospace; font-size: 14pt;\">Web Admin<\/span><\/p>\n<\/div>\n<\/div><\/div><\/div><div id=\"pgc-116-2-2\"  class=\"panel-grid-cell\" ><div id=\"panel-116-2-2-0\" class=\"so-panel widget widget_media_image panel-first-child panel-last-child\" data-index=\"3\" ><img loading=\"lazy\" decoding=\"async\" width=\"200\" height=\"200\" src=\"https:\/\/wp.ufpel.edu.br\/mostrappgc\/files\/2025\/04\/Daniela-200x200.png\" class=\"image wp-image-403  attachment-thumbnail size-thumbnail\" alt=\"\" style=\"max-width: 100%; height: auto;\" srcset=\"https:\/\/wp.ufpel.edu.br\/mostrappgc\/files\/2025\/04\/Daniela-200x200.png 200w, https:\/\/wp.ufpel.edu.br\/mostrappgc\/files\/2025\/04\/Daniela-400x400.png 400w, https:\/\/wp.ufpel.edu.br\/mostrappgc\/files\/2025\/04\/Daniela.png 417w\" sizes=\"auto, (max-width: 200px) 100vw, 200px\" \/><\/div><\/div><div id=\"pgc-116-2-3\"  class=\"panel-grid-cell\" ><div id=\"panel-116-2-3-0\" class=\"so-panel widget widget_sow-editor panel-first-child panel-last-child\" data-index=\"4\" ><div\n\t\t\t\n\t\t\tclass=\"so-widget-sow-editor so-widget-sow-editor-base\"\n\t\t\t\n\t\t>\n<div class=\"siteorigin-widget-tinymce textwidget\">\n\t<p>&nbsp;<\/p>\n<p>&nbsp;<\/p>\n<p><strong><span style=\"color: #000000; font-family: 'andale mono', monospace; font-size: 14pt;\">DANIELA ALVES DE AZEVEDO<\/span><\/strong><br \/>\n<span style=\"color: #000000; font-family: 'andale mono', monospace; font-size: 14pt;\">Web<\/span><span style=\"color: #000000; font-family: 'andale mono', monospace; font-size: 18.6667px;\">\u00a0<\/span><span style=\"color: #000000; font-family: 'andale mono', monospace; font-size: 18.6667px;\">Designer<\/span><\/p>\n<\/div>\n<\/div><\/div><\/div><\/div><div id=\"pg-116-3\"  class=\"panel-grid panel-no-style\" ><div id=\"pgc-116-3-0\"  class=\"panel-grid-cell\" ><div id=\"panel-116-3-0-0\" class=\"so-panel widget widget_sow-image panel-first-child panel-last-child\" data-index=\"5\" ><div\n\t\t\t\n\t\t\tclass=\"so-widget-sow-image so-widget-sow-image-default-8b5b6f678277-116\"\n\t\t\t\n\t\t>\n<div class=\"sow-image-container\">\n\t\t<img \n\tsrc=\"https:\/\/wp.ufpel.edu.br\/mostrappgc\/files\/2025\/04\/Daniel-200x200.png\" width=\"200\" height=\"200\" srcset=\"https:\/\/wp.ufpel.edu.br\/mostrappgc\/files\/2025\/04\/Daniel-200x200.png 200w, https:\/\/wp.ufpel.edu.br\/mostrappgc\/files\/2025\/04\/Daniel-400x400.png 400w, https:\/\/wp.ufpel.edu.br\/mostrappgc\/files\/2025\/04\/Daniel.png 417w\" sizes=\"(max-width: 200px) 100vw, 200px\" alt=\"\" \t\tclass=\"so-widget-image\"\/>\n\t<\/div>\n\n<\/div><\/div><\/div><div id=\"pgc-116-3-1\"  class=\"panel-grid-cell\" ><div id=\"panel-116-3-1-0\" class=\"so-panel widget widget_sow-editor panel-first-child panel-last-child\" data-index=\"6\" ><div\n\t\t\t\n\t\t\tclass=\"so-widget-sow-editor so-widget-sow-editor-base\"\n\t\t\t\n\t\t>\n<div class=\"siteorigin-widget-tinymce textwidget\">\n\t<p>&nbsp;<\/p>\n<p>&nbsp;<\/p>\n<p><strong><span style=\"color: #000000; font-family: 'andale mono', monospace; font-size: 14pt;\">DANIEL NUNES CHOUDHURY<\/span><\/strong><br \/>\n<span style=\"color: #000000; font-family: 'andale mono', monospace; font-size: 14pt;\">Organiza\u00e7\u00e3o Local<\/span><\/p>\n<\/div>\n<\/div><\/div><\/div><div id=\"pgc-116-3-2\"  class=\"panel-grid-cell\" ><div id=\"panel-116-3-2-0\" class=\"so-panel widget widget_sow-image panel-first-child panel-last-child\" data-index=\"7\" ><div\n\t\t\t\n\t\t\tclass=\"so-widget-sow-image so-widget-sow-image-default-8b5b6f678277-116\"\n\t\t\t\n\t\t>\n<div class=\"sow-image-container\">\n\t\t<img \n\tsrc=\"https:\/\/wp.ufpel.edu.br\/mostrappgc\/files\/2025\/04\/Joao-Pedro-200x200.png\" width=\"200\" height=\"200\" srcset=\"https:\/\/wp.ufpel.edu.br\/mostrappgc\/files\/2025\/04\/Joao-Pedro-200x200.png 200w, https:\/\/wp.ufpel.edu.br\/mostrappgc\/files\/2025\/04\/Joao-Pedro-400x400.png 400w, https:\/\/wp.ufpel.edu.br\/mostrappgc\/files\/2025\/04\/Joao-Pedro.png 417w\" sizes=\"(max-width: 200px) 100vw, 200px\" title=\"Jo\u00e3o Pedro\" alt=\"\" \t\tclass=\"so-widget-image\"\/>\n\t<\/div>\n\n<\/div><\/div><\/div><div id=\"pgc-116-3-3\"  class=\"panel-grid-cell\" ><div id=\"panel-116-3-3-0\" class=\"so-panel widget widget_sow-editor panel-first-child panel-last-child\" data-index=\"8\" ><div\n\t\t\t\n\t\t\tclass=\"so-widget-sow-editor so-widget-sow-editor-base\"\n\t\t\t\n\t\t>\n<div class=\"siteorigin-widget-tinymce textwidget\">\n\t<p>&nbsp;<\/p>\n<p>&nbsp;<\/p>\n<p style=\"text-align: left;\"><strong><span style=\"font-size: 14pt; font-family: 'andale mono', monospace; color: #000000;\">JO\u00c3O PEDRO THUROW TOMASZEWSKI<\/span><\/strong><br \/>\n<span style=\"font-size: 14pt; font-family: 'andale mono', monospace; color: #000000;\">Divulga\u00e7\u00e3o e Comunica\u00e7\u00e3o<\/span><\/p>\n<\/div>\n<\/div><\/div><\/div><\/div><div id=\"pg-116-4\"  class=\"panel-grid panel-no-style\" ><div id=\"pgc-116-4-0\"  class=\"panel-grid-cell\" ><div id=\"panel-116-4-0-0\" class=\"so-panel widget widget_sow-image panel-first-child panel-last-child\" data-index=\"9\" ><div\n\t\t\t\n\t\t\tclass=\"so-widget-sow-image so-widget-sow-image-default-8b5b6f678277-116\"\n\t\t\t\n\t\t>\n<div class=\"sow-image-container\">\n\t\t<img \n\tsrc=\"https:\/\/wp.ufpel.edu.br\/mostrappgc\/files\/2025\/04\/Lucas-200x200.png\" width=\"200\" height=\"200\" srcset=\"https:\/\/wp.ufpel.edu.br\/mostrappgc\/files\/2025\/04\/Lucas-200x200.png 200w, https:\/\/wp.ufpel.edu.br\/mostrappgc\/files\/2025\/04\/Lucas-400x400.png 400w, https:\/\/wp.ufpel.edu.br\/mostrappgc\/files\/2025\/04\/Lucas.png 417w\" sizes=\"(max-width: 200px) 100vw, 200px\" alt=\"\" \t\tclass=\"so-widget-image\"\/>\n\t<\/div>\n\n<\/div><\/div><\/div><div id=\"pgc-116-4-1\"  class=\"panel-grid-cell\" ><div id=\"panel-116-4-1-0\" class=\"so-panel widget widget_sow-editor panel-first-child panel-last-child\" data-index=\"10\" ><div\n\t\t\t\n\t\t\tclass=\"so-widget-sow-editor so-widget-sow-editor-base\"\n\t\t\t\n\t\t>\n<div class=\"siteorigin-widget-tinymce textwidget\">\n\t<p>&nbsp;<\/p>\n<p>&nbsp;<\/p>\n<p style=\"text-align: left;\"><strong><span style=\"color: #000000; font-size: 14pt; font-family: 'andale mono', monospace;\">LUCAS DOS SANTOS PEREIRA<\/span><\/strong><br \/>\n<span style=\"color: #000000; font-size: 14pt; font-family: 'andale mono', monospace;\">Organiza\u00e7\u00e3o de P\u00f4steres<\/span><\/p>\n<\/div>\n<\/div><\/div><\/div><div id=\"pgc-116-4-2\"  class=\"panel-grid-cell\" ><div id=\"panel-116-4-2-0\" class=\"so-panel widget widget_sow-image panel-first-child panel-last-child\" data-index=\"11\" ><div\n\t\t\t\n\t\t\tclass=\"so-widget-sow-image so-widget-sow-image-default-8b5b6f678277-116\"\n\t\t\t\n\t\t>\n<div class=\"sow-image-container\">\n\t\t<img \n\tsrc=\"https:\/\/wp.ufpel.edu.br\/mostrappgc\/files\/2025\/04\/Victor-Cezar-200x200.png\" width=\"200\" height=\"200\" srcset=\"https:\/\/wp.ufpel.edu.br\/mostrappgc\/files\/2025\/04\/Victor-Cezar-200x200.png 200w, https:\/\/wp.ufpel.edu.br\/mostrappgc\/files\/2025\/04\/Victor-Cezar-400x400.png 400w, https:\/\/wp.ufpel.edu.br\/mostrappgc\/files\/2025\/04\/Victor-Cezar.png 417w\" sizes=\"(max-width: 200px) 100vw, 200px\" title=\"Victor C\u00e9zar\" alt=\"\" \t\tclass=\"so-widget-image\"\/>\n\t<\/div>\n\n<\/div><\/div><\/div><div id=\"pgc-116-4-3\"  class=\"panel-grid-cell\" ><div id=\"panel-116-4-3-0\" class=\"so-panel widget widget_sow-editor panel-first-child panel-last-child\" data-index=\"12\" ><div\n\t\t\t\n\t\t\tclass=\"so-widget-sow-editor so-widget-sow-editor-base\"\n\t\t\t\n\t\t>\n<div class=\"siteorigin-widget-tinymce textwidget\">\n\t<p>&nbsp;<\/p>\n<p>&nbsp;<\/p>\n<p><strong><span style=\"color: #000000; font-family: 'andale mono', monospace; font-size: 14pt;\">VICTOR C\u00c9ZAR RODRIGUES COSTA<\/span><\/strong><br \/>\n<span style=\"color: #000000; font-family: 'andale mono', monospace; font-size: 14pt;\">Programa\u00e7\u00e3o Geral<\/span><\/p>\n<\/div>\n<\/div><\/div><\/div><\/div><div id=\"pg-116-5\"  class=\"panel-grid panel-no-style\" ><div id=\"pgc-116-5-0\"  class=\"panel-grid-cell\" ><div id=\"panel-116-5-0-0\" class=\"so-panel widget widget_sow-image panel-first-child panel-last-child\" data-index=\"13\" ><div\n\t\t\t\n\t\t\tclass=\"so-widget-sow-image so-widget-sow-image-default-8b5b6f678277-116\"\n\t\t\t\n\t\t>\n<div class=\"sow-image-container\">\n\t\t<img \n\tsrc=\"https:\/\/wp.ufpel.edu.br\/mostrappgc\/files\/2025\/04\/Wagner-200x200.png\" width=\"200\" height=\"200\" srcset=\"https:\/\/wp.ufpel.edu.br\/mostrappgc\/files\/2025\/04\/Wagner-200x200.png 200w, https:\/\/wp.ufpel.edu.br\/mostrappgc\/files\/2025\/04\/Wagner-400x400.png 400w, https:\/\/wp.ufpel.edu.br\/mostrappgc\/files\/2025\/04\/Wagner.png 417w\" sizes=\"(max-width: 200px) 100vw, 200px\" alt=\"\" \t\tclass=\"so-widget-image\"\/>\n\t<\/div>\n\n<\/div><\/div><\/div><div id=\"pgc-116-5-1\"  class=\"panel-grid-cell\" ><div id=\"panel-116-5-1-0\" class=\"so-panel widget widget_sow-editor panel-first-child panel-last-child\" data-index=\"14\" ><div\n\t\t\t\n\t\t\tclass=\"so-widget-sow-editor so-widget-sow-editor-base\"\n\t\t\t\n\t\t>\n<div class=\"siteorigin-widget-tinymce textwidget\">\n\t<p>&nbsp;<\/p>\n<p>&nbsp;<\/p>\n<p><strong><span style=\"color: #000000; font-family: 'andale mono', monospace; font-size: 14pt;\">WAGNER LOCH<\/span><\/strong><br \/>\n<span style=\"color: #000000; font-family: 'andale mono', monospace; font-size: 14pt;\">Divulga\u00e7\u00e3o e Comunica\u00e7\u00e3o<\/span><\/p>\n<\/div>\n<\/div><\/div><\/div><div id=\"pgc-116-5-2\"  class=\"panel-grid-cell\" ><div id=\"panel-116-5-2-0\" class=\"so-panel widget widget_media_image panel-first-child panel-last-child\" data-index=\"15\" ><img loading=\"lazy\" decoding=\"async\" width=\"200\" height=\"200\" src=\"https:\/\/wp.ufpel.edu.br\/mostrappgc\/files\/2025\/04\/Guilherme-200x200.png\" class=\"image wp-image-404  attachment-thumbnail size-thumbnail\" alt=\"\" style=\"max-width: 100%; height: auto;\" srcset=\"https:\/\/wp.ufpel.edu.br\/mostrappgc\/files\/2025\/04\/Guilherme-200x200.png 200w, https:\/\/wp.ufpel.edu.br\/mostrappgc\/files\/2025\/04\/Guilherme-400x400.png 400w, https:\/\/wp.ufpel.edu.br\/mostrappgc\/files\/2025\/04\/Guilherme.png 417w\" sizes=\"auto, (max-width: 200px) 100vw, 200px\" \/><\/div><\/div><div id=\"pgc-116-5-3\"  class=\"panel-grid-cell\" ><div id=\"panel-116-5-3-0\" class=\"so-panel widget widget_sow-editor panel-first-child panel-last-child\" data-index=\"16\" ><div\n\t\t\t\n\t\t\tclass=\"so-widget-sow-editor so-widget-sow-editor-base\"\n\t\t\t\n\t\t>\n<div class=\"siteorigin-widget-tinymce textwidget\">\n\t<p>&nbsp;<\/p>\n<p>&nbsp;<\/p>\n<p><strong><span style=\"color: #000000; font-family: 'andale mono', monospace; font-size: 14pt;\">GUILHERME RIBEIRO CORR\u00caA<\/span><\/strong><br \/>\n<span style=\"color: #000000; font-family: 'andale mono', monospace; font-size: 14pt;\">Supervis\u00e3o<\/span><\/p>\n<\/div>\n<\/div><\/div><\/div><\/div><div id=\"pg-116-6\"  class=\"panel-grid panel-no-style\" ><div id=\"pgc-116-6-0\"  class=\"panel-grid-cell\" ><div id=\"panel-116-6-0-0\" class=\"so-panel widget widget_media_image panel-first-child panel-last-child\" data-index=\"17\" ><img loading=\"lazy\" decoding=\"async\" width=\"200\" height=\"200\" src=\"https:\/\/wp.ufpel.edu.br\/mostrappgc\/files\/2025\/04\/Andre-200x200.png\" class=\"image wp-image-401  attachment-thumbnail size-thumbnail\" alt=\"\" style=\"max-width: 100%; height: auto;\" srcset=\"https:\/\/wp.ufpel.edu.br\/mostrappgc\/files\/2025\/04\/Andre-200x200.png 200w, https:\/\/wp.ufpel.edu.br\/mostrappgc\/files\/2025\/04\/Andre-400x400.png 400w, https:\/\/wp.ufpel.edu.br\/mostrappgc\/files\/2025\/04\/Andre.png 417w\" sizes=\"auto, (max-width: 200px) 100vw, 200px\" \/><\/div><\/div><div id=\"pgc-116-6-1\"  class=\"panel-grid-cell\" ><div id=\"panel-116-6-1-0\" class=\"so-panel widget widget_sow-editor panel-first-child panel-last-child\" data-index=\"18\" ><div\n\t\t\t\n\t\t\tclass=\"so-widget-sow-editor so-widget-sow-editor-base\"\n\t\t\t\n\t\t>\n<div class=\"siteorigin-widget-tinymce textwidget\">\n\t<p>&nbsp;<\/p>\n<p>&nbsp;<\/p>\n<p><strong><span style=\"color: #000000; font-family: 'andale mono', monospace; font-size: 14pt;\">ANDRE RAUBER DU BOIS<\/span><\/strong><br \/>\n<span style=\"color: #000000; font-family: 'andale mono', monospace; font-size: 14pt;\">Supervis\u00e3o<\/span><\/p>\n<\/div>\n<\/div><\/div><\/div><div id=\"pgc-116-6-2\"  class=\"panel-grid-cell panel-grid-cell-empty panel-grid-cell-mobile-last\" ><\/div><div id=\"pgc-116-6-3\"  class=\"panel-grid-cell panel-grid-cell-empty\" ><\/div><\/div><\/div>","protected":false},"excerpt":{"rendered":"<p>&nbsp; EQUIPE ORGANIZADORA &nbsp;<\/p>\n","protected":false},"author":1415,"featured_media":0,"parent":0,"menu_order":0,"comment_status":"closed","ping_status":"closed","template":"","meta":{"footnotes":""},"class_list":["post-116","page","type-page","status-publish","hentry","post"],"_links":{"self":[{"href":"https:\/\/wp.ufpel.edu.br\/mostrappgc\/wp-json\/wp\/v2\/pages\/116","targetHints":{"allow":["GET"]}}],"collection":[{"href":"https:\/\/wp.ufpel.edu.br\/mostrappgc\/wp-json\/wp\/v2\/pages"}],"about":[{"href":"https:\/\/wp.ufpel.edu.br\/mostrappgc\/wp-json\/wp\/v2\/types\/page"}],"author":[{"embeddable":true,"href":"https:\/\/wp.ufpel.edu.br\/mostrappgc\/wp-json\/wp\/v2\/users\/1415"}],"replies":[{"embeddable":true,"href":"https:\/\/wp.ufpel.edu.br\/mostrappgc\/wp-json\/wp\/v2\/comments?post=116"}],"version-history":[{"count":35,"href":"https:\/\/wp.ufpel.edu.br\/mostrappgc\/wp-json\/wp\/v2\/pages\/116\/revisions"}],"predecessor-version":[{"id":409,"href":"https:\/\/wp.ufpel.edu.br\/mostrappgc\/wp-json\/wp\/v2\/pages\/116\/revisions\/409"}],"wp:attachment":[{"href":"https:\/\/wp.ufpel.edu.br\/mostrappgc\/wp-json\/wp\/v2\/media?parent=116"}],"curies":[{"name":"wp","href":"https:\/\/api.w.org\/{rel}","templated":true}]}}