{"id":115,"date":"2025-03-12T15:15:42","date_gmt":"2025-03-12T18:15:42","guid":{"rendered":"https:\/\/wp.ufpel.edu.br\/mostrappgc\/?page_id=115"},"modified":"2025-05-13T20:30:49","modified_gmt":"2025-05-13T23:30:49","slug":"programacao","status":"publish","type":"page","link":"https:\/\/wp.ufpel.edu.br\/mostrappgc\/programacao\/","title":{"rendered":"Programa\u00e7\u00e3o"},"content":{"rendered":"<div id=\"pl-115\"  class=\"panel-layout\" ><div id=\"pg-115-0\"  class=\"panel-grid panel-no-style\" ><div id=\"pgc-115-0-0\"  class=\"panel-grid-cell panel-grid-cell-empty panel-grid-cell-mobile-last\" ><\/div><div id=\"pgc-115-0-1\"  class=\"panel-grid-cell panel-grid-cell-empty\" ><\/div><\/div><div id=\"pg-115-1\"  class=\"panel-grid panel-no-style\" ><div id=\"pgc-115-1-0\"  class=\"panel-grid-cell\" ><div id=\"panel-115-1-0-0\" class=\"so-panel widget widget_sow-editor panel-first-child\" data-index=\"0\" ><div class=\"panel-widget-style panel-widget-style-for-115-1-0-0\" ><div\n\t\t\t\n\t\t\tclass=\"so-widget-sow-editor so-widget-sow-editor-base\"\n\t\t\t\n\t\t>\n<div class=\"siteorigin-widget-tinymce textwidget\">\n\t<p style=\"text-align: center;\"><span style=\"font-family: 'andale mono', monospace; font-size: 24pt;\"><strong>PROGRAMA\u00c7\u00c3O COMPLETA<\/strong><\/span><\/p>\n<p style=\"text-align: center;\"><span style=\"font-family: 'andale mono', monospace;\"><span style=\"font-size: 14pt;\"><strong data-start=\"62\" data-end=\"74\">Aten\u00e7\u00e3o:<\/strong> As <strong>atividades<\/strong> do evento ser\u00e3o realizadas no <strong data-start=\"119\" data-end=\"157\">Audit\u00f3rio Acad\u00eamico Andrew Valad\u00e3o<\/strong>, localizado no <strong data-start=\"173\" data-end=\"201\" data-is-only-node=\"\">4\u00ba andar do Campus Anglo<\/strong>. <\/span><span style=\"font-size: 14pt;\">A <strong data-start=\"207\" data-end=\"233\">Exposi\u00e7\u00e3o dos P\u00f4steres<\/strong> acontecer\u00e1 no <strong data-start=\"248\" data-end=\"272\">corredor do 3\u00ba andar<\/strong>.<\/span><\/span><\/p>\n<\/div>\n<\/div><\/div><\/div><div id=\"panel-115-1-0-1\" class=\"so-panel widget widget_sow-accordion panel-last-child\" data-index=\"1\" ><div\n\t\t\t\n\t\t\tclass=\"so-widget-sow-accordion so-widget-sow-accordion-default-7dd373bfaa2d-115\"\n\t\t\t\n\t\t><div>\n\t<div class=\"sow-accordion\">\n\t\t\t<div class=\"sow-accordion-panel\n\t\t\t\t\"\n\t\t\tdata-anchor-id=\"1o-dia-segunda-12-05\">\n\t\t\t\t<div class=\"sow-accordion-panel-header-container\" role=\"heading\" aria-level=\"2\">\n\t\t\t\t\t<div class=\"sow-accordion-panel-header\" tabindex=\"0\" role=\"button\" id=\"accordion-label-1%c2%ba-dia-segunda-1205\" aria-controls=\"accordion-content-1%c2%ba-dia-segunda-1205\" aria-expanded=\"false\">\n\t\t\t\t\t\t<div class=\"sow-accordion-title sow-accordion-title-icon-left\">\n\t\t\t\t\t\t\t\t\t\t\t\t\t\t1\u00ba DIA | SEGUNDA - 12\/05\t\t\t\t\t\t\t\t\t\t\t\t\t<\/div>\n\t\t\t\t\t\t<div class=\"sow-accordion-open-close-button\">\n\t\t\t\t\t\t\t<div class=\"sow-accordion-open-button\">\n\t\t\t\t\t\t\t\t<span class=\"sow-icon-ionicons\" data-sow-icon=\"&#xf218;\"\n\t\t \n\t\taria-hidden=\"true\"><\/span>\t\t\t\t\t\t\t<\/div>\n\t\t\t\t\t\t\t<div class=\"sow-accordion-close-button\">\n\t\t\t\t\t\t\t\t<span class=\"sow-icon-ionicons\" data-sow-icon=\"&#xf209;\"\n\t\t \n\t\taria-hidden=\"true\"><\/span>\t\t\t\t\t\t\t<\/div>\n\t\t\t\t\t\t<\/div>\n\t\t\t\t\t<\/div>\n\t\t\t\t<\/div>\n\n\t\t\t<div\n\t\t\t\tclass=\"sow-accordion-panel-content\"\n\t\t\t\trole=\"region\"\n\t\t\t\taria-labelledby=\"accordion-label-1%c2%ba-dia-segunda-1205\"\n\t\t\t\tid=\"accordion-content-1%c2%ba-dia-segunda-1205\"\n\t\t\t\tstyle=\"display: none;\"\t\t\t>\n\t\t\t\t<div class=\"sow-accordion-panel-border\">\n\t\t\t\t\t<p><strong><span style=\"font-size: 12pt; color: #933bfe; font-family: 'andale mono', monospace;\">CERIM\u00d4NIA DE ABERTURA<\/span><\/strong><\/p>\n<p><strong><span style=\"font-size: 18pt; font-family: 'andale mono', monospace;\">Abertura do Evento<\/span><\/strong><\/p>\n<p><span style=\"font-size: 14pt; font-family: 'andale mono', monospace;\">Prof. Guilherme Corr\u00eaa (Coordenador do PPGC) | Andr\u00e9 Du Bois (coord. adjunto do PPGC) | Gerson Cavalheiro (primeiro coord. do PPGC) | Luciano Agostini (primeiro coord. adjunto do PPGC) | Amanda Oliveira (diretora do CDTec)<\/span><\/p>\n<p><span style=\"font-size: 14pt; font-family: 'andale mono', monospace;\">10h:00 - 10h:30<\/span><\/p>\n<hr \/>\n<p><span style=\"font-size: 14pt;\"><span style=\"color: #5436ea; background-color: #5436ea;\">\u220f<\/span> <strong><span style=\"font-family: 'andale mono', monospace; font-size: 12pt;\">PALESTRA<\/span><\/strong><\/span><\/p>\n<p><strong><span style=\"font-size: 18pt; font-family: 'andale mono', monospace;\">Intelig\u00eancia Artificial: Da Academia ao Mercado<\/span><\/strong><\/p>\n<p><span style=\"font-size: 14pt; font-family: 'andale mono', monospace;\">Prof. Ricardo Matsumura de Araujo (UFPEL)<\/span><\/p>\n<p><span style=\"font-size: 14pt; font-family: 'andale mono', monospace;\">10h:30 - 12:00<\/span><\/p>\n<hr \/>\n<p><span style=\"font-size: 14pt;\"><span style=\"color: #2481f2; background-color: #2481f2;\">\u220f<\/span> <span style=\"font-size: 12pt;\"><strong><span style=\"font-family: 'andale mono', monospace;\">MESA REDONDA<\/span><\/strong><\/span><\/span><\/p>\n<p><span style=\"font-size: 18pt; font-family: 'andale mono', monospace;\"><strong>Trajet\u00f3rias e Perspectivas: Viv\u00eancias no PPGC e Al\u00e9m<\/strong><\/span><\/p>\n<p><span style=\"font-family: 'andale mono', monospace; font-size: 14pt;\"><strong>Mediador:<\/strong> Prof. Adenauer Yamin (Docente Permanente do PPGC)<\/span><\/p>\n<p><span style=\"font-family: 'andale mono', monospace; font-size: 14pt;\"><strong>Convidados: <\/strong>Iago Coelho Storch (Egresso e p\u00f3s-doutorando do PPGC) |\u00a0Miriam Born (Pesquisadora P\u00f3s-doc PIPD na UFPEL) | Maicon Cardoso (Egresso do PPGC atualmente Corporate Application Engineer na Silvaco Inc.) | Ramiro Viana (Doutorando do PPGC e Representante Discente) | Ruhan Concei\u00e7\u00e3o (Doutorando do PPGC)<\/span><\/p>\n<p><span style=\"font-size: 14pt; font-family: 'andale mono', monospace;\">14h:00 - 16h:00<\/span><\/p>\n<hr \/>\n<p><strong><span style=\"font-size: 18pt; font-family: 'andale mono', monospace;\"><span class=\"notion-enable-hover\" data-token-index=\"0\">\u2615 <\/span><!-- notionvc: 409243fe-9272-4d55-8f8a-96bbe816f308 -->Coffee Break<\/span><\/strong><\/p>\n<p><span style=\"font-size: 14pt; font-family: 'andale mono', monospace;\">16h:00<\/span><\/p>\n\t\t\t\t<\/div>\n\t\t\t<\/div>\n\t\t<\/div>\n\t\t\t<div class=\"sow-accordion-panel\n\t\t\t\t\"\n\t\t\tdata-anchor-id=\"2o-dia-terca-13-05\">\n\t\t\t\t<div class=\"sow-accordion-panel-header-container\" role=\"heading\" aria-level=\"2\">\n\t\t\t\t\t<div class=\"sow-accordion-panel-header\" tabindex=\"0\" role=\"button\" id=\"accordion-label-2%c2%ba-dia-ter%c3%a7a-1305\" aria-controls=\"accordion-content-2%c2%ba-dia-ter%c3%a7a-1305\" aria-expanded=\"false\">\n\t\t\t\t\t\t<div class=\"sow-accordion-title sow-accordion-title-icon-left\">\n\t\t\t\t\t\t\t\t\t\t\t\t\t\t2\u00ba DIA | TER\u00c7A - 13\/05\t\t\t\t\t\t\t\t\t\t\t\t\t<\/div>\n\t\t\t\t\t\t<div class=\"sow-accordion-open-close-button\">\n\t\t\t\t\t\t\t<div class=\"sow-accordion-open-button\">\n\t\t\t\t\t\t\t\t<span class=\"sow-icon-ionicons\" data-sow-icon=\"&#xf218;\"\n\t\t \n\t\taria-hidden=\"true\"><\/span>\t\t\t\t\t\t\t<\/div>\n\t\t\t\t\t\t\t<div class=\"sow-accordion-close-button\">\n\t\t\t\t\t\t\t\t<span class=\"sow-icon-ionicons\" data-sow-icon=\"&#xf209;\"\n\t\t \n\t\taria-hidden=\"true\"><\/span>\t\t\t\t\t\t\t<\/div>\n\t\t\t\t\t\t<\/div>\n\t\t\t\t\t<\/div>\n\t\t\t\t<\/div>\n\n\t\t\t<div\n\t\t\t\tclass=\"sow-accordion-panel-content\"\n\t\t\t\trole=\"region\"\n\t\t\t\taria-labelledby=\"accordion-label-2%c2%ba-dia-ter%c3%a7a-1305\"\n\t\t\t\tid=\"accordion-content-2%c2%ba-dia-ter%c3%a7a-1305\"\n\t\t\t\tstyle=\"display: none;\"\t\t\t>\n\t\t\t\t<div class=\"sow-accordion-panel-border\">\n\t\t\t\t\t<p><span style=\"font-size: 14pt;\"><span style=\"color: #2bb8ac; background-color: #2bb8ac;\">\u220f<\/span> <strong><span style=\"font-family: 'andale mono', monospace; font-size: 12pt;\">APRESENTA\u00c7\u00c3O<\/span><\/strong><\/span><\/p>\n<p><strong><span style=\"font-size: 18pt; font-family: 'andale mono', monospace;\">Grupo de Pesquisa: Educa\u00e7\u00e3o na Computa\u00e7\u00e3o<\/span><\/strong><\/p>\n<p><span style=\"font-size: 14pt; font-family: 'andale mono', monospace;\">J\u00falia Veiga | Prof.\u00aa Luciana Foss | Prof.\u00aa Simone Cavalheiro<\/span><\/p>\n<p><span style=\"font-size: 14pt; font-family: 'andale mono', monospace;\">10h:00 - 10h:30<\/span><\/p>\n<hr \/>\n<p><span style=\"font-size: 14pt;\"><span style=\"color: #2bb8ac; background-color: #2bb8ac;\">\u220f<\/span> <strong><span style=\"font-family: 'andale mono', monospace; font-size: 12pt;\">APRESENTA\u00c7\u00c3O<\/span><\/strong><\/span><\/p>\n<p><span style=\"font-size: 18pt; font-family: 'andale mono', monospace;\"><strong>Grupo de Pesquisa: Laborat\u00f3rio de Sistemas Ub\u00edquos e Paralelos (LUPS)<\/strong><\/span><\/p>\n<p style=\"text-align: left;\"><span style=\"font-size: 14pt; font-family: 'andale mono', monospace;\">Prof. Andre Du Bois | Prof. Adenauer Yamin<\/span><\/p>\n<p><span style=\"font-size: 14pt; font-family: 'andale mono', monospace;\">10h:30 - 11h:00<\/span><\/p>\n<hr \/>\n<p><span style=\"font-size: 14pt;\"><span style=\"color: #2bb8ac; background-color: #2bb8ac;\">\u220f<\/span> <strong><span style=\"font-family: 'andale mono', monospace; font-size: 12pt;\">APRESENTA\u00c7\u00c3O<\/span><\/strong><\/span><\/p>\n<p><span style=\"font-family: 'andale mono', monospace; font-size: 18pt;\"><strong>Grupo de Pesquisa: Video Technology Research Group (ViTech)<\/strong><\/span><\/p>\n<p><span style=\"font-family: 'andale mono', monospace; font-size: 14pt;\">Prof. Daniel Palomino | Prof. Guilherme Corr\u00eaa | Prof. Luciano Agostini | Prof. Marcelo Porto<\/span><\/p>\n<p><span style=\"font-size: 14pt; font-family: 'andale mono', monospace;\">14h:00 - 14h:30<\/span><\/p>\n<hr \/>\n<p><span style=\"font-size: 14pt;\"><span style=\"color: #2bb8ac; background-color: #2bb8ac;\">\u220f<\/span> <span style=\"font-size: 12pt;\"><strong><span style=\"font-family: 'andale mono', monospace;\">APRESENTA\u00c7\u00c3O<\/span><\/strong><\/span><\/span><\/p>\n<p><span style=\"font-size: 18pt; font-family: 'andale mono', monospace;\"><strong>Grupo de Pesquisa: Grupo de Aplica\u00e7\u00f5es em Intelig\u00eancia Artificial (GAIA)<\/strong><\/span><\/p>\n<p><span style=\"font-size: 14pt; font-family: 'andale mono', monospace;\">Prof. Anderson Ferrugem<\/span><\/p>\n<p><span style=\"font-size: 14pt; font-family: 'andale mono', monospace;\">14h:30 - 15h:00<\/span><\/p>\n<hr \/>\n<p><span style=\"font-size: 14pt;\"><span style=\"color: #2bb8ac; background-color: #2bb8ac;\">\u220f<\/span> <strong><span style=\"font-family: 'andale mono', monospace; font-size: 12pt;\">APRESENTA\u00c7\u00c3O<\/span><\/strong><\/span><\/p>\n<p><span style=\"font-size: 18pt; font-family: 'andale mono', monospace;\"><strong>Grupo de Pesquisa: Arquiteturas e Circuitos Integrados (GACI)<\/strong><\/span><\/p>\n<p><span style=\"font-family: 'andale mono', monospace; font-size: 14pt;\">Prof. Leomar J\u00fanior | Prof. Rafael Soares<\/span><\/p>\n<p><span style=\"font-size: 14pt; font-family: 'andale mono', monospace;\">15h:00 - 15h:30<\/span><\/p>\n<hr \/>\n<p><strong><span style=\"font-size: 18pt; font-family: 'andale mono', monospace;\"><span class=\"notion-enable-hover\" data-token-index=\"0\">\u2615 <\/span><!-- notionvc: 409243fe-9272-4d55-8f8a-96bbe816f308 -->Coffee Break<\/span><\/strong><\/p>\n<p><span style=\"font-size: 14pt; font-family: 'andale mono', monospace;\">15h:30<\/span><\/p>\n\t\t\t\t<\/div>\n\t\t\t<\/div>\n\t\t<\/div>\n\t\t\t<div class=\"sow-accordion-panel\n\t\t\t\t\"\n\t\t\tdata-anchor-id=\"3o-dia-quarta-14-05\">\n\t\t\t\t<div class=\"sow-accordion-panel-header-container\" role=\"heading\" aria-level=\"2\">\n\t\t\t\t\t<div class=\"sow-accordion-panel-header\" tabindex=\"0\" role=\"button\" id=\"accordion-label-3%c2%ba-dia-quarta-1405\" aria-controls=\"accordion-content-3%c2%ba-dia-quarta-1405\" aria-expanded=\"false\">\n\t\t\t\t\t\t<div class=\"sow-accordion-title sow-accordion-title-icon-left\">\n\t\t\t\t\t\t\t\t\t\t\t\t\t\t3\u00ba DIA | QUARTA - 14\/05\t\t\t\t\t\t\t\t\t\t\t\t\t<\/div>\n\t\t\t\t\t\t<div class=\"sow-accordion-open-close-button\">\n\t\t\t\t\t\t\t<div class=\"sow-accordion-open-button\">\n\t\t\t\t\t\t\t\t<span class=\"sow-icon-ionicons\" data-sow-icon=\"&#xf218;\"\n\t\t \n\t\taria-hidden=\"true\"><\/span>\t\t\t\t\t\t\t<\/div>\n\t\t\t\t\t\t\t<div class=\"sow-accordion-close-button\">\n\t\t\t\t\t\t\t\t<span class=\"sow-icon-ionicons\" data-sow-icon=\"&#xf209;\"\n\t\t \n\t\taria-hidden=\"true\"><\/span>\t\t\t\t\t\t\t<\/div>\n\t\t\t\t\t\t<\/div>\n\t\t\t\t\t<\/div>\n\t\t\t\t<\/div>\n\n\t\t\t<div\n\t\t\t\tclass=\"sow-accordion-panel-content\"\n\t\t\t\trole=\"region\"\n\t\t\t\taria-labelledby=\"accordion-label-3%c2%ba-dia-quarta-1405\"\n\t\t\t\tid=\"accordion-content-3%c2%ba-dia-quarta-1405\"\n\t\t\t\tstyle=\"display: none;\"\t\t\t>\n\t\t\t\t<div class=\"sow-accordion-panel-border\">\n\t\t\t\t\t<p>&nbsp;<\/p>\n<p><span style=\"font-size: 14pt;\"><span style=\"color: #2bb8ac; background-color: #2bb8ac;\">\u220f<\/span> <strong><span style=\"font-family: 'andale mono', monospace; font-size: 12pt;\">APRESENTA\u00c7\u00c3O<\/span><\/strong><\/span><\/p>\n<p><span style=\"font-family: 'andale mono', monospace; font-size: 18pt;\"><strong>Grupo de Pesquisa: Aplica\u00e7\u00f5es Flex\u00edveis via Computa\u00e7\u00e3o Qu\u00e2ntica<\/strong><\/span><\/p>\n<p><span style=\"font-family: 'andale mono', monospace; font-size: 14pt;\">Prof. Adenauer Yamin | Prof.\u00aa Renata Reiser<\/span><\/p>\n<p><span style=\"font-size: 14pt; font-family: 'andale mono', monospace;\">14h:00 - 14h:30<\/span><\/p>\n<hr \/>\n<p><span style=\"font-size: 14pt;\"><span style=\"color: #2bb8ac; background-color: #2bb8ac;\">\u220f<\/span> <strong><span style=\"font-family: 'andale mono', monospace; font-size: 12pt;\">APRESENTA\u00c7\u00c3O<\/span><\/strong><\/span><\/p>\n<p><strong><span style=\"font-size: 18pt; font-family: 'andale mono', monospace;\">Grupo PPCG: An\u00e1lise de Sentimento e Processamento da L\u00edngua Natural (GASPLN)<\/span><\/strong><\/p>\n<p><span style=\"font-size: 14pt; font-family: 'andale mono', monospace;\">Guilherme Lima<\/span><\/p>\n<p><span style=\"font-size: 14pt; font-family: 'andale mono', monospace;\">14h:30 - 15h:00<\/span><\/p>\n<hr \/>\n<p><span style=\"font-size: 14pt;\"><span style=\"color: #2bb8ac; background-color: #2bb8ac;\">\u220f<\/span> <strong><span style=\"font-family: 'andale mono', monospace; font-size: 12pt;\">APRESENTA\u00c7\u00c3O<\/span><\/strong><\/span><\/p>\n<p><span style=\"font-size: 18pt; font-family: 'andale mono', monospace;\"><strong>Grupo de Pesquisa: Laborat\u00f3rio Multiprofissional de Estrat\u00e9gias Criativas para Inova\u00e7\u00e3o\u00a0Social<\/strong><\/span><\/p>\n<p><span style=\"font-size: 14pt; font-family: 'andale mono', monospace;\">Prof.\u00aa Tatiana Tavares\u00a0| Prof. \u00c2nderson S. Ritta<\/span><\/p>\n<p><span style=\"font-size: 14pt; font-family: 'andale mono', monospace;\">15h:00 - 15h:30<\/span><\/p>\n<hr \/>\n<p><strong><span style=\"font-size: 18pt; font-family: 'andale mono', monospace;\"><span class=\"notion-enable-hover\" data-token-index=\"0\">\u2615 <\/span><!-- notionvc: 409243fe-9272-4d55-8f8a-96bbe816f308 -->Coffee Break<\/span><\/strong><\/p>\n<p><span style=\"font-size: 14pt; font-family: 'andale mono', monospace;\">15h:30<\/span><\/p>\n<hr \/>\n<p><span style=\"font-size: 14pt;\"><span style=\"color: #db45d0; background-color: #db45d0;\">\u220f<\/span><strong><span style=\"font-family: 'andale mono', monospace; font-size: 12pt;\"> APRESENTA\u00c7\u00c3O<\/span><\/strong><\/span><\/p>\n<p><strong><span style=\"font-size: 18pt; font-family: 'andale mono', monospace;\">Apresenta\u00e7\u00e3o dos P\u00f4steres em exposi\u00e7\u00e3o<\/span><\/strong><\/p>\n<p><span style=\"font-size: 14pt; font-family: 'andale mono', monospace;\">Acad\u00eamicos PPGC<\/span><\/p>\n<p><span style=\"font-size: 14pt; font-family: 'andale mono', monospace;\">15h:30 - 16h:30<\/span><\/p>\n<hr \/>\n<p><strong><span style=\"font-size: 12pt; color: #933bfe; font-family: 'andale mono', monospace;\">ENCERRAMENTO<\/span><\/strong><\/p>\n<p><strong><span style=\"font-size: 18pt; font-family: 'andale mono', monospace;\"><span class=\"notion-enable-hover\" data-token-index=\"0\">\ud83c\udf79 <\/span><!-- notionvc: 45db6882-f7f1-47c4-b860-4cfcb877e558 -->Happy Hour (consumo pr\u00f3prio)<\/span><\/strong><\/p>\n<p><span style=\"font-size: 14pt; font-family: 'andale mono', monospace;\"><strong>Hor\u00e1rio:<\/strong> 18h:00\u00a0<\/span><\/p>\n<p><span style=\"font-family: 'andale mono', monospace; font-size: 14pt;\"><strong>Local:<\/strong> NAVE<\/span><\/p>\n<p><span style=\"font-size: 14pt; font-family: 'andale mono', monospace;\"><span style=\"color: #000000;\"><strong>Endere\u00e7o:<\/strong> <a style=\"color: #000000;\" href=\"https:\/\/www.google.com\/maps\/uv?pb=!1s0x9511b5a2a3a959f9%3A0xa6486248ad480d82!3m1!7e115!4s%2Fmaps%2Fplace%2Fnave%2Bpelotas%2F%40-31.7574024%2C-52.3323399%2C3a%2C75y%2C29.06h%2C90t%2Fdata%3D*213m4*211e1*213m2*211s4qS6oalwmJE6lSAlg8ENQQ*212e0*214m2*213m1*211s0x9511b5a2a3a959f9%3A0xa6486248ad480d82%3Fsa%3DX%26ved%3D2ahUKEwjIjZTo44-NAxVyupUCHbxAMIcQpx96BAgVEAA!5snave%20pelotas%20-%20Pesquisa%20Google!15sCgIgAQ&amp;imagekey=!1e2!2s4qS6oalwmJE6lSAlg8ENQQ&amp;cr=le_a7&amp;hl=pt-BR&amp;ved=1t%3A206134&amp;ictx=111\">R. Ant\u00f4nio dos Anjos, 98 - Centro, Pelotas<\/a><\/span><\/span><\/p>\n<p><span style=\"font-size: 14pt; font-family: 'andale mono', monospace;\"><strong>Formato:\u00a0<\/strong>Momento descontra\u00eddo para conversar e celebrar. Cada participante arca com suas despesas.\u00a0<\/span><\/p>\n\t\t\t\t<\/div>\n\t\t\t<\/div>\n\t\t<\/div>\n\t\t<\/div>\n<\/div>\n<\/div><\/div><\/div><\/div><\/div>","protected":false},"excerpt":{"rendered":"<p>PROGRAMA\u00c7\u00c3O COMPLETA Aten\u00e7\u00e3o: As atividades do evento ser\u00e3o realizadas no Audit\u00f3rio Acad\u00eamico Andrew Valad\u00e3o, localizado no 4\u00ba andar do Campus Anglo. A Exposi\u00e7\u00e3o dos P\u00f4steres acontecer\u00e1 no corredor do 3\u00ba andar.<\/p>\n","protected":false},"author":1415,"featured_media":0,"parent":0,"menu_order":0,"comment_status":"closed","ping_status":"closed","template":"","meta":{"footnotes":""},"class_list":["post-115","page","type-page","status-publish","hentry","post"],"_links":{"self":[{"href":"https:\/\/wp.ufpel.edu.br\/mostrappgc\/wp-json\/wp\/v2\/pages\/115","targetHints":{"allow":["GET"]}}],"collection":[{"href":"https:\/\/wp.ufpel.edu.br\/mostrappgc\/wp-json\/wp\/v2\/pages"}],"about":[{"href":"https:\/\/wp.ufpel.edu.br\/mostrappgc\/wp-json\/wp\/v2\/types\/page"}],"author":[{"embeddable":true,"href":"https:\/\/wp.ufpel.edu.br\/mostrappgc\/wp-json\/wp\/v2\/users\/1415"}],"replies":[{"embeddable":true,"href":"https:\/\/wp.ufpel.edu.br\/mostrappgc\/wp-json\/wp\/v2\/comments?post=115"}],"version-history":[{"count":26,"href":"https:\/\/wp.ufpel.edu.br\/mostrappgc\/wp-json\/wp\/v2\/pages\/115\/revisions"}],"predecessor-version":[{"id":529,"href":"https:\/\/wp.ufpel.edu.br\/mostrappgc\/wp-json\/wp\/v2\/pages\/115\/revisions\/529"}],"wp:attachment":[{"href":"https:\/\/wp.ufpel.edu.br\/mostrappgc\/wp-json\/wp\/v2\/media?parent=115"}],"curies":[{"name":"wp","href":"https:\/\/api.w.org\/{rel}","templated":true}]}}