{"id":113,"date":"2025-03-12T15:15:42","date_gmt":"2025-03-12T18:15:42","guid":{"rendered":"https:\/\/wp.ufpel.edu.br\/mostrappgc\/?page_id=113"},"modified":"2025-05-05T12:26:44","modified_gmt":"2025-05-05T15:26:44","slug":"inscricoes","status":"publish","type":"page","link":"https:\/\/wp.ufpel.edu.br\/mostrappgc\/inscricoes\/","title":{"rendered":"Inscri\u00e7\u00f5es"},"content":{"rendered":"<div id=\"pl-113\"  class=\"panel-layout\" ><div id=\"pg-113-0\"  class=\"panel-grid panel-no-style\" ><div id=\"pgc-113-0-0\"  class=\"panel-grid-cell\" ><div id=\"panel-113-0-0-0\" class=\"so-panel widget widget_sow-editor panel-first-child panel-last-child\" data-index=\"0\" ><div class=\"panel-widget-style panel-widget-style-for-113-0-0-0\" ><div\n\t\t\t\n\t\t\tclass=\"so-widget-sow-editor so-widget-sow-editor-base\"\n\t\t\t\n\t\t>\n<div class=\"siteorigin-widget-tinymce textwidget\">\n\t<p>&nbsp;<\/p>\n<h2><strong><span style=\"font-family: 'andale mono', monospace; color: #000000; font-size: 24pt;\">INSCRI\u00c7\u00d5ES<\/span><\/strong><\/h2>\n<p>&nbsp;<\/p>\n<p><span style=\"font-family: 'andale mono', monospace; font-size: 14pt;\"><span style=\"color: #000000;\">Para se inscrever, acesse:<\/span> <span style=\"color: #4a1af6;\"><a style=\"color: #4a1af6;\" href=\"https:\/\/docs.google.com\/forms\/d\/e\/1FAIpQLSc8Jv1HS6oXbvYUnpKtNMxTcZSungFf8WrJB4ZHpcLvltejQQ\/viewform?usp=sharing\" target=\"_blank\" rel=\"noopener\"><strong>INSCRI\u00c7\u00c3O MOSTRA PPGC<\/strong><\/a><\/span><\/span><\/p>\n<\/div>\n<\/div><\/div><\/div><\/div><\/div><div id=\"pg-113-1\"  class=\"panel-grid panel-no-style\" ><div id=\"pgc-113-1-0\"  class=\"panel-grid-cell\" ><div id=\"panel-113-1-0-0\" class=\"so-panel widget widget_sow-editor panel-first-child panel-last-child\" data-index=\"1\" ><div\n\t\t\t\n\t\t\tclass=\"so-widget-sow-editor so-widget-sow-editor-base\"\n\t\t\t\n\t\t>\n<div class=\"siteorigin-widget-tinymce textwidget\">\n\t<p style=\"text-align: left;\"><span style=\"font-family: 'andale mono', monospace; font-size: 14pt;\"><strong><span style=\"color: #ff0000;\"> IMPORTANTE:<\/span><\/strong> <span style=\"color: #000000;\">O n\u00famero de vagas \u00e9 limitado. As vagas ser\u00e3o distribu\u00eddas prioritariamente para estudantes do PPGC. Vagas remanescentes ser\u00e3o distribu\u00eddas para estudantes de gradua\u00e7\u00e3o e outros PPGs, conforme ordem de inscri\u00e7\u00e3o.<\/span><\/span><\/p>\n<p>&nbsp;<\/p>\n<p>&nbsp;<\/p>\n<p>&nbsp;<\/p>\n<p>&nbsp;<\/p>\n<\/div>\n<\/div><\/div><\/div><\/div><\/div>","protected":false},"excerpt":{"rendered":"<p>&nbsp; INSCRI\u00c7\u00d5ES &nbsp; Para se inscrever, acesse: INSCRI\u00c7\u00c3O MOSTRA PPGC IMPORTANTE: O n\u00famero de vagas \u00e9 limitado. As vagas ser\u00e3o distribu\u00eddas prioritariamente para estudantes do PPGC. Vagas remanescentes ser\u00e3o distribu\u00eddas para estudantes de gradua\u00e7\u00e3o e outros PPGs, conforme ordem de inscri\u00e7\u00e3o. &nbsp; &nbsp; &nbsp; &nbsp;<\/p>\n","protected":false},"author":1415,"featured_media":0,"parent":0,"menu_order":0,"comment_status":"closed","ping_status":"closed","template":"","meta":{"footnotes":""},"class_list":["post-113","page","type-page","status-publish","hentry","post"],"_links":{"self":[{"href":"https:\/\/wp.ufpel.edu.br\/mostrappgc\/wp-json\/wp\/v2\/pages\/113","targetHints":{"allow":["GET"]}}],"collection":[{"href":"https:\/\/wp.ufpel.edu.br\/mostrappgc\/wp-json\/wp\/v2\/pages"}],"about":[{"href":"https:\/\/wp.ufpel.edu.br\/mostrappgc\/wp-json\/wp\/v2\/types\/page"}],"author":[{"embeddable":true,"href":"https:\/\/wp.ufpel.edu.br\/mostrappgc\/wp-json\/wp\/v2\/users\/1415"}],"replies":[{"embeddable":true,"href":"https:\/\/wp.ufpel.edu.br\/mostrappgc\/wp-json\/wp\/v2\/comments?post=113"}],"version-history":[{"count":29,"href":"https:\/\/wp.ufpel.edu.br\/mostrappgc\/wp-json\/wp\/v2\/pages\/113\/revisions"}],"predecessor-version":[{"id":478,"href":"https:\/\/wp.ufpel.edu.br\/mostrappgc\/wp-json\/wp\/v2\/pages\/113\/revisions\/478"}],"wp:attachment":[{"href":"https:\/\/wp.ufpel.edu.br\/mostrappgc\/wp-json\/wp\/v2\/media?parent=113"}],"curies":[{"name":"wp","href":"https:\/\/api.w.org\/{rel}","templated":true}]}}