{"id":44,"date":"2024-10-02T01:36:41","date_gmt":"2024-10-02T04:36:41","guid":{"rendered":"https:\/\/wp.ufpel.edu.br\/mostradeensinodehistoria\/?page_id=44"},"modified":"2024-10-02T02:21:40","modified_gmt":"2024-10-02T05:21:40","slug":"edicoes-anteriores","status":"publish","type":"page","link":"https:\/\/wp.ufpel.edu.br\/mostradeensinodehistoria\/edicoes-anteriores\/","title":{"rendered":"Edi\u00e7\u00f5es anteriores"},"content":{"rendered":"<p style=\"text-align: justify;\">A <strong>2\u00aa Mostra de Ensino de Hist\u00f3ria e Pr\u00e1ticas Docente<\/strong>s foi organizada em formato h\u00edbrido, pelo LEH\/UFPEL. Esta edi\u00e7\u00e3o contou com a confer\u00eancia de abertura, proferida pela professora Dra. Al\u00e9xia P\u00e1dua Franco (UFU), intitulada: \u201cEnsino de Hist\u00f3ria e m\u00eddias digitais: desafios \u00e0 pr\u00e1tica docente\u201d. Al\u00e9m disso, o evento contou com as mesas chamadas \u201ctrocas de saberes\u201d, nas quais a bordou-se a produ\u00e7\u00e3o e o uso de materiais did\u00e1ticos na educa\u00e7\u00e3o b\u00e1sica, bem como as diferentes experi\u00eancias e desafios do est\u00e1gio supervisionado em Hist\u00f3ria. Para essas duas mesas, contou-se com a presen\u00e7a de professores\/as da educa\u00e7\u00e3o b\u00e1sica, professores\/as orientadores de est\u00e1gio e ex-estudantes da UFPEL. Quanto \u00e0s comunica\u00e7\u00f5es, reuniram-se trabalhos oriundos das pr\u00e1ticas de pesquisa e de ensino realizados pelos estudantes nos est\u00e1gios supervisionados; resultados parciais das pr\u00e1ticas de pesquisa e extens\u00e3o; experi\u00eancias do Programa Institucional de Bolsas de Inicia\u00e7\u00e3o \u00e0 Doc\u00eancia (PIBID), Programa Resid\u00eancia Pedag\u00f3gica (PRP), Programa de Monitoria da UFPEL e do Programa de P\u00f3s-Gradua\u00e7\u00e3o em Hist\u00f3ria (PPGH\/UFPEL).<\/p>\n<p>Link de acesso ao site da edi\u00e7\u00e3o: <a href=\"https:\/\/wp.ufpel.edu.br\/iimostradeensinodehistoria\/programacao\/\">https:\/\/wp.ufpel.edu.br\/iimostradeensinodehistoria\/programacao\/<\/a><\/p>\n<p>_____________________________________________________________________________________________________________________________<\/p>\n<p style=\"text-align: justify;\">A <strong>1\u00aa Mostra de Ensino de Hist\u00f3ria e Pr\u00e1ticas Docentes<\/strong> foi\u00a0 organizada em formato h\u00edbrido, com confer\u00eancia de abertura, lan\u00e7amento dos \u201cCadernos Tem\u00e1ticos do LEH\u201d, oficinas tem\u00e1ticas e salas de comunica\u00e7\u00e3o, o objetivo \u00e9 constituir um espa\u00e7o para o di\u00e1logo e o compartilhamento de ideias, saberes e viv\u00eancias com a disciplina de Hist\u00f3ria a partir do \u00e2mbito escolar. Neste sentido, reuniu-se trabalhos: oriundos das pr\u00e1ticas de ensino realizado pelos\/pelas estudantes nos est\u00e1gios supervisionados; resultados parciais das pr\u00e1ticas de pesquisa e extens\u00e3o; experi\u00eancias do Programa Institucional de Bolsas de Inicia\u00e7\u00e3o \u00e0 Doc\u00eancia (PIBID), Programa Resid\u00eancia Pedag\u00f3gica (PRP), Programa de Monitoria da UFPEL e do Programa de P\u00f3s-Gradua\u00e7\u00e3o em Hist\u00f3ria (PPGH\/UFPEL).<\/p>\n<p>Link de acesso ao site com as informa\u00e7\u00f5es da edi\u00e7\u00e3o: <a href=\"https:\/\/wp.ufpel.edu.br\/leh\/eventos\/\">https:\/\/wp.ufpel.edu.br\/leh\/eventos\/<\/a><\/p>\n<p>___________________________________________________________________________________________________________________________<\/p>\n","protected":false},"excerpt":{"rendered":"<p>A 2\u00aa Mostra de Ensino de Hist\u00f3ria e Pr\u00e1ticas Docentes foi organizada em formato h\u00edbrido, pelo LEH\/UFPEL. Esta edi\u00e7\u00e3o contou com a confer\u00eancia de abertura, proferida pela professora Dra. Al\u00e9xia P\u00e1dua Franco (UFU), intitulada: \u201cEnsino de Hist\u00f3ria e m\u00eddias digitais: desafios \u00e0 pr\u00e1tica docente\u201d. Al\u00e9m disso, o evento contou com as mesas chamadas \u201ctrocas de &hellip; <\/p>\n<p><a class=\"more-link btn\" href=\"https:\/\/wp.ufpel.edu.br\/mostradeensinodehistoria\/edicoes-anteriores\/\">Continue lendo<\/a><\/p>\n","protected":false},"author":1274,"featured_media":0,"parent":0,"menu_order":11,"comment_status":"closed","ping_status":"closed","template":"","meta":{"footnotes":""},"class_list":["post-44","page","type-page","status-publish","hentry","nodate","item-wrap"],"jetpack_sharing_enabled":true,"_links":{"self":[{"href":"https:\/\/wp.ufpel.edu.br\/mostradeensinodehistoria\/wp-json\/wp\/v2\/pages\/44","targetHints":{"allow":["GET"]}}],"collection":[{"href":"https:\/\/wp.ufpel.edu.br\/mostradeensinodehistoria\/wp-json\/wp\/v2\/pages"}],"about":[{"href":"https:\/\/wp.ufpel.edu.br\/mostradeensinodehistoria\/wp-json\/wp\/v2\/types\/page"}],"author":[{"embeddable":true,"href":"https:\/\/wp.ufpel.edu.br\/mostradeensinodehistoria\/wp-json\/wp\/v2\/users\/1274"}],"replies":[{"embeddable":true,"href":"https:\/\/wp.ufpel.edu.br\/mostradeensinodehistoria\/wp-json\/wp\/v2\/comments?post=44"}],"version-history":[{"count":3,"href":"https:\/\/wp.ufpel.edu.br\/mostradeensinodehistoria\/wp-json\/wp\/v2\/pages\/44\/revisions"}],"predecessor-version":[{"id":49,"href":"https:\/\/wp.ufpel.edu.br\/mostradeensinodehistoria\/wp-json\/wp\/v2\/pages\/44\/revisions\/49"}],"wp:attachment":[{"href":"https:\/\/wp.ufpel.edu.br\/mostradeensinodehistoria\/wp-json\/wp\/v2\/media?parent=44"}],"curies":[{"name":"wp","href":"https:\/\/api.w.org\/{rel}","templated":true}]}}