{"id":29,"date":"2024-10-02T01:31:48","date_gmt":"2024-10-02T04:31:48","guid":{"rendered":"https:\/\/wp.ufpel.edu.br\/mostradeensinodehistoria\/?page_id=29"},"modified":"2024-11-21T10:48:26","modified_gmt":"2024-11-21T13:48:26","slug":"programacao-2","status":"publish","type":"page","link":"https:\/\/wp.ufpel.edu.br\/mostradeensinodehistoria\/programacao-2\/","title":{"rendered":"Programa\u00e7\u00e3o"},"content":{"rendered":"<table style=\"border-collapse: collapse; width: 100%;\" border=\"1\">\n<tbody>\n<tr>\n<td style=\"width: 33.3333%; text-align: center;\"><strong><span style=\"background-color: #ffffff; color: #ff0000;\">18\/11 (SEG)<\/span><\/strong><\/td>\n<td style=\"width: 33.3333%; text-align: center;\"><strong><span style=\"background-color: #ffffff; color: #ff0000;\">19\/11(TER)<\/span><\/strong><\/td>\n<td style=\"width: 33.3333%; text-align: center;\"><strong><span style=\"background-color: #ffffff; color: #ff0000;\">21\/11(QUI)<\/span><\/strong><\/td>\n<\/tr>\n<tr>\n<td style=\"width: 33.3333%;\">\n<p style=\"text-align: center;\"><span style=\"font-size: 10pt;\">Tarde: 13:30 \u00e0s 16:30<\/span><\/p>\n<p style=\"text-align: center;\"><span style=\"color: #800000;\"><strong>Mesa 1: troca de saberes<\/strong><\/span><\/p>\n<p>Rodrigo Giovanaz (Seduc\/Rs)<\/p>\n<p>Carmem Lubke (Seduc\/Rs)<\/p>\n<p>Media\u00e7\u00e3o: Prof. Dr. Mauro Dillmann<\/p>\n<p>&nbsp;<\/td>\n<td style=\"width: 33.3333%;\">\n<p style=\"text-align: center;\"><span style=\"font-size: 10pt;\">Tarde: 13:30 \u00e0s 16:30<\/span><\/p>\n<p style=\"text-align: center;\"><span style=\"color: #0000ff;\"><strong>Mesa 2: troca de saberes<\/strong><\/span><\/p>\n<p>K\u00e1tia Flores\u00a0 Fontoura (SMED\/POA)<\/p>\n<p>Andr\u00e9 Luis Pereira (IFSUL)<\/p>\n<p>Prof. Dr.\u00aa Alessandra Gasparotto<\/p>\n<p>16:30 \u00e0s 17:00<\/p>\n<p style=\"text-align: justify;\"><span style=\"color: #0000ff;\">Lan\u00e7amento dos Cadernos Tem\u00e1ticos do LEH, V.4.<\/span><\/p>\n<p style=\"text-align: justify;\">Coordena\u00e7\u00e3o: Prof. Dr.\u00aa\u00a0 Lisiane Manke<\/p>\n<p><span style=\"color: #0000ff;\">Lan\u00e7amento &#8220;Cartas \u00e0 juventude historiadora&#8221;<\/span><\/p>\n<p>Coordena\u00e7\u00e3o: Prof. Doutores: Mauro Dillmann e Wilian Bonete<\/td>\n<td style=\"width: 33.3333%;\">\n<p style=\"text-align: center;\"><span style=\"font-size: 10pt;\">Tarde: 13:30\u00a0 \u00e0s 16:30<\/span><\/p>\n<p style=\"text-align: center;\"><span style=\"color: #800080;\"><strong>Oficinas Tem\u00e1tica<\/strong>s<\/span><\/p>\n<p style=\"text-align: center;\"><span style=\"color: #ff0000;\"><strong>Sala 44\u00a0 (CEHUS)- 13:30-15:00 h<\/strong><\/span><\/p>\n<ul>\n<li style=\"text-align: justify;\">Hist\u00f3ria P\u00fablica, Produ\u00e7\u00e3o e usos de memes com tem\u00e1ticas hist\u00f3ricas (Leonardo e Franciele)<\/li>\n<\/ul>\n<p style=\"text-align: center;\"><a href=\"https:\/\/docs.google.com\/forms\/d\/e\/1FAIpQLSfscdk9ojJyhRRKWfBuw6YmQ-jFWTtHIqZNsxX0y2-Fvzoqsw\/viewform?usp=sf_link\">(Para inscri\u00e7\u00f5es clique aqui)<\/a><\/p>\n<p style=\"text-align: center;\"><span style=\"color: #ff0000;\"><strong>Sala 44 (CEHUS) &#8211; 15:30-17:00 h<\/strong><\/span><\/p>\n<ul>\n<li>An\u00e1lises de Negacionismos hist\u00f3ricos e usos do passados\u00a0 atrav\u00e9s de m\u00eddias digitais (Maria Portilho)<\/li>\n<\/ul>\n<p style=\"text-align: center;\"><a href=\"https:\/\/forms.gle\/FfE89TRrxy6DszwZA\">(Para inscri\u00e7\u00f5es clique aqui)<\/a><\/p>\n<p>&nbsp;<\/p>\n<p>&nbsp;<\/p>\n<p>&nbsp;<\/p>\n<p style=\"text-align: center;\">\n<\/td>\n<\/tr>\n<tr>\n<td style=\"width: 33.3333%;\">\n<p style=\"text-align: center;\"><span style=\"font-size: 10pt;\">Noite: 19:30 \u00e0s 22:00<\/span><\/p>\n<p style=\"text-align: center;\"><span style=\"color: #800000;\"><strong>Confer\u00eancia de abertura<\/strong><\/span><\/p>\n<p>Prof. Dr. Arnaldo Martin Szlachta Junior (UFPE)<\/p>\n<p>(Formato Virtual)<\/p>\n<p>Media\u00e7\u00e3o: Prof. Dr. Wilian Bonete<\/td>\n<td style=\"width: 33.3333%;\">\n<p style=\"text-align: center;\"><span style=\"font-size: 10pt;\">Noite: 19:00 \u00e0s 22:00<\/span><\/p>\n<p style=\"text-align: center;\"><span style=\"color: #0000ff;\"><strong>Sess\u00f5es de Comunica\u00e7\u00f5es<\/strong><\/span><\/p>\n<\/td>\n<td style=\"width: 33.3333%;\">\n<p style=\"text-align: center;\"><span style=\"font-size: 10pt;\">Noite: 19 \u00e0s 22:00<\/span><\/p>\n<p style=\"text-align: center;\"><span style=\"color: #800080;\"><strong>Comunica\u00e7\u00f5es de Est\u00e1gios Supervisionados<\/strong><\/span><\/p>\n<\/td>\n<\/tr>\n<\/tbody>\n<\/table>\n<p>Para acessar a transmiss\u00e3o:<\/p>\n<p><a href=\"https:\/\/www.youtube.com\/watch?v=UQvLks2JDUU\">Clique aqui<\/a><\/p>\n","protected":false},"excerpt":{"rendered":"<p>18\/11 (SEG) 19\/11(TER) 21\/11(QUI) Tarde: 13:30 \u00e0s 16:30 Mesa 1: troca de saberes Rodrigo Giovanaz (Seduc\/Rs) Carmem Lubke (Seduc\/Rs) Media\u00e7\u00e3o: Prof. Dr. Mauro Dillmann &nbsp; Tarde: 13:30 \u00e0s 16:30 Mesa 2: troca de saberes K\u00e1tia Flores\u00a0 Fontoura (SMED\/POA) Andr\u00e9 Luis Pereira (IFSUL) Prof. Dr.\u00aa Alessandra Gasparotto 16:30 \u00e0s 17:00 Lan\u00e7amento dos Cadernos Tem\u00e1ticos do LEH, &hellip; <\/p>\n<p><a class=\"more-link btn\" href=\"https:\/\/wp.ufpel.edu.br\/mostradeensinodehistoria\/programacao-2\/\">Continue lendo<\/a><\/p>\n","protected":false},"author":1274,"featured_media":0,"parent":0,"menu_order":5,"comment_status":"closed","ping_status":"closed","template":"","meta":{"footnotes":""},"class_list":["post-29","page","type-page","status-publish","hentry","nodate","item-wrap"],"jetpack_sharing_enabled":true,"_links":{"self":[{"href":"https:\/\/wp.ufpel.edu.br\/mostradeensinodehistoria\/wp-json\/wp\/v2\/pages\/29","targetHints":{"allow":["GET"]}}],"collection":[{"href":"https:\/\/wp.ufpel.edu.br\/mostradeensinodehistoria\/wp-json\/wp\/v2\/pages"}],"about":[{"href":"https:\/\/wp.ufpel.edu.br\/mostradeensinodehistoria\/wp-json\/wp\/v2\/types\/page"}],"author":[{"embeddable":true,"href":"https:\/\/wp.ufpel.edu.br\/mostradeensinodehistoria\/wp-json\/wp\/v2\/users\/1274"}],"replies":[{"embeddable":true,"href":"https:\/\/wp.ufpel.edu.br\/mostradeensinodehistoria\/wp-json\/wp\/v2\/comments?post=29"}],"version-history":[{"count":15,"href":"https:\/\/wp.ufpel.edu.br\/mostradeensinodehistoria\/wp-json\/wp\/v2\/pages\/29\/revisions"}],"predecessor-version":[{"id":125,"href":"https:\/\/wp.ufpel.edu.br\/mostradeensinodehistoria\/wp-json\/wp\/v2\/pages\/29\/revisions\/125"}],"wp:attachment":[{"href":"https:\/\/wp.ufpel.edu.br\/mostradeensinodehistoria\/wp-json\/wp\/v2\/media?parent=29"}],"curies":[{"name":"wp","href":"https:\/\/api.w.org\/{rel}","templated":true}]}}