{"id":43,"date":"2020-10-22T14:08:53","date_gmt":"2020-10-22T17:08:53","guid":{"rendered":"https:\/\/wp.ufpel.edu.br\/mostradecursos\/?page_id=43"},"modified":"2023-08-17T11:12:21","modified_gmt":"2023-08-17T14:12:21","slug":"outras-mostras","status":"publish","type":"page","link":"https:\/\/wp.ufpel.edu.br\/mostradecursos\/outras-mostras\/","title":{"rendered":"Outras Mostras"},"content":{"rendered":"<h3><\/h3>\n<h3><\/h3>\n<h3><\/h3>\n<h3>Primeira Mostra de Cursos da UFPel &#8211; 2017<\/h3>\n\n\t\t<style type=\"text\/css\">\n\t\t\t#gallery-1 {\n\t\t\t\tmargin: auto;\n\t\t\t}\n\t\t\t#gallery-1 .gallery-item {\n\t\t\t\tfloat: left;\n\t\t\t\tmargin-top: 10px;\n\t\t\t\ttext-align: center;\n\t\t\t\twidth: 25%;\n\t\t\t}\n\t\t\t#gallery-1 img {\n\t\t\t\tborder: 2px solid #cfcfcf;\n\t\t\t}\n\t\t\t#gallery-1 .gallery-caption {\n\t\t\t\tmargin-left: 0;\n\t\t\t}\n\t\t\t\/* see gallery_shortcode() in wp-includes\/media.php *\/\n\t\t<\/style>\n\t\t<div id='gallery-1' class='gallery galleryid-43 gallery-columns-4 gallery-size-thumbnail'><dl class='gallery-item'>\n\t\t\t<dt class='gallery-icon landscape'>\n\t\t\t\t<a href='https:\/\/wp.ufpel.edu.br\/mostradecursos\/outras-mostras\/17-1\/#main'><img loading=\"lazy\" decoding=\"async\" width=\"200\" height=\"200\" src=\"https:\/\/wp.ufpel.edu.br\/mostradecursos\/files\/2020\/10\/17-1-200x200.jpg\" class=\"attachment-thumbnail size-thumbnail\" alt=\"\" aria-describedby=\"gallery-1-83\" srcset=\"https:\/\/wp.ufpel.edu.br\/mostradecursos\/files\/2020\/10\/17-1-200x200.jpg 200w, https:\/\/wp.ufpel.edu.br\/mostradecursos\/files\/2020\/10\/17-1-32x32.jpg 32w\" sizes=\"auto, (max-width: 200px) 100vw, 200px\" \/><\/a>\n\t\t\t<\/dt>\n\t\t\t\t<dd class='wp-caption-text gallery-caption' id='gallery-1-83'>\n\t\t\t\tMostra de Cursos 2017-1\n\t\t\t\t<\/dd><\/dl><dl class='gallery-item'>\n\t\t\t<dt class='gallery-icon landscape'>\n\t\t\t\t<a href='https:\/\/wp.ufpel.edu.br\/mostradecursos\/outras-mostras\/17-2\/#main'><img loading=\"lazy\" decoding=\"async\" width=\"200\" height=\"200\" src=\"https:\/\/wp.ufpel.edu.br\/mostradecursos\/files\/2020\/10\/17-2-200x200.jpg\" class=\"attachment-thumbnail size-thumbnail\" alt=\"\" aria-describedby=\"gallery-1-84\" srcset=\"https:\/\/wp.ufpel.edu.br\/mostradecursos\/files\/2020\/10\/17-2-200x200.jpg 200w, https:\/\/wp.ufpel.edu.br\/mostradecursos\/files\/2020\/10\/17-2-32x32.jpg 32w\" sizes=\"auto, (max-width: 200px) 100vw, 200px\" \/><\/a>\n\t\t\t<\/dt>\n\t\t\t\t<dd class='wp-caption-text gallery-caption' id='gallery-1-84'>\n\t\t\t\tMostra de Cursos 2017-1\n\t\t\t\t<\/dd><\/dl><dl class='gallery-item'>\n\t\t\t<dt class='gallery-icon landscape'>\n\t\t\t\t<a href='https:\/\/wp.ufpel.edu.br\/mostradecursos\/outras-mostras\/17-3\/#main'><img loading=\"lazy\" decoding=\"async\" width=\"200\" height=\"200\" src=\"https:\/\/wp.ufpel.edu.br\/mostradecursos\/files\/2020\/10\/17-3-200x200.jpg\" class=\"attachment-thumbnail size-thumbnail\" alt=\"\" aria-describedby=\"gallery-1-85\" srcset=\"https:\/\/wp.ufpel.edu.br\/mostradecursos\/files\/2020\/10\/17-3-200x200.jpg 200w, https:\/\/wp.ufpel.edu.br\/mostradecursos\/files\/2020\/10\/17-3-32x32.jpg 32w\" sizes=\"auto, (max-width: 200px) 100vw, 200px\" \/><\/a>\n\t\t\t<\/dt>\n\t\t\t\t<dd class='wp-caption-text gallery-caption' id='gallery-1-85'>\n\t\t\t\tMostra de Cursos 2017-1\n\t\t\t\t<\/dd><\/dl>\n\t\t\t<br style='clear: both' \/>\n\t\t<\/div>\n\n<h3>Segunda Mostra de Cursos da UFPel &#8211; 2018<\/h3>\n\n\t\t<style type=\"text\/css\">\n\t\t\t#gallery-2 {\n\t\t\t\tmargin: auto;\n\t\t\t}\n\t\t\t#gallery-2 .gallery-item {\n\t\t\t\tfloat: left;\n\t\t\t\tmargin-top: 10px;\n\t\t\t\ttext-align: center;\n\t\t\t\twidth: 25%;\n\t\t\t}\n\t\t\t#gallery-2 img {\n\t\t\t\tborder: 2px solid #cfcfcf;\n\t\t\t}\n\t\t\t#gallery-2 .gallery-caption {\n\t\t\t\tmargin-left: 0;\n\t\t\t}\n\t\t\t\/* see gallery_shortcode() in wp-includes\/media.php *\/\n\t\t<\/style>\n\t\t<div id='gallery-2' class='gallery galleryid-43 gallery-columns-4 gallery-size-thumbnail'><dl class='gallery-item'>\n\t\t\t<dt class='gallery-icon landscape'>\n\t\t\t\t<a href='https:\/\/wp.ufpel.edu.br\/mostradecursos\/outras-mostras\/18-1\/#main'><img loading=\"lazy\" decoding=\"async\" width=\"200\" height=\"200\" src=\"https:\/\/wp.ufpel.edu.br\/mostradecursos\/files\/2020\/10\/18-1-200x200.jpg\" class=\"attachment-thumbnail size-thumbnail\" alt=\"\" aria-describedby=\"gallery-2-86\" srcset=\"https:\/\/wp.ufpel.edu.br\/mostradecursos\/files\/2020\/10\/18-1-200x200.jpg 200w, https:\/\/wp.ufpel.edu.br\/mostradecursos\/files\/2020\/10\/18-1-32x32.jpg 32w\" sizes=\"auto, (max-width: 200px) 100vw, 200px\" \/><\/a>\n\t\t\t<\/dt>\n\t\t\t\t<dd class='wp-caption-text gallery-caption' id='gallery-2-86'>\n\t\t\t\tMostra de Cursos 2018-1\n\t\t\t\t<\/dd><\/dl><dl class='gallery-item'>\n\t\t\t<dt class='gallery-icon landscape'>\n\t\t\t\t<a href='https:\/\/wp.ufpel.edu.br\/mostradecursos\/outras-mostras\/18-2\/#main'><img loading=\"lazy\" decoding=\"async\" width=\"200\" height=\"200\" src=\"https:\/\/wp.ufpel.edu.br\/mostradecursos\/files\/2020\/10\/18-2-200x200.jpg\" class=\"attachment-thumbnail size-thumbnail\" alt=\"\" aria-describedby=\"gallery-2-87\" srcset=\"https:\/\/wp.ufpel.edu.br\/mostradecursos\/files\/2020\/10\/18-2-200x200.jpg 200w, https:\/\/wp.ufpel.edu.br\/mostradecursos\/files\/2020\/10\/18-2-32x32.jpg 32w\" sizes=\"auto, (max-width: 200px) 100vw, 200px\" \/><\/a>\n\t\t\t<\/dt>\n\t\t\t\t<dd class='wp-caption-text gallery-caption' id='gallery-2-87'>\n\t\t\t\tMostra de Cursos 2018-2\n\t\t\t\t<\/dd><\/dl><dl class='gallery-item'>\n\t\t\t<dt class='gallery-icon landscape'>\n\t\t\t\t<a href='https:\/\/wp.ufpel.edu.br\/mostradecursos\/outras-mostras\/18-3\/#main'><img loading=\"lazy\" decoding=\"async\" width=\"200\" height=\"200\" src=\"https:\/\/wp.ufpel.edu.br\/mostradecursos\/files\/2020\/10\/18-3-200x200.jpg\" class=\"attachment-thumbnail size-thumbnail\" alt=\"\" aria-describedby=\"gallery-2-88\" srcset=\"https:\/\/wp.ufpel.edu.br\/mostradecursos\/files\/2020\/10\/18-3-200x200.jpg 200w, https:\/\/wp.ufpel.edu.br\/mostradecursos\/files\/2020\/10\/18-3-32x32.jpg 32w\" sizes=\"auto, (max-width: 200px) 100vw, 200px\" \/><\/a>\n\t\t\t<\/dt>\n\t\t\t\t<dd class='wp-caption-text gallery-caption' id='gallery-2-88'>\n\t\t\t\tMostra de Cursos 2018-3\n\t\t\t\t<\/dd><\/dl><dl class='gallery-item'>\n\t\t\t<dt class='gallery-icon landscape'>\n\t\t\t\t<a href='https:\/\/wp.ufpel.edu.br\/mostradecursos\/outras-mostras\/18-4\/#main'><img loading=\"lazy\" decoding=\"async\" width=\"200\" height=\"200\" src=\"https:\/\/wp.ufpel.edu.br\/mostradecursos\/files\/2020\/10\/18-4-200x200.jpg\" class=\"attachment-thumbnail size-thumbnail\" alt=\"\" aria-describedby=\"gallery-2-89\" srcset=\"https:\/\/wp.ufpel.edu.br\/mostradecursos\/files\/2020\/10\/18-4-200x200.jpg 200w, https:\/\/wp.ufpel.edu.br\/mostradecursos\/files\/2020\/10\/18-4-32x32.jpg 32w\" sizes=\"auto, (max-width: 200px) 100vw, 200px\" \/><\/a>\n\t\t\t<\/dt>\n\t\t\t\t<dd class='wp-caption-text gallery-caption' id='gallery-2-89'>\n\t\t\t\tMostra de Cursos 2018-4\n\t\t\t\t<\/dd><\/dl><br style=\"clear: both\" \/><dl class='gallery-item'>\n\t\t\t<dt class='gallery-icon landscape'>\n\t\t\t\t<a href='https:\/\/wp.ufpel.edu.br\/mostradecursos\/outras-mostras\/18-5\/#main'><img loading=\"lazy\" decoding=\"async\" width=\"200\" height=\"200\" src=\"https:\/\/wp.ufpel.edu.br\/mostradecursos\/files\/2020\/10\/18-5-200x200.jpg\" class=\"attachment-thumbnail size-thumbnail\" alt=\"\" aria-describedby=\"gallery-2-90\" srcset=\"https:\/\/wp.ufpel.edu.br\/mostradecursos\/files\/2020\/10\/18-5-200x200.jpg 200w, https:\/\/wp.ufpel.edu.br\/mostradecursos\/files\/2020\/10\/18-5-32x32.jpg 32w\" sizes=\"auto, (max-width: 200px) 100vw, 200px\" \/><\/a>\n\t\t\t<\/dt>\n\t\t\t\t<dd class='wp-caption-text gallery-caption' id='gallery-2-90'>\n\t\t\t\tMostra de Cursos 2018-5\n\t\t\t\t<\/dd><\/dl><dl class='gallery-item'>\n\t\t\t<dt class='gallery-icon landscape'>\n\t\t\t\t<a href='https:\/\/wp.ufpel.edu.br\/mostradecursos\/outras-mostras\/18-6\/#main'><img loading=\"lazy\" decoding=\"async\" width=\"200\" height=\"200\" src=\"https:\/\/wp.ufpel.edu.br\/mostradecursos\/files\/2020\/10\/18-6-200x200.jpg\" class=\"attachment-thumbnail size-thumbnail\" alt=\"\" aria-describedby=\"gallery-2-91\" srcset=\"https:\/\/wp.ufpel.edu.br\/mostradecursos\/files\/2020\/10\/18-6-200x200.jpg 200w, https:\/\/wp.ufpel.edu.br\/mostradecursos\/files\/2020\/10\/18-6-32x32.jpg 32w\" sizes=\"auto, (max-width: 200px) 100vw, 200px\" \/><\/a>\n\t\t\t<\/dt>\n\t\t\t\t<dd class='wp-caption-text gallery-caption' id='gallery-2-91'>\n\t\t\t\tMostra de Cursos 2018-6\n\t\t\t\t<\/dd><\/dl><dl class='gallery-item'>\n\t\t\t<dt class='gallery-icon landscape'>\n\t\t\t\t<a href='https:\/\/wp.ufpel.edu.br\/mostradecursos\/outras-mostras\/18-7\/#main'><img loading=\"lazy\" decoding=\"async\" width=\"200\" height=\"200\" src=\"https:\/\/wp.ufpel.edu.br\/mostradecursos\/files\/2020\/10\/18-7-200x200.jpg\" class=\"attachment-thumbnail size-thumbnail\" alt=\"\" aria-describedby=\"gallery-2-92\" srcset=\"https:\/\/wp.ufpel.edu.br\/mostradecursos\/files\/2020\/10\/18-7-200x200.jpg 200w, https:\/\/wp.ufpel.edu.br\/mostradecursos\/files\/2020\/10\/18-7-32x32.jpg 32w\" sizes=\"auto, (max-width: 200px) 100vw, 200px\" \/><\/a>\n\t\t\t<\/dt>\n\t\t\t\t<dd class='wp-caption-text gallery-caption' id='gallery-2-92'>\n\t\t\t\tMostra de Cursos 2018-7\n\t\t\t\t<\/dd><\/dl>\n\t\t\t<br style='clear: both' \/>\n\t\t<\/div>\n\n<h3>Terceira Mostra de Cursos da UFPel &#8211; 2019<\/h3>\n\n\t\t<style type=\"text\/css\">\n\t\t\t#gallery-3 {\n\t\t\t\tmargin: auto;\n\t\t\t}\n\t\t\t#gallery-3 .gallery-item {\n\t\t\t\tfloat: left;\n\t\t\t\tmargin-top: 10px;\n\t\t\t\ttext-align: center;\n\t\t\t\twidth: 25%;\n\t\t\t}\n\t\t\t#gallery-3 img {\n\t\t\t\tborder: 2px solid #cfcfcf;\n\t\t\t}\n\t\t\t#gallery-3 .gallery-caption {\n\t\t\t\tmargin-left: 0;\n\t\t\t}\n\t\t\t\/* see gallery_shortcode() in wp-includes\/media.php *\/\n\t\t<\/style>\n\t\t<div id='gallery-3' class='gallery galleryid-43 gallery-columns-4 gallery-size-thumbnail'><dl class='gallery-item'>\n\t\t\t<dt class='gallery-icon landscape'>\n\t\t\t\t<a href='https:\/\/wp.ufpel.edu.br\/mostradecursos\/files\/2020\/10\/mostra.jpg'><img loading=\"lazy\" decoding=\"async\" width=\"200\" height=\"200\" src=\"https:\/\/wp.ufpel.edu.br\/mostradecursos\/files\/2020\/10\/mostra-200x200.jpg\" class=\"attachment-thumbnail size-thumbnail\" alt=\"\" aria-describedby=\"gallery-3-66\" srcset=\"https:\/\/wp.ufpel.edu.br\/mostradecursos\/files\/2020\/10\/mostra-200x200.jpg 200w, https:\/\/wp.ufpel.edu.br\/mostradecursos\/files\/2020\/10\/mostra-32x32.jpg 32w\" sizes=\"auto, (max-width: 200px) 100vw, 200px\" \/><\/a>\n\t\t\t<\/dt>\n\t\t\t\t<dd class='wp-caption-text gallery-caption' id='gallery-3-66'>\n\t\t\t\tMostra de Cursos 2019-1\n\t\t\t\t<\/dd><\/dl><dl class='gallery-item'>\n\t\t\t<dt class='gallery-icon landscape'>\n\t\t\t\t<a href='https:\/\/wp.ufpel.edu.br\/mostradecursos\/files\/2020\/10\/mostra1.jpg'><img loading=\"lazy\" decoding=\"async\" width=\"200\" height=\"200\" src=\"https:\/\/wp.ufpel.edu.br\/mostradecursos\/files\/2020\/10\/mostra1-200x200.jpg\" class=\"attachment-thumbnail size-thumbnail\" alt=\"\" aria-describedby=\"gallery-3-67\" srcset=\"https:\/\/wp.ufpel.edu.br\/mostradecursos\/files\/2020\/10\/mostra1-200x200.jpg 200w, https:\/\/wp.ufpel.edu.br\/mostradecursos\/files\/2020\/10\/mostra1-32x32.jpg 32w\" sizes=\"auto, (max-width: 200px) 100vw, 200px\" \/><\/a>\n\t\t\t<\/dt>\n\t\t\t\t<dd class='wp-caption-text gallery-caption' id='gallery-3-67'>\n\t\t\t\tMostra de Cursos 2019-2\n\t\t\t\t<\/dd><\/dl><dl class='gallery-item'>\n\t\t\t<dt class='gallery-icon landscape'>\n\t\t\t\t<a href='https:\/\/wp.ufpel.edu.br\/mostradecursos\/files\/2020\/10\/mostra2.jpg'><img loading=\"lazy\" decoding=\"async\" width=\"200\" height=\"200\" src=\"https:\/\/wp.ufpel.edu.br\/mostradecursos\/files\/2020\/10\/mostra2-200x200.jpg\" class=\"attachment-thumbnail size-thumbnail\" alt=\"Imagens da Mostra de 2019\" aria-describedby=\"gallery-3-68\" srcset=\"https:\/\/wp.ufpel.edu.br\/mostradecursos\/files\/2020\/10\/mostra2-200x200.jpg 200w, https:\/\/wp.ufpel.edu.br\/mostradecursos\/files\/2020\/10\/mostra2-32x32.jpg 32w\" sizes=\"auto, (max-width: 200px) 100vw, 200px\" \/><\/a>\n\t\t\t<\/dt>\n\t\t\t\t<dd class='wp-caption-text gallery-caption' id='gallery-3-68'>\n\t\t\t\tMostra de Cursos 2019-3\n\t\t\t\t<\/dd><\/dl><dl class='gallery-item'>\n\t\t\t<dt class='gallery-icon landscape'>\n\t\t\t\t<a href='https:\/\/wp.ufpel.edu.br\/mostradecursos\/files\/2020\/10\/mostra3.jpg'><img loading=\"lazy\" decoding=\"async\" width=\"200\" height=\"200\" src=\"https:\/\/wp.ufpel.edu.br\/mostradecursos\/files\/2020\/10\/mostra3-200x200.jpg\" class=\"attachment-thumbnail size-thumbnail\" alt=\"\" aria-describedby=\"gallery-3-69\" srcset=\"https:\/\/wp.ufpel.edu.br\/mostradecursos\/files\/2020\/10\/mostra3-200x200.jpg 200w, https:\/\/wp.ufpel.edu.br\/mostradecursos\/files\/2020\/10\/mostra3-32x32.jpg 32w\" sizes=\"auto, (max-width: 200px) 100vw, 200px\" \/><\/a>\n\t\t\t<\/dt>\n\t\t\t\t<dd class='wp-caption-text gallery-caption' id='gallery-3-69'>\n\t\t\t\tMostra de Cursos 2019-4\n\t\t\t\t<\/dd><\/dl><br style=\"clear: both\" \/><dl class='gallery-item'>\n\t\t\t<dt class='gallery-icon landscape'>\n\t\t\t\t<a href='https:\/\/wp.ufpel.edu.br\/mostradecursos\/files\/2020\/10\/mostra4.jpg'><img loading=\"lazy\" decoding=\"async\" width=\"200\" height=\"200\" src=\"https:\/\/wp.ufpel.edu.br\/mostradecursos\/files\/2020\/10\/mostra4-200x200.jpg\" class=\"attachment-thumbnail size-thumbnail\" alt=\"\" aria-describedby=\"gallery-3-70\" srcset=\"https:\/\/wp.ufpel.edu.br\/mostradecursos\/files\/2020\/10\/mostra4-200x200.jpg 200w, https:\/\/wp.ufpel.edu.br\/mostradecursos\/files\/2020\/10\/mostra4-32x32.jpg 32w\" sizes=\"auto, (max-width: 200px) 100vw, 200px\" \/><\/a>\n\t\t\t<\/dt>\n\t\t\t\t<dd class='wp-caption-text gallery-caption' id='gallery-3-70'>\n\t\t\t\tMostra de Cursos 2019-5\n\t\t\t\t<\/dd><\/dl><dl class='gallery-item'>\n\t\t\t<dt class='gallery-icon landscape'>\n\t\t\t\t<a href='https:\/\/wp.ufpel.edu.br\/mostradecursos\/files\/2020\/10\/mostra5.jpg'><img loading=\"lazy\" decoding=\"async\" width=\"200\" height=\"200\" src=\"https:\/\/wp.ufpel.edu.br\/mostradecursos\/files\/2020\/10\/mostra5-200x200.jpg\" class=\"attachment-thumbnail size-thumbnail\" alt=\"\" aria-describedby=\"gallery-3-71\" srcset=\"https:\/\/wp.ufpel.edu.br\/mostradecursos\/files\/2020\/10\/mostra5-200x200.jpg 200w, https:\/\/wp.ufpel.edu.br\/mostradecursos\/files\/2020\/10\/mostra5-32x32.jpg 32w\" sizes=\"auto, (max-width: 200px) 100vw, 200px\" \/><\/a>\n\t\t\t<\/dt>\n\t\t\t\t<dd class='wp-caption-text gallery-caption' id='gallery-3-71'>\n\t\t\t\tMostra de Cursos 2019-6\n\t\t\t\t<\/dd><\/dl><dl class='gallery-item'>\n\t\t\t<dt class='gallery-icon landscape'>\n\t\t\t\t<a href='https:\/\/wp.ufpel.edu.br\/mostradecursos\/files\/2020\/10\/mostra6.jpg'><img loading=\"lazy\" decoding=\"async\" width=\"200\" height=\"200\" src=\"https:\/\/wp.ufpel.edu.br\/mostradecursos\/files\/2020\/10\/mostra6-200x200.jpg\" class=\"attachment-thumbnail size-thumbnail\" alt=\"\" aria-describedby=\"gallery-3-72\" srcset=\"https:\/\/wp.ufpel.edu.br\/mostradecursos\/files\/2020\/10\/mostra6-200x200.jpg 200w, https:\/\/wp.ufpel.edu.br\/mostradecursos\/files\/2020\/10\/mostra6-32x32.jpg 32w\" sizes=\"auto, (max-width: 200px) 100vw, 200px\" \/><\/a>\n\t\t\t<\/dt>\n\t\t\t\t<dd class='wp-caption-text gallery-caption' id='gallery-3-72'>\n\t\t\t\tMostra de Cursos 2019-7\n\t\t\t\t<\/dd><\/dl><dl class='gallery-item'>\n\t\t\t<dt class='gallery-icon landscape'>\n\t\t\t\t<a href='https:\/\/wp.ufpel.edu.br\/mostradecursos\/files\/2020\/10\/mostra7.jpg'><img loading=\"lazy\" decoding=\"async\" width=\"200\" height=\"200\" src=\"https:\/\/wp.ufpel.edu.br\/mostradecursos\/files\/2020\/10\/mostra7-200x200.jpg\" class=\"attachment-thumbnail size-thumbnail\" alt=\"\" aria-describedby=\"gallery-3-73\" srcset=\"https:\/\/wp.ufpel.edu.br\/mostradecursos\/files\/2020\/10\/mostra7-200x200.jpg 200w, https:\/\/wp.ufpel.edu.br\/mostradecursos\/files\/2020\/10\/mostra7-32x32.jpg 32w\" sizes=\"auto, (max-width: 200px) 100vw, 200px\" \/><\/a>\n\t\t\t<\/dt>\n\t\t\t\t<dd class='wp-caption-text gallery-caption' id='gallery-3-73'>\n\t\t\t\tMostra de Cursos 2019-8\n\t\t\t\t<\/dd><\/dl><br style=\"clear: both\" \/><dl class='gallery-item'>\n\t\t\t<dt class='gallery-icon landscape'>\n\t\t\t\t<a href='https:\/\/wp.ufpel.edu.br\/mostradecursos\/files\/2020\/10\/mostra8.jpg'><img loading=\"lazy\" decoding=\"async\" width=\"200\" height=\"200\" src=\"https:\/\/wp.ufpel.edu.br\/mostradecursos\/files\/2020\/10\/mostra8-200x200.jpg\" class=\"attachment-thumbnail size-thumbnail\" alt=\"\" aria-describedby=\"gallery-3-74\" srcset=\"https:\/\/wp.ufpel.edu.br\/mostradecursos\/files\/2020\/10\/mostra8-200x200.jpg 200w, https:\/\/wp.ufpel.edu.br\/mostradecursos\/files\/2020\/10\/mostra8-32x32.jpg 32w\" sizes=\"auto, (max-width: 200px) 100vw, 200px\" \/><\/a>\n\t\t\t<\/dt>\n\t\t\t\t<dd class='wp-caption-text gallery-caption' id='gallery-3-74'>\n\t\t\t\tMostra de Cursos 2019-9\n\t\t\t\t<\/dd><\/dl><dl class='gallery-item'>\n\t\t\t<dt class='gallery-icon landscape'>\n\t\t\t\t<a href='https:\/\/wp.ufpel.edu.br\/mostradecursos\/files\/2020\/10\/mostra9.jpg'><img loading=\"lazy\" decoding=\"async\" width=\"200\" height=\"200\" src=\"https:\/\/wp.ufpel.edu.br\/mostradecursos\/files\/2020\/10\/mostra9-200x200.jpg\" class=\"attachment-thumbnail size-thumbnail\" alt=\"\" aria-describedby=\"gallery-3-75\" srcset=\"https:\/\/wp.ufpel.edu.br\/mostradecursos\/files\/2020\/10\/mostra9-200x200.jpg 200w, https:\/\/wp.ufpel.edu.br\/mostradecursos\/files\/2020\/10\/mostra9-32x32.jpg 32w\" sizes=\"auto, (max-width: 200px) 100vw, 200px\" \/><\/a>\n\t\t\t<\/dt>\n\t\t\t\t<dd class='wp-caption-text gallery-caption' id='gallery-3-75'>\n\t\t\t\tMostra de Cursos 2019-10\n\t\t\t\t<\/dd><\/dl><dl class='gallery-item'>\n\t\t\t<dt class='gallery-icon landscape'>\n\t\t\t\t<a href='https:\/\/wp.ufpel.edu.br\/mostradecursos\/files\/2020\/10\/mostra10.jpg'><img loading=\"lazy\" decoding=\"async\" width=\"200\" height=\"200\" src=\"https:\/\/wp.ufpel.edu.br\/mostradecursos\/files\/2020\/10\/mostra10-200x200.jpg\" class=\"attachment-thumbnail size-thumbnail\" alt=\"\" aria-describedby=\"gallery-3-76\" srcset=\"https:\/\/wp.ufpel.edu.br\/mostradecursos\/files\/2020\/10\/mostra10-200x200.jpg 200w, https:\/\/wp.ufpel.edu.br\/mostradecursos\/files\/2020\/10\/mostra10-32x32.jpg 32w\" sizes=\"auto, (max-width: 200px) 100vw, 200px\" \/><\/a>\n\t\t\t<\/dt>\n\t\t\t\t<dd class='wp-caption-text gallery-caption' id='gallery-3-76'>\n\t\t\t\tMostra de Cursos 2019-11\n\t\t\t\t<\/dd><\/dl><dl class='gallery-item'>\n\t\t\t<dt class='gallery-icon landscape'>\n\t\t\t\t<a href='https:\/\/wp.ufpel.edu.br\/mostradecursos\/files\/2020\/10\/mostra11.jpg'><img loading=\"lazy\" decoding=\"async\" width=\"200\" height=\"200\" src=\"https:\/\/wp.ufpel.edu.br\/mostradecursos\/files\/2020\/10\/mostra11-200x200.jpg\" class=\"attachment-thumbnail size-thumbnail\" alt=\"\" aria-describedby=\"gallery-3-77\" srcset=\"https:\/\/wp.ufpel.edu.br\/mostradecursos\/files\/2020\/10\/mostra11-200x200.jpg 200w, https:\/\/wp.ufpel.edu.br\/mostradecursos\/files\/2020\/10\/mostra11-32x32.jpg 32w\" sizes=\"auto, (max-width: 200px) 100vw, 200px\" \/><\/a>\n\t\t\t<\/dt>\n\t\t\t\t<dd class='wp-caption-text gallery-caption' id='gallery-3-77'>\n\t\t\t\tMostra de Cursos 2019-12\n\t\t\t\t<\/dd><\/dl><br style=\"clear: both\" \/>\n\t\t<\/div>\n\n<h3>Quarta Mostra de Cursos da UFPel &#8211; 2020 &#8211; Virtual<\/h3>\n<p><iframe loading=\"lazy\" title=\"LIVE DE LAN\u00c7AMENTO DA IV MOSTRA DE CURSOS DA UFPEL - EDI\u00c7\u00c3O VIRTUAL\" width=\"660\" height=\"371\" src=\"https:\/\/www.youtube.com\/embed\/bUVqEopZjyQ?start=195&#038;feature=oembed\" frameborder=\"0\" allow=\"accelerometer; autoplay; clipboard-write; encrypted-media; gyroscope; picture-in-picture; web-share\" referrerpolicy=\"strict-origin-when-cross-origin\" allowfullscreen><\/iframe><\/p>\n<p><iframe loading=\"lazy\" title=\"IV MOSTRA DE CURSOS UFPEL | FORMAS DE INGRESSO\" width=\"660\" height=\"371\" src=\"https:\/\/www.youtube.com\/embed\/3R5JxAkMgSE?feature=oembed\" frameborder=\"0\" allow=\"accelerometer; autoplay; clipboard-write; encrypted-media; gyroscope; picture-in-picture; web-share\" referrerpolicy=\"strict-origin-when-cross-origin\" allowfullscreen><\/iframe><\/p>\n<p>&nbsp;<\/p>\n<p><a href=\"https:\/\/ccs2.ufpel.edu.br\/wp\/tag\/mostra-de-cursos\/\">https:\/\/ccs2.ufpel.edu.br\/wp\/tag\/mostra-de-cursos\/<\/a><\/p>\n<p>&nbsp;<\/p>\n<h3><strong>Quinta Mostra de Cursos da UFPel &#8211; 2021 &#8211; Virtual<\/strong><\/h3>\n<p><iframe loading=\"lazy\" title=\"V Mostra de Cursos [#01] - Lan\u00e7amento - O que \u00e9 ser UFPEL?\" width=\"660\" height=\"371\" src=\"https:\/\/www.youtube.com\/embed\/5O5mLWBb03M?start=27&#038;feature=oembed\" frameborder=\"0\" allow=\"accelerometer; autoplay; clipboard-write; encrypted-media; gyroscope; picture-in-picture; web-share\" referrerpolicy=\"strict-origin-when-cross-origin\" allowfullscreen><\/iframe><\/p>\n","protected":false},"excerpt":{"rendered":"<p>Primeira Mostra de Cursos da UFPel &#8211; 2017 Segunda Mostra de Cursos da UFPel &#8211; 2018 Terceira Mostra de Cursos da UFPel &#8211; 2019 Quarta Mostra de Cursos da UFPel &#8211; 2020 &#8211; Virtual &nbsp; https:\/\/ccs2.ufpel.edu.br\/wp\/tag\/mostra-de-cursos\/ &nbsp; Quinta Mostra de Cursos da UFPel &#8211; 2021 &#8211; Virtual<\/p>\n","protected":false},"author":725,"featured_media":0,"parent":0,"menu_order":0,"comment_status":"closed","ping_status":"closed","template":"","meta":{"footnotes":""},"class_list":["post-43","page","type-page","status-publish","hentry"],"jetpack_sharing_enabled":true,"_links":{"self":[{"href":"https:\/\/wp.ufpel.edu.br\/mostradecursos\/wp-json\/wp\/v2\/pages\/43","targetHints":{"allow":["GET"]}}],"collection":[{"href":"https:\/\/wp.ufpel.edu.br\/mostradecursos\/wp-json\/wp\/v2\/pages"}],"about":[{"href":"https:\/\/wp.ufpel.edu.br\/mostradecursos\/wp-json\/wp\/v2\/types\/page"}],"author":[{"embeddable":true,"href":"https:\/\/wp.ufpel.edu.br\/mostradecursos\/wp-json\/wp\/v2\/users\/725"}],"replies":[{"embeddable":true,"href":"https:\/\/wp.ufpel.edu.br\/mostradecursos\/wp-json\/wp\/v2\/comments?post=43"}],"version-history":[{"count":14,"href":"https:\/\/wp.ufpel.edu.br\/mostradecursos\/wp-json\/wp\/v2\/pages\/43\/revisions"}],"predecessor-version":[{"id":416,"href":"https:\/\/wp.ufpel.edu.br\/mostradecursos\/wp-json\/wp\/v2\/pages\/43\/revisions\/416"}],"wp:attachment":[{"href":"https:\/\/wp.ufpel.edu.br\/mostradecursos\/wp-json\/wp\/v2\/media?parent=43"}],"curies":[{"name":"wp","href":"https:\/\/api.w.org\/{rel}","templated":true}]}}