{"id":36,"date":"2020-10-22T14:07:13","date_gmt":"2020-10-22T17:07:13","guid":{"rendered":"https:\/\/wp.ufpel.edu.br\/mostradecursos\/?page_id=36"},"modified":"2025-04-22T11:54:55","modified_gmt":"2025-04-22T14:54:55","slug":"videos-dos-cursos","status":"publish","type":"page","link":"https:\/\/wp.ufpel.edu.br\/mostradecursos\/videos-dos-cursos\/","title":{"rendered":"V\u00eddeos dos Cursos"},"content":{"rendered":"<h3>Veja os v\u00eddeos que preparamos para voc\u00ea conhecer nossos cursos.<\/h3>\n<ul>\n<li>\n<h4>Se voc\u00ea necessita de legenda para assistir os v\u00eddeos, acione a legenda autom\u00e1tica do Youtube.<\/h4>\n<\/li>\n<li><a href=\"https:\/\/l.ufpel.edu.br\/VideoAdministracao\">Administra\u00e7\u00e3o<\/a><\/li>\n<li><a href=\"https:\/\/l.ufpel.edu.br\/VideoAgronomia\">Agronomia<\/a><\/li>\n<li><a href=\"https:\/\/l.ufpel.edu.br\/VideoAlimentos\">Alimentos<\/a><\/li>\n<li><a href=\"https:\/\/l.ufpel.edu.br\/VideoAntropologia\">Antropologia<\/a><\/li>\n<li><a href=\"https:\/\/l.ufpel.edu.br\/VideoArqueologia\">Arqueologia<\/a><\/li>\n<li><a href=\"https:\/\/l.ufpel.edu.br\/VideoArquitetura\">Arquitetura e Urbanismo<\/a><\/li>\n<li><a href=\"https:\/\/l.ufpel.edu.br\/VideoArtes02\">Artes Visuais<\/a> (Bacharelado e Licenciatura)<\/li>\n<li><a href=\"https:\/\/youtu.be\/3YWieKu6zRM\">Biotecnologia<\/a><\/li>\n<li><a href=\"https:\/\/l.ufpel.edu.br\/VideoBiologiaBac\">Ci\u00eancias Biol\u00f3gicas<\/a> (Bacharelado)<\/li>\n<li><a href=\"https:\/\/l.ufpel.edu.br\/VideoBioLic\">Ci\u00eancias Biol\u00f3gicas<\/a> (Licenciatura)<\/li>\n<li><a href=\"https:\/\/l.ufpel.edu.br\/VideoComputacao\">Ci\u00eancia da Computa\u00e7\u00e3o<\/a><\/li>\n<li>Ci\u00eancias Econ\u00f4micas (ainda n\u00e3o dispon\u00edvel)<\/li>\n<li><a href=\"https:\/\/l.ufpel.edu.br\/VideoSociologiaBac\">Ci\u00eancias Sociais<\/a> (Bacharelado)<\/li>\n<li><a href=\"https:\/\/l.ufpel.edu.br\/VideoSociologiaLic\">Ci\u00eancias Sociais<\/a> (Licenciatura)<\/li>\n<li>Cinema de Anima\u00e7\u00e3o (ainda n\u00e3o dispon\u00edvel)<\/li>\n<li>Cinema e Audiovisual (ainda n\u00e3o dispon\u00edvel)<\/li>\n<li>Com\u00e9rcio Exterior (ainda n\u00e3o dispon\u00edvel)<\/li>\n<li><a href=\"https:\/\/l.ufpel.edu.br\/VideoConservacao\">Conserva\u00e7\u00e3o e Restauro de Bens Culturais M\u00f3veis<\/a><\/li>\n<li><a href=\"https:\/\/l.ufpel.edu.br\/VideoDanca\">Dan\u00e7a<\/a><\/li>\n<li><a href=\"https:\/\/l.ufpel.edu.br\/VideoDesign\">Design<\/a><\/li>\n<li>Design de Jogos (ainda n\u00e3o dispon\u00edvel)<\/li>\n<li><a href=\"https:\/\/youtu.be\/Te58MhjHxGc\">Direito<\/a><\/li>\n<li><a href=\"https:\/\/youtu.be\/jpDNmyZ_r2s\">Educa\u00e7\u00e3o F\u00edsica e Fisioterapia<\/a><\/li>\n<li><a href=\"https:\/\/l.ufpel.edu.br\/VideoEnfermagem\">Enfermagem<\/a><\/li>\n<li><a href=\"https:\/\/l.ufpel.edu.br\/VideoEngAgricola\">Engenharia Agr\u00edcola<\/a><\/li>\n<li><a href=\"https:\/\/l.ufpel.edu.br\/VideoAmbiental\">Engenharia Ambiental e Sanit\u00e1ria<\/a><\/li>\n<li>Engenharia Civil (ainda n\u00e3o dispon\u00edvel)<\/li>\n<li><a href=\"https:\/\/l.ufpel.edu.br\/VideoComputacao\">Engenharia da Computa\u00e7\u00e3o<\/a><\/li>\n<li>Engenharia de Controle e Automa\u00e7\u00e3o (ainda n\u00e3o dispon\u00edvel)<\/li>\n<li><a href=\"https:\/\/l.ufpel.edu.br\/VideoMateriais\">Engenharia de Materiais<\/a><\/li>\n<li><a href=\"https:\/\/l.ufpel.edu.br\/VideoPetroleo\">Engenharia de Petr\u00f3leo<\/a><\/li>\n<li><a href=\"https:\/\/l.ufpel.edu.br\/VideoEngProducao\">Engenharia de Produ\u00e7\u00e3o<\/a><\/li>\n<li>Engenharia de Transporte e Mobilidade (ainda n\u00e3o dispon\u00edvel)<\/li>\n<li>Engenharia Eletr\u00f4nica (ainda n\u00e3o dispon\u00edvel)<\/li>\n<li>Engenharia Geol\u00f3gica (ainda n\u00e3o dispon\u00edvel)<\/li>\n<li><a href=\"https:\/\/l.ufpel.edu.br\/VideoHidrica\">Engenharia H\u00eddrica<\/a><\/li>\n<li><a href=\"https:\/\/youtu.be\/RVPCpyI-Dfc\">Engenharia Industrial Madeireira<\/a><\/li>\n<li>Farm\u00e1cia\u00a0(ainda n\u00e3o dispon\u00edvel)<\/li>\n<li>Filosofia (Bacharelado) (ainda n\u00e3o dispon\u00edvel)<\/li>\n<li>Filosofia (Licenciatura) (ainda n\u00e3o dispon\u00edvel)<\/li>\n<li>Filosofia (Licenciatura EAD) (ainda n\u00e3o dispon\u00edvel)<\/li>\n<li><a href=\"https:\/\/l.ufpel.edu.br\/VideoFisicaBac\">F\u00edsica<\/a> (Bacharelado)<\/li>\n<li><a href=\"https:\/\/youtu.be\/qmVZ8PlmaCI\">F\u00edsica<\/a> (Licenciatura)<\/li>\n<li><a href=\"https:\/\/youtu.be\/UDdIAFNhUpw\">Gastronomia<\/a><\/li>\n<li><a href=\"https:\/\/l.ufpel.edu.br\/VideoGeografia\">Geografia<\/a> (Bacharelado)<\/li>\n<li><a href=\"https:\/\/l.ufpel.edu.br\/VideoGeografiaLic\">Geografia<\/a> (Licenciatura)<\/li>\n<li>Geoprocessamento (ainda n\u00e3o dispon\u00edvel)<\/li>\n<li><a href=\"https:\/\/l.ufpel.edu.br\/VideoGestaoAmbiental\">Gest\u00e3o Ambiental<\/a><\/li>\n<li><a href=\"https:\/\/l.ufpel.edu.br\/VideoGestaoPublica\">Gest\u00e3o P\u00fablica<\/a><\/li>\n<li><a href=\"https:\/\/l.ufpel.edu.br\/VideoHistoria\">Hist\u00f3ria<\/a> (Bacharelado)<\/li>\n<li><a href=\"https:\/\/l.ufpel.edu.br\/VideoHistoria\">Hist\u00f3ria<\/a> (Licenciatura)<\/li>\n<li>Hist\u00f3ria (Licenciatura EAD) (ainda n\u00e3o dispon\u00edvel)<\/li>\n<li>Hotelaria (ainda n\u00e3o dispon\u00edvel)<\/li>\n<li><a href=\"https:\/\/youtu.be\/urwBxhKFSls\">Jornalismo<\/a><\/li>\n<li><a href=\"https:\/\/l.ufpel.edu.br\/VideoEspanholEaD\">Letras &#8211; Espanhol a Dist\u00e2ncia<\/a><\/li>\n<li>Letras &#8211; LIBRAS \/ Literatura Surda (ainda n\u00e3o dispon\u00edvel)<\/li>\n<li><a href=\"https:\/\/l.ufpel.edu.br\/VideoLetras\">Letras- Portugu\u00eas<\/a> (Licenciatura)<\/li>\n<li><a href=\"https:\/\/l.ufpel.edu.br\/VideoAlemao\">Letras &#8211; Portugu\u00eas\/ Alem\u00e3o<\/a> (Licenciatura)<\/li>\n<li><a href=\"https:\/\/l.ufpel.edu.br\/VideoEspanhol\">Letras &#8211; Portugu\u00eas\/ Espanhol<\/a> (Licenciatura)<\/li>\n<li><a href=\"https:\/\/l.ufpel.edu.br\/VideoFrances\">Letras &#8211; Portugu\u00eas\/ Franc\u00eas<\/a> (Licenciatura)<\/li>\n<li><a href=\"https:\/\/l.ufpel.edu.br\/VideoIngles\">Letras &#8211; Portugu\u00eas\/ Ingl\u00eas<\/a> (Licenciatura)<\/li>\n<li>Letras &#8211; Reda\u00e7\u00e3o e Revis\u00e3o de Textos (Bacharelado) (ainda n\u00e3o dispon\u00edvel)<\/li>\n<li><a href=\"https:\/\/l.ufpel.edu.br\/VideoTraducaoEspanhol\">Letras- Tradu\u00e7\u00e3o Espanhol<\/a>\/ Portugu\u00eas (Bacharelado)<\/li>\n<li><a href=\"https:\/\/l.ufpel.edu.br\/VideoTraducaoIngles\">Letras &#8211; Tradu\u00e7\u00e3o Ingl\u00eas<\/a>\/ Portugu\u00eas (Bacharelado)<\/li>\n<li><a href=\"https:\/\/l.ufpel.edu.br\/VideoMatematicaDiurno\">Matem\u00e1tica<\/a> (Licenciatura)<\/li>\n<li><a href=\"https:\/\/l.ufpel.edu.br\/VideoMatematica\">Matem\u00e1tica<\/a> [Licenciatura\/ Noturno)<\/li>\n<li>Matem\u00e1tica (Licenciatura EAD) (ainda n\u00e3o dispon\u00edvel)<\/li>\n<li><a href=\"https:\/\/l.ufpel.edu.br\/VideoMedicina\">Medicina<\/a><\/li>\n<li><a href=\"https:\/\/l.ufpel.edu.br\/VideoVeterinaria\">Medicina Veterin\u00e1ria<\/a><\/li>\n<li><a href=\"https:\/\/youtu.be\/XXY3F0sL3UM\">Meteorologia<\/a><\/li>\n<li><a href=\"https:\/\/l.ufpel.edu.br\/VideoMuseologia\">Museologia<\/a><\/li>\n<li><a href=\"https:\/\/l.ufpel.edu.br\/VideoMusicaLic\">M\u00fasica<\/a> (Licenciatura)<\/li>\n<li>M\u00fasica &#8211; Canto (ainda n\u00e3o dispon\u00edvel)<\/li>\n<li>M\u00fasica &#8211; Ci\u00eancias Musicais (ainda n\u00e3o dispon\u00edvel)<\/li>\n<li>M\u00fasica &#8211; Composi\u00e7\u00e3o (ainda n\u00e3o dispon\u00edvel)<\/li>\n<li>M\u00fasica &#8211; Flauta Transversal (ainda n\u00e3o dispon\u00edvel)<\/li>\n<li>M\u00fasica &#8211; M\u00fasica Popular (ainda n\u00e3o dispon\u00edvel)<\/li>\n<li>M\u00fasica &#8211; Piano (ainda n\u00e3o dispon\u00edvel)<\/li>\n<li>M\u00fasica &#8211; Viol\u00e3o (ainda n\u00e3o dispon\u00edvel)<\/li>\n<li>M\u00fasica &#8211; Violino (ainda n\u00e3o dispon\u00edvel)<\/li>\n<li><a href=\"https:\/\/l.ufpel.edu.br\/VideoNutricao\">Nutri\u00e7\u00e3o<\/a><\/li>\n<li><a href=\"https:\/\/l.ufpel.edu.br\/VideoOdonto\">Odontologia<\/a><\/li>\n<li>Pedagogia (ainda n\u00e3o dispon\u00edvel)<\/li>\n<li>Pedagogia (Noturno) (ainda n\u00e3o dispon\u00edvel)<\/li>\n<li><a href=\"https:\/\/l.ufpel.edu.br\/VideoProcGerenciais\">Processos Gerenciais<\/a><\/li>\n<li><a href=\"https:\/\/l.ufpel.edu.br\/VideoPsicologia\">Psicologia<\/a><\/li>\n<li><a href=\"https:\/\/l.ufpel.edu.br\/VideoQuimicaBac\">Qu\u00edmica<\/a> (Bacharelado)<\/li>\n<li><a href=\"https:\/\/l.ufpel.edu.br\/VideoQuimicaLic\">Qu\u00edmica<\/a> (Licenciatura)<\/li>\n<li><a href=\"https:\/\/l.ufpel.edu.br\/VideoQuimicaAlimentos\">Qu\u00edmica de Alimentos<\/a><\/li>\n<li><a href=\"https:\/\/youtu.be\/AYQR5hxe2QQ\">Qu\u00edmica Forense<\/a><\/li>\n<li><a href=\"https:\/\/l.ufpel.edu.br\/VideoQuimicaIndustrial\">Qu\u00edmica Industrial<\/a><\/li>\n<li><a href=\"https:\/\/youtu.be\/V6KCpptDaws\">Rela\u00e7\u00f5es Internacionais<\/a><\/li>\n<li><a href=\"https:\/\/l.ufpel.edu.br\/VideoTeatro\">Teatro<\/a><\/li>\n<li><a href=\"https:\/\/l.ufpel.edu.br\/VideoTO\">Terapia Ocupacional<\/a><\/li>\n<li><a href=\"https:\/\/l.ufpel.edu.br\/VideoTurismo\">Turismo<\/a><\/li>\n<li><a href=\"https:\/\/l.ufpel.edu.br\/VideoZootecnia\">Zootecnia<\/a><\/li>\n<\/ul>\n","protected":false},"excerpt":{"rendered":"<p>Veja os v\u00eddeos que preparamos para voc\u00ea conhecer nossos cursos. Se voc\u00ea necessita de legenda para assistir os v\u00eddeos, acione a legenda autom\u00e1tica do Youtube. Administra\u00e7\u00e3o Agronomia Alimentos Antropologia Arqueologia Arquitetura e Urbanismo Artes Visuais (Bacharelado e Licenciatura) Biotecnologia Ci\u00eancias Biol\u00f3gicas (Bacharelado) Ci\u00eancias Biol\u00f3gicas (Licenciatura) Ci\u00eancia da Computa\u00e7\u00e3o Ci\u00eancias Econ\u00f4micas (ainda n\u00e3o dispon\u00edvel) Ci\u00eancias Sociais [&hellip;]<\/p>\n","protected":false},"author":725,"featured_media":0,"parent":0,"menu_order":0,"comment_status":"closed","ping_status":"closed","template":"","meta":{"footnotes":""},"class_list":["post-36","page","type-page","status-publish","hentry"],"jetpack_sharing_enabled":true,"_links":{"self":[{"href":"https:\/\/wp.ufpel.edu.br\/mostradecursos\/wp-json\/wp\/v2\/pages\/36","targetHints":{"allow":["GET"]}}],"collection":[{"href":"https:\/\/wp.ufpel.edu.br\/mostradecursos\/wp-json\/wp\/v2\/pages"}],"about":[{"href":"https:\/\/wp.ufpel.edu.br\/mostradecursos\/wp-json\/wp\/v2\/types\/page"}],"author":[{"embeddable":true,"href":"https:\/\/wp.ufpel.edu.br\/mostradecursos\/wp-json\/wp\/v2\/users\/725"}],"replies":[{"embeddable":true,"href":"https:\/\/wp.ufpel.edu.br\/mostradecursos\/wp-json\/wp\/v2\/comments?post=36"}],"version-history":[{"count":19,"href":"https:\/\/wp.ufpel.edu.br\/mostradecursos\/wp-json\/wp\/v2\/pages\/36\/revisions"}],"predecessor-version":[{"id":424,"href":"https:\/\/wp.ufpel.edu.br\/mostradecursos\/wp-json\/wp\/v2\/pages\/36\/revisions\/424"}],"wp:attachment":[{"href":"https:\/\/wp.ufpel.edu.br\/mostradecursos\/wp-json\/wp\/v2\/media?parent=36"}],"curies":[{"name":"wp","href":"https:\/\/api.w.org\/{rel}","templated":true}]}}