{"id":33,"date":"2020-10-22T14:06:41","date_gmt":"2020-10-22T17:06:41","guid":{"rendered":"https:\/\/wp.ufpel.edu.br\/mostradecursos\/?page_id=33"},"modified":"2024-09-03T11:56:56","modified_gmt":"2024-09-03T14:56:56","slug":"programacao","status":"publish","type":"page","link":"https:\/\/wp.ufpel.edu.br\/mostradecursos\/programacao\/","title":{"rendered":"Programa\u00e7\u00e3o"},"content":{"rendered":"<p style=\"text-align: justify;\">Programa\u00e7\u00e3o 2024 em constru\u00e7\u00e3o!<\/p>\n<p>&nbsp;<\/p>\n<h3>Rodas de Conversa<\/h3>\n<p style=\"text-align: justify;\">As Rodas de Conversa s\u00e3o momentos especiais da Mostra de Cursos em que os servidores da UFPel fazem bate-papos trocando informa\u00e7\u00f5es e experi\u00eancias sobre formas de ingresso, pol\u00edticas afirmativas e processos seletivos da Universidade Federal de Pelotas (UFPel). Estes encontros s\u00e3o uma oportunidade \u00fanica para a comunidade acad\u00eamica e externa se engajar em discuss\u00f5es enriquecedoras e conhecer mais sobre os diferentes aspectos para ingressar na vida universit\u00e1ria. Este ano, as Rodas de Conversa foram gravadas na R\u00e1dio Federal FM, permitindo que voc\u00ea possa acompanh\u00e1-las a qualquer momento. Abaixo, voc\u00ea encontra os links para acessar as grava\u00e7\u00f5es:<\/p>\n<p>Epis\u00f3dio 1: Cotas e Formas de Ingresso na UFPel<\/p>\n<p><iframe title=\"Spotify Embed: Federal Entrevista\" style=\"border-radius: 12px\" width=\"100%\" height=\"152\" frameborder=\"0\" allowfullscreen allow=\"autoplay; clipboard-write; encrypted-media; fullscreen; picture-in-picture\" loading=\"lazy\" src=\"https:\/\/open.spotify.com\/embed\/show\/5OKWDBhDaAj21iq0eDg177?si=0d484aed8b434ec0&#038;utm_source=oembed\"><\/iframe><\/p>\n<p style=\"text-align: justify;\">Este epis\u00f3dio do Federal Entrevista o bate-papo \u00e9 sobre os diferentes tipos de cotas que existem nos processos seletivos e as diferentes formas de ingresso para os cursos de gradua\u00e7\u00e3o que s\u00e3o oferecidas pela Universidade Federal de Pelotas.<\/p>\n<p style=\"text-align: justify;\">Epis\u00f3dio 2: Formas de Ingresso nos cursos de gradua\u00e7\u00e3o da UFPel<\/p>\n<p><iframe title=\"Spotify Embed: Federal Entrevista - Formas de Ingresso nos cursos de gradua\u00e7\u00e3o da UFPel\" style=\"border-radius: 12px\" width=\"100%\" height=\"152\" frameborder=\"0\" allowfullscreen allow=\"autoplay; clipboard-write; encrypted-media; fullscreen; picture-in-picture\" loading=\"lazy\" src=\"https:\/\/open.spotify.com\/embed\/episode\/50rLxR5bdQ3vygIeHmG34r?si=7L_UqaCNRv6vI6dESfLBrg&#038;utm_source=oembed\"><\/iframe><\/p>\n<p style=\"text-align: justify;\">Neste epis\u00f3dio do Federal Entrevista conversamos sobre as variadas formas de ingresso nos cursos de gradua\u00e7\u00e3o da Universidade Federal de Pelotas. Aproveite para se inspirar e se conectar ainda mais com a UFPel atrav\u00e9s dessas intensas trocas de conhecimento!<\/p>\n<h3>Atividades Culturais<\/h3>\n<p>Em breve!<\/p>\n<p>&nbsp;<\/p>\n<p>&nbsp;<\/p>\n<p>&nbsp;<\/p>\n<p>&nbsp;<\/p>\n<h3><\/h3>\n<p>&nbsp;<\/p>\n<p>&nbsp;<\/p>\n<p>&nbsp;<\/p>\n<p>&nbsp;<\/p>\n<p>&nbsp;<\/p>\n<p>&nbsp;<\/p>\n","protected":false},"excerpt":{"rendered":"<p>Programa\u00e7\u00e3o 2024 em constru\u00e7\u00e3o! &nbsp; Rodas de Conversa As Rodas de Conversa s\u00e3o momentos especiais da Mostra de Cursos em que os servidores da UFPel fazem bate-papos trocando informa\u00e7\u00f5es e experi\u00eancias sobre formas de ingresso, pol\u00edticas afirmativas e processos seletivos da Universidade Federal de Pelotas (UFPel). Estes encontros s\u00e3o uma oportunidade \u00fanica para a comunidade [&hellip;]<\/p>\n","protected":false},"author":725,"featured_media":314,"parent":0,"menu_order":0,"comment_status":"closed","ping_status":"closed","template":"","meta":{"footnotes":""},"class_list":["post-33","page","type-page","status-publish","has-post-thumbnail","hentry"],"jetpack_sharing_enabled":true,"_links":{"self":[{"href":"https:\/\/wp.ufpel.edu.br\/mostradecursos\/wp-json\/wp\/v2\/pages\/33","targetHints":{"allow":["GET"]}}],"collection":[{"href":"https:\/\/wp.ufpel.edu.br\/mostradecursos\/wp-json\/wp\/v2\/pages"}],"about":[{"href":"https:\/\/wp.ufpel.edu.br\/mostradecursos\/wp-json\/wp\/v2\/types\/page"}],"author":[{"embeddable":true,"href":"https:\/\/wp.ufpel.edu.br\/mostradecursos\/wp-json\/wp\/v2\/users\/725"}],"replies":[{"embeddable":true,"href":"https:\/\/wp.ufpel.edu.br\/mostradecursos\/wp-json\/wp\/v2\/comments?post=33"}],"version-history":[{"count":42,"href":"https:\/\/wp.ufpel.edu.br\/mostradecursos\/wp-json\/wp\/v2\/pages\/33\/revisions"}],"predecessor-version":[{"id":366,"href":"https:\/\/wp.ufpel.edu.br\/mostradecursos\/wp-json\/wp\/v2\/pages\/33\/revisions\/366"}],"wp:featuredmedia":[{"embeddable":true,"href":"https:\/\/wp.ufpel.edu.br\/mostradecursos\/wp-json\/wp\/v2\/media\/314"}],"wp:attachment":[{"href":"https:\/\/wp.ufpel.edu.br\/mostradecursos\/wp-json\/wp\/v2\/media?parent=33"}],"curies":[{"name":"wp","href":"https:\/\/api.w.org\/{rel}","templated":true}]}}