{"id":2,"date":"2020-10-15T15:37:27","date_gmt":"2020-10-15T18:37:27","guid":{"rendered":"https:\/\/wp.ufpel.edu.br\/mostradecursos\/?page_id=2"},"modified":"2026-04-07T18:15:49","modified_gmt":"2026-04-07T21:15:49","slug":"pagina-exemplo","status":"publish","type":"page","link":"https:\/\/wp.ufpel.edu.br\/mostradecursos\/pagina-exemplo\/","title":{"rendered":"Mapa dos Cursos"},"content":{"rendered":"<p>Aqui voc\u00ea vai saber informa\u00e7\u00f5es detalhadas sobre todos os cursos da UFPel. Para isso fa\u00e7a um passeio pelo mapa e clique sobre alguns dos nossos pr\u00e9dios. Neles voc\u00ea poder\u00e1 acessar as informa\u00e7\u00f5es sobre cada um dos cursos que est\u00e3o sediados naquele espa\u00e7o f\u00edsico.<\/p>\n<p><img decoding=\"async\" src=\"https:\/\/wp.ufpel.edu.br\/mundoufpel\/files\/2023\/04\/mapa-cursos-400x265.png\" \/><\/p>\n<p><a href=\"https:\/\/maphub.net\/ricardozifi\/a9\">Mapa dos Cursos &#8211; Clique aqui e acesse<\/a><\/p>\n<p>&nbsp;<\/p>\n<p>&nbsp;<\/p>\n","protected":false},"excerpt":{"rendered":"<p>Aqui voc\u00ea vai saber informa\u00e7\u00f5es detalhadas sobre todos os cursos da UFPel. Para isso fa\u00e7a um passeio pelo mapa e clique sobre alguns dos nossos pr\u00e9dios. Neles voc\u00ea poder\u00e1 acessar as informa\u00e7\u00f5es sobre cada um dos cursos que est\u00e3o sediados naquele espa\u00e7o f\u00edsico. Mapa dos Cursos &#8211; Clique aqui e acesse &nbsp; &nbsp;<\/p>\n","protected":false},"author":725,"featured_media":0,"parent":0,"menu_order":0,"comment_status":"closed","ping_status":"closed","template":"","meta":{"footnotes":""},"class_list":["post-2","page","type-page","status-publish","hentry"],"jetpack_sharing_enabled":true,"_links":{"self":[{"href":"https:\/\/wp.ufpel.edu.br\/mostradecursos\/wp-json\/wp\/v2\/pages\/2","targetHints":{"allow":["GET"]}}],"collection":[{"href":"https:\/\/wp.ufpel.edu.br\/mostradecursos\/wp-json\/wp\/v2\/pages"}],"about":[{"href":"https:\/\/wp.ufpel.edu.br\/mostradecursos\/wp-json\/wp\/v2\/types\/page"}],"author":[{"embeddable":true,"href":"https:\/\/wp.ufpel.edu.br\/mostradecursos\/wp-json\/wp\/v2\/users\/725"}],"replies":[{"embeddable":true,"href":"https:\/\/wp.ufpel.edu.br\/mostradecursos\/wp-json\/wp\/v2\/comments?post=2"}],"version-history":[{"count":7,"href":"https:\/\/wp.ufpel.edu.br\/mostradecursos\/wp-json\/wp\/v2\/pages\/2\/revisions"}],"predecessor-version":[{"id":249,"href":"https:\/\/wp.ufpel.edu.br\/mostradecursos\/wp-json\/wp\/v2\/pages\/2\/revisions\/249"}],"wp:attachment":[{"href":"https:\/\/wp.ufpel.edu.br\/mostradecursos\/wp-json\/wp\/v2\/media?parent=2"}],"curies":[{"name":"wp","href":"https:\/\/api.w.org\/{rel}","templated":true}]}}