{"id":148,"date":"2020-11-03T10:25:02","date_gmt":"2020-11-03T13:25:02","guid":{"rendered":"https:\/\/wp.ufpel.edu.br\/mostradecursos\/?page_id=148"},"modified":"2023-08-22T19:04:07","modified_gmt":"2023-08-22T22:04:07","slug":"formas-de-ingresso","status":"publish","type":"page","link":"https:\/\/wp.ufpel.edu.br\/mostradecursos\/formas-de-ingresso\/","title":{"rendered":"Formas de Ingresso"},"content":{"rendered":"<h1 style=\"text-align: left;\"><strong>Como ingressar na UFPel?<\/strong><\/h1>\n<h3><strong>H\u00e1 v\u00e1rias formas de estudar na UFPel! <\/strong><\/h3>\n<h4><strong>SISU: <\/strong><\/h4>\n<p>O Sisu \u00e9 a principal forma de ingresso. Voc\u00ea precisa fazer o Exame Nacional do Ensino M\u00e9dio (Enem) e escolher o seu curso pelo Sistema de Sele\u00e7\u00e3o Unificada (SISU).<\/p>\n<h4><strong>PAVE: <\/strong><\/h4>\n<p>O Programa de Avalia\u00e7\u00e3o da Vida Escolar (PAVE) \u00e9 realizado pela UFPel, podem participar os estudantes que est\u00e3o cursando o ensino m\u00e9dio. S\u00e3o 3 etapas, voc\u00ea precisa fazer uma prova no final de cada ano do ensino m\u00e9dio.<\/p>\n<h4><strong>OUTROS INGRESSOS:<\/strong><\/h4>\n<ul>\n<li><strong>VESTIBULAR:<\/strong>\u00c9 realizada uma prova para ingressar nos cursos \u00e0 dist\u00e2ncia (EAD).<\/li>\n<li><strong>PESSOAS SURDAS:<\/strong> O curso deLetras Libras\/Literatura Surda possui um vestibular espec\u00edfico para pessoas surdas.<\/li>\n<li><strong>QUILOMBOLAS E IND\u00cdGENAS: <\/strong>Alguns cursos da UFPel possuem reserva de vagas para ind\u00edgenas e quilombolas, \u00e9 realizada uma sele\u00e7\u00e3o entre os membros dessas comunidades.<\/li>\n<li><strong>NOTA DO ENEM: <\/strong>\u00c9 utilizada a nota do Enem dos \u00faltimos 5 anos para preencher vagas que sobraram do SISU ou PAVE.<\/li>\n<li><strong>PORTADOR DE DIPLOMA:<\/strong> Para quem j\u00e1 se formou em um curso superior e deseja fazer outro curso na UFPel.<\/li>\n<li><strong>REINGRESSO, RETOMADA DE ESTUDOS:<\/strong>Para quem j\u00e1 iniciou um curso superior, mas n\u00e3o concluiu e deseja voltar a estudar na UFPel.<\/li>\n<li><strong>REOP\u00c7\u00c3O: <\/strong>Para quem estuda na UFPEL e deseja trocar de curso.<\/li>\n<li><strong>TRANSFER\u00caNCIA: <\/strong>Para quem faz um curso superior em outra institui\u00e7\u00e3o e quer estudar na UFPel.<\/li>\n<li><strong>REGIME ESPECIAL: \u00a0<\/strong>Permite fazer matr\u00edcula em algumas disciplinas da gradua\u00e7\u00e3o, sem ser aluno da UFPel.<\/li>\n<\/ul>\n<p><strong>\u00a0<\/strong><\/p>\n<p><strong>A UFPel possui mais de 4500 vagas em 96 cursos de gradua\u00e7\u00e3o. <\/strong><\/p>\n<p><strong>Metade das vagas s\u00e3o reservadas para as cotas. No PAVE, esse percentual aumenta para 90%.<\/strong><\/p>\n<p><strong>\u00a0<\/strong><\/p>\n<h4><strong>Voc\u00ea sabe o que s\u00e3o as cotas?<\/strong><\/h4>\n<p>As cotas s\u00e3o vagas reservadas para quem estudou todo o <strong>ensino m\u00e9dio em escola p\u00fablica<\/strong>, s\u00e3o divididas entre <strong>pessoas com defici\u00eancia<\/strong>, de <strong>baixa renda<\/strong>, <strong>negros e ind\u00edgenas.<\/strong><\/p>\n<p>Na UFPel, quem faz a inscri\u00e7\u00e3o por cota tamb\u00e9m concorre nas vagas gerais.<\/p>\n<p>Voc\u00ea pode fazer uma <a href=\"https:\/\/wp.ufpel.edu.br\/cra\/simulador-de-cotas\/\" target=\"_blank\" rel=\"noopener\">simula\u00e7\u00e3o<\/a> se estiver em d\u00favida sobre qual cota escolher.<\/p>\n<p><strong>\u00a0<\/strong><\/p>\n<h4><strong>Est\u00e1 em d\u00favida entre bacharelado, licenciatura e tecn\u00f3logo?<\/strong><\/h4>\n<ul>\n<li><strong>Bacharelado\u00a0\u2013<\/strong>prepara os profissionais para atuarem de forma ampla no mercado de trabalho. Exemplo: jornalista, designer, entre outros.<\/li>\n<li><strong>Licenciatura\u00a0\u2013<\/strong> prepara para atuar como professor.<\/li>\n<li><strong>Tecn\u00f3logo \u2013\u00a0<\/strong>prepara para atuar em fun\u00e7\u00f5es mais espec\u00edficas em uma \u00e1rea. Exemplo: gestor p\u00fablico, chefe de cozinha, entre outros.<\/li>\n<\/ul>\n","protected":false},"excerpt":{"rendered":"<p>Como ingressar na UFPel? H\u00e1 v\u00e1rias formas de estudar na UFPel! SISU: O Sisu \u00e9 a principal forma de ingresso. Voc\u00ea precisa fazer o Exame Nacional do Ensino M\u00e9dio (Enem) e escolher o seu curso pelo Sistema de Sele\u00e7\u00e3o Unificada (SISU). PAVE: O Programa de Avalia\u00e7\u00e3o da Vida Escolar (PAVE) \u00e9 realizado pela UFPel, podem [&hellip;]<\/p>\n","protected":false},"author":725,"featured_media":0,"parent":0,"menu_order":0,"comment_status":"closed","ping_status":"closed","template":"","meta":{"footnotes":""},"class_list":["post-148","page","type-page","status-publish","hentry"],"jetpack_sharing_enabled":true,"_links":{"self":[{"href":"https:\/\/wp.ufpel.edu.br\/mostradecursos\/wp-json\/wp\/v2\/pages\/148","targetHints":{"allow":["GET"]}}],"collection":[{"href":"https:\/\/wp.ufpel.edu.br\/mostradecursos\/wp-json\/wp\/v2\/pages"}],"about":[{"href":"https:\/\/wp.ufpel.edu.br\/mostradecursos\/wp-json\/wp\/v2\/types\/page"}],"author":[{"embeddable":true,"href":"https:\/\/wp.ufpel.edu.br\/mostradecursos\/wp-json\/wp\/v2\/users\/725"}],"replies":[{"embeddable":true,"href":"https:\/\/wp.ufpel.edu.br\/mostradecursos\/wp-json\/wp\/v2\/comments?post=148"}],"version-history":[{"count":8,"href":"https:\/\/wp.ufpel.edu.br\/mostradecursos\/wp-json\/wp\/v2\/pages\/148\/revisions"}],"predecessor-version":[{"id":271,"href":"https:\/\/wp.ufpel.edu.br\/mostradecursos\/wp-json\/wp\/v2\/pages\/148\/revisions\/271"}],"wp:attachment":[{"href":"https:\/\/wp.ufpel.edu.br\/mostradecursos\/wp-json\/wp\/v2\/media?parent=148"}],"curies":[{"name":"wp","href":"https:\/\/api.w.org\/{rel}","templated":true}]}}