{"id":38,"date":"2013-07-12T23:46:51","date_gmt":"2013-07-13T02:46:51","guid":{"rendered":"https:\/\/wp.ufpel.edu.br\/morfologia\/?page_id=38"},"modified":"2013-11-05T18:48:32","modified_gmt":"2013-11-05T20:48:32","slug":"disciplinas-ofertadas","status":"publish","type":"page","link":"https:\/\/wp.ufpel.edu.br\/morfologia\/disciplinas-ofertadas\/","title":{"rendered":"Disciplinas ofertadas"},"content":{"rendered":"<p>As disciplinas ofertadas no primeiro e segundo semestres letivos pelo Departamento s\u00e3o:<\/p>\n<p>&nbsp;<\/p>\n<table style=\"width: 626px\" border=\"0\" cellspacing=\"0\" cellpadding=\"0\">\n<tbody>\n<tr>\n<td valign=\"top\" width=\"63\">\n<p align=\"center\"><b>Ordem<\/b><\/p>\n<\/td>\n<td valign=\"top\" width=\"71\">\n<p align=\"center\"><b>C\u00f3digo<\/b><\/p>\n<\/td>\n<td valign=\"top\" width=\"201\">\n<p align=\"center\"><b>Disciplina<\/b><\/p>\n<\/td>\n<td valign=\"top\" width=\"62\">\n<p align=\"center\"><b>Turma<\/b><\/p>\n<\/td>\n<td valign=\"top\" width=\"69\">\n<p align=\"center\"><b>Curso<\/b><\/p>\n<\/td>\n<td valign=\"top\" width=\"73\">\n<p align=\"center\"><b>SIAPE Regente<\/b><\/p>\n<\/td>\n<td valign=\"top\" width=\"86\">\n<p align=\"center\"><b>Semestre<\/b><\/p>\n<\/td>\n<\/tr>\n<tr>\n<td valign=\"top\" width=\"63\">\n<p align=\"center\">01<\/p>\n<\/td>\n<td valign=\"top\" width=\"71\">0040001<\/td>\n<td valign=\"top\" width=\"201\">Anatomia I<\/td>\n<td valign=\"top\" width=\"62\">\n<p align=\"center\">M 1<\/p>\n<\/td>\n<td valign=\"top\" width=\"69\">\n<p align=\"center\">0810<\/p>\n<\/td>\n<td valign=\"top\" width=\"73\">\n<p align=\"center\">2294069<\/p>\n<\/td>\n<td valign=\"top\" width=\"86\">\n<p align=\"center\">01 e 02<\/p>\n<\/td>\n<\/tr>\n<tr>\n<td valign=\"top\" width=\"63\">\n<p align=\"center\">02<\/p>\n<\/td>\n<td valign=\"top\" width=\"71\">0040001<\/td>\n<td valign=\"top\" width=\"201\">Anatomia I<\/td>\n<td valign=\"top\" width=\"62\">\n<p align=\"center\">M 2<\/p>\n<\/td>\n<td valign=\"top\" width=\"69\">\n<p align=\"center\">0840<\/p>\n<\/td>\n<td valign=\"top\" width=\"73\">\n<p align=\"center\">857729<\/p>\n<\/td>\n<td valign=\"top\" width=\"86\">\n<p align=\"center\">01 e 02<\/p>\n<\/td>\n<\/tr>\n<tr>\n<td valign=\"top\" width=\"63\">\n<p align=\"center\">03<\/p>\n<\/td>\n<td valign=\"top\" width=\"71\">0040009<\/td>\n<td valign=\"top\" width=\"201\">Anatomia dos Animais Dom\u00e9sticos I<\/td>\n<td valign=\"top\" width=\"62\">\n<p align=\"center\">M 1<\/p>\n<p align=\"center\">M 2<\/p>\n<p align=\"center\">M 3<\/p>\n<\/td>\n<td valign=\"top\" width=\"69\">\n<p align=\"center\">0500<\/p>\n<\/td>\n<td valign=\"top\" width=\"73\">\n<p align=\"center\">1170477<\/p>\n<\/td>\n<td valign=\"top\" width=\"86\">\n<p align=\"center\">01 e 02<\/p>\n<\/td>\n<\/tr>\n<tr>\n<td valign=\"top\" width=\"63\">\n<p align=\"center\">04<\/p>\n<\/td>\n<td valign=\"top\" width=\"71\">0040010<\/td>\n<td valign=\"top\" width=\"201\">Anatomia dos Animais Dom\u00e9sticos II<\/td>\n<td valign=\"top\" width=\"62\">\n<p align=\"center\">M 1<\/p>\n<p align=\"center\">M 2<\/p>\n<p align=\"center\">M 3<\/p>\n<\/td>\n<td valign=\"top\" width=\"69\">\n<p align=\"center\">0500<\/p>\n<\/td>\n<td valign=\"top\" width=\"73\">\n<p align=\"center\">420387<\/p>\n<\/td>\n<td valign=\"top\" width=\"86\">\n<p align=\"center\">01 e 02<\/p>\n<\/td>\n<\/tr>\n<tr>\n<td valign=\"top\" width=\"63\">\n<p align=\"center\">05<\/p>\n<\/td>\n<td valign=\"top\" width=\"71\">0040018<\/td>\n<td valign=\"top\" width=\"201\">Anatomia Humana da Cabe\u00e7a e Pesco\u00e7o<\/td>\n<td valign=\"top\" width=\"62\">\n<p align=\"center\">M 1<\/p>\n<\/td>\n<td valign=\"top\" width=\"69\">\n<p align=\"center\">0400<\/p>\n<\/td>\n<td valign=\"top\" width=\"73\">\n<p align=\"center\">2140864<\/p>\n<\/td>\n<td valign=\"top\" width=\"86\">\n<p align=\"center\">01 e 02<\/p>\n<\/td>\n<\/tr>\n<tr>\n<td valign=\"top\" width=\"63\">\n<p align=\"center\">06<\/p>\n<\/td>\n<td valign=\"top\" width=\"71\">0040018<\/td>\n<td valign=\"top\" width=\"201\">Anatomia Humana da Cabe\u00e7a e Pesco\u00e7o<\/td>\n<td valign=\"top\" width=\"62\">\n<p align=\"center\">M 2<\/p>\n<\/td>\n<td valign=\"top\" width=\"69\">\n<p align=\"center\">0400<\/p>\n<\/td>\n<td valign=\"top\" width=\"73\">\n<p align=\"center\">2140864<\/p>\n<\/td>\n<td valign=\"top\" width=\"86\">\n<p align=\"center\">01 e 02<\/p>\n<\/td>\n<\/tr>\n<tr>\n<td valign=\"top\" width=\"63\">\n<p align=\"center\">07<\/p>\n<\/td>\n<td valign=\"top\" width=\"71\">0040020<\/td>\n<td valign=\"top\" width=\"201\">Histologia I<\/td>\n<td valign=\"top\" width=\"62\">\n<p align=\"center\">M 1<\/p>\n<\/td>\n<td valign=\"top\" width=\"69\">\n<p align=\"center\">1100<\/p>\n<\/td>\n<td valign=\"top\" width=\"73\">\n<p align=\"center\">421126<\/p>\n<\/td>\n<td valign=\"top\" width=\"86\">\n<p align=\"center\">01 e 02<\/p>\n<\/td>\n<\/tr>\n<tr>\n<td valign=\"top\" width=\"63\">\n<p align=\"center\">08<\/p>\n<\/td>\n<td valign=\"top\" width=\"71\">0040021<\/td>\n<td valign=\"top\" width=\"201\">Anatomia<\/td>\n<td valign=\"top\" width=\"62\">\n<p align=\"center\">M 2<\/p>\n<\/td>\n<td valign=\"top\" width=\"69\">\n<p align=\"center\">1100<\/p>\n<\/td>\n<td valign=\"top\" width=\"73\">\n<p align=\"center\">4299183<\/p>\n<\/td>\n<td valign=\"top\" width=\"86\">\n<p align=\"center\">01 e 02<\/p>\n<\/td>\n<\/tr>\n<tr>\n<td valign=\"top\" width=\"63\">\n<p align=\"center\">09<\/p>\n<\/td>\n<td valign=\"top\" width=\"71\">0040024<\/td>\n<td valign=\"top\" width=\"201\">Histologia II<\/td>\n<td valign=\"top\" width=\"62\">\n<p align=\"center\">M 1<\/p>\n<\/td>\n<td valign=\"top\" width=\"69\">\n<p align=\"center\">1100<\/p>\n<\/td>\n<td valign=\"top\" width=\"73\">\n<p align=\"center\">1647020<\/p>\n<\/td>\n<td valign=\"top\" width=\"86\">\n<p align=\"center\">01 e 02<\/p>\n<\/td>\n<\/tr>\n<tr>\n<td valign=\"top\" width=\"63\">\n<p align=\"center\">10<\/p>\n<\/td>\n<td valign=\"top\" width=\"71\">0040026<\/td>\n<td valign=\"top\" width=\"201\">Histologia I<\/td>\n<td valign=\"top\" width=\"62\">\n<p align=\"center\">M 1<\/p>\n<\/td>\n<td valign=\"top\" width=\"69\">\n<p align=\"center\">0500<\/p>\n<\/td>\n<td valign=\"top\" width=\"73\">\n<p align=\"center\">421647<\/p>\n<\/td>\n<td valign=\"top\" width=\"86\">\n<p align=\"center\">01 e 02<\/p>\n<\/td>\n<\/tr>\n<tr>\n<td valign=\"top\" width=\"63\">\n<p align=\"center\">11<\/p>\n<\/td>\n<td valign=\"top\" width=\"71\">0040027<\/td>\n<td valign=\"top\" width=\"201\">Histologia II<\/td>\n<td valign=\"top\" width=\"62\">\n<p align=\"center\">M 1<\/p>\n<\/td>\n<td valign=\"top\" width=\"69\">\n<p align=\"center\">0500<\/p>\n<\/td>\n<td valign=\"top\" width=\"73\">\n<p align=\"center\">2442018<\/p>\n<\/td>\n<td valign=\"top\" width=\"86\">\n<p align=\"center\">01 e 02<\/p>\n<\/td>\n<\/tr>\n<tr>\n<td valign=\"top\" width=\"63\">\n<p align=\"center\">12<\/p>\n<\/td>\n<td valign=\"top\" width=\"71\">0040030<\/td>\n<td valign=\"top\" width=\"201\">Histologia Geral<\/td>\n<td valign=\"top\" width=\"62\">\n<p align=\"center\">M 1<\/p>\n<\/td>\n<td valign=\"top\" width=\"69\">\n<p align=\"center\">0400<\/p>\n<\/td>\n<td valign=\"top\" width=\"73\">\n<p align=\"center\">2442018<\/p>\n<\/td>\n<td valign=\"top\" width=\"86\">\n<p align=\"center\">01 e 02<\/p>\n<\/td>\n<\/tr>\n<tr>\n<td valign=\"top\" width=\"63\">\n<p align=\"center\">13<\/p>\n<\/td>\n<td valign=\"top\" width=\"71\">0040030<\/td>\n<td valign=\"top\" width=\"201\">Histologia Geral<\/td>\n<td valign=\"top\" width=\"62\">\n<p align=\"center\">M 2<\/p>\n<\/td>\n<td valign=\"top\" width=\"69\">\n<p align=\"center\">0400<\/p>\n<\/td>\n<td valign=\"top\" width=\"73\">\n<p align=\"center\">2442018<\/p>\n<\/td>\n<td valign=\"top\" width=\"86\">\n<p align=\"center\">01 e 02<\/p>\n<\/td>\n<\/tr>\n<tr>\n<td valign=\"top\" width=\"63\">\n<p align=\"center\">14<\/p>\n<\/td>\n<td valign=\"top\" width=\"71\">0040040<\/td>\n<td valign=\"top\" width=\"201\">Anatomia Humana Geral<\/td>\n<td valign=\"top\" width=\"62\">\n<p align=\"center\">M 1<\/p>\n<\/td>\n<td valign=\"top\" width=\"69\">\n<p align=\"center\">0400<\/p>\n<\/td>\n<td valign=\"top\" width=\"73\">\n<p align=\"center\">421529<\/p>\n<\/td>\n<td valign=\"top\" width=\"86\">\n<p align=\"center\">01 e 02<\/p>\n<\/td>\n<\/tr>\n<tr>\n<td valign=\"top\" width=\"63\">\n<p align=\"center\">15<\/p>\n<\/td>\n<td valign=\"top\" width=\"71\">0040040<\/td>\n<td valign=\"top\" width=\"201\">Anatomia Humana Geral<\/td>\n<td valign=\"top\" width=\"62\">\n<p align=\"center\">M 2<\/p>\n<\/td>\n<td valign=\"top\" width=\"69\">\n<p align=\"center\">0400<\/p>\n<\/td>\n<td valign=\"top\" width=\"73\">\n<p align=\"center\">421529<\/p>\n<\/td>\n<td valign=\"top\" width=\"86\">\n<p align=\"center\">01 e 02<\/p>\n<\/td>\n<\/tr>\n<tr>\n<td valign=\"top\" width=\"63\">\n<p align=\"center\">16<\/p>\n<\/td>\n<td valign=\"top\" width=\"71\">0040042<\/td>\n<td valign=\"top\" width=\"201\">Histologia Bucal e Embriologia<\/td>\n<td valign=\"top\" width=\"62\">\n<p align=\"center\">M 1<\/p>\n<\/td>\n<td valign=\"top\" width=\"69\">\n<p align=\"center\">0400<\/p>\n<\/td>\n<td valign=\"top\" width=\"73\">\n<p align=\"center\">4174706<\/p>\n<\/td>\n<td valign=\"top\" width=\"86\">\n<p align=\"center\">01 e 02<\/p>\n<\/td>\n<\/tr>\n<tr>\n<td valign=\"top\" width=\"63\">\n<p align=\"center\">17<\/p>\n<\/td>\n<td valign=\"top\" width=\"71\">0040042<\/td>\n<td valign=\"top\" width=\"201\">Histologia Bucal e Embriologia<\/td>\n<td valign=\"top\" width=\"62\">\n<p align=\"center\">M 2<\/p>\n<\/td>\n<td valign=\"top\" width=\"69\">\n<p align=\"center\">0400<\/p>\n<\/td>\n<td valign=\"top\" width=\"73\">\n<p align=\"center\">4174706<\/p>\n<\/td>\n<td valign=\"top\" width=\"86\">\n<p align=\"center\">01 e 02<\/p>\n<\/td>\n<\/tr>\n<tr>\n<td valign=\"top\" width=\"63\">\n<p align=\"center\">18<\/p>\n<\/td>\n<td valign=\"top\" width=\"71\">0040043<\/td>\n<td valign=\"top\" width=\"201\">Anatomia do Desenvolvimento<\/td>\n<td valign=\"top\" width=\"62\">\n<p align=\"center\">T 1<\/p>\n<\/td>\n<td valign=\"top\" width=\"69\">\n<p align=\"center\">5800<\/p>\n<\/td>\n<td valign=\"top\" width=\"73\">\n<p align=\"center\">421669<\/p>\n<\/td>\n<td valign=\"top\" width=\"86\">\n<p align=\"center\">01 e 02<\/p>\n<\/td>\n<\/tr>\n<tr>\n<td valign=\"top\" width=\"63\">\n<p align=\"center\">19<\/p>\n<\/td>\n<td valign=\"top\" width=\"71\">0040044<\/td>\n<td valign=\"top\" width=\"201\">Comparada Animais Dom\u00e9sticos Silvestres<\/td>\n<td valign=\"top\" width=\"62\">\n<p align=\"center\">M 1<\/p>\n<\/td>\n<td valign=\"top\" width=\"69\">\n<p align=\"center\">4120<\/p>\n<\/td>\n<td valign=\"top\" width=\"73\">\n<p align=\"center\">420387<\/p>\n<\/td>\n<td valign=\"top\" width=\"86\">\n<p align=\"center\">01 ou 02<\/p>\n<\/td>\n<\/tr>\n<tr>\n<td valign=\"top\" width=\"63\">\n<p align=\"center\">20<\/p>\n<\/td>\n<td valign=\"top\" width=\"71\">0040045<\/td>\n<td valign=\"top\" width=\"201\">Anatomia dos Animais de Produ\u00e7\u00e3o I<\/td>\n<td valign=\"top\" width=\"62\">\n<p align=\"center\">M 1<\/p>\n<\/td>\n<td valign=\"top\" width=\"69\">\n<p align=\"center\">5800<\/p>\n<\/td>\n<td valign=\"top\" width=\"73\">\n<p align=\"center\">1170477<\/p>\n<\/td>\n<td valign=\"top\" width=\"86\">\n<p align=\"center\">01 e 02<\/p>\n<\/td>\n<\/tr>\n<tr>\n<td valign=\"top\" width=\"63\">\n<p align=\"center\">21<\/p>\n<\/td>\n<td valign=\"top\" width=\"71\">0040046<\/td>\n<td valign=\"top\" width=\"201\">Histologia dos Animais Dom\u00e9sticos<\/td>\n<td valign=\"top\" width=\"62\">\n<p align=\"center\">M 1<\/p>\n<\/td>\n<td valign=\"top\" width=\"69\">\n<p align=\"center\">5800<\/p>\n<\/td>\n<td valign=\"top\" width=\"73\">\n<p align=\"center\">4174706<\/p>\n<\/td>\n<td valign=\"top\" width=\"86\">\n<p align=\"center\">01 e 02<\/p>\n<\/td>\n<\/tr>\n<tr>\n<td valign=\"top\" width=\"63\">\n<p align=\"center\">22<\/p>\n<\/td>\n<td valign=\"top\" width=\"71\">0040047<\/td>\n<td valign=\"top\" width=\"201\">Anatomia<\/td>\n<td valign=\"top\" width=\"62\">\n<p align=\"center\">M 1<\/p>\n<\/td>\n<td valign=\"top\" width=\"69\">\n<p align=\"center\">1200<\/p>\n<\/td>\n<td valign=\"top\" width=\"73\">\n<p align=\"center\">1822497<\/p>\n<\/td>\n<td valign=\"top\" width=\"86\">\n<p align=\"center\">01 e 02<\/p>\n<\/td>\n<\/tr>\n<tr>\n<td valign=\"top\" width=\"63\">\n<p align=\"center\">23<\/p>\n<\/td>\n<td valign=\"top\" width=\"71\">0040048<\/td>\n<td valign=\"top\" width=\"201\">Histologia e Embriologia<\/td>\n<td valign=\"top\" width=\"62\">\n<p align=\"center\">T 1<\/p>\n<\/td>\n<td valign=\"top\" width=\"69\">\n<p align=\"center\">1200<\/p>\n<\/td>\n<td valign=\"top\" width=\"73\">\n<p align=\"center\">1348703<\/p>\n<\/td>\n<td valign=\"top\" width=\"86\">\n<p align=\"center\">01 e 02<\/p>\n<\/td>\n<\/tr>\n<tr>\n<td valign=\"top\" width=\"63\">\n<p align=\"center\">24<\/p>\n<\/td>\n<td valign=\"top\" width=\"71\">0040049<\/td>\n<td valign=\"top\" width=\"201\">Histologia dos Animais Dom\u00e9sticos II<\/td>\n<td valign=\"top\" width=\"62\">\n<p align=\"center\">M 1<\/p>\n<\/td>\n<td valign=\"top\" width=\"69\">\n<p align=\"center\">5800<\/p>\n<\/td>\n<td valign=\"top\" width=\"73\">\n<p align=\"center\">1647020<\/p>\n<\/td>\n<td valign=\"top\" width=\"86\">\n<p align=\"center\">01 e 02<\/p>\n<\/td>\n<\/tr>\n<tr>\n<td valign=\"top\" width=\"63\">\n<p align=\"center\">25<\/p>\n<\/td>\n<td valign=\"top\" width=\"71\">0040050<\/td>\n<td valign=\"top\" width=\"201\">Anatomia dos Animais de Produ\u00e7\u00e3o II<\/td>\n<td valign=\"top\" width=\"62\">\n<p align=\"center\">M 1<\/p>\n<\/td>\n<td valign=\"top\" width=\"69\">\n<p align=\"center\">5800<\/p>\n<\/td>\n<td valign=\"top\" width=\"73\">\n<p align=\"center\">1170477<\/p>\n<\/td>\n<td valign=\"top\" width=\"86\">\n<p align=\"center\">01 e 02<\/p>\n<\/td>\n<\/tr>\n<tr>\n<td valign=\"top\" width=\"63\">\n<p align=\"center\">26<\/p>\n<\/td>\n<td valign=\"top\" width=\"71\">0040051<\/td>\n<td valign=\"top\" width=\"201\">Anatomia Humana I<\/td>\n<td valign=\"top\" width=\"62\">\n<p align=\"center\">M 1<\/p>\n<\/td>\n<td valign=\"top\" width=\"69\">\n<p align=\"center\">0600<\/p>\n<\/td>\n<td valign=\"top\" width=\"73\">\n<p align=\"center\">420118<\/p>\n<\/td>\n<td valign=\"top\" width=\"86\">\n<p align=\"center\">01 e 02<\/p>\n<\/td>\n<\/tr>\n<tr>\n<td valign=\"top\" width=\"63\">\n<p align=\"center\">27<\/p>\n<\/td>\n<td valign=\"top\" width=\"71\">0040052<\/td>\n<td valign=\"top\" width=\"201\">Histologia I<\/td>\n<td valign=\"top\" width=\"62\">\n<p align=\"center\">M 1<\/p>\n<\/td>\n<td valign=\"top\" width=\"69\">\n<p align=\"center\">0600<\/p>\n<\/td>\n<td valign=\"top\" width=\"73\">\n<p align=\"center\">421647<\/p>\n<\/td>\n<td valign=\"top\" width=\"86\">\n<p align=\"center\">01 e 02<\/p>\n<\/td>\n<\/tr>\n<tr>\n<td valign=\"top\" width=\"63\">\n<p align=\"center\">28<\/p>\n<\/td>\n<td valign=\"top\" width=\"71\">0040053<\/td>\n<td valign=\"top\" width=\"201\">Anatomia Humana II<\/td>\n<td valign=\"top\" width=\"62\">\n<p align=\"center\">M 1<\/p>\n<\/td>\n<td valign=\"top\" width=\"69\">\n<p align=\"center\">0600<\/p>\n<\/td>\n<td valign=\"top\" width=\"73\">\n<p align=\"center\">420118<\/p>\n<\/td>\n<td valign=\"top\" width=\"86\">\n<p align=\"center\">01 e 02<\/p>\n<\/td>\n<\/tr>\n<tr>\n<td valign=\"top\" width=\"63\">\n<p align=\"center\">29<\/p>\n<\/td>\n<td valign=\"top\" width=\"71\">0040054<\/td>\n<td valign=\"top\" width=\"201\">Histologia II<\/td>\n<td valign=\"top\" width=\"62\">\n<p align=\"center\">M 1<\/p>\n<\/td>\n<td valign=\"top\" width=\"69\">\n<p align=\"center\">0600<\/p>\n<\/td>\n<td valign=\"top\" width=\"73\">\n<p align=\"center\">421669<\/p>\n<\/td>\n<td valign=\"top\" width=\"86\">\n<p align=\"center\">01 e 02<\/p>\n<\/td>\n<\/tr>\n<tr>\n<td valign=\"top\" width=\"63\">\n<p align=\"center\">30<\/p>\n<\/td>\n<td valign=\"top\" width=\"71\">0040055<\/td>\n<td valign=\"top\" width=\"201\">Embriologia<\/td>\n<td valign=\"top\" width=\"62\">\n<p align=\"center\">M 1<\/p>\n<\/td>\n<td valign=\"top\" width=\"69\">\n<p align=\"center\">0600<\/p>\n<\/td>\n<td valign=\"top\" width=\"73\">\n<p align=\"center\">421669<\/p>\n<\/td>\n<td valign=\"top\" width=\"86\">\n<p align=\"center\">01 e 02<\/p>\n<\/td>\n<\/tr>\n<tr>\n<td valign=\"top\" width=\"63\">\n<p align=\"center\">31<\/p>\n<\/td>\n<td valign=\"top\" width=\"71\">0040056<\/td>\n<td valign=\"top\" width=\"201\">Biologia Celular<\/td>\n<td valign=\"top\" width=\"62\">\n<p align=\"center\">M 1<\/p>\n<\/td>\n<td valign=\"top\" width=\"69\">\n<p align=\"center\">7100<\/p>\n<\/td>\n<td valign=\"top\" width=\"73\">\n<p align=\"center\">1610931<\/p>\n<\/td>\n<td valign=\"top\" width=\"86\">\n<p align=\"center\">02<\/p>\n<\/td>\n<\/tr>\n<tr>\n<td valign=\"top\" width=\"63\">\n<p align=\"center\">32<\/p>\n<\/td>\n<td valign=\"top\" width=\"71\">0040058<\/td>\n<td valign=\"top\" width=\"201\">Histologia Geral e de Sistemas<\/td>\n<td valign=\"top\" width=\"62\">\n<p align=\"center\">M 1<\/p>\n<\/td>\n<td valign=\"top\" width=\"69\">\n<p align=\"center\">7100<\/p>\n<\/td>\n<td valign=\"top\" width=\"73\">\n<p align=\"center\">7990423<\/p>\n<\/td>\n<td valign=\"top\" width=\"86\">\n<p align=\"center\">02<\/p>\n<\/td>\n<\/tr>\n<tr>\n<td valign=\"top\" width=\"63\">\n<p align=\"center\">33<\/p>\n<\/td>\n<td valign=\"top\" width=\"71\">0040059<\/td>\n<td valign=\"top\" width=\"201\">Biologia Celular<\/td>\n<td valign=\"top\" width=\"62\">\n<p align=\"center\">M 1<\/p>\n<\/td>\n<td valign=\"top\" width=\"69\">\n<p align=\"center\">4110<\/p>\n<\/td>\n<td valign=\"top\" width=\"73\">\n<p align=\"center\">7990423<\/p>\n<\/td>\n<td valign=\"top\" width=\"86\">\n<p align=\"center\">02<\/p>\n<\/td>\n<\/tr>\n<tr>\n<td valign=\"top\" width=\"63\">\n<p align=\"center\">34<\/p>\n<\/td>\n<td valign=\"top\" width=\"71\">0040059<\/td>\n<td valign=\"top\" width=\"201\">Biologia Celular<\/td>\n<td valign=\"top\" width=\"62\">\n<p align=\"center\">M 1<\/p>\n<\/td>\n<td valign=\"top\" width=\"69\">\n<p align=\"center\">4120<\/p>\n<\/td>\n<td valign=\"top\" width=\"73\">\n<p align=\"center\">7990423<\/p>\n<\/td>\n<td valign=\"top\" width=\"86\">\n<p align=\"center\">02<\/p>\n<\/td>\n<\/tr>\n<tr>\n<td valign=\"top\" width=\"63\">\n<p align=\"center\">35<\/p>\n<\/td>\n<td valign=\"top\" width=\"71\">0040060<\/td>\n<td valign=\"top\" width=\"201\">Anatomia<\/td>\n<td valign=\"top\" width=\"62\">\n<p align=\"center\">M 1<\/p>\n<\/td>\n<td valign=\"top\" width=\"69\">\n<p align=\"center\">7100<\/p>\n<\/td>\n<td valign=\"top\" width=\"73\">\n<p align=\"center\">420118<\/p>\n<\/td>\n<td valign=\"top\" width=\"86\">\n<p align=\"center\">02<\/p>\n<\/td>\n<\/tr>\n<tr>\n<td valign=\"top\" width=\"63\">\n<p align=\"center\">36<\/p>\n<\/td>\n<td valign=\"top\" width=\"71\">0040060<\/td>\n<td valign=\"top\" width=\"201\">Anatomia<\/td>\n<td valign=\"top\" width=\"62\">\n<p align=\"center\">M 2<\/p>\n<\/td>\n<td valign=\"top\" width=\"69\">\n<p align=\"center\">7100<\/p>\n<\/td>\n<td valign=\"top\" width=\"73\">\n<p align=\"center\">421529<\/p>\n<\/td>\n<td valign=\"top\" width=\"86\">\n<p align=\"center\">02<\/p>\n<\/td>\n<\/tr>\n<tr>\n<td valign=\"top\" width=\"63\">\n<p align=\"center\">37<\/p>\n<\/td>\n<td valign=\"top\" width=\"71\">0040061<\/td>\n<td valign=\"top\" width=\"201\">Morfologia Humana B\u00e1sica<\/td>\n<td valign=\"top\" width=\"62\">\n<p align=\"center\">M 1<\/p>\n<\/td>\n<td valign=\"top\" width=\"69\">\n<p align=\"center\">4110<\/p>\n<\/td>\n<td valign=\"top\" width=\"73\">\n<p align=\"center\">1482471<\/p>\n<\/td>\n<td valign=\"top\" width=\"86\">\n<p align=\"center\">02<\/p>\n<\/td>\n<\/tr>\n<tr>\n<td valign=\"top\" width=\"63\">\n<p align=\"center\">38<\/p>\n<\/td>\n<td valign=\"top\" width=\"71\">0040061<\/td>\n<td valign=\"top\" width=\"201\">Morfologia Humana B\u00e1sica<\/td>\n<td valign=\"top\" width=\"62\">\n<p align=\"center\">M 2<\/p>\n<\/td>\n<td valign=\"top\" width=\"69\">\n<p align=\"center\">4110<\/p>\n<\/td>\n<td valign=\"top\" width=\"73\">\n<p align=\"center\">1482471<\/p>\n<\/td>\n<td valign=\"top\" width=\"86\">\n<p align=\"center\">02<\/p>\n<\/td>\n<\/tr>\n<tr>\n<td valign=\"top\" width=\"63\">\n<p align=\"center\">39 a 55<\/p>\n<p align=\"center\">*<\/p>\n<\/td>\n<td valign=\"top\" width=\"71\">\n<p align=\"center\">0040070 \u00a0\u00a0\u00a0\u00a0\u00a0a<\/p>\n<p>0040083<\/td>\n<td valign=\"top\" width=\"201\">Forma\u00e7\u00e3o Complementar em Ci\u00eancias Morfol\u00f3gicas \u2013 Anatomia, Histologia, Biologia Celular e Anatomia do Desenvolvimento &#8211;<\/td>\n<td valign=\"top\" width=\"62\">\n<p align=\"center\">Mn<\/p>\n<\/td>\n<td valign=\"top\" width=\"69\">\n<p align=\"center\">Todos<\/p>\n<\/td>\n<td valign=\"top\" width=\"73\">\n<p align=\"center\">Todos docentes<\/p>\n<\/td>\n<td valign=\"top\" width=\"86\">\n<p align=\"center\">01\u00a0\u00a0\u00a0 \u00a002<\/p>\n<\/td>\n<\/tr>\n<tr>\n<td colspan=\"7\" valign=\"top\" width=\"626\">*Optativa \u2013 oferta realizada pelos docentes em Edital espec\u00edfico sendo disciplina pr\u00e1tica, semestral ou anual com 06 a 12 cr\u00e9ditos.<\/td>\n<\/tr>\n<\/tbody>\n<\/table>\n","protected":false},"excerpt":{"rendered":"<p>As disciplinas ofertadas no primeiro e segundo semestres letivos pelo Departamento s\u00e3o: &nbsp; Ordem C\u00f3digo Disciplina Turma Curso SIAPE Regente Semestre 01 0040001 Anatomia I M 1 0810 2294069 01 e 02 02 0040001 Anatomia I M 2 0840 857729 &hellip; <a href=\"https:\/\/wp.ufpel.edu.br\/morfologia\/disciplinas-ofertadas\/\">Continue lendo <span class=\"meta-nav\">&rarr;<\/span><\/a><\/p>\n","protected":false},"author":288,"featured_media":0,"parent":0,"menu_order":0,"comment_status":"closed","ping_status":"closed","template":"","meta":{"footnotes":""},"class_list":["post-38","page","type-page","status-publish","hentry"],"_links":{"self":[{"href":"https:\/\/wp.ufpel.edu.br\/morfologia\/wp-json\/wp\/v2\/pages\/38","targetHints":{"allow":["GET"]}}],"collection":[{"href":"https:\/\/wp.ufpel.edu.br\/morfologia\/wp-json\/wp\/v2\/pages"}],"about":[{"href":"https:\/\/wp.ufpel.edu.br\/morfologia\/wp-json\/wp\/v2\/types\/page"}],"author":[{"embeddable":true,"href":"https:\/\/wp.ufpel.edu.br\/morfologia\/wp-json\/wp\/v2\/users\/288"}],"replies":[{"embeddable":true,"href":"https:\/\/wp.ufpel.edu.br\/morfologia\/wp-json\/wp\/v2\/comments?post=38"}],"version-history":[{"count":3,"href":"https:\/\/wp.ufpel.edu.br\/morfologia\/wp-json\/wp\/v2\/pages\/38\/revisions"}],"predecessor-version":[{"id":51,"href":"https:\/\/wp.ufpel.edu.br\/morfologia\/wp-json\/wp\/v2\/pages\/38\/revisions\/51"}],"wp:attachment":[{"href":"https:\/\/wp.ufpel.edu.br\/morfologia\/wp-json\/wp\/v2\/media?parent=38"}],"curies":[{"name":"wp","href":"https:\/\/api.w.org\/{rel}","templated":true}]}}