{"id":2,"date":"2013-07-12T15:13:15","date_gmt":"2013-07-12T18:13:15","guid":{"rendered":"https:\/\/wp.ufpel.edu.br\/morfologia\/?page_id=2"},"modified":"2020-09-02T15:17:31","modified_gmt":"2020-09-02T18:17:31","slug":"corpo-tecnico","status":"publish","type":"page","link":"https:\/\/wp.ufpel.edu.br\/morfologia\/corpo-tecnico\/","title":{"rendered":"Servidores T\u00e9cnico-Administrativos"},"content":{"rendered":"<p><strong>Secretaria &#8211;<\/strong><\/p>\n<p><a href=\"https:\/\/institucional.ufpel.edu.br\/servidores\/siape\/419270\" target=\"_blank\" rel=\"noopener noreferrer\">Maria Luiza Pereira Peres<\/a> &#8211; Assistente em Administra\u00e7\u00e3o<\/p>\n<p><strong>Anatomia Humana &#8211;<\/strong><\/p>\n<p><a href=\"https:\/\/institucional.ufpel.edu.br\/servidores\/siape\/1099582\" target=\"_blank\" rel=\"noopener noreferrer\">Eduardo Pereira Alves<\/a>\u00a0&#8211; Auxiliar de Anatomia e Necropsia<\/p>\n<p><a href=\"https:\/\/institucional.ufpel.edu.br\/servidores\/siape\/1090404\" target=\"_blank\" rel=\"noopener noreferrer\">Luiz Fernando Schenque Tavares<\/a> &#8211; Auxiliar de Laborat\u00f3rio<\/p>\n<p><a href=\"https:\/\/institucional.ufpel.edu.br\/servidores\/siape\/419530\" target=\"_blank\" rel=\"noopener noreferrer\">Manoel Ad\u00e3o Lemes<\/a> &#8211; T\u00e9cnico de Laborat\u00f3rio<\/p>\n<p><strong>Biologia Celular, Histologia e Anatomia do Desenvolvimento &#8211;<\/strong><\/p>\n<p><a href=\"http:\/\/lattes.cnpq.br\/0014282848312979\">Eliane Freire Anthonisen<\/a> &#8211; T\u00e9cnico de Laborat\u00f3rio<\/p>\n<p><a href=\"http:\/\/lattes.cnpq.br\/3530115808379184\" target=\"_blank\" rel=\"noopener noreferrer\">Luis Augusto Xavier Cruz<\/a> &#8211; T\u00e9cnico de Laborat\u00f3rio<\/p>\n<p><a href=\"http:\/\/lattes.cnpq.br\/1711694887699257\" target=\"_blank\" rel=\"noopener noreferrer\">Luis Ot\u00e1vio Lobo Centeno<\/a> _ Farmac\u00eautico &#8211; NURFS-CETAS\/UFPEL<\/p>\n<p><strong>Anatomia dos Animais Dom\u00e9sticos, de Produ\u00e7\u00e3o e Silvestres &#8211;<\/strong><\/p>\n<p>Filipe Lopes de Oliveira -Auxiliar de Laborat\u00f3rio (relotado)<\/p>\n<p>Mauro Mascarenhas &#8211; T\u00e9cnico em Anatomia e Necropsia (Relotado Museu Carlos Ritter)<\/p>\n<p><a href=\"https:\/\/institucional.ufpel.edu.br\/servidores\/siape\/419847\" target=\"_blank\" rel=\"noopener noreferrer\">Wanderley Bandeira de Ara\u00fajo<\/a> &#8211; T\u00e9cnico de Laborat\u00f3rio<\/p>\n","protected":false},"excerpt":{"rendered":"<p>Secretaria &#8211; Maria Luiza Pereira Peres &#8211; Assistente em Administra\u00e7\u00e3o Anatomia Humana &#8211; Eduardo Pereira Alves\u00a0&#8211; Auxiliar de Anatomia e Necropsia Luiz Fernando Schenque Tavares &#8211; Auxiliar de Laborat\u00f3rio Manoel Ad\u00e3o Lemes &#8211; T\u00e9cnico de Laborat\u00f3rio Biologia Celular, Histologia e &hellip; <a href=\"https:\/\/wp.ufpel.edu.br\/morfologia\/corpo-tecnico\/\">Continue lendo <span class=\"meta-nav\">&rarr;<\/span><\/a><\/p>\n","protected":false},"author":288,"featured_media":0,"parent":0,"menu_order":0,"comment_status":"closed","ping_status":"closed","template":"","meta":{"footnotes":""},"class_list":["post-2","page","type-page","status-publish","hentry"],"_links":{"self":[{"href":"https:\/\/wp.ufpel.edu.br\/morfologia\/wp-json\/wp\/v2\/pages\/2","targetHints":{"allow":["GET"]}}],"collection":[{"href":"https:\/\/wp.ufpel.edu.br\/morfologia\/wp-json\/wp\/v2\/pages"}],"about":[{"href":"https:\/\/wp.ufpel.edu.br\/morfologia\/wp-json\/wp\/v2\/types\/page"}],"author":[{"embeddable":true,"href":"https:\/\/wp.ufpel.edu.br\/morfologia\/wp-json\/wp\/v2\/users\/288"}],"replies":[{"embeddable":true,"href":"https:\/\/wp.ufpel.edu.br\/morfologia\/wp-json\/wp\/v2\/comments?post=2"}],"version-history":[{"count":10,"href":"https:\/\/wp.ufpel.edu.br\/morfologia\/wp-json\/wp\/v2\/pages\/2\/revisions"}],"predecessor-version":[{"id":166,"href":"https:\/\/wp.ufpel.edu.br\/morfologia\/wp-json\/wp\/v2\/pages\/2\/revisions\/166"}],"wp:attachment":[{"href":"https:\/\/wp.ufpel.edu.br\/morfologia\/wp-json\/wp\/v2\/media?parent=2"}],"curies":[{"name":"wp","href":"https:\/\/api.w.org\/{rel}","templated":true}]}}