{"id":187,"date":"2020-09-04T11:16:13","date_gmt":"2020-09-04T14:16:13","guid":{"rendered":"https:\/\/wp.ufpel.edu.br\/morfologia\/?page_id=187"},"modified":"2020-09-04T11:18:42","modified_gmt":"2020-09-04T14:18:42","slug":"reforma-area-de-anatomia-humana","status":"publish","type":"page","link":"https:\/\/wp.ufpel.edu.br\/morfologia\/reforma-area-de-anatomia-humana\/","title":{"rendered":"Reforma \u00e1rea de Anatomia Humana"},"content":{"rendered":"<p style=\"text-align: justify\">A reforma do andar inferior do pr\u00e9dio que abriga a \u00e1rea e anatomia humana teve o in\u00edcio dos estudos e levantamentos no ano 2006. Foi realizada em 3 etapas. A primeira delas foi o refor\u00e7o estrutural na ala esquerda do andar t\u00e9rreo situada abaixo do laborat\u00f3rio de aulas pr\u00e1ticas de Biologia Celular, Histologia e Anatomia do Desenvolvimento (Embriologia) <a href=\"https:\/\/wp.ufpel.edu.br\/nulab\/sala-de-aulas-praticas\/\">NULAB &#8211; \u00a090270<\/a>.\u00a0 A segunda etapa ocorreu na ala direita na \u00e1rea de cubas e do laborat\u00f3rio anat\u00f4mico &#8211; <a href=\"https:\/\/wp.ufpel.edu.br\/nulab\/laboratorio-anatomico\/\">NULAB &#8211; 90279<\/a>. A etapa final foi realizada na sala de aulas te\u00f3ricas 1, secretaria, cozinha e 3 banheiros, sendo um com acessibilidade. As tr\u00eas etapas foram conclu\u00eddas no ano de 2011.\u00a0 O antes e depois da reforma pode ser visto a seguir.<\/p>\n","protected":false},"excerpt":{"rendered":"<p>A reforma do andar inferior do pr\u00e9dio que abriga a \u00e1rea e anatomia humana teve o in\u00edcio dos estudos e levantamentos no ano 2006. Foi realizada em 3 etapas. A primeira delas foi o refor\u00e7o estrutural na ala esquerda do &hellip; <a href=\"https:\/\/wp.ufpel.edu.br\/morfologia\/reforma-area-de-anatomia-humana\/\">Continue lendo <span class=\"meta-nav\">&rarr;<\/span><\/a><\/p>\n","protected":false},"author":288,"featured_media":0,"parent":0,"menu_order":0,"comment_status":"closed","ping_status":"closed","template":"","meta":{"footnotes":""},"class_list":["post-187","page","type-page","status-publish","hentry"],"_links":{"self":[{"href":"https:\/\/wp.ufpel.edu.br\/morfologia\/wp-json\/wp\/v2\/pages\/187","targetHints":{"allow":["GET"]}}],"collection":[{"href":"https:\/\/wp.ufpel.edu.br\/morfologia\/wp-json\/wp\/v2\/pages"}],"about":[{"href":"https:\/\/wp.ufpel.edu.br\/morfologia\/wp-json\/wp\/v2\/types\/page"}],"author":[{"embeddable":true,"href":"https:\/\/wp.ufpel.edu.br\/morfologia\/wp-json\/wp\/v2\/users\/288"}],"replies":[{"embeddable":true,"href":"https:\/\/wp.ufpel.edu.br\/morfologia\/wp-json\/wp\/v2\/comments?post=187"}],"version-history":[{"count":2,"href":"https:\/\/wp.ufpel.edu.br\/morfologia\/wp-json\/wp\/v2\/pages\/187\/revisions"}],"predecessor-version":[{"id":189,"href":"https:\/\/wp.ufpel.edu.br\/morfologia\/wp-json\/wp\/v2\/pages\/187\/revisions\/189"}],"wp:attachment":[{"href":"https:\/\/wp.ufpel.edu.br\/morfologia\/wp-json\/wp\/v2\/media?parent=187"}],"curies":[{"name":"wp","href":"https:\/\/api.w.org\/{rel}","templated":true}]}}