{"id":120,"date":"2013-11-05T18:10:53","date_gmt":"2013-11-05T20:10:53","guid":{"rendered":"https:\/\/wp.ufpel.edu.br\/morfologia\/?page_id=120"},"modified":"2013-11-06T17:08:35","modified_gmt":"2013-11-06T19:08:35","slug":"planos-de-ensino-2013_2","status":"publish","type":"page","link":"https:\/\/wp.ufpel.edu.br\/morfologia\/planos-de-ensino-2013_2\/","title":{"rendered":"Planos de Ensino 2013_2"},"content":{"rendered":"<p>Nesta p\u00e1gina est\u00e3o os Planos de Ensino referentes \u00e0s disciplinas ministradas pelo Departamento de Morfologia no segundo semestre letivo de 2013.<\/p>\n<p>Os Planos foram apresentados aos acad\u00eamicos na primeira semana de aulas do referido calend\u00e1rio e, na semana subsequente foram aprovados em reuni\u00e3o ordin\u00e1ria do Departamento de Morfologia.<\/p>\n<p>C\u00f3pias impressas foram remetidas aos respectivos Colegiados de Curso para aprecia\u00e7\u00e3o e devidas provid\u00eancias conforme determina o Regimento Geral da UFPEL e normativas complementares.<\/p>\n<p>A elabora\u00e7\u00e3o dos Planos segue as orienta\u00e7\u00f5es do Departamento e dos Colegiados de Cursos de Gradua\u00e7\u00e3o, sendo a caracteriza\u00e7\u00e3o das disciplinas presentes nos respectivos Projetos Pedag\u00f3gicos a base estrutural dos mesmos.<\/p>\n<p>A aprova\u00e7\u00e3o e validade dos Planos \u00e9 semestral, sendo que, os calend\u00e1rios presentes em cada Plano podem ser alterados em fun\u00e7\u00e3o de situa\u00e7\u00f5es inesperadas ou atrav\u00e9s de pr\u00e9vio aviso aos discentes sem preju\u00edzo aos acad\u00eamicos e dentro do prazo previsto pelo calend\u00e1rio acad\u00eamico aplicado aos Cursos semestrais da UFPEL.<\/p>\n<p>&nbsp;<\/p>\n<p><strong>Planos de Ensino Disciplinas \u00e1rea de Anatomia Humana<\/strong><\/p>\n<p><a href=\"https:\/\/wp.ufpel.edu.br\/morfologia\/files\/2013\/11\/Plano-de-ensino-Anatomia-Humana-Enfermagem-2013-2-Prof.-Mateus-1.pdf\">Plano de ensino Anatomia Humana Enfermagem 2013 2 Prof. Mateus (1)<\/a><\/p>\n<p><a href=\"https:\/\/wp.ufpel.edu.br\/morfologia\/files\/2013\/11\/Plano-de-ensino-Anatomia-Humana-Farm+\u00edcia-2013-2-Prof.-Mateus.pdf\">Plano de ensino Anatomia Humana Farm+\u00edcia 2013 2 Prof. Mateus<\/a><\/p>\n<p><a href=\"https:\/\/wp.ufpel.edu.br\/morfologia\/files\/2013\/11\/Plano-de-ensino-Medicina_1-2013.pdf\">Plano de ensino Medicina_1 2013<\/a><\/p>\n<p><a href=\"https:\/\/wp.ufpel.edu.br\/morfologia\/files\/2013\/11\/Plano-de-ensino-Embriologia2013_2.pdf\">Plano de ensino Embriologia2013_2<\/a><\/p>\n<p><a href=\"https:\/\/wp.ufpel.edu.br\/morfologia\/files\/2013\/11\/Plano-de-ensino-disciplina-complementar-2013_2.pdf\">Plano de ensino disciplina complementar 2013_2<\/a><\/p>\n<p><a href=\"https:\/\/wp.ufpel.edu.br\/morfologia\/files\/2013\/11\/Plano-de-ensino-BiologiaAnatomiadoDe4senvolvimento2013_2.pdf\">Plano de ensino BiologiaAnatomiadoDe4senvolvimento2013_2<\/a><\/p>\n<p><a href=\"https:\/\/wp.ufpel.edu.br\/morfologia\/files\/2013\/11\/Plano-de-ensino-NUTRICAO-2013-_1_.pdf\">Plano de ensino NUTRICAO 2013 _1_<\/a><\/p>\n<p><a href=\"https:\/\/wp.ufpel.edu.br\/morfologia\/files\/2013\/11\/Plano-de-ensino.Medicina_2-2013.pdf\">Plano de ensino.Medicina_2 2013<\/a><\/p>\n<p><a href=\"https:\/\/wp.ufpel.edu.br\/morfologia\/files\/2013\/11\/Plano-Ens.-Terapia-Ocupacional.pdf\">Plano Ens. Terapia Ocupacional<\/a><\/p>\n<p><a href=\"https:\/\/wp.ufpel.edu.br\/morfologia\/files\/2013\/11\/Plano-Ensino-Psico_2_2013.pdf\">Plano Ensino Psico_2_2013<\/a><\/p>\n<p>&nbsp;<\/p>\n<p><strong>Planos de Ensino \u00e1rea de Biologia Celular, Histologia e Anatomia do Desenvolvimento\u00a0<\/strong><\/p>\n<p><a href=\"https:\/\/wp.ufpel.edu.br\/morfologia\/files\/2013\/11\/Plano-de-ensino-BiologiaAnatomiadoDe4senvolvimento2013_2.pdf\">Plano de ensino BiologiaAnatomiadoDe4senvolvimento2013_2<\/a><\/p>\n<p><a href=\"https:\/\/wp.ufpel.edu.br\/morfologia\/files\/2013\/11\/Plano-de-ensino-Embriologia2013_2.pdf\">Plano de ensino Embriologia2013_2<\/a><\/p>\n<p><a href=\"https:\/\/wp.ufpel.edu.br\/morfologia\/files\/2013\/11\/Plano-de-ensino-Anatomia-do-DesenvolvimentoZootecnia-2013_21.pdf\">Plano de ensino Anatomia do DesenvolvimentoZootecnia 2013_2<\/a><\/p>\n<p><a href=\"https:\/\/wp.ufpel.edu.br\/morfologia\/files\/2013\/11\/PlanEns.VetI_.2.2013.pdf\">PlanEns.VetI.2.2013<\/a><\/p>\n<p><a href=\"https:\/\/wp.ufpel.edu.br\/morfologia\/files\/2013\/11\/Plano-Biologia-Celular-Farm\u00e1ciacia-2-\u00a6-2013.pdf\">Plano Biologia Celular Farm\u00e1ciacia 2-\u00a6 2013<\/a><\/p>\n<p><a href=\"https:\/\/wp.ufpel.edu.br\/morfologia\/files\/2013\/11\/2013-2-Plano-de-Ensino-Histo-Bucal-e-Embriologia-ODONTO.pdf\">2013-2 Plano de Ensino Histo Bucal e Embriologia-ODONTO<\/a><\/p>\n<p><a href=\"https:\/\/wp.ufpel.edu.br\/morfologia\/files\/2013\/11\/Plano-de-ensino.Medicina_2-2013.pdf\">Plano de ensino.Medicina_2 2013<\/a><\/p>\n<p><a href=\"https:\/\/wp.ufpel.edu.br\/morfologia\/files\/2013\/11\/Plano-de-ensino-Medicina_1-2013.pdf\">Plano de ensino Medicina_1 2013<\/a><\/p>\n<p><a href=\"https:\/\/wp.ufpel.edu.br\/morfologia\/files\/2013\/11\/Plano-de-ensino-disciplina-complementar-2013_2.pdf\">Plano de ensino disciplina complementar 2013_2<\/a><\/p>\n<p>&nbsp;<\/p>\n<p><strong>Planos de Ensino \u00e1rea de Anatomia dos Animais Dom\u00e9sticos, de Produ\u00e7\u00e3o e Silvestres<br \/>\n<\/strong><\/p>\n<p><a href=\"https:\/\/wp.ufpel.edu.br\/morfologia\/files\/2013\/11\/Plano-de-Ensino_2013_2-SEMESTRE_AAADII1.pdf\">Plano de Ensino_2013_2 SEMESTRE_AAADII<\/a><\/p>\n<p><a href=\"https:\/\/wp.ufpel.edu.br\/morfologia\/files\/2013\/11\/Plano-de-Ensino_2013_2-SEMESTRE_AAADII1.pdf\">Plano de Ensino_2013_2 SEMESTRE_AAADII<\/a><\/p>\n","protected":false},"excerpt":{"rendered":"<p>Nesta p\u00e1gina est\u00e3o os Planos de Ensino referentes \u00e0s disciplinas ministradas pelo Departamento de Morfologia no segundo semestre letivo de 2013. Os Planos foram apresentados aos acad\u00eamicos na primeira semana de aulas do referido calend\u00e1rio e, na semana subsequente foram &hellip; <a href=\"https:\/\/wp.ufpel.edu.br\/morfologia\/planos-de-ensino-2013_2\/\">Continue lendo <span class=\"meta-nav\">&rarr;<\/span><\/a><\/p>\n","protected":false},"author":288,"featured_media":0,"parent":0,"menu_order":0,"comment_status":"closed","ping_status":"closed","template":"","meta":{"footnotes":""},"class_list":["post-120","page","type-page","status-publish","hentry"],"_links":{"self":[{"href":"https:\/\/wp.ufpel.edu.br\/morfologia\/wp-json\/wp\/v2\/pages\/120","targetHints":{"allow":["GET"]}}],"collection":[{"href":"https:\/\/wp.ufpel.edu.br\/morfologia\/wp-json\/wp\/v2\/pages"}],"about":[{"href":"https:\/\/wp.ufpel.edu.br\/morfologia\/wp-json\/wp\/v2\/types\/page"}],"author":[{"embeddable":true,"href":"https:\/\/wp.ufpel.edu.br\/morfologia\/wp-json\/wp\/v2\/users\/288"}],"replies":[{"embeddable":true,"href":"https:\/\/wp.ufpel.edu.br\/morfologia\/wp-json\/wp\/v2\/comments?post=120"}],"version-history":[{"count":9,"href":"https:\/\/wp.ufpel.edu.br\/morfologia\/wp-json\/wp\/v2\/pages\/120\/revisions"}],"predecessor-version":[{"id":154,"href":"https:\/\/wp.ufpel.edu.br\/morfologia\/wp-json\/wp\/v2\/pages\/120\/revisions\/154"}],"wp:attachment":[{"href":"https:\/\/wp.ufpel.edu.br\/morfologia\/wp-json\/wp\/v2\/media?parent=120"}],"curies":[{"name":"wp","href":"https:\/\/api.w.org\/{rel}","templated":true}]}}