{"id":12,"date":"2013-07-12T21:25:06","date_gmt":"2013-07-13T00:25:06","guid":{"rendered":"https:\/\/wp.ufpel.edu.br\/morfologia\/?page_id=12"},"modified":"2020-09-02T15:13:09","modified_gmt":"2020-09-02T18:13:09","slug":"corpo-docente","status":"publish","type":"page","link":"https:\/\/wp.ufpel.edu.br\/morfologia\/corpo-docente\/","title":{"rendered":"Corpo docente"},"content":{"rendered":"<p><a href=\"https:\/\/wp.ufpel.edu.br\/morfologia\/files\/2013\/07\/DSC01552.jpg\"><br \/>\n<\/a>S\u00e3o membros do corpo docente do Departamento de Morfologia:<a href=\"https:\/\/wp.ufpel.edu.br\/morfologia\/files\/2013\/07\/morfologia.jpg\"><img loading=\"lazy\" decoding=\"async\" class=\"aligncenter size-medium wp-image-48\" src=\"https:\/\/wp.ufpel.edu.br\/morfologia\/files\/2013\/07\/morfologia-300x225.jpg\" alt=\"morfologia\" width=\"300\" height=\"225\" srcset=\"https:\/\/wp.ufpel.edu.br\/morfologia\/files\/2013\/07\/morfologia-300x225.jpg 300w, https:\/\/wp.ufpel.edu.br\/morfologia\/files\/2013\/07\/morfologia-1024x768.jpg 1024w\" sizes=\"auto, (max-width: 300px) 100vw, 300px\" \/><\/a><\/p>\n<p><strong>\u00c1rea Anatomia Humana &#8211;<\/strong><\/p>\n<p><a href=\"http:\/\/lattes.cnpq.br\/7708030960530044\" target=\"_blank\" rel=\"noopener noreferrer\">Ademar Fonseca<\/a><\/p>\n<p><a href=\"http:\/\/lattes.cnpq.br\/2856380999626227\" target=\"_blank\" rel=\"noopener noreferrer\">Alisson Andr\u00e9 Robe Fonseca<\/a><\/p>\n<p><a href=\"http:\/\/lattes.cnpq.br\/9574407543164238\">Anelise Levay Murari<\/a>(reloca\u00e7\u00e3o na UFSM)<\/p>\n<p><a href=\"http:\/\/lattes.cnpq.br\/0985788323443613\" target=\"_blank\" rel=\"noopener noreferrer\">Ant\u00f4nio C\u00e9sar Bortowiski Rosa Leites<\/a><\/p>\n<p><a href=\"http:\/\/lattes.cnpq.br\/4901540247314716\" target=\"_blank\" rel=\"noopener noreferrer\">Carlos Alberto Alves Tavares<\/a><\/p>\n<p><a href=\"http:\/\/lattes.cnpq.br\/1779599543899214\" target=\"_blank\" rel=\"noopener noreferrer\">Caroline Crespo da Costa<\/a><\/p>\n<p><a href=\"http:\/\/lattes.cnpq.br\/2355506732878548\">Joseane Jim\u00e9nez Rojas\u00a0<\/a><\/p>\n<p><a href=\"https:\/\/wp.ufpel.edu.br\/ib\/marcio-osorio-guerreiro\/\" target=\"_blank\" rel=\"noopener noreferrer\">M\u00e1rcio Os\u00f3rio Guerreiro<\/a><\/p>\n<p><a href=\"http:\/\/lattes.cnpq.br\/2136475996540201\">Mariana Soares valen\u00e7a<\/a><\/p>\n<p><a href=\"http:\/\/lattes.cnpq.br\/4734280097069236\" target=\"_blank\" rel=\"noopener noreferrer\">Mateus Casanova dos Santos<\/a><\/p>\n<p><a href=\"http:\/\/lattes.cnpq.br\/0616440649871640\" target=\"_blank\" rel=\"noopener noreferrer\">Renato Azevedo de Azevedo<\/a><\/p>\n<p><a href=\"https:\/\/wp.ufpel.edu.br\/ib\/rosana-mendonca-de-souza\/\" target=\"_blank\" rel=\"noopener noreferrer\">Rosana Mendon\u00e7a de Souza<\/a> (Relotada Faculdade de Medicina)<\/p>\n<p><strong>Biologia Celular, Histologia e Anatomia do Desenvolvimento &#8211;<\/strong><\/p>\n<p><a href=\"http:\/\/lattes.cnpq.br\/6567059436768963\" target=\"_blank\" rel=\"noopener noreferrer\">Ana Paula Nunes<\/a><\/p>\n<p><a href=\"http:\/\/lattes.cnpq.br\/1768839485151839\">Ana Paula Pesarico<\/a>\u00a0(Docente substituta 2019-2020)<\/p>\n<p><a href=\"http:\/\/lattes.cnpq.br\/9351614587557334\" target=\"_blank\" rel=\"noopener noreferrer\">Izabel Cristina Cust\u00f3dio de Souza<\/a><\/p>\n<p><a href=\"http:\/\/lattes.cnpq.br\/9328637776851459\" target=\"_blank\" rel=\"noopener noreferrer\">Laura Beatriz Oliveira de Oliveira<\/a><\/p>\n<p><a href=\"http:\/\/lattes.cnpq.br\/7956000492760191\" target=\"_blank\" rel=\"noopener noreferrer\">Luiz Fernando Minello<\/a><\/p>\n<p><a href=\"http:\/\/lattes.cnpq.br\/3367558373241030\" target=\"_blank\" rel=\"noopener noreferrer\">Maria Gabriela Tavares Rheingantz<\/a><\/p>\n<p><a href=\"http:\/\/lattes.cnpq.br\/5055819683442138\" target=\"_blank\" rel=\"noopener noreferrer\">Marla Piumbini Rocha<\/a><\/p>\n<p><a href=\"http:\/\/lattes.cnpq.br\/7956000492760191\" target=\"_blank\" rel=\"noopener noreferrer\">Luiz Fernando Minello<\/a><\/p>\n<p><a href=\"http:\/\/lattes.cnpq.br\/8612494494829912\" target=\"_blank\" rel=\"noopener noreferrer\">Rafael Gianella Mondadori<\/a><\/p>\n<p><a href=\"http:\/\/lattes.cnpq.br\/3790250732811956\" target=\"_blank\" rel=\"noopener noreferrer\">Rosangela Ferreira Rodrigues<\/a><\/p>\n<p><a href=\"http:\/\/lattes.cnpq.br\/9805146097465268\" target=\"_blank\" rel=\"noopener noreferrer\">Sandra Mara da Encarna\u00e7\u00e3o Fiala Rechsteiner<\/a><\/p>\n<p><strong>Anatomia dos Animais Dom\u00e9sticos, de Produ\u00e7\u00e3o e Silvestres &#8211;<\/strong><\/p>\n<p><a href=\"http:\/\/lattes.cnpq.br\/0072597586528754\" target=\"_blank\" rel=\"noopener noreferrer\">Althen Teixeira Filho<\/a><\/p>\n<p><a href=\"http:\/\/lattes.cnpq.br\/6364339737843541\" target=\"_blank\" rel=\"noopener noreferrer\">Ana Luisa Schifino Valente<\/a><\/p>\n<p><a href=\"http:\/\/lattes.cnpq.br\/6111373320506703\" target=\"_blank\" rel=\"noopener noreferrer\">Lygia Maria de Almeida<\/a><\/p>\n<p style=\"text-align: center\">\u00a0<a href=\"https:\/\/wp.ufpel.edu.br\/morfologia\/files\/2013\/07\/DSC01552.jpg\"><img loading=\"lazy\" decoding=\"async\" src=\"https:\/\/wp.ufpel.edu.br\/morfologia\/files\/2013\/07\/DSC01552-300x225.jpg\" alt=\"DSC01552\" width=\"300\" height=\"225\" \/><\/a><\/p>\n","protected":false},"excerpt":{"rendered":"<p>S\u00e3o membros do corpo docente do Departamento de Morfologia: \u00c1rea Anatomia Humana &#8211; Ademar Fonseca Alisson Andr\u00e9 Robe Fonseca Anelise Levay Murari(reloca\u00e7\u00e3o na UFSM) Ant\u00f4nio C\u00e9sar Bortowiski Rosa Leites Carlos Alberto Alves Tavares Caroline Crespo da Costa Joseane Jim\u00e9nez Rojas\u00a0 &hellip; <a href=\"https:\/\/wp.ufpel.edu.br\/morfologia\/corpo-docente\/\">Continue lendo <span class=\"meta-nav\">&rarr;<\/span><\/a><\/p>\n","protected":false},"author":288,"featured_media":0,"parent":0,"menu_order":0,"comment_status":"closed","ping_status":"closed","template":"","meta":{"footnotes":""},"class_list":["post-12","page","type-page","status-publish","hentry"],"_links":{"self":[{"href":"https:\/\/wp.ufpel.edu.br\/morfologia\/wp-json\/wp\/v2\/pages\/12","targetHints":{"allow":["GET"]}}],"collection":[{"href":"https:\/\/wp.ufpel.edu.br\/morfologia\/wp-json\/wp\/v2\/pages"}],"about":[{"href":"https:\/\/wp.ufpel.edu.br\/morfologia\/wp-json\/wp\/v2\/types\/page"}],"author":[{"embeddable":true,"href":"https:\/\/wp.ufpel.edu.br\/morfologia\/wp-json\/wp\/v2\/users\/288"}],"replies":[{"embeddable":true,"href":"https:\/\/wp.ufpel.edu.br\/morfologia\/wp-json\/wp\/v2\/comments?post=12"}],"version-history":[{"count":11,"href":"https:\/\/wp.ufpel.edu.br\/morfologia\/wp-json\/wp\/v2\/pages\/12\/revisions"}],"predecessor-version":[{"id":165,"href":"https:\/\/wp.ufpel.edu.br\/morfologia\/wp-json\/wp\/v2\/pages\/12\/revisions\/165"}],"wp:attachment":[{"href":"https:\/\/wp.ufpel.edu.br\/morfologia\/wp-json\/wp\/v2\/media?parent=12"}],"curies":[{"name":"wp","href":"https:\/\/api.w.org\/{rel}","templated":true}]}}