{"id":55,"date":"2021-08-22T00:17:55","date_gmt":"2021-08-22T03:17:55","guid":{"rendered":"https:\/\/wp.ufpel.edu.br\/morartsufpel\/?page_id=55"},"modified":"2021-08-22T00:26:12","modified_gmt":"2021-08-22T03:26:12","slug":"colecao-tutoriais","status":"publish","type":"page","link":"https:\/\/wp.ufpel.edu.br\/morartsufpel\/producao\/colecao-tutoriais\/","title":{"rendered":"Cole\u00e7\u00e3o Tutoriais e Cat\u00e1logos"},"content":{"rendered":"","protected":false},"excerpt":{"rendered":"","protected":false},"author":553,"featured_media":0,"parent":21,"menu_order":0,"comment_status":"closed","ping_status":"closed","template":"","meta":{"footnotes":""},"class_list":["post-55","page","type-page","status-publish","hentry"],"_links":{"self":[{"href":"https:\/\/wp.ufpel.edu.br\/morartsufpel\/wp-json\/wp\/v2\/pages\/55","targetHints":{"allow":["GET"]}}],"collection":[{"href":"https:\/\/wp.ufpel.edu.br\/morartsufpel\/wp-json\/wp\/v2\/pages"}],"about":[{"href":"https:\/\/wp.ufpel.edu.br\/morartsufpel\/wp-json\/wp\/v2\/types\/page"}],"author":[{"embeddable":true,"href":"https:\/\/wp.ufpel.edu.br\/morartsufpel\/wp-json\/wp\/v2\/users\/553"}],"replies":[{"embeddable":true,"href":"https:\/\/wp.ufpel.edu.br\/morartsufpel\/wp-json\/wp\/v2\/comments?post=55"}],"version-history":[{"count":2,"href":"https:\/\/wp.ufpel.edu.br\/morartsufpel\/wp-json\/wp\/v2\/pages\/55\/revisions"}],"predecessor-version":[{"id":63,"href":"https:\/\/wp.ufpel.edu.br\/morartsufpel\/wp-json\/wp\/v2\/pages\/55\/revisions\/63"}],"up":[{"embeddable":true,"href":"https:\/\/wp.ufpel.edu.br\/morartsufpel\/wp-json\/wp\/v2\/pages\/21"}],"wp:attachment":[{"href":"https:\/\/wp.ufpel.edu.br\/morartsufpel\/wp-json\/wp\/v2\/media?parent=55"}],"curies":[{"name":"wp","href":"https:\/\/api.w.org\/{rel}","templated":true}]}}