{"id":5,"date":"2021-08-16T16:51:15","date_gmt":"2021-08-16T19:51:15","guid":{"rendered":"https:\/\/wp.ufpel.edu.br\/morartsufpel\/?page_id=5"},"modified":"2021-08-23T15:54:15","modified_gmt":"2021-08-23T18:54:15","slug":"sobre-o-projeto","status":"publish","type":"page","link":"https:\/\/wp.ufpel.edu.br\/morartsufpel\/","title":{"rendered":"Destaques"},"content":{"rendered":"<p style=\"text-align: center\"><span style=\"font-size: 14pt\"><strong>Lan\u00e7amento da Cole\u00e7\u00e3o de Tutoriais e Cat\u00e1logos do Projeto Morar_TS UFPEL<\/strong><\/span><\/p>\n<p>A Cole\u00e7\u00e3o conta com dois tutoriais e dois cat\u00e1logos que podem ser conferidos abaixo (para acessar o documento, basta clicar na capa ou no t\u00edtulo):<\/p>\n<p><a href=\"https:\/\/wp.ufpel.edu.br\/naurb\/files\/2021\/08\/Caderno-de-Recomendacoes-Construtivas-para-Habitacao-Social-Evolutiva.pdf\" target=\"_blank\" rel=\"attachment noopener wp-att-66\"><img loading=\"lazy\" decoding=\"async\" class=\" wp-image-66 alignleft\" src=\"https:\/\/wp.ufpel.edu.br\/morartsufpel\/files\/2021\/08\/cad1-282x400.png\" alt=\"\" width=\"294\" height=\"417\" srcset=\"https:\/\/wp.ufpel.edu.br\/morartsufpel\/files\/2021\/08\/cad1-282x400.png 282w, https:\/\/wp.ufpel.edu.br\/morartsufpel\/files\/2021\/08\/cad1.png 415w\" sizes=\"auto, (max-width: 294px) 100vw, 294px\" \/> <\/a><\/p>\n<p style=\"text-align: left\"><span style=\"font-size: 12pt\"><br \/>\n<a href=\"https:\/\/wp.ufpel.edu.br\/naurb\/files\/2021\/08\/Caderno-de-Recomendacoes-Construtivas-para-Habitacao-Social-Evolutiva.pdf\" target=\"_blank\" rel=\"noopener\"><strong>Caderno de Recomenda\u00e7\u00f5es Construtivas para Habita\u00e7\u00e3o Evolutiva<\/strong><\/a><strong><br \/>\n<\/strong><br \/>\n<span style=\"font-size: 10pt\">Autores:<\/span><br \/>\n<span style=\"font-size: 10pt\">Liziane de Oliveira Jorge<\/span><br \/>\n<span style=\"font-size: 10pt\">Rafaela Scherer<\/span><br \/>\n<span style=\"font-size: 10pt\">Jhonathan Henrique de Sousa<\/span><\/span><\/p>\n<p>ISBN: 978-65-995554-8-0<\/p>\n<p>&nbsp;<\/p>\n<p>&nbsp;<\/p>\n<p>&nbsp;<\/p>\n<p><a href=\"https:\/\/wp.ufpel.edu.br\/naurb\/files\/2021\/08\/Tutorial-Painel-Censo-IBGE-2010.pdf\" target=\"_blank\" rel=\"attachment noopener wp-att-67\"><img loading=\"lazy\" decoding=\"async\" class=\"wp-image-67 alignleft\" src=\"https:\/\/wp.ufpel.edu.br\/morartsufpel\/files\/2021\/08\/Tut-289x400.png\" alt=\"\" width=\"296\" height=\"409\" srcset=\"https:\/\/wp.ufpel.edu.br\/morartsufpel\/files\/2021\/08\/Tut-289x400.png 289w, https:\/\/wp.ufpel.edu.br\/morartsufpel\/files\/2021\/08\/Tut.png 440w\" sizes=\"auto, (max-width: 296px) 100vw, 296px\" \/><\/a><span style=\"font-size: 12pt\"><strong><br \/>\n<a href=\"https:\/\/wp.ufpel.edu.br\/naurb\/files\/2021\/08\/Tutorial-Painel-Censo-IBGE-2010.pdf\" target=\"_blank\" rel=\"noopener\">Tutorial Painel do Censo IBGE 2010<\/a><br \/>\n<\/strong><\/span><\/p>\n<p><span style=\"font-size: 12pt\"><span style=\"font-size: 10pt\">Autores:<\/span><br \/>\n<span style=\"font-size: 10pt\">Nirce Saffer Medvedovski<\/span><br \/>\n<span style=\"font-size: 10pt\">Eug\u00eania Lopes<\/span><br \/>\n<span style=\"font-size: 10pt\">Rithiele Gon\u00e7alves Araujo<\/span><br \/>\n<span style=\"font-size: 10pt\">Tain\u00e1 da Silva Gauterio<\/span><\/span><\/p>\n<p><span style=\"font-size: 12pt\">ISBN: 978-65-995554-9-7<\/span><\/p>\n<p>&nbsp;<\/p>\n<p>&nbsp;<\/p>\n<p>&nbsp;<\/p>\n<p><a href=\"https:\/\/wp.ufpel.edu.br\/naurb\/files\/2021\/08\/Cata%CC%81logo_Elementos_Infraestrutura_Urbana.pdf\" target=\"_blank\" rel=\"attachment noopener wp-att-68\"><img loading=\"lazy\" decoding=\"async\" class=\"wp-image-68 alignleft\" src=\"https:\/\/wp.ufpel.edu.br\/morartsufpel\/files\/2021\/08\/cat2-281x400.png\" alt=\"\" width=\"301\" height=\"428\" srcset=\"https:\/\/wp.ufpel.edu.br\/morartsufpel\/files\/2021\/08\/cat2-281x400.png 281w, https:\/\/wp.ufpel.edu.br\/morartsufpel\/files\/2021\/08\/cat2.png 414w\" sizes=\"auto, (max-width: 301px) 100vw, 301px\" \/><\/a><br \/>\n<a href=\"https:\/\/wp.ufpel.edu.br\/naurb\/files\/2021\/08\/Cata%CC%81logo_Elementos_Infraestrutura_Urbana.pdf\" target=\"_blank\" rel=\"noopener\"><span style=\"font-size: 16px\"><b>Cat\u00e1logo de Elementos de Infraestrutura Urbana<\/b><\/span><\/a><\/p>\n<p><span style=\"font-size: 10pt\">Autores:<br \/>\nAmanda Vicentini<br \/>\n<\/span><span style=\"font-size: 12pt\"><span style=\"font-size: 10pt\">Bibiana Rodrigues Cavalcanti <\/span><br \/>\n<span style=\"font-size: 10pt\">Bruna Rabaiolli<\/span><br \/>\n<span style=\"font-size: 10pt\">Danielle Souza da Silva<\/span><br \/>\n<span style=\"font-size: 10pt\">Igor Schwartz Eichholz<\/span><br \/>\n<span style=\"font-size: 10pt\">Lorena Maia Resende<\/span><br \/>\n<span style=\"font-size: 10pt\">Maria Luiza Borsa<\/span><br \/>\n<span style=\"font-size: 10pt\">Morgana Baron<\/span><br \/>\n<span style=\"font-size: 10pt\">Rafael Luz<\/span><br \/>\n<span style=\"font-size: 10pt\">Sirlene de Mello Sope\u00f1a<\/span><br \/>\n<\/span><\/p>\n<p>ISBN: 978-65-995554-5-9<\/p>\n<p><a href=\"https:\/\/wp.ufpel.edu.br\/morartsufpel\/sobre-o-projeto\/mmentalatu\/\" target=\"_blank\" rel=\"attachment noopener wp-att-69\"><img loading=\"lazy\" decoding=\"async\" class=\"wp-image-75  alignleft\" src=\"https:\/\/wp.ufpel.edu.br\/morartsufpel\/files\/2021\/08\/mmentalatu-277x400.png\" alt=\"\" width=\"300\" height=\"433\" srcset=\"https:\/\/wp.ufpel.edu.br\/morartsufpel\/files\/2021\/08\/mmentalatu-277x400.png 277w, https:\/\/wp.ufpel.edu.br\/morartsufpel\/files\/2021\/08\/mmentalatu.png 416w\" sizes=\"auto, (max-width: 300px) 100vw, 300px\" \/><\/a><br \/>\n<a href=\"https:\/\/wp.ufpel.edu.br\/naurb\/files\/2021\/08\/MMENTAL_TUTORIALMorar_TS.pdf\" target=\"_blank\" rel=\"noopener\"><span style=\"font-size: 12pt\"><strong>Tutorial MMental <span style=\"color: #ff0000\">(EM ATUALIZA\u00c7\u00c3O)<\/span><\/strong><\/span><\/a><\/p>\n<p><span style=\"font-size: 10pt\">Autores:<br \/>\nNirce Saffer Medvedovski<br \/>\nAdriane Borda Almeida da Silva<br \/>\nCris6ane dos Santos Nunes<br \/>\nElisa Santos Guimar\u00e3es<br \/>\nGlauco Roberto Munsberg dos Santos<br \/>\nAndr\u00e9 Hemb Alba<br \/>\nDaniel Retzlaff Krolow<br \/>\nThales Serra Negra Teodoro<br \/>\n<\/span><\/p>\n<p>ISBN: 978-65-995554-7-3<\/p>\n","protected":false},"excerpt":{"rendered":"<p>Lan\u00e7amento da Cole\u00e7\u00e3o de Tutoriais e Cat\u00e1logos do Projeto Morar_TS UFPEL A Cole\u00e7\u00e3o conta com dois tutoriais e dois cat\u00e1logos que podem ser conferidos abaixo (para acessar o documento, basta clicar na capa ou no t\u00edtulo): Caderno de Recomenda\u00e7\u00f5es Construtivas para Habita\u00e7\u00e3o Evolutiva Autores: Liziane de Oliveira Jorge Rafaela Scherer Jhonathan Henrique de Sousa ISBN: [&hellip;]<\/p>\n","protected":false},"author":553,"featured_media":0,"parent":0,"menu_order":1,"comment_status":"closed","ping_status":"closed","template":"","meta":{"footnotes":""},"class_list":["post-5","page","type-page","status-publish","hentry"],"_links":{"self":[{"href":"https:\/\/wp.ufpel.edu.br\/morartsufpel\/wp-json\/wp\/v2\/pages\/5","targetHints":{"allow":["GET"]}}],"collection":[{"href":"https:\/\/wp.ufpel.edu.br\/morartsufpel\/wp-json\/wp\/v2\/pages"}],"about":[{"href":"https:\/\/wp.ufpel.edu.br\/morartsufpel\/wp-json\/wp\/v2\/types\/page"}],"author":[{"embeddable":true,"href":"https:\/\/wp.ufpel.edu.br\/morartsufpel\/wp-json\/wp\/v2\/users\/553"}],"replies":[{"embeddable":true,"href":"https:\/\/wp.ufpel.edu.br\/morartsufpel\/wp-json\/wp\/v2\/comments?post=5"}],"version-history":[{"count":12,"href":"https:\/\/wp.ufpel.edu.br\/morartsufpel\/wp-json\/wp\/v2\/pages\/5\/revisions"}],"predecessor-version":[{"id":78,"href":"https:\/\/wp.ufpel.edu.br\/morartsufpel\/wp-json\/wp\/v2\/pages\/5\/revisions\/78"}],"wp:attachment":[{"href":"https:\/\/wp.ufpel.edu.br\/morartsufpel\/wp-json\/wp\/v2\/media?parent=5"}],"curies":[{"name":"wp","href":"https:\/\/api.w.org\/{rel}","templated":true}]}}