{"id":19,"date":"2021-08-21T01:38:37","date_gmt":"2021-08-21T04:38:37","guid":{"rendered":"https:\/\/wp.ufpel.edu.br\/morartsufpel\/?page_id=19"},"modified":"2021-08-22T01:22:33","modified_gmt":"2021-08-22T04:22:33","slug":"contato","status":"publish","type":"page","link":"https:\/\/wp.ufpel.edu.br\/morartsufpel\/contato\/","title":{"rendered":"Contato"},"content":{"rendered":"<p style=\"text-align: justify\">O Projeto Morar_TS (N\u00facleo UFPEL) \u00e9 fruto de uma parceria entre quatro laborat\u00f3rios da Faculdade de Arquitetura e Urbanismo da Universidade Federal de Pelotas. Cada um deles pode ser contatado atrav\u00e9s dos seguintes meios:<\/p>\n<p><strong><span style=\"font-size: 14pt\">N\u00facleo de Pesquisas em Arquitetura e Urbanismo (NAUrb)<\/span><\/strong><\/p>\n<p style=\"padding-left: 40px\"><strong>Endere\u00e7o:<\/strong>\u00a0\u00a0Rua Benjamin Constant, 1359.<br \/>\nPelotas \u2013 RS, 96010-020 \u2013 Campus FAUrb, sala 215.<br \/>\n<strong>Telefone:<\/strong>\u00a0\u00a0(53) 3284-5507<br \/>\n<strong>E-mail:\u00a0<\/strong>naurb.ufpel@gmail.com<br \/>\n<strong>Site:<\/strong> <a href=\"https:\/\/wp.ufpel.edu.br\/naurb\/\">https:\/\/wp.ufpel.edu.br\/naurb\/<\/a><\/p>\n<p><strong><span style=\"font-size: 14pt\">Laborat\u00f3rio de Estudos Comportamentais (LabCom)<\/span><\/strong><\/p>\n<p style=\"padding-left: 40px\"><strong>Endere\u00e7o:<\/strong>\u00a0\u00a0Rua Benjamin Constant, 1359.<br \/>\nPelotas \u2013 RS, 96010-020 \u2013 Campus FAUrb, sala LabCom.<br \/>\n<strong>Telefone:<\/strong> \u00a0(53) 3284-5500<br \/>\n<strong>E-mail: <\/strong>labcomaquitetura@gmail.com<br \/>\n<strong>Site:\u00a0<\/strong><a href=\"https:\/\/wp.ufpel.edu.br\/labcom\/pt\/pagina-inicial\/\">https:\/\/wp.ufpel.edu.br\/labcom\/pt\/pagina-inicial\/<\/a><\/p>\n<p><strong><span style=\"font-size: 14pt\">Grupo de Estudos para o Ensino\/aprendizagem de Gr\u00e1fica Digital (GEGRADI)<\/span><\/strong><\/p>\n<p style=\"padding-left: 40px\"><strong>Endere\u00e7o:<\/strong>\u00a0\u00a0Rua Benjamin Constant, 1359.<br \/>\nPelotas \u2013 RS, 96010-020 \u2013 Campus FAUrb, sala GEGRADI.<br \/>\n<strong>Telefone:<\/strong> \u00a0(53) 3284-5505<br \/>\n<strong>E-mail: <\/strong>gegradi@gmail.com<br \/>\n<strong>Site:\u00a0<\/strong><a href=\"https:\/\/wp.ufpel.edu.br\/gegradi\/\">https:\/\/wp.ufpel.edu.br\/gegradi\/<\/a><\/p>\n<p><strong><span style=\"font-size: 14pt\">Laborat\u00f3rio de Conforto e Efici\u00eancia Energ\u00e9tica (LabCEE)<\/span><\/strong><\/p>\n<p style=\"padding-left: 40px\"><strong>Endere\u00e7o:<\/strong>\u00a0\u00a0Rua Benjamin Constant, 1359.<br \/>\nPelotas \u2013 RS, 96010-020 \u2013 Campus FAUrb, sala 111.<br \/>\n<strong>Telefone:<\/strong> \u00a0(53) 3284-5508<br \/>\n<strong>E-mail: <\/strong>labcee@hotmail.com<br \/>\n<strong>Site: <\/strong><a href=\"https:\/\/wp.ufpel.edu.br\/labcee\/\">https:\/\/wp.ufpel.edu.br\/labcee\/<\/a><\/p>\n","protected":false},"excerpt":{"rendered":"<p>O Projeto Morar_TS (N\u00facleo UFPEL) \u00e9 fruto de uma parceria entre quatro laborat\u00f3rios da Faculdade de Arquitetura e Urbanismo da Universidade Federal de Pelotas. Cada um deles pode ser contatado atrav\u00e9s dos seguintes meios: N\u00facleo de Pesquisas em Arquitetura e Urbanismo (NAUrb) Endere\u00e7o:\u00a0\u00a0Rua Benjamin Constant, 1359. Pelotas \u2013 RS, 96010-020 \u2013 Campus FAUrb, sala 215. [&hellip;]<\/p>\n","protected":false},"author":553,"featured_media":0,"parent":0,"menu_order":5,"comment_status":"closed","ping_status":"closed","template":"","meta":{"footnotes":""},"class_list":["post-19","page","type-page","status-publish","hentry"],"_links":{"self":[{"href":"https:\/\/wp.ufpel.edu.br\/morartsufpel\/wp-json\/wp\/v2\/pages\/19","targetHints":{"allow":["GET"]}}],"collection":[{"href":"https:\/\/wp.ufpel.edu.br\/morartsufpel\/wp-json\/wp\/v2\/pages"}],"about":[{"href":"https:\/\/wp.ufpel.edu.br\/morartsufpel\/wp-json\/wp\/v2\/types\/page"}],"author":[{"embeddable":true,"href":"https:\/\/wp.ufpel.edu.br\/morartsufpel\/wp-json\/wp\/v2\/users\/553"}],"replies":[{"embeddable":true,"href":"https:\/\/wp.ufpel.edu.br\/morartsufpel\/wp-json\/wp\/v2\/comments?post=19"}],"version-history":[{"count":6,"href":"https:\/\/wp.ufpel.edu.br\/morartsufpel\/wp-json\/wp\/v2\/pages\/19\/revisions"}],"predecessor-version":[{"id":72,"href":"https:\/\/wp.ufpel.edu.br\/morartsufpel\/wp-json\/wp\/v2\/pages\/19\/revisions\/72"}],"wp:attachment":[{"href":"https:\/\/wp.ufpel.edu.br\/morartsufpel\/wp-json\/wp\/v2\/media?parent=19"}],"curies":[{"name":"wp","href":"https:\/\/api.w.org\/{rel}","templated":true}]}}