{"id":17,"date":"2021-08-21T01:36:47","date_gmt":"2021-08-21T04:36:47","guid":{"rendered":"https:\/\/wp.ufpel.edu.br\/morartsufpel\/?page_id=17"},"modified":"2021-08-22T00:36:20","modified_gmt":"2021-08-22T03:36:20","slug":"equipe","status":"publish","type":"page","link":"https:\/\/wp.ufpel.edu.br\/morartsufpel\/equipe\/","title":{"rendered":"Equipe"},"content":{"rendered":"<p><strong>Coordenadora<\/strong><\/p>\n<p>Nirce Saffer Medvedovski<\/p>\n<p><strong>Integrantes<\/strong><\/p>\n<p>Josiane Almeida<\/p>\n<p>Luiz Carlos Pinto da Silva Filho<\/p>\n<p>Adriane Borda Almeida da Silva<\/p>\n<p>F\u00e1bio Kellermann Schramm<\/p>\n<p>Luciano de Vasconcellos Corr\u00eaa<\/p>\n<p>Edar da Silva A\u00f1a\u00f1a<\/p>\n","protected":false},"excerpt":{"rendered":"<p>Coordenadora Nirce Saffer Medvedovski Integrantes Josiane Almeida Luiz Carlos Pinto da Silva Filho Adriane Borda Almeida da Silva F\u00e1bio Kellermann Schramm Luciano de Vasconcellos Corr\u00eaa Edar da Silva A\u00f1a\u00f1a<\/p>\n","protected":false},"author":553,"featured_media":0,"parent":0,"menu_order":4,"comment_status":"closed","ping_status":"closed","template":"","meta":{"footnotes":""},"class_list":["post-17","page","type-page","status-publish","hentry"],"_links":{"self":[{"href":"https:\/\/wp.ufpel.edu.br\/morartsufpel\/wp-json\/wp\/v2\/pages\/17","targetHints":{"allow":["GET"]}}],"collection":[{"href":"https:\/\/wp.ufpel.edu.br\/morartsufpel\/wp-json\/wp\/v2\/pages"}],"about":[{"href":"https:\/\/wp.ufpel.edu.br\/morartsufpel\/wp-json\/wp\/v2\/types\/page"}],"author":[{"embeddable":true,"href":"https:\/\/wp.ufpel.edu.br\/morartsufpel\/wp-json\/wp\/v2\/users\/553"}],"replies":[{"embeddable":true,"href":"https:\/\/wp.ufpel.edu.br\/morartsufpel\/wp-json\/wp\/v2\/comments?post=17"}],"version-history":[{"count":3,"href":"https:\/\/wp.ufpel.edu.br\/morartsufpel\/wp-json\/wp\/v2\/pages\/17\/revisions"}],"predecessor-version":[{"id":65,"href":"https:\/\/wp.ufpel.edu.br\/morartsufpel\/wp-json\/wp\/v2\/pages\/17\/revisions\/65"}],"wp:attachment":[{"href":"https:\/\/wp.ufpel.edu.br\/morartsufpel\/wp-json\/wp\/v2\/media?parent=17"}],"curies":[{"name":"wp","href":"https:\/\/api.w.org\/{rel}","templated":true}]}}