{"id":77,"date":"2013-07-28T14:32:48","date_gmt":"2013-07-28T17:32:48","guid":{"rendered":"http:\/\/modosdelerescrever.ufpel.edu.br\/site\/?page_id=77"},"modified":"2018-09-06T14:02:34","modified_gmt":"2018-09-06T17:02:34","slug":"submissao-de-trabalhos-2","status":"publish","type":"page","link":"https:\/\/wp.ufpel.edu.br\/modosdelerescrever\/submissao-de-trabalhos-2\/","title":{"rendered":"Submiss\u00e3o de trabalhos"},"content":{"rendered":"<h2>DIRETRIZES<\/h2>\n<p>Acesse <a href=\"http:\/\/modosdelerescrever.ufpel.edu.br\/site\/?page_id=240\" target=\"_blank\" rel=\"noopener\">aqui<\/a> o texto completo das diretrizes para o envio de trabalhos.<\/p>\n<p><strong>PAINEL ELETR\u00d4NICO<\/strong><\/p>\n<p>O painel eletr\u00f4nico destina-se \u00e0 apresenta\u00e7\u00e3o de trabalhos por meio de exposi\u00e7\u00e3o em slide. Os trabalhos se encontrar\u00e3o projetados para consulta em ambiente preparado no local do evento. O apresentador dever\u00e1 enviar o painel somente ap\u00f3s o aceite do resumo pela comiss\u00e3o cient\u00edfica. O arquivo dever\u00e1 ser enviado pelo site <a href=\"http:\/\/modosdelerescrever.ufpel.edu.br\/\">http:\/\/modosdelerescrever.ufpel.edu.br<\/a> na aba inscri\u00e7\u00f5es, salvo em apresenta\u00e7\u00f5es do PowerPoint 97-2003, at\u00e9 o dia 27\/10\/2013. O material deve estar contido em apenas 1 (um) slide conforme modelo dispon\u00edvel na p\u00e1gina do evento. N\u00e3o haver\u00e1 apresenta\u00e7\u00e3o oral dos trabalhos projetados.<\/p>\n<p>Todos os trabalhos enviados e aceitos ser\u00e3o publicados nos anais do evento com ISSN.<\/p>\n<p>&nbsp;<\/p>\n<h2>Cronograma<\/h2>\n<p>Inscri\u00e7\u00f5es: at\u00e9 04\/11\/2013<\/p>\n<p>Submiss\u00e3o de resumos: at\u00e9 30\/09\/2013<\/p>\n<p>Envio dos pareceres: at\u00e9 20\/10\/2013<\/p>\n<p>Submiss\u00e3o dos pain\u00e9is: at\u00e9 27\/10\/2013<\/p>\n<p>Evento: 04 e 05 de novembro de 2013<\/p>\n<p>&nbsp;<\/p>\n<h1><strong>Envio do painel eletr\u00f4nico: prazo encerrado<\/strong><\/h1>\n<p>&nbsp;<\/p>\n<p><strong>Os modelos est\u00e3o abaixo:<\/strong><\/p>\n<table border=\"0\" width=\"600\" align=\"center\">\n<tbody>\n<tr>\n<td>\n<p><div id=\"attachment_155\" style=\"width: 214px\" class=\"wp-caption alignleft\"><img loading=\"lazy\" decoding=\"async\" aria-describedby=\"caption-attachment-155\" class=\"wp-image-155 \" src=\"http:\/\/modosdelerescrever.ufpel.edu.br\/site\/wp-content\/uploads\/2013\/07\/7335_256x256.png\" alt=\"Download do modelo de resumo\" width=\"204\" height=\"204\" \/><p id=\"caption-attachment-155\" class=\"wp-caption-text\"><a style=\"line-height: 19px;\" href=\"https:\/\/wp.ufpel.edu.br\/modosdelerescrever\/files\/2018\/09\/modelo_resumo.doc\" target=\"_blank\" rel=\"noopener\"><span style=\"color: #333333; font-family: Georgia, 'Times New Roman', 'Bitstream Charter', Times, serif; font-size: small;\">Download do modelo de resumo<\/span><\/a><\/p><\/div><\/td>\n<td>\n<p><div id=\"attachment_155\" style=\"width: 214px\" class=\"wp-caption alignleft\"><img loading=\"lazy\" decoding=\"async\" aria-describedby=\"caption-attachment-155\" class=\"wp-image-155 \" src=\"http:\/\/modosdelerescrever.ufpel.edu.br\/site\/wp-content\/uploads\/2013\/07\/PowerPoint-icon.png\" alt=\"Download do modelo de p\u00f4ster\" width=\"204\" height=\"204\" \/><p id=\"caption-attachment-155\" class=\"wp-caption-text\"><a style=\"line-height: 19px;\" href=\"https:\/\/wp.ufpel.edu.br\/modosdelerescrever\/files\/2018\/09\/modelo_poster.ppt\" target=\"_blank\" rel=\"noopener\"><span style=\"color: #333333; font-family: Georgia, 'Times New Roman', 'Bitstream Charter', Times, serif; font-size: small;\">Download do modelo de p\u00f4ster<\/span><\/a><\/p><\/div><\/td>\n<\/tr>\n<\/tbody>\n<\/table>\n<p>&nbsp;<\/p>\n","protected":false},"excerpt":{"rendered":"<p>DIRETRIZES Acesse aqui o texto completo das diretrizes para o envio de trabalhos. PAINEL ELETR\u00d4NICO O painel eletr\u00f4nico destina-se \u00e0 apresenta\u00e7\u00e3o de trabalhos por meio de exposi\u00e7\u00e3o em slide. Os trabalhos se encontrar\u00e3o projetados para consulta em ambiente preparado no &hellip; <a href=\"https:\/\/wp.ufpel.edu.br\/modosdelerescrever\/submissao-de-trabalhos-2\/\">Continue lendo <span class=\"meta-nav\">&rarr;<\/span><\/a><\/p>\n","protected":false},"author":667,"featured_media":0,"parent":0,"menu_order":0,"comment_status":"closed","ping_status":"closed","template":"","meta":{"footnotes":""},"class_list":["post-77","page","type-page","status-publish","hentry"],"_links":{"self":[{"href":"https:\/\/wp.ufpel.edu.br\/modosdelerescrever\/wp-json\/wp\/v2\/pages\/77","targetHints":{"allow":["GET"]}}],"collection":[{"href":"https:\/\/wp.ufpel.edu.br\/modosdelerescrever\/wp-json\/wp\/v2\/pages"}],"about":[{"href":"https:\/\/wp.ufpel.edu.br\/modosdelerescrever\/wp-json\/wp\/v2\/types\/page"}],"author":[{"embeddable":true,"href":"https:\/\/wp.ufpel.edu.br\/modosdelerescrever\/wp-json\/wp\/v2\/users\/667"}],"replies":[{"embeddable":true,"href":"https:\/\/wp.ufpel.edu.br\/modosdelerescrever\/wp-json\/wp\/v2\/comments?post=77"}],"version-history":[{"count":2,"href":"https:\/\/wp.ufpel.edu.br\/modosdelerescrever\/wp-json\/wp\/v2\/pages\/77\/revisions"}],"predecessor-version":[{"id":385,"href":"https:\/\/wp.ufpel.edu.br\/modosdelerescrever\/wp-json\/wp\/v2\/pages\/77\/revisions\/385"}],"wp:attachment":[{"href":"https:\/\/wp.ufpel.edu.br\/modosdelerescrever\/wp-json\/wp\/v2\/media?parent=77"}],"curies":[{"name":"wp","href":"https:\/\/api.w.org\/{rel}","templated":true}]}}