{"id":217,"date":"2013-08-25T14:09:09","date_gmt":"2013-08-25T17:09:09","guid":{"rendered":"http:\/\/modosdelerescrever.ufpel.edu.br\/site\/?page_id=217"},"modified":"2013-08-25T14:09:09","modified_gmt":"2013-08-25T17:09:09","slug":"comite-cientifico","status":"publish","type":"page","link":"https:\/\/wp.ufpel.edu.br\/modosdelerescrever\/comite-cientifico\/","title":{"rendered":"Comit\u00ea cient\u00edfico"},"content":{"rendered":"<p style=\"text-align: center\"><em>Alan Padilha (UNIOESTE)<\/em><br \/>\n<em> \u00c2ngela Tambara Velho (UFMT)<\/em><br \/>\n<em> Carla Gon\u00e7alves Rodrigues (UFPel)<\/em><br \/>\n<em> Donald Kerr Junior (IFSul)<\/em><br \/>\n<em> Em\u00edlia Carvalho Leit\u00e3o Biato (UFMT)<\/em><br \/>\n<em> Josimara Silva Wikboldt (E. E. E. F. Dona Gabriela Gastal e\u00a0UFPel)<\/em><br \/>\n<em> Nilton Pereira (UFRGS)<\/em><br \/>\n<em> Paulo Roberto Schneider (UNIOESTE)<\/em><br \/>\n<em> Samuel E. L. Bello (UFRGS)<\/em><br \/>\n<em> Samuel Molina Schnorr (UFPel)<\/em><\/p>\n","protected":false},"excerpt":{"rendered":"<p>Alan Padilha (UNIOESTE) \u00c2ngela Tambara Velho (UFMT) Carla Gon\u00e7alves Rodrigues (UFPel) Donald Kerr Junior (IFSul) Em\u00edlia Carvalho Leit\u00e3o Biato (UFMT) Josimara Silva Wikboldt (E. E. E. F. Dona Gabriela Gastal e\u00a0UFPel) Nilton Pereira (UFRGS) Paulo Roberto Schneider (UNIOESTE) Samuel E. &hellip; <a href=\"https:\/\/wp.ufpel.edu.br\/modosdelerescrever\/comite-cientifico\/\">Continue lendo <span class=\"meta-nav\">&rarr;<\/span><\/a><\/p>\n","protected":false},"author":667,"featured_media":0,"parent":0,"menu_order":0,"comment_status":"closed","ping_status":"closed","template":"","meta":{"footnotes":""},"class_list":["post-217","page","type-page","status-publish","hentry"],"_links":{"self":[{"href":"https:\/\/wp.ufpel.edu.br\/modosdelerescrever\/wp-json\/wp\/v2\/pages\/217","targetHints":{"allow":["GET"]}}],"collection":[{"href":"https:\/\/wp.ufpel.edu.br\/modosdelerescrever\/wp-json\/wp\/v2\/pages"}],"about":[{"href":"https:\/\/wp.ufpel.edu.br\/modosdelerescrever\/wp-json\/wp\/v2\/types\/page"}],"author":[{"embeddable":true,"href":"https:\/\/wp.ufpel.edu.br\/modosdelerescrever\/wp-json\/wp\/v2\/users\/667"}],"replies":[{"embeddable":true,"href":"https:\/\/wp.ufpel.edu.br\/modosdelerescrever\/wp-json\/wp\/v2\/comments?post=217"}],"version-history":[{"count":0,"href":"https:\/\/wp.ufpel.edu.br\/modosdelerescrever\/wp-json\/wp\/v2\/pages\/217\/revisions"}],"wp:attachment":[{"href":"https:\/\/wp.ufpel.edu.br\/modosdelerescrever\/wp-json\/wp\/v2\/media?parent=217"}],"curies":[{"name":"wp","href":"https:\/\/api.w.org\/{rel}","templated":true}]}}