{"id":205,"date":"2013-08-14T08:09:58","date_gmt":"2013-08-14T11:09:58","guid":{"rendered":"http:\/\/modosdelerescrever.ufpel.edu.br\/site\/?page_id=205"},"modified":"2013-08-14T08:09:58","modified_gmt":"2013-08-14T11:09:58","slug":"cronograma-2","status":"publish","type":"page","link":"https:\/\/wp.ufpel.edu.br\/modosdelerescrever\/cronograma-2\/","title":{"rendered":"Cronograma"},"content":{"rendered":"<p><span style=\"color: #ff0000\">INSCRI\u00c7\u00d4ES ENCERRADAS. VAGAS ESGOTADAS.<\/span><\/p>\n<p>Submiss\u00e3o de resumos: at\u00e9 30\/09\/2013<\/p>\n<p>Envio dos pareceres: at\u00e9 20\/10\/2013<\/p>\n<p>Submiss\u00e3o dos pain\u00e9is: at\u00e9 27\/10\/2013<\/p>\n<p>Evento: 04 e 05 de novembro de 2013<\/p>\n","protected":false},"excerpt":{"rendered":"<p>INSCRI\u00c7\u00d4ES ENCERRADAS. VAGAS ESGOTADAS. Submiss\u00e3o de resumos: at\u00e9 30\/09\/2013 Envio dos pareceres: at\u00e9 20\/10\/2013 Submiss\u00e3o dos pain\u00e9is: at\u00e9 27\/10\/2013 Evento: 04 e 05 de novembro de 2013<\/p>\n","protected":false},"author":667,"featured_media":0,"parent":0,"menu_order":0,"comment_status":"closed","ping_status":"closed","template":"","meta":{"footnotes":""},"class_list":["post-205","page","type-page","status-publish","hentry"],"_links":{"self":[{"href":"https:\/\/wp.ufpel.edu.br\/modosdelerescrever\/wp-json\/wp\/v2\/pages\/205","targetHints":{"allow":["GET"]}}],"collection":[{"href":"https:\/\/wp.ufpel.edu.br\/modosdelerescrever\/wp-json\/wp\/v2\/pages"}],"about":[{"href":"https:\/\/wp.ufpel.edu.br\/modosdelerescrever\/wp-json\/wp\/v2\/types\/page"}],"author":[{"embeddable":true,"href":"https:\/\/wp.ufpel.edu.br\/modosdelerescrever\/wp-json\/wp\/v2\/users\/667"}],"replies":[{"embeddable":true,"href":"https:\/\/wp.ufpel.edu.br\/modosdelerescrever\/wp-json\/wp\/v2\/comments?post=205"}],"version-history":[{"count":0,"href":"https:\/\/wp.ufpel.edu.br\/modosdelerescrever\/wp-json\/wp\/v2\/pages\/205\/revisions"}],"wp:attachment":[{"href":"https:\/\/wp.ufpel.edu.br\/modosdelerescrever\/wp-json\/wp\/v2\/media?parent=205"}],"curies":[{"name":"wp","href":"https:\/\/api.w.org\/{rel}","templated":true}]}}