{"id":79,"date":"2012-08-14T12:10:05","date_gmt":"2012-08-14T15:10:05","guid":{"rendered":"https:\/\/wp.ufpel.edu.br\/modelage\/?page_id=79"},"modified":"2012-08-15T11:12:41","modified_gmt":"2012-08-15T14:12:41","slug":"prospeccao-mineral-e-geologia-de-mina","status":"publish","type":"page","link":"https:\/\/wp.ufpel.edu.br\/modelage\/material-didatico\/prospeccao-mineral-e-geologia-de-mina\/","title":{"rendered":"PROSPEC\u00c7\u00c3O MINERAL E GEOLOGIA DE MINA"},"content":{"rendered":"<p>O livro est\u00e1 sendo preparado para fornecer uma dimens\u00e3o aplicada e atualizada das t\u00e9cnicas geol\u00f3gicas de explora\u00e7\u00e3o mineral e de geologia de mina.<\/p>\n<p>O livro encontra-se em fase de finaliza\u00e7\u00e3o para encaminhamento \u00e0 Editora da UFPel e foi elaborado como suporte \u00e0s disciplinas de Prospec\u00e7\u00e3o Mineral do Curso de Engenharia Geol\u00f3gica da UFPel com base na experi\u00eancia do autor, principalmente nos resultados dos projetos de pesquisa desenvolvidos para os distritos mineiros de \u00e1gata e de ametista do Estado do Rio Grande do Sul e em projeots de pesquisa relacionados com pesquisa mineral em distritos aur\u00edfero.<\/p>\n<p>CONTE\u00daDO<\/p>\n<p>1. Introdu\u00e7\u00e3o\u00a0\u00a0 \u00a01<\/p>\n<p>2. Mapeamento geol\u00f3gico-estrutural de mina\u00a0\u00a0 \u00a02<br \/>\n2.1. T\u00e9cnicas de mapeamento \u00a0\u00a0 \u00a02<br \/>\n2.1.1. Mapeamento em superf\u00edcie\u00a0\u00a0 \u00a03<br \/>\n2.1.1.1 Mapeamento em escalas regional e semi-regional\u00a0\u00a0 \u00a04<br \/>\n2.1.1.2 Mapeamento em escalas de detalhe ou de mina\u00a0\u00a0 \u00a011<br \/>\n2.1.2. Mapeamento de trincheiras, po\u00e7os e galerias\u00a0\u00a0 \u00a018<br \/>\n2.1.3. Descri\u00e7\u00e3o de testemunhos de sondagem\u00a0\u00a0 \u00a021<br \/>\n2.2. Mapeamento de fei\u00e7\u00f5es geomec\u00e2nicas em maci\u00e7os rochosos\u00a0\u00a0 \u00a025<br \/>\n2.2.1. Tipos de descontinuidades geomec\u00e2nicas\u00a0\u00a0 \u00a026<br \/>\n2.2.2. Caracter\u00edsticas das descontinuidades geomec\u00e2nicas de maci\u00e7os rochosos\u00a0\u00a0 \u00a028<br \/>\n2.2.3. M\u00e9todos de levantamento de descontinuidade geomec\u00e2nicas\u00a0\u00a0 \u00a033<br \/>\n2.2.3.1 Mapeamento preliminar de descontinuidades por fotogrametria terrestre\u00a0\u00a0 \u00a033<br \/>\n2.2.3.2 Descri\u00e7\u00e3o (caracteriza\u00e7\u00e3o) geomec\u00e2nica de afloramentos\u00a0\u00a0 \u00a037<br \/>\n2.2.3.2.1 O m\u00e9todo da scanline\u00a0\u00a0 \u00a037<br \/>\n2.2.3.3 Caracteriza\u00e7\u00e3o geomec\u00e2nica a partir de testemunhos de sondagem\u00a0\u00a0 \u00a038<br \/>\n2.2.4. Caracteriza\u00e7\u00e3o de maci\u00e7os rochosos por meio do levantamento de descontinuidades geomec\u00e2nicas<br \/>\n40<br \/>\n2.3 Mapeamento de estruturas deformacionais\u00a0\u00a0 \u00a042<br \/>\n2.3.1 Mapeamento de estruturas deformacionais planares\u00a0\u00a0 \u00a043<br \/>\n2.3.2 Mapeamento de dobras\u00a0\u00a0 \u00a046<br \/>\n2.3.3 Mapeamento de estruturas lineares\u00a0\u00a0 \u00a049<\/p>\n<p>3. Estruturas controladoras de dep\u00f3sitos minerais (guias de min\u00e9rios)\u00a0\u00a0 \u00a051<br \/>\n3.1. Tipos de estruturas controladoras\u00a0\u00a0 \u00a051<br \/>\n3.2. Mapeamento das estruturas controladoras\u00a0\u00a0 \u00a056<br \/>\n3.3. Geometria, distribui\u00e7\u00e3o espacial e persist\u00eancia dos corpos de min\u00e9rio\u00a0\u00a0 \u00a060<br \/>\n3.3.1 Corpos de min\u00e9rio aproximadamente equidimensionais\u00a0\u00a0 \u00a061<br \/>\n3.3.2 Corpos alongados e\/ou cil\u00edndricos de min\u00e9rio\u00a0\u00a0 \u00a064<br \/>\n3.3.3 Corpos tabulares de min\u00e9rio\u00a0\u00a0 \u00a065<br \/>\n3.3.4 Corpos irregulares de min\u00e9rio\u00a0\u00a0 \u00a066<br \/>\n3.4. Levantamentos geof\u00edsicos aplicados em escala de mina\u00a0\u00a0 \u00a066<br \/>\n3.4.1 M\u00e9todos de campo potencial\u00a0\u00a0 \u00a067<br \/>\n3.4.2 M\u00e9todos de resistividade e polariza\u00e7\u00e3o induzida\u00a0\u00a0 \u00a068<br \/>\n3.4.3 M\u00e9todos eletromagn\u00e9ticos\u00a0\u00a0 \u00a071<br \/>\n3.4.4 Georradar\u00a0\u00a0 \u00a072<br \/>\n3.4.5 M\u00e9todos s\u00edsmicos\u00a0\u00a0 \u00a072<br \/>\n3.4.6 Perfilagem geof\u00edsica\u00a0\u00a0 \u00a073<\/p>\n<p>4. Geologia explorat\u00f3ria e de frente de lavra\u00a0\u00a0 \u00a077<br \/>\n4.1. Amostragem de min\u00e9rio\u00a0\u00a0 \u00a077<br \/>\n4.1.1 Erros de amostragem\u00a0\u00a0 \u00a078<br \/>\n4.1.2 Tipos de amostgragem\u00a0\u00a0 \u00a078<br \/>\n4.1.2.1 Amostragem geol\u00f3gica ou prim\u00e1ria\u00a0\u00a0 \u00a079<br \/>\n4.1.3 Teoria da amostragem\u00a0\u00a0 \u00a081<br \/>\n4.1.3.1 Teoria da amostgragem de Gy\u00a0\u00a0 \u00a081<br \/>\n4.1.3.2 Teoria da amostragem de Kazhdan\u00a0\u00a0 \u00a082<br \/>\n4.2 Aplica\u00e7\u00e3o das teorias de amostragem aos dep\u00f3sitos de \u00e1gata do Dist Min de Salto do Jacu\u00ed (RS)\u00a0 83<br \/>\n4.2.1 T\u00e9cnicas de extra\u00e7\u00e3o dos geodos de \u00e1gata\u00a0\u00a0 \u00a084<br \/>\n4.2.2 Caracteriza\u00e7\u00e3o do min\u00e9rio\u00a0\u00a0 \u00a085<br \/>\n4.2.3 Determina\u00e7\u00e3o dos teores de refer\u00eancia em dep\u00f3sitos de \u00e1gata\u00a0\u00a0 \u00a086<br \/>\n4.2.4 Defini\u00e7\u00e3o do volume amostral m\u00ednimo para os dep\u00f3sitos de \u00e1gata\u00a0\u00a0 \u00a087<br \/>\n4.2.4.1 Volume amostral pela Teoria de Kazhdan \u00a0\u00a0 \u00a088<br \/>\n4.2.4.2 Volume amostral pela Teoria de Gy\u00a0\u00a0 \u00a089<br \/>\n4.2.4.3 Volume amostral m\u00ednimo para os dep\u00f3sitos de geodos de \u00e1gata\u00a0\u00a0 \u00a091<br \/>\n4.3 Levantamentos geol\u00f3gicos, acompanhamento da lavra e controle de teores\u00a0\u00a0 91<br \/>\n4.3.1 Metodologias utilizadas para estimativa de teor dos blocos \u00a0\u00a0 \u00a092<br \/>\n4.4 Estudo de caso sobre controle de teores para a Mina de San Greg\u00f3rio (Uruguay)\u00a0\u00a0 94<br \/>\n4.4.1 Opera\u00e7\u00f5es de controle de teor e mapeamento de acompanhamento da lavra\u00a0\u00a0 \u00a096<br \/>\n4.4.1.1 Sondagens para desmonte\u00a0\u00a0 \u00a097<br \/>\n4.4.1.2 Amostragem\u00a0\u00a0 \u00a097<br \/>\n4.4.1.3 Topografia\u00a0\u00a0 \u00a097<br \/>\n4.4.1.4 An\u00e1lise qu\u00edmica\u00a0\u00a0 \u00a097<br \/>\n4.4.1.5 Constru\u00e7\u00e3o de banco de dados\u00a0\u00a0 \u00a097<br \/>\n4.4.1.6 Prepara\u00e7\u00e3o do banco de dados para o controle de teor\u00a0\u00a0 \u00a098<br \/>\n4.4.1.7 Controle de teor\u00a0\u00a0 \u00a098<br \/>\n4.4.1.8 Demarca\u00e7\u00e3o dos blocos de lavra\u00a0\u00a0 \u00a098<br \/>\n4.4.1.9 Mapa de controle de teor\u00a0\u00a0 \u00a098<br \/>\n4.4.1.10 Supervis\u00e3o do material extra\u00eddo\u00a0\u00a0 \u00a0100<br \/>\n4.4.2 Resultados obtidos\u00a0\u00a0 \u00a0100<br \/>\n4.5. Estudos qu\u00edmicos, f\u00edsicos e petrogr\u00e1ficos do min\u00e9rio e de suas encaixantes\u00a0\u00a0 \u00a0100<\/p>\n<p>5. Elementos de modelagem de dep\u00f3sitos minerais\u00a0\u00a0 \u00a0108<br \/>\n5.1 Modelos explorat\u00f3rios\u00a0\u00a0 \u00a0108<br \/>\n5.1.1. Classes de modelos de dep\u00f3sitos minerais\u00a0\u00a0 \u00a0110<br \/>\n5.1.1.1 Modelos emp\u00edricos, descritivos e gen\u00e9ticos\u00a0\u00a0 \u00a0110<br \/>\n5.1.1.2 Modelo DPC (data process criteria)\u00a0\u00a0 \u00a0112<br \/>\n5.1.1.3 Modelo teor\/tonelagem\u00a0\u00a0 \u00a0113<br \/>\n5.1.1.4 Modelo de probabilidade de ocorr\u00eancia\u00a0\u00a0 \u00a0113<br \/>\n5.2 Modelos geom\u00e9tricos de dep\u00f3sitos minerais para planejamento de lavra\u00a0\u00a0 \u00a0114<br \/>\n5.2.1. Wireframe models\u00a0\u00a0 \u00a0115<br \/>\n5.2.2. Block models\u00a0\u00a0 \u00a0116<br \/>\n5.3 Modelagem geol\u00f3gica aplicada a diferentes tipos de geometria de dep\u00f3sitos min\u00a0\u00a0 \u00a0117<br \/>\n5.3.1. Dep\u00f3sitos de carv\u00e3o\u00a0\u00a0 \u00a0117<br \/>\n5.3.2 Dep\u00f3sitos do tipo Cu-p\u00f3rfiro\u00a0\u00a0 \u00a0118<br \/>\n5.3.3. Veios de quartzo-ouro em zonas de cisalhamento\u00a0\u00a0 \u00a0118<\/p>\n<p>6. Processamento e interpreta\u00e7\u00e3o geol\u00f3gica dos dados de mapeamento e sondagens\u00a0\u00a0 \u00a0120<br \/>\n6.1 Interpola\u00e7\u00e3o (interpreta\u00e7\u00e3o, correla\u00e7\u00e3o) de estruturas geol\u00f3gicas\u00a0\u00a0 \u00a0120<br \/>\n6.2 Elementos b\u00e1sicos da correla\u00e7\u00e3o geol\u00f3gica e da modelagem geom\u00e9trica\u00a0\u00a0 \u00a0122<br \/>\n6.2.1 Modelagem geom\u00e9trica e superf\u00edcies delimitantes de dep\u00f3sitos minerais\u00a0\u00a0 \u00a0124<br \/>\n6.3 Mapas de contorno estrutural: prepara\u00e7\u00e3o e an\u00e1lise\u00a0\u00a0 \u00a0127<br \/>\n6.3.1 Elabora\u00e7\u00e3o do mapa geol\u00f3gico a partir do conhecimento da atitude de contatos\u00a0\u00a0 \u00a0127<br \/>\n6.3.2 Modelagem geol\u00f3gica a partir de afloramentos completos\u00a0\u00a0 \u00a0129<br \/>\n6.3.3 Modelagem geol\u00f3gica a partir de sondagens\u00a0\u00a0 \u00a0135<br \/>\n6.4 An\u00e1lise de elementos estruturais para investiga\u00e7\u00e3o de se\u00e7\u00f5es geol\u00f3gicas\u00a0\u00a0 \u00a0138<br \/>\n6.5. Correla\u00e7\u00e3o de dados e ajuste de mapas para programa\u00e7\u00e3o de lavra\u00a0\u00a0 \u00a0146<\/p>\n<p>Refer\u00eancias bibliogr\u00e1ficas\u00a0\u00a0 \u00a0149<\/p>\n","protected":false},"excerpt":{"rendered":"<p>O livro est\u00e1 sendo preparado para fornecer uma dimens\u00e3o aplicada e atualizada das t\u00e9cnicas geol\u00f3gicas de explora\u00e7\u00e3o mineral e de geologia de mina. O livro encontra-se em fase de finaliza\u00e7\u00e3o para encaminhamento \u00e0 Editora da UFPel e foi elaborado como suporte \u00e0s disciplinas de Prospec\u00e7\u00e3o Mineral do Curso de Engenharia Geol\u00f3gica da UFPel com base [&hellip;]<\/p>\n","protected":false},"author":201,"featured_media":0,"parent":112,"menu_order":3,"comment_status":"closed","ping_status":"closed","template":"","meta":{"footnotes":""},"class_list":["post-79","page","type-page","status-publish","hentry"],"_links":{"self":[{"href":"https:\/\/wp.ufpel.edu.br\/modelage\/wp-json\/wp\/v2\/pages\/79","targetHints":{"allow":["GET"]}}],"collection":[{"href":"https:\/\/wp.ufpel.edu.br\/modelage\/wp-json\/wp\/v2\/pages"}],"about":[{"href":"https:\/\/wp.ufpel.edu.br\/modelage\/wp-json\/wp\/v2\/types\/page"}],"author":[{"embeddable":true,"href":"https:\/\/wp.ufpel.edu.br\/modelage\/wp-json\/wp\/v2\/users\/201"}],"replies":[{"embeddable":true,"href":"https:\/\/wp.ufpel.edu.br\/modelage\/wp-json\/wp\/v2\/comments?post=79"}],"version-history":[{"count":5,"href":"https:\/\/wp.ufpel.edu.br\/modelage\/wp-json\/wp\/v2\/pages\/79\/revisions"}],"predecessor-version":[{"id":121,"href":"https:\/\/wp.ufpel.edu.br\/modelage\/wp-json\/wp\/v2\/pages\/79\/revisions\/121"}],"up":[{"embeddable":true,"href":"https:\/\/wp.ufpel.edu.br\/modelage\/wp-json\/wp\/v2\/pages\/112"}],"wp:attachment":[{"href":"https:\/\/wp.ufpel.edu.br\/modelage\/wp-json\/wp\/v2\/media?parent=79"}],"curies":[{"name":"wp","href":"https:\/\/api.w.org\/{rel}","templated":true}]}}