{"id":77,"date":"2012-08-14T11:58:53","date_gmt":"2012-08-14T14:58:53","guid":{"rendered":"https:\/\/wp.ufpel.edu.br\/modelage\/?page_id=77"},"modified":"2012-08-15T11:12:23","modified_gmt":"2012-08-15T14:12:23","slug":"topografia-geodesia-e-cartografia","status":"publish","type":"page","link":"https:\/\/wp.ufpel.edu.br\/modelage\/material-didatico\/topografia-geodesia-e-cartografia\/","title":{"rendered":"TOPOGRAFIA GEOD\u00c9SIA E CARTOGRAFIA"},"content":{"rendered":"<p>O Livro intitulado &#8220;Topografia, geod\u00e9sia e cartografia aplicada em Sistemas de Informa\u00e7\u00f5es Georreferenciadas&#8221;\u00a0 tem o objetivo peincipal de explicitar e ampliar os conceitos de precis\u00e3o, acur\u00e1cia, resolu\u00e7\u00e3o e qualidade na produ\u00e7\u00e3o de plantas e mapas.<\/p>\n<p>A transforma\u00e7\u00e3o de documentos anal\u00f3gicos em documentos digitais e a larga aplica\u00e7\u00e3o de sistemas de Informa\u00e7\u00e3o Georreferenciadas para a produ\u00e7\u00e3o de mapas, cartas e plantas tem mostrado que a aplica\u00e7\u00e3o adequada dos conceitos de precis\u00e3o, acur\u00e1cia, resolu\u00e7\u00e3o e qualidade tem sido confusa e necessita de uma discuss\u00e3o mais paorfundada e consolidada.<\/p>\n<p>O livro foi elaborado a partir da experi\u00eancia dos autores na produ\u00e7\u00e3o de teses de doutoramento e disserta\u00e7\u00f5es de mestrado que requeriam fundamentos de precis\u00e3o, acur\u00e1cia, resolu\u00e7\u00e3o e qualidade de dados anal\u00f3gicos transpostos para digitais, conforme requesitos das disciplinas de topografia, geod\u00e9sia e cartografia aplicados na constru\u00e7\u00e3o de mapas e cartas em ambiente SIG.<br \/>\nO livro est\u00e1 sendo utilizado nas disciplinas de Geod\u00e9sia e Cartografia dos cursos de Engenharia Geol\u00f3gica e Engenharia de Petr\u00f3leo (UFPel), mas passa por uma amplia\u00e7\u00e3o dos t\u00f3picos n\u00e3o explorados por outras publica\u00e7\u00f5es dispon\u00edveis.<\/p>\n<p>SUM\u00c1RIO<\/p>\n<p>CAP\u00cdTULO 1 \u2013 CONCEITOS FUNDAMENTAIS DE TOPOGRAFIA, GEOD\u00c9SIA E CARTOGRAFIA\u00a0\u00a0 \u00a01<br \/>\n1.1 \u2013 Disciplinas envolvidas\u00a0\u00a0 \u00a02<br \/>\n1.1.1 \u2013 As rela\u00e7\u00f5es entre Topografia, Geod\u00e9sia e Cartografia\u00a0\u00a0 \u00a02<br \/>\n1.2 \u2013 Algumas defini\u00e7\u00f5es e conceitos b\u00e1sicos\u00a0\u00a0 \u00a05<br \/>\n1.2.1 \u2013 Carta (ou mapa)\u00a0\u00a0 \u00a06<br \/>\n1.2.2 \u2013 Planta\u00a0\u00a0 \u00a06<br \/>\n1.2.3 \u2013 Limites do plano horizontal local ou plano topogr\u00e1fico\u00a0\u00a0 \u00a07<br \/>\n1.2.4 \u2013 Sistema de proje\u00e7\u00e3o topogr\u00e1fica (ou sistema topogr\u00e1fico local)\u00a0\u00a0 \u00a07<br \/>\n1.2.5 \u2013 Sistema de proje\u00e7\u00e3o Universal Transversa de Mercator (UTM)\u00a0\u00a0 \u00a09<br \/>\n1.2.6 \u2013 Dist\u00e2ncias entre dois pontos\u00a0\u00a0 \u00a010<br \/>\n1.2.6.1 \u2013 Dist\u00e2ncia inclinada e dist\u00e2ncia horizontal\u00a0\u00a0 \u00a010<br \/>\n1.2.6.2 &#8211; Dist\u00e2ncia esf\u00e9rica\u00a0\u00a0 \u00a011<br \/>\n1.2.6.3 &#8211; Rela\u00e7\u00f5es entre dist\u00e2ncias horizontais e esf\u00e9ricas\u00a0\u00a0 \u00a012<br \/>\n1.2.6.4 &#8211; Dist\u00e2ncia plana\u00a0\u00a0 \u00a013<br \/>\n1.2.6.5 \u2013 Considera\u00e7\u00f5es sobre dist\u00e2ncias\u00a0\u00a0 \u00a014<br \/>\n1.3 \u2013 A forma da Terra\u00a0\u00a0 \u00a014<br \/>\n1.3.1 \u2013 O ge\u00f3ide\u00a0\u00a0 \u00a014<br \/>\n1.3.2 \u2013 O elips\u00f3ide de revolu\u00e7\u00e3o\u00a0\u00a0 \u00a015<br \/>\n1.3.3 \u2013 O esfer\u00f3ide\u00a0\u00a0 \u00a018<br \/>\n1.4 \u2013 Elips\u00f3ides de refer\u00eancia\u00a0\u00a0 \u00a019<br \/>\n1.4.1 \u2013 Datum\u00a0\u00a0 \u00a019<br \/>\n1.4.2 \u2013 Rela\u00e7\u00f5es entre elips\u00f3ides globais e elips\u00f3ides locais\u00a0\u00a0 \u00a021<br \/>\n1.5 \u2013 Sistemas de coordenadas\u00a0\u00a0 \u00a022<br \/>\n1.5.1 \u2013 Sistema de coordenadas geod\u00e9sicas\u00a0\u00a0 \u00a022<br \/>\n1.5.2 \u2013 Sistema de coordenadas geod\u00e9sicas cartesianas tridimensionais\u00a0\u00a0 \u00a024<br \/>\n1.5.3 \u2013 Sistema de coordenadas topogr\u00e1ficas\u00a0\u00a0 \u00a025<br \/>\n1.6 \u2013 Sistemas de proje\u00e7\u00f5es cartogr\u00e1ficas\u00a0\u00a0 \u00a025<br \/>\n1.6.1 \u2013 Coeficiente de deforma\u00e7\u00e3o (k)\u00a0\u00a0 \u00a026<br \/>\n1.6.2 \u2013 Classifica\u00e7\u00e3o de proje\u00e7\u00f5es (e Sistemas de proje\u00e7\u00f5es)\u00a0\u00a0 \u00a027<br \/>\n1.6.3 \u2013 Rotina para constru\u00e7\u00e3o de cartas\u00a0\u00a0 \u00a029<br \/>\n1.6.4 &#8211; Sistema UTM\u00a0\u00a0 \u00a032<br \/>\n1.6.4.1 \u2013 Caracter\u00edsticas t\u00e9cnicas do sistema\u00a0\u00a0 \u00a033<br \/>\n1.6.4.2 \u2013 Norte geogr\u00e1fico, norte de quadr\u00edcula e converg\u00eancia meridiana\u00a0\u00a0 \u00a036<br \/>\n1.6.4.3. \u2013 Opera\u00e7\u00f5es com coordenadas planas\u00a0\u00a0 \u00a037<br \/>\n1.6.4.4 \u2013Algumas considera\u00e7\u00f5es importantes sobre o Sistema UTM\u00a0\u00a0 \u00a037<br \/>\n1.6.5 \u2013 Sistema LTM\u00a0\u00a0 \u00a038<br \/>\n1.7 \u2013 Sistema geod\u00e9sico brasileiro\u00a0\u00a0 \u00a039<br \/>\n1.7.1 \u2013 Rede Planim\u00e9trica\u00a0\u00a0 \u00a040<br \/>\n1.7.2 \u2013 Rede Altim\u00e9trica\u00a0\u00a0 \u00a040<br \/>\n1.7.3 \u2013 Rede Gravim\u00e9trica\u00a0\u00a0 \u00a041<br \/>\n1.8 \u2013 Legisla\u00e7\u00e3o e normas para trabalhos topogr\u00e1ficos, geod\u00e9sicos e cartogr\u00e1ficos\u00a0\u00a0 \u00a042<\/p>\n<p>CAP\u00cdTULO 2 \u2013 PRECIS\u00c3O E ACUR\u00c1CIA DE PLANTAS E CARTAS\/MAPAS\u00a0\u00a0 \u00a043<br \/>\n2.1 \u2013 Medidas\u00a0\u00a0 \u00a044<br \/>\n2.2 \u2013 Contagem, medida, engano e erro\u00a0\u00a0 \u00a044<br \/>\n2.3 \u2013 Classifica\u00e7\u00e3o dos erros\u00a0\u00a0 \u00a046<br \/>\n2.4 \u2013 Precis\u00e3o e acur\u00e1cia (exatid\u00e3o)\u00a0\u00a0 \u00a048<\/p>\n<p>CAP\u00cdTULO 3 \u2013 RESOLU\u00c7\u00c3O DE PLANTAS E CARTAS\/MAPAS\u00a0\u00a0 \u00a053<br \/>\n3.1 \u2013 Resolu\u00e7\u00e3o de sistemas fotogr\u00e1ficos\u00a0\u00a0 \u00a057<br \/>\n3.2 \u2013 Resolu\u00e7\u00e3o de imagens digitais\u00a0\u00a0 \u00a059<br \/>\n3.3 \u2013 Resolu\u00e7\u00e3o, precis\u00e3o e escala em fotogrametria e imagens digitais\u00a0\u00a0 \u00a061<br \/>\n3.4 \u2013 Resolu\u00e7\u00e3o para digitaliza\u00e7\u00e3o de cartas anal\u00f3gicas\u00a0\u00a0 \u00a065<br \/>\n3.5 \u2013 Resolu\u00e7\u00e3o para impress\u00e3o de imagens digitais\u00a0\u00a0 \u00a066<\/p>\n<p>CAP\u00cdTULO 4 \u2013 QUALIDADE DE DADOS PARA MAPEAMENTO\u00a0\u00a0 \u00a069<br \/>\n4.1 \u2013 Erros e incertezas em dados espaciais\u00a0\u00a0 \u00a070<br \/>\n4.2 \u2013 Par\u00e2metros para metadados de qualidade de dados geogr\u00e1ficos\u00a0\u00a0 \u00a072<br \/>\n4.2.1 \u2013 Componentes do n\u00edvel macro\u00a0\u00a0 \u00a073<br \/>\n4.2.2 \u2013 Componentes do n\u00edvel micro\u00a0\u00a0 \u00a075<br \/>\n4.3 \u2013 Aplica\u00e7\u00e3o de crit\u00e9rios de precis\u00e3o e exatid\u00e3o no controle de qualidade\u00a0\u00a0 \u00a078<br \/>\n4.3.1 \u2013 O Decreto 89.817\/84\u00a0\u00a0 \u00a078<br \/>\n4.3.2 \u2013 T\u00e9cnicas para a determina\u00e7\u00e3o dos res\u00edduos de coordenadas e testes estat\u00edsticos empregados para a classifica\u00e7\u00e3o de cartas\u00a0\u00a0 \u00a081<br \/>\n4.3.3 \u2013 A vis\u00e3o norte americana do problema\u00a0\u00a0 \u00a084<br \/>\n4.3.4. \u2013 Normativas da estat\u00edstica da acur\u00e1cia do NSSDA\u00a0\u00a0 \u00a091<br \/>\n4.3.5 \u2013 Tamanho das amostras \u2013 uma breve reflex\u00e3o\u00a0\u00a0 \u00a092<br \/>\n4.3.6 \u2013 Compara\u00e7\u00f5es entre as duas metodologias\u00a0\u00a0 \u00a094<br \/>\n4.4 \u2013 Aplica\u00e7\u00f5es dos par\u00e2metros EP e PEC\u00a0\u00a0 \u00a095<br \/>\n4.4.1 \u2013 Georreferenciamento de imagens orbitais\u00a0\u00a0 \u00a095<br \/>\n4.4.1.1 \u2013 (1o\u00a0 CASO) Usando as coordenadas UTM, dos pontos de controle, determinadas a partir de medidas feitas sobre a carta com escal\u00edmetro\u00a0\u00a0 \u00a097<br \/>\n4.4.1.2 \u2013 (2o CASO) Usando as coordenadas UTM, dos pontos de controle, determinadas a partir de mesa digitalizadora calibrada\u00a0\u00a0 \u00a099<\/p>\n<p>Refer\u00eancias bibliogr\u00e1ficas\u00a0\u00a0 \u00a0103<\/p>\n","protected":false},"excerpt":{"rendered":"<p>O Livro intitulado &#8220;Topografia, geod\u00e9sia e cartografia aplicada em Sistemas de Informa\u00e7\u00f5es Georreferenciadas&#8221;\u00a0 tem o objetivo peincipal de explicitar e ampliar os conceitos de precis\u00e3o, acur\u00e1cia, resolu\u00e7\u00e3o e qualidade na produ\u00e7\u00e3o de plantas e mapas. A transforma\u00e7\u00e3o de documentos anal\u00f3gicos em documentos digitais e a larga aplica\u00e7\u00e3o de sistemas de Informa\u00e7\u00e3o Georreferenciadas para a produ\u00e7\u00e3o [&hellip;]<\/p>\n","protected":false},"author":201,"featured_media":0,"parent":112,"menu_order":2,"comment_status":"closed","ping_status":"closed","template":"","meta":{"footnotes":""},"class_list":["post-77","page","type-page","status-publish","hentry"],"_links":{"self":[{"href":"https:\/\/wp.ufpel.edu.br\/modelage\/wp-json\/wp\/v2\/pages\/77","targetHints":{"allow":["GET"]}}],"collection":[{"href":"https:\/\/wp.ufpel.edu.br\/modelage\/wp-json\/wp\/v2\/pages"}],"about":[{"href":"https:\/\/wp.ufpel.edu.br\/modelage\/wp-json\/wp\/v2\/types\/page"}],"author":[{"embeddable":true,"href":"https:\/\/wp.ufpel.edu.br\/modelage\/wp-json\/wp\/v2\/users\/201"}],"replies":[{"embeddable":true,"href":"https:\/\/wp.ufpel.edu.br\/modelage\/wp-json\/wp\/v2\/comments?post=77"}],"version-history":[{"count":6,"href":"https:\/\/wp.ufpel.edu.br\/modelage\/wp-json\/wp\/v2\/pages\/77\/revisions"}],"predecessor-version":[{"id":120,"href":"https:\/\/wp.ufpel.edu.br\/modelage\/wp-json\/wp\/v2\/pages\/77\/revisions\/120"}],"up":[{"embeddable":true,"href":"https:\/\/wp.ufpel.edu.br\/modelage\/wp-json\/wp\/v2\/pages\/112"}],"wp:attachment":[{"href":"https:\/\/wp.ufpel.edu.br\/modelage\/wp-json\/wp\/v2\/media?parent=77"}],"curies":[{"name":"wp","href":"https:\/\/api.w.org\/{rel}","templated":true}]}}