{"id":67,"date":"2012-08-14T11:37:37","date_gmt":"2012-08-14T14:37:37","guid":{"rendered":"https:\/\/wp.ufpel.edu.br\/modelage\/?page_id=67"},"modified":"2012-08-15T11:22:17","modified_gmt":"2012-08-15T14:22:17","slug":"docs-baixar","status":"publish","type":"page","link":"https:\/\/wp.ufpel.edu.br\/modelage\/docs-baixar\/","title":{"rendered":"DOCS PARA BAIXAR"},"content":{"rendered":"<p>Essa p\u00e1gina destina-se a apresenta\u00e7\u00e3o de alguns documentos p\u00fablicos, de car\u00e1ter t\u00e9cnico, pedag\u00f3gico, cient\u00edfico e\/ou de divulga\u00e7\u00e3o em geral.<\/p>\n<p>Esses documentos, em qualquer formato, podem ser de autoria de profissionais que de alguma forma contribuem com o Laborat\u00f3rio de Modelagem Ambiental e Geol\u00f3gica.<\/p>\n<p>Nessas condi\u00e7\u00f5es, a responsabilidade pela opini\u00e3o emitida \u00e9 do autor do texto publicado pela coluna.<\/p>\n<p>Tamb\u00e9m podem ser disponibilizados outros documentos de car\u00e1ter p\u00fablico, sob a anu\u00eancia dos seus autores.<\/p>\n<p>Portanto, sinta-se \u00e0 vontade para propor a divulga\u00e7\u00e3o de artigos (documentos) p\u00fablicos autorizados nessa coluna.<\/p>\n<p>Att<\/p>\n<p>Prof. Adelir Jos\u00e9 Strieder<\/p>\n","protected":false},"excerpt":{"rendered":"<p>Essa p\u00e1gina destina-se a apresenta\u00e7\u00e3o de alguns documentos p\u00fablicos, de car\u00e1ter t\u00e9cnico, pedag\u00f3gico, cient\u00edfico e\/ou de divulga\u00e7\u00e3o em geral. Esses documentos, em qualquer formato, podem ser de autoria de profissionais que de alguma forma contribuem com o Laborat\u00f3rio de Modelagem Ambiental e Geol\u00f3gica. Nessas condi\u00e7\u00f5es, a responsabilidade pela opini\u00e3o emitida \u00e9 do autor do texto [&hellip;]<\/p>\n","protected":false},"author":201,"featured_media":0,"parent":0,"menu_order":7,"comment_status":"closed","ping_status":"closed","template":"","meta":{"footnotes":""},"class_list":["post-67","page","type-page","status-publish","hentry"],"_links":{"self":[{"href":"https:\/\/wp.ufpel.edu.br\/modelage\/wp-json\/wp\/v2\/pages\/67","targetHints":{"allow":["GET"]}}],"collection":[{"href":"https:\/\/wp.ufpel.edu.br\/modelage\/wp-json\/wp\/v2\/pages"}],"about":[{"href":"https:\/\/wp.ufpel.edu.br\/modelage\/wp-json\/wp\/v2\/types\/page"}],"author":[{"embeddable":true,"href":"https:\/\/wp.ufpel.edu.br\/modelage\/wp-json\/wp\/v2\/users\/201"}],"replies":[{"embeddable":true,"href":"https:\/\/wp.ufpel.edu.br\/modelage\/wp-json\/wp\/v2\/comments?post=67"}],"version-history":[{"count":10,"href":"https:\/\/wp.ufpel.edu.br\/modelage\/wp-json\/wp\/v2\/pages\/67\/revisions"}],"predecessor-version":[{"id":122,"href":"https:\/\/wp.ufpel.edu.br\/modelage\/wp-json\/wp\/v2\/pages\/67\/revisions\/122"}],"wp:attachment":[{"href":"https:\/\/wp.ufpel.edu.br\/modelage\/wp-json\/wp\/v2\/media?parent=67"}],"curies":[{"name":"wp","href":"https:\/\/api.w.org\/{rel}","templated":true}]}}