{"id":59,"date":"2012-08-14T11:20:00","date_gmt":"2012-08-14T14:20:00","guid":{"rendered":"https:\/\/wp.ufpel.edu.br\/modelage\/?page_id=59"},"modified":"2012-08-14T11:21:13","modified_gmt":"2012-08-14T14:21:13","slug":"projeto-pedagogico-do-curso-superior-de-tecnologia-em-geoprocessamento-ufpel","status":"publish","type":"page","link":"https:\/\/wp.ufpel.edu.br\/modelage\/projetos-pedagogicos\/projeto-pedagogico-do-curso-superior-de-tecnologia-em-geoprocessamento-ufpel\/","title":{"rendered":"Projeto Pedag\u00f3gico do Curso Superior de Tecnologia em Geoprocessamento (UFPel)"},"content":{"rendered":"<p>O projeto pedag\u00f3gico do Curso Superior de Tecnologia em Geoprocessamento foi constru\u00eddo para atender uma demanda regional surgida na regi\u00e3o sul do Estado do RS. Esse projeto foi elaborado para formar profissionais que integram as ferramentas de geo-informa\u00e7\u00e3o e as novas tecnologias da informa\u00e7\u00e3o. O tecn\u00f3logo em Geoprocessamento utiliza sistemas computacionais voltados \u00e0 aquisi\u00e7\u00e3o, armazenamento, processamento, an\u00e1lise e apresenta\u00e7\u00e3o de informa\u00e7\u00f5es sobre o meio f\u00edsico referenciadas espacialmente. Dominando fundamentos de inform\u00e1tica, topografia, geod\u00e9sia, cartografia, sensoriamento remoto e an\u00e1lise espacial, este profissional levanta informa\u00e7\u00f5es topogr\u00e1ficas, geod\u00e9sicas e cartogr\u00e1ficas de pontos espec\u00edficos de determinado territ\u00f3rio, imprescind\u00edveis \u00e0s atividades de planejamento urbano e ordena\u00e7\u00e3o do uso do solo, levantamento de informa\u00e7\u00f5es socioecon\u00f4micas, gerenciamento ambiental, de sistemas de transporte, de processos agr\u00edcolas, entre outras. O Tecn\u00f3logo em Geoprocessamento pode atuar em v\u00e1rias \u00e1reas onde a ferramenta do geoprocessamento seja importante para a an\u00e1lise espacial de dados. Dentre essas \u00e1reas, pode-se citar: geoci\u00eancias, agronomia, engenharia, sa\u00fade p\u00fablica, meteorologia, dentre outras.<\/p>\n<p>https:\/\/wp.ufpel.edu.br\/geoprocessamento\/<\/p>\n","protected":false},"excerpt":{"rendered":"<p>O projeto pedag\u00f3gico do Curso Superior de Tecnologia em Geoprocessamento foi constru\u00eddo para atender uma demanda regional surgida na regi\u00e3o sul do Estado do RS. Esse projeto foi elaborado para formar profissionais que integram as ferramentas de geo-informa\u00e7\u00e3o e as novas tecnologias da informa\u00e7\u00e3o. O tecn\u00f3logo em Geoprocessamento utiliza sistemas computacionais voltados \u00e0 aquisi\u00e7\u00e3o, armazenamento, [&hellip;]<\/p>\n","protected":false},"author":201,"featured_media":0,"parent":51,"menu_order":1,"comment_status":"closed","ping_status":"closed","template":"","meta":{"footnotes":""},"class_list":["post-59","page","type-page","status-publish","hentry"],"_links":{"self":[{"href":"https:\/\/wp.ufpel.edu.br\/modelage\/wp-json\/wp\/v2\/pages\/59","targetHints":{"allow":["GET"]}}],"collection":[{"href":"https:\/\/wp.ufpel.edu.br\/modelage\/wp-json\/wp\/v2\/pages"}],"about":[{"href":"https:\/\/wp.ufpel.edu.br\/modelage\/wp-json\/wp\/v2\/types\/page"}],"author":[{"embeddable":true,"href":"https:\/\/wp.ufpel.edu.br\/modelage\/wp-json\/wp\/v2\/users\/201"}],"replies":[{"embeddable":true,"href":"https:\/\/wp.ufpel.edu.br\/modelage\/wp-json\/wp\/v2\/comments?post=59"}],"version-history":[{"count":2,"href":"https:\/\/wp.ufpel.edu.br\/modelage\/wp-json\/wp\/v2\/pages\/59\/revisions"}],"predecessor-version":[{"id":63,"href":"https:\/\/wp.ufpel.edu.br\/modelage\/wp-json\/wp\/v2\/pages\/59\/revisions\/63"}],"up":[{"embeddable":true,"href":"https:\/\/wp.ufpel.edu.br\/modelage\/wp-json\/wp\/v2\/pages\/51"}],"wp:attachment":[{"href":"https:\/\/wp.ufpel.edu.br\/modelage\/wp-json\/wp\/v2\/media?parent=59"}],"curies":[{"name":"wp","href":"https:\/\/api.w.org\/{rel}","templated":true}]}}