{"id":57,"date":"2012-08-14T11:18:51","date_gmt":"2012-08-14T14:18:51","guid":{"rendered":"https:\/\/wp.ufpel.edu.br\/modelage\/?page_id=57"},"modified":"2012-08-14T11:21:44","modified_gmt":"2012-08-14T14:21:44","slug":"projeto-pedagogico-do-curso-de-engenharia-de-petroleo-ufpel","status":"publish","type":"page","link":"https:\/\/wp.ufpel.edu.br\/modelage\/projetos-pedagogicos\/projeto-pedagogico-do-curso-de-engenharia-de-petroleo-ufpel\/","title":{"rendered":"Projeto Pedag\u00f3gico do Curso de Engenharia de Petr\u00f3leo (UFPel)"},"content":{"rendered":"<p>O Curso de Bacharelado em Engenharia de Petr\u00f3leo da UFPel foi constru\u00eddo a partir da participa\u00e7\u00e3o e oitiva de v\u00e1rios segmentos da sociedade profissional (Entidades de classe, Conselhos profissionais), empresariais e de entidades de ensino (MEC, outras universidades), com o objetivo de formar um profissional com conhecimento b\u00e1sico e t\u00e9cnico em toda a cadeia de atividades envolvidas na explora\u00e7\u00e3o e na produ\u00e7\u00e3o de petr\u00f3leo e g\u00e1s. O Engenheiro de Petr\u00f3leo formado na UFPel atua na elabora\u00e7\u00e3o de estudos, projetos e especifica\u00e7\u00f5es na \u00e1rea de produ\u00e7\u00e3o petrol\u00edfera. Em sua atividade, desenvolve projetos nos diversos segmentos da cadeia produtiva do petr\u00f3leo, mais especificamente os relacionados \u00e0 pesquisa de novas jazidas e \u00e0 produ\u00e7\u00e3o de petr\u00f3leo e g\u00e1s natural; atuando desde a realiza\u00e7\u00e3o dos estudos geol\u00f3gicos iniciais, passando pela perfura\u00e7\u00e3o de po\u00e7os, e pelas opera\u00e7\u00f5es de produ\u00e7\u00e3o, transporte e processamento prim\u00e1rio do petr\u00f3leo e do g\u00e1s. Coordena e supervisiona equipes de trabalho, realiza estudos de viabilidade t\u00e9cnico-econ\u00f4mica, executa e fiscaliza obras e servi\u00e7os t\u00e9cnicos e efetua vistorias, per\u00edcias e avalia\u00e7\u00f5es, emitindo laudos e pareceres t\u00e9cnicos. Em sua atua\u00e7\u00e3o, considera a \u00e9tica, a seguran\u00e7a e os impactos s\u00f3cio-ambientais.<\/p>\n","protected":false},"excerpt":{"rendered":"<p>O Curso de Bacharelado em Engenharia de Petr\u00f3leo da UFPel foi constru\u00eddo a partir da participa\u00e7\u00e3o e oitiva de v\u00e1rios segmentos da sociedade profissional (Entidades de classe, Conselhos profissionais), empresariais e de entidades de ensino (MEC, outras universidades), com o objetivo de formar um profissional com conhecimento b\u00e1sico e t\u00e9cnico em toda a cadeia de [&hellip;]<\/p>\n","protected":false},"author":201,"featured_media":0,"parent":51,"menu_order":3,"comment_status":"closed","ping_status":"closed","template":"","meta":{"footnotes":""},"class_list":["post-57","page","type-page","status-publish","hentry"],"_links":{"self":[{"href":"https:\/\/wp.ufpel.edu.br\/modelage\/wp-json\/wp\/v2\/pages\/57","targetHints":{"allow":["GET"]}}],"collection":[{"href":"https:\/\/wp.ufpel.edu.br\/modelage\/wp-json\/wp\/v2\/pages"}],"about":[{"href":"https:\/\/wp.ufpel.edu.br\/modelage\/wp-json\/wp\/v2\/types\/page"}],"author":[{"embeddable":true,"href":"https:\/\/wp.ufpel.edu.br\/modelage\/wp-json\/wp\/v2\/users\/201"}],"replies":[{"embeddable":true,"href":"https:\/\/wp.ufpel.edu.br\/modelage\/wp-json\/wp\/v2\/comments?post=57"}],"version-history":[{"count":4,"href":"https:\/\/wp.ufpel.edu.br\/modelage\/wp-json\/wp\/v2\/pages\/57\/revisions"}],"predecessor-version":[{"id":66,"href":"https:\/\/wp.ufpel.edu.br\/modelage\/wp-json\/wp\/v2\/pages\/57\/revisions\/66"}],"up":[{"embeddable":true,"href":"https:\/\/wp.ufpel.edu.br\/modelage\/wp-json\/wp\/v2\/pages\/51"}],"wp:attachment":[{"href":"https:\/\/wp.ufpel.edu.br\/modelage\/wp-json\/wp\/v2\/media?parent=57"}],"curies":[{"name":"wp","href":"https:\/\/api.w.org\/{rel}","templated":true}]}}