{"id":55,"date":"2012-08-14T11:17:57","date_gmt":"2012-08-14T14:17:57","guid":{"rendered":"https:\/\/wp.ufpel.edu.br\/modelage\/?page_id=55"},"modified":"2012-08-14T11:21:29","modified_gmt":"2012-08-14T14:21:29","slug":"projeto-pedagogico-do-curso-de-engenharia-geologica-ufpel","status":"publish","type":"page","link":"https:\/\/wp.ufpel.edu.br\/modelage\/projetos-pedagogicos\/projeto-pedagogico-do-curso-de-engenharia-geologica-ufpel\/","title":{"rendered":"Projeto Pedag\u00f3gico do Curso de Engenharia Geol\u00f3gica (UFPel)"},"content":{"rendered":"<p>O Projeto Pedag\u00f3gico do Curso de Bacharelado em engenharia Geol\u00f3gica da UFPel foi constu\u00eddo a partir de uma significativa intera\u00e7\u00e3o entre a Universidade, associa\u00e7\u00e3o de classe, empresas e Conselhos Profissionais, com o objetivo de dar forma\u00e7\u00e3o mais completa e qualificada ao profissional egresso dentro da realidade atual de aplica\u00e7\u00e3o dos conhecimentos, t\u00e9cnicas e procedimentos da \u00e1rea. O Ge\u00f3logo ou Engenheiro Ge\u00f3logo formado na UFPel estar\u00e1 capacitado para atuar na compreens\u00e3o dos processos de forma\u00e7\u00e3o e evolu\u00e7\u00e3o da Terra e na localiza\u00e7\u00e3o e extra\u00e7\u00e3o de recursos naturais, tais como \u00e1guas subterr\u00e2neas, petr\u00f3leo e carv\u00e3o mineral. Em sua atividade, poder\u00e1 realizar o levantamento e a an\u00e1lise de rochas e solos, elaborar mapeamentos geol\u00f3gicos e geot\u00e9cnicos e avaliar o risco de atividade s\u00edsmica. Poder\u00e1 atuar, tamb\u00e9m, na identifica\u00e7\u00e3o, modelagem e explora\u00e7\u00e3o de aq\u00fc\u00edferos, dep\u00f3sitos de fosseis e jazidas minerais. Ainda, poder\u00e1 realizar a prospec\u00e7\u00e3o mineral, de petr\u00f3leo e de \u00e1guas subterr\u00e2neas, controlando a polui\u00e7\u00e3o nos solos e aq\u00fc\u00edferos. Coordena e supervisiona equipes de trabalho; realiza pesquisa cient\u00edfica e tecnol\u00f3gica e estudos de viabilidade t\u00e9cnico-econ\u00f4mica; executa e fiscaliza obras e servi\u00e7os t\u00e9cnicos; efetua vistorias, per\u00edcias e avalia\u00e7\u00f5es, emitindo laudos e pareceres. Em suas atividades, considera a \u00e9tica, a seguran\u00e7a e os impactos s\u00f3cio-ambientais.<\/p>\n","protected":false},"excerpt":{"rendered":"<p>O Projeto Pedag\u00f3gico do Curso de Bacharelado em engenharia Geol\u00f3gica da UFPel foi constu\u00eddo a partir de uma significativa intera\u00e7\u00e3o entre a Universidade, associa\u00e7\u00e3o de classe, empresas e Conselhos Profissionais, com o objetivo de dar forma\u00e7\u00e3o mais completa e qualificada ao profissional egresso dentro da realidade atual de aplica\u00e7\u00e3o dos conhecimentos, t\u00e9cnicas e procedimentos da [&hellip;]<\/p>\n","protected":false},"author":201,"featured_media":0,"parent":51,"menu_order":2,"comment_status":"closed","ping_status":"closed","template":"","meta":{"footnotes":""},"class_list":["post-55","page","type-page","status-publish","hentry"],"_links":{"self":[{"href":"https:\/\/wp.ufpel.edu.br\/modelage\/wp-json\/wp\/v2\/pages\/55","targetHints":{"allow":["GET"]}}],"collection":[{"href":"https:\/\/wp.ufpel.edu.br\/modelage\/wp-json\/wp\/v2\/pages"}],"about":[{"href":"https:\/\/wp.ufpel.edu.br\/modelage\/wp-json\/wp\/v2\/types\/page"}],"author":[{"embeddable":true,"href":"https:\/\/wp.ufpel.edu.br\/modelage\/wp-json\/wp\/v2\/users\/201"}],"replies":[{"embeddable":true,"href":"https:\/\/wp.ufpel.edu.br\/modelage\/wp-json\/wp\/v2\/comments?post=55"}],"version-history":[{"count":3,"href":"https:\/\/wp.ufpel.edu.br\/modelage\/wp-json\/wp\/v2\/pages\/55\/revisions"}],"predecessor-version":[{"id":64,"href":"https:\/\/wp.ufpel.edu.br\/modelage\/wp-json\/wp\/v2\/pages\/55\/revisions\/64"}],"up":[{"embeddable":true,"href":"https:\/\/wp.ufpel.edu.br\/modelage\/wp-json\/wp\/v2\/pages\/51"}],"wp:attachment":[{"href":"https:\/\/wp.ufpel.edu.br\/modelage\/wp-json\/wp\/v2\/media?parent=55"}],"curies":[{"name":"wp","href":"https:\/\/api.w.org\/{rel}","templated":true}]}}